{"id":733,"date":"2023-02-09T10:49:10","date_gmt":"2023-02-09T10:49:10","guid":{"rendered":"https:\/\/shoesforcrews.pro\/fr\/?page_id=733"},"modified":"2024-11-22T13:28:57","modified_gmt":"2024-11-22T13:28:57","slug":"mesurer-resistance-glissement","status":"publish","type":"page","link":"https:\/\/shoesforcrews.pro\/fr\/solutions-chaussures-travail\/mesurer-resistance-glissement\/","title":{"rendered":"How is slip resistance measured?"},"content":{"rendered":"<p>[vc_row css=\u00a0\u00bb.vc_custom_1659945163407{margin-top: 5% !important;}\u00a0\u00bb][vc_column][vc_column_text css_animation=\u00a0\u00bbfadeIn\u00a0\u00bb]Toutes les chaussures antid\u00e9rapantes ne se valent pas. Le degr\u00e9 d&rsquo;adh\u00e9rence d&rsquo;une chaussure peut varier consid\u00e9rablement, y compris pour des chaussures de s\u00e9curit\u00e9 certifi\u00e9es \u00ab\u00a0antid\u00e9rapantes\u00a0\u00bb. Ann\u00e9e apr\u00e8s ann\u00e9e, les chaussures de Shoes For Crews ont surpass\u00e9 les exigences impos\u00e9es par la norme europ\u00e9enne en mati\u00e8re de r\u00e9sistance au glissement.<\/p>\n<p>Gr\u00e2ce \u00e0 <a href=\"https:\/\/shoesforcrews.pro\/fr\/notre-technologie-securite\/\" hreflang=\"fr\" >nos semelles antid\u00e9rapantes r\u00e9volutionnaires<\/a>, nous prot\u00e9geons des millions de travailleurs dans le monde entier avec une large gamme de chaussures de travail de qualit\u00e9.<strong><br \/>\nNotre mission est de garantir la protection et le confort du personnel avec des chaussures de qualit\u00e9.<\/strong><\/p>\n<p>Mais qu&rsquo;est-ce qu&rsquo;une chaussure antid\u00e9rapante et comment mesure-t-on la r\u00e9sistance au glissement ?[\/vc_column_text][vc_video link=\u00a0\u00bbhttps:\/\/www.youtube.com\/watch?v=rg_EgP_fMwU\u00a0\u00bb align=\u00a0\u00bbcenter\u00a0\u00bb css_animation=\u00a0\u00bbfadeIn\u00a0\u00bb][vc_column_text css_animation=\u00a0\u00bbfadeIn\u00a0\u00bb]<\/p>\n<div class=\"wpb_text_column wpb_content_element vc_custom_1659943358015\">\n<h2 class=\"wpb_wrapper\"><span style=\"font-size: 18pt;\">Qu&rsquo;est-ce qu&rsquo;une chaussure antid\u00e9rapante ?<\/span><\/h2>\n<p>Une chaussure antid\u00e9rapante est con\u00e7ue pour contribuer \u00e0 la pr\u00e9vention des blessures li\u00e9es aux glissades, aux chutes et aux tr\u00e9buchements sur des surfaces grasses ou humides.<\/p>\n<p>Tous nos mod\u00e8les Shoes For Crews ont \u00e9t\u00e9 con\u00e7us pour prot\u00e9ger l&rsquo;ensemble de votre personnel contre les glissades et les chutes sur leur lieu de travail <strong>gr\u00e2ce \u00e0 notre semelle antid\u00e9rapante exclusive et brevet\u00e9e.<\/strong><\/p>\n<h2>Nouvelle norme pour les tests de r\u00e9sistance au glissement des chaussures d&rsquo;\u00e9quipement de protection individuelle (EPI)<\/h2>\n<p>Fin 2021, l&rsquo;Organisation internationale de normalisation (ISO) a r\u00e9examin\u00e9 les normes relatives aux tests de r\u00e9sistance au glissement : <strong>la norme EN ISO 20344:2011 a \u00e9t\u00e9 remplac\u00e9e par la nouvelle norme EN ISO 20344:2021.<\/strong><\/p>\n<p>En vigueur depuis d\u00e9but 2022, cette norme doit \u00eatre utilis\u00e9e lors de l&rsquo;examen des tests de r\u00e9sistance au glissement pour les EPI (\u00e9quipements de protection individuelle).<\/p>\n<h3>Normes relatives aux chaussures EPI<\/h3>\n<ul>\n<li>EN ISO 20345:2022 : norme pour les chaussures de s\u00e9curit\u00e9<\/li>\n<li>EN ISO 20347:2022 : norme pour les chaussures de travail.<\/li>\n<li>EN ISO 13287:2020-02 : elle n&rsquo;est pas applicable aux chaussures \u00e0 usage sp\u00e9cial contenant des pointes, des clous m\u00e9talliques ou autres \u00e9l\u00e9ments similaires.<\/li>\n<\/ul>\n<h2><span style=\"font-size: 18pt;\">Comment mesure-t-on la r\u00e9sistance au glissement d&rsquo;une chaussure ?<\/span><\/h2>\n<p>Pour tester le degr\u00e9 d&rsquo;adh\u00e9rence d&rsquo;une chaussure<strong>, celle-ci est plac\u00e9e sur un dispositif de mesure dans diff\u00e9rentes positions<\/strong> et est achemin\u00e9e sur diff\u00e9rents sols d&rsquo;essai.<\/p>\n<\/div>\n<p>Comme indiqu\u00e9 ci-dessus, la r\u00e9sistance au glissement des chaussures <strong>est test\u00e9e conform\u00e9ment \u00e0 l&rsquo;ensemble des directives europ\u00e9ennes sur les m\u00e9thodes d&rsquo;essai figurant dans la norme EN ISO 20344:2021.<\/strong> Les chaussures qui r\u00e9ussissent le test d&rsquo;adh\u00e9rence sont marqu\u00e9es du code SR :<\/p>\n<ul>\n<li><strong>Exigence de la norme :<\/strong> test de r\u00e9sistance au glissement<strong> sur sols en c\u00e9ramique avec du laurylsulfate de sodium (SLS).<\/strong><\/li>\n<li><strong>Classe SR :<\/strong> test de r\u00e9sistance au glissement <strong>sur sols en c\u00e9ramique avec de la glyc\u00e9rine.<\/strong><\/li>\n<\/ul>\n<p>[\/vc_column_text][\/vc_column][\/vc_row][vc_row][vc_column][vc_column_text css_animation=\u00a0\u00bbfadeIn\u00a0\u00bb]<\/p>\n<h2><span style=\"font-size: 18pt;\">Classifications des chaussures de travail et de s\u00e9curit\u00e9<\/span><\/h2>\n<p>Il est important de noter que <strong>nous distinguons les chaussures de travail des chaussures de s\u00e9curit\u00e9<\/strong>\u00a0car toutes n&rsquo;appartiennent pas \u00e0 la cat\u00e9gorie des chaussures de s\u00e9curit\u00e9. <strong>Celles de s\u00e9curit\u00e9 doivent \u00eatre \u00e9quip\u00e9es d&rsquo;un embout qui doit r\u00e9sister \u00e0 une charge d&rsquo;au moins 200 joules.<\/strong> Bien que les chaussures de travail puissent comporter un \u00e9l\u00e9ment de protection, elles n&rsquo;ont pas de coque.<br \/>\nNous pouvons les classer de la mani\u00e8re suivante :<\/p>\n<h3><span style=\"font-size: 14pt;\">1. Classification des chaussures de travail<\/span><\/h3>\n<p>[\/vc_column_text][vc_single_image image=\u00a0\u00bb6565&Prime; img_size=\u00a0\u00bbfull\u00a0\u00bb alignment=\u00a0\u00bbcenter\u00a0\u00bb css_animation=\u00a0\u00bbfadeIn\u00a0\u00bb][vc_column_text css_animation=\u00a0\u00bbfadeIn\u00a0\u00bb]<\/p>\n<h3><span style=\"font-size: 14pt;\">2. Classification des chaussures de s\u00e9curit\u00e9<\/span><\/h3>\n<p>[\/vc_column_text][vc_single_image image=\u00a0\u00bb6566&Prime; img_size=\u00a0\u00bbfull\u00a0\u00bb alignment=\u00a0\u00bbcenter\u00a0\u00bb css_animation=\u00a0\u00bbfadeIn\u00a0\u00bb][vc_column_text css_animation=\u00a0\u00bbfadeIn\u00a0\u00bb]<\/p>\n<h3><span style=\"font-size: 14pt;\">3. Crit\u00e8res suppl\u00e9mentaires :\u00a0<\/span><\/h3>\n<p>Avec la nouvelle norme, nous comptons d\u00e9sormais 18 crit\u00e8res suppl\u00e9mentaires au lieu des 12 pr\u00e9c\u00e9dents.<\/p>\n<ul>\n<li><strong>A<\/strong> &#8211; Chaussure antistatique<\/li>\n<li><strong><strong>AN<\/strong><span style=\"font-weight: 400;\"> &#8211; Protection de la cheville<\/span><\/strong><\/li>\n<li><strong><strong>C<\/strong><span style=\"font-weight: 400;\"> &#8211; Chaussures partiellement conductrices<\/span><\/strong><\/li>\n<li><strong>CI<\/strong> &#8211; Isolation du froid<\/li>\n<li><strong>CR<\/strong> &#8211; R\u00e9sistance aux coupures<\/li>\n<li><strong>E<\/strong> &#8211; Absorption d&rsquo;\u00e9nergie au talon<\/li>\n<li><strong>FO<\/strong> &#8211; R\u00e9sistance aux hydrocarbures<\/li>\n<li><strong>HI<\/strong> &#8211; Isolation de la chaleur<\/li>\n<li><strong>HRO<\/strong>\u00a0 &#8211; R\u00e9sistance aux contacts chauds<\/li>\n<li><strong>LG<\/strong> &#8211; Adh\u00e9rence pour \u00e9chelle<\/li>\n<li><strong>M<\/strong> &#8211; Protection m\u00e9tatarsienne<\/li>\n<li><strong>P<\/strong> &#8211; R\u00e9sistance \u00e0 la perforation (insertion m\u00e9tallique)<\/li>\n<li><strong>PL<\/strong> &#8211; R\u00e9sistance \u00e0 la perforation (insertion non m\u00e9tallique, clou de 4,5 mm)<\/li>\n<li><strong>PS<\/strong> &#8211; R\u00e9sistance \u00e0 la perforation (insertion non m\u00e9tallique, clou de 3,0 mm)<\/li>\n<li><strong>SC<\/strong> &#8211; Embout de s\u00e9curit\u00e9 r\u00e9sistant \u00e0 l&rsquo;abrasion<\/li>\n<li><strong>SR<\/strong> &#8211; R\u00e9sistance au glissement (sol en c\u00e9ramique avec glyc\u00e9rine)<\/li>\n<li><strong>WPA<\/strong> &#8211; R\u00e9sistance \u00e0 la p\u00e9n\u00e9tration et \u00e0 l&rsquo;absorption d&rsquo;eau<\/li>\n<li><strong>WR<\/strong> &#8211; R\u00e9sistance \u00e0 l&rsquo;eau<\/li>\n<\/ul>\n<p>[\/vc_column_text][vc_column_text css_animation=\u00a0\u00bbfadeIn\u00a0\u00bb]La r\u00e9sistance au glissement est essentielle pour pr\u00e9venir les glissades, les tr\u00e9buchements et les chutes sur le lieu de travail. Que vous soyez \u00e0 la recherche de solutions pour am\u00e9liorer la s\u00e9curit\u00e9 et le confort de vos collaborateurs, ou bien de chaussures qui s&rsquo;adaptent aux besoins d&rsquo;un poste de travail sp\u00e9cifique, <a href=\"https:\/\/shoesforcrews.pro\/fr\/contact\/\" hreflang=\"fr\" >n&rsquo;h\u00e9sitez pas \u00e0 nous contacter;<\/a> nos experts se feront un plaisir de vous aider.[\/vc_column_text][\/vc_column][\/vc_row][vc_row full_width=\u00a0\u00bbstretch_row\u00a0\u00bb equal_height=\u00a0\u00bbyes\u00a0\u00bb css_animation=\u00a0\u00bbfadeIn\u00a0\u00bb enable_fixed_background=\u00a0\u00bbtrue\u00a0\u00bb css=\u00a0\u00bb.vc_custom_1728069269966{background-image: url(https:\/\/shoesforcrews.pro\/wp-content\/uploads\/2022\/06\/increase-safety-shoes-for-crews.jpg?id=1232) !important;background-position: center !important;background-repeat: no-repeat !important;background-size: cover !important;}\u00a0\u00bb][vc_column][vc_column_text]<\/p>\n<h3 style=\"text-align: center;\"><span style=\"font-size: 18pt; color: #ffffff;\">Discutez avec nos experts !*<\/span><\/h3>\n<p style=\"text-align: center;\"><span style=\"color: #ffffff;\">Nous vous aiderons \u00e0 trouver le mod\u00e8le qui s\u2019adapte aux besoins de vos vendeurs ainsi qu\u2019\u00e0 l\u2019ensemble de votre personnel. Notre \u00e9quipe vous apportera tout le soutien n\u00e9cessaire pour vous aider \u00e0 sensibiliser vos \u00e9quipes \u00e0 la s\u00fbret\u00e9 et \u00e0 atteindre vos objectifs de s\u00e9curit\u00e9 avec style !<\/span><\/p>\n<p>[\/vc_column_text][vc_column_text]\n\t\t\t\t\t\t<script>\n\t\t\t\t\t\t\twindow.hsFormsOnReady = window.hsFormsOnReady || [];\n\t\t\t\t\t\t\twindow.hsFormsOnReady.push(()=>{\n\t\t\t\t\t\t\t\thbspt.forms.create({\n\t\t\t\t\t\t\t\t\tportalId: 487275,\n\t\t\t\t\t\t\t\t\tformId: \"6bcb9c73-c42d-4ceb-818b-479bc2ef18c1\",\n\t\t\t\t\t\t\t\t\ttarget: \"#hbspt-form-1776701937000-7099300903\",\n\t\t\t\t\t\t\t\t\tregion: \"eu1\",\n\t\t\t\t\t\t\t\t\t\n\t\t\t\t\t\t\t})});\n\t\t\t\t\t\t<\/script>\n\t\t\t\t\t\t<div class=\"hbspt-form\" id=\"hbspt-form-1776701937000-7099300903\"><\/div>[\/vc_column_text][vc_column_text]<span style=\"font-size: 10pt; color: #ffffff;\">*Shoes For Crews (Europe) Ltd. se r\u00e9serve le droit d&rsquo;\u00e9valuer votre demande et votre projet professionnel avant d&rsquo;accepter votre demande pour tester une paire de chaussures. Veuillez noter que cette offre n&rsquo;est pas valable pour les particuliers et clients de Shoes For Crews ; elle exclut \u00e9galement les chaussures de la gamme PUMA SAFETY.<\/span>[\/vc_column_text][\/vc_column][\/vc_row]<\/p>\n","protected":false},"excerpt":{"rendered":"<p>[vc_row css=\u00a0\u00bb.vc_custom_1659945163407{margin-top: 5% !important;}\u00a0\u00bb][vc_column][vc_column_text css_animation=\u00a0\u00bbfadeIn\u00a0\u00bb]Toutes les chaussures antid\u00e9rapantes ne se valent pas. Le degr\u00e9 d&rsquo;adh\u00e9rence d&rsquo;une chaussure peut varier consid\u00e9rablement, y compris pour des chaussures de s\u00e9curit\u00e9 certifi\u00e9es \u00ab\u00a0antid\u00e9rapantes\u00a0\u00bb. Ann\u00e9e apr\u00e8s ann\u00e9e, les chaussures de Shoes For Crews ont surpass\u00e9 les exigences impos\u00e9es par la norme europ\u00e9enne en mati\u00e8re de r\u00e9sistance au glissement. Gr\u00e2ce \u00e0 [&hellip;]<\/p>\n","protected":false},"author":2,"featured_media":0,"parent":115,"menu_order":0,"comment_status":"closed","ping_status":"closed","template":"tpl-landing-page.php","meta":{"content-type":"","footnotes":""},"class_list":["post-733","page","type-page","status-publish","hentry"],"yoast_head":"<!-- This site is optimized with the Yoast SEO plugin v25.6 - https:\/\/yoast.com\/wordpress\/plugins\/seo\/ -->\n<title>Comment est mesur\u00e9e la r\u00e9sistance au glissement ? | SFC<\/title>\n<meta name=\"description\" content=\"D\u00e9couvrez le fonctionnement des tests de r\u00e9sistance au glissement, les normes en la mati\u00e8re et les classifications des chaussures de s\u00e9curit\u00e9.\" \/>\n<meta name=\"robots\" content=\"index, follow, max-snippet:-1, max-image-preview:large, max-video-preview:-1\" \/>\n<link rel=\"canonical\" href=\"https:\/\/shoesforcrews.pro\/fr\/solutions-chaussures-travail\/mesurer-resistance-glissement\/\" \/>\n<meta property=\"og:locale\" content=\"fr_FR\" \/>\n<meta property=\"og:type\" content=\"article\" \/>\n<meta property=\"og:title\" content=\"Comment est mesur\u00e9e la r\u00e9sistance au glissement ? | SFC\" \/>\n<meta property=\"og:description\" content=\"D\u00e9couvrez le fonctionnement des tests de r\u00e9sistance au glissement, les normes en la mati\u00e8re et les classifications des chaussures de s\u00e9curit\u00e9.\" \/>\n<meta property=\"og:url\" content=\"https:\/\/shoesforcrews.pro\/fr\/solutions-chaussures-travail\/mesurer-resistance-glissement\/\" \/>\n<meta property=\"og:site_name\" content=\"Shoes For Crews FR\" \/>\n<meta property=\"article:modified_time\" content=\"2024-11-22T13:28:57+00:00\" \/>\n<meta name=\"twitter:card\" content=\"summary_large_image\" \/>\n<meta name=\"twitter:label1\" content=\"Dur\u00e9e de lecture estim\u00e9e\" \/>\n\t<meta name=\"twitter:data1\" content=\"5 minutes\" \/>\n<script type=\"application\/ld+json\" class=\"yoast-schema-graph\">{\"@context\":\"https:\/\/schema.org\",\"@graph\":[{\"@type\":\"WebPage\",\"@id\":\"https:\/\/shoesforcrews.pro\/fr\/solutions-chaussures-travail\/mesurer-resistance-glissement\/\",\"url\":\"https:\/\/shoesforcrews.pro\/fr\/solutions-chaussures-travail\/mesurer-resistance-glissement\/\",\"name\":\"Comment est mesur\u00e9e la r\u00e9sistance au glissement ? | SFC\",\"isPartOf\":{\"@id\":\"https:\/\/shoesforcrews.pro\/fr\/#website\"},\"datePublished\":\"2023-02-09T10:49:10+00:00\",\"dateModified\":\"2024-11-22T13:28:57+00:00\",\"description\":\"D\u00e9couvrez le fonctionnement des tests de r\u00e9sistance au glissement, les normes en la mati\u00e8re et les classifications des chaussures de s\u00e9curit\u00e9.\",\"breadcrumb\":{\"@id\":\"https:\/\/shoesforcrews.pro\/fr\/solutions-chaussures-travail\/mesurer-resistance-glissement\/#breadcrumb\"},\"inLanguage\":\"fr-FR\",\"potentialAction\":[{\"@type\":\"ReadAction\",\"target\":[\"https:\/\/shoesforcrews.pro\/fr\/solutions-chaussures-travail\/mesurer-resistance-glissement\/\"]}]},{\"@type\":\"BreadcrumbList\",\"@id\":\"https:\/\/shoesforcrews.pro\/fr\/solutions-chaussures-travail\/mesurer-resistance-glissement\/#breadcrumb\",\"itemListElement\":[{\"@type\":\"ListItem\",\"position\":1,\"name\":\"Retour\",\"item\":\"https:\/\/shoesforcrews.pro\/fr\/blog-sante-securite-travail\/\"},{\"@type\":\"ListItem\",\"position\":2,\"name\":\"Chaussures de travail\",\"item\":\"https:\/\/shoesforcrews.pro\/fr\/solutions-chaussures-travail\/\"},{\"@type\":\"ListItem\",\"position\":3,\"name\":\"How is slip resistance measured?\"}]},{\"@type\":\"WebSite\",\"@id\":\"https:\/\/shoesforcrews.pro\/fr\/#website\",\"url\":\"https:\/\/shoesforcrews.pro\/fr\/\",\"name\":\"Shoes For Crews FR\",\"description\":\"\",\"publisher\":{\"@id\":\"https:\/\/shoesforcrews.pro\/fr\/#organization\"},\"potentialAction\":[{\"@type\":\"SearchAction\",\"target\":{\"@type\":\"EntryPoint\",\"urlTemplate\":\"https:\/\/shoesforcrews.pro\/fr\/?s={search_term_string}\"},\"query-input\":{\"@type\":\"PropertyValueSpecification\",\"valueRequired\":true,\"valueName\":\"search_term_string\"}}],\"inLanguage\":\"fr-FR\"},{\"@type\":\"Organization\",\"@id\":\"https:\/\/shoesforcrews.pro\/fr\/#organization\",\"name\":\"Shoes For Crews FR\",\"url\":\"https:\/\/shoesforcrews.pro\/fr\/\",\"logo\":{\"@type\":\"ImageObject\",\"inLanguage\":\"fr-FR\",\"@id\":\"https:\/\/shoesforcrews.pro\/fr\/#\/schema\/logo\/image\/\",\"url\":\"https:\/\/shoesforcrews.pro\/fr\/wp-content\/uploads\/2025\/11\/SFC-LOGO-2025_NAVY-1.png\",\"contentUrl\":\"https:\/\/shoesforcrews.pro\/fr\/wp-content\/uploads\/2025\/11\/SFC-LOGO-2025_NAVY-1.png\",\"caption\":\"Shoes For Crews FR\"},\"image\":{\"@id\":\"https:\/\/shoesforcrews.pro\/fr\/#\/schema\/logo\/image\/\"}}]}<\/script>\n<!-- \/ Yoast SEO plugin. -->","yoast_head_json":{"title":"Comment est mesur\u00e9e la r\u00e9sistance au glissement ? | SFC","description":"D\u00e9couvrez le fonctionnement des tests de r\u00e9sistance au glissement, les normes en la mati\u00e8re et les classifications des chaussures de s\u00e9curit\u00e9.","robots":{"index":"index","follow":"follow","max-snippet":"max-snippet:-1","max-image-preview":"max-image-preview:large","max-video-preview":"max-video-preview:-1"},"canonical":"https:\/\/shoesforcrews.pro\/fr\/solutions-chaussures-travail\/mesurer-resistance-glissement\/","og_locale":"fr_FR","og_type":"article","og_title":"Comment est mesur\u00e9e la r\u00e9sistance au glissement ? | SFC","og_description":"D\u00e9couvrez le fonctionnement des tests de r\u00e9sistance au glissement, les normes en la mati\u00e8re et les classifications des chaussures de s\u00e9curit\u00e9.","og_url":"https:\/\/shoesforcrews.pro\/fr\/solutions-chaussures-travail\/mesurer-resistance-glissement\/","og_site_name":"Shoes For Crews FR","article_modified_time":"2024-11-22T13:28:57+00:00","twitter_card":"summary_large_image","twitter_misc":{"Dur\u00e9e de lecture estim\u00e9e":"5 minutes"},"schema":{"@context":"https:\/\/schema.org","@graph":[{"@type":"WebPage","@id":"https:\/\/shoesforcrews.pro\/fr\/solutions-chaussures-travail\/mesurer-resistance-glissement\/","url":"https:\/\/shoesforcrews.pro\/fr\/solutions-chaussures-travail\/mesurer-resistance-glissement\/","name":"Comment est mesur\u00e9e la r\u00e9sistance au glissement ? | SFC","isPartOf":{"@id":"https:\/\/shoesforcrews.pro\/fr\/#website"},"datePublished":"2023-02-09T10:49:10+00:00","dateModified":"2024-11-22T13:28:57+00:00","description":"D\u00e9couvrez le fonctionnement des tests de r\u00e9sistance au glissement, les normes en la mati\u00e8re et les classifications des chaussures de s\u00e9curit\u00e9.","breadcrumb":{"@id":"https:\/\/shoesforcrews.pro\/fr\/solutions-chaussures-travail\/mesurer-resistance-glissement\/#breadcrumb"},"inLanguage":"fr-FR","potentialAction":[{"@type":"ReadAction","target":["https:\/\/shoesforcrews.pro\/fr\/solutions-chaussures-travail\/mesurer-resistance-glissement\/"]}]},{"@type":"BreadcrumbList","@id":"https:\/\/shoesforcrews.pro\/fr\/solutions-chaussures-travail\/mesurer-resistance-glissement\/#breadcrumb","itemListElement":[{"@type":"ListItem","position":1,"name":"Retour","item":"https:\/\/shoesforcrews.pro\/fr\/blog-sante-securite-travail\/"},{"@type":"ListItem","position":2,"name":"Chaussures de travail","item":"https:\/\/shoesforcrews.pro\/fr\/solutions-chaussures-travail\/"},{"@type":"ListItem","position":3,"name":"How is slip resistance measured?"}]},{"@type":"WebSite","@id":"https:\/\/shoesforcrews.pro\/fr\/#website","url":"https:\/\/shoesforcrews.pro\/fr\/","name":"Shoes For Crews FR","description":"","publisher":{"@id":"https:\/\/shoesforcrews.pro\/fr\/#organization"},"potentialAction":[{"@type":"SearchAction","target":{"@type":"EntryPoint","urlTemplate":"https:\/\/shoesforcrews.pro\/fr\/?s={search_term_string}"},"query-input":{"@type":"PropertyValueSpecification","valueRequired":true,"valueName":"search_term_string"}}],"inLanguage":"fr-FR"},{"@type":"Organization","@id":"https:\/\/shoesforcrews.pro\/fr\/#organization","name":"Shoes For Crews FR","url":"https:\/\/shoesforcrews.pro\/fr\/","logo":{"@type":"ImageObject","inLanguage":"fr-FR","@id":"https:\/\/shoesforcrews.pro\/fr\/#\/schema\/logo\/image\/","url":"https:\/\/shoesforcrews.pro\/fr\/wp-content\/uploads\/2025\/11\/SFC-LOGO-2025_NAVY-1.png","contentUrl":"https:\/\/shoesforcrews.pro\/fr\/wp-content\/uploads\/2025\/11\/SFC-LOGO-2025_NAVY-1.png","caption":"Shoes For Crews FR"},"image":{"@id":"https:\/\/shoesforcrews.pro\/fr\/#\/schema\/logo\/image\/"}}]}},"_links":{"self":[{"href":"https:\/\/shoesforcrews.pro\/fr\/wp-json\/wp\/v2\/pages\/733"}],"collection":[{"href":"https:\/\/shoesforcrews.pro\/fr\/wp-json\/wp\/v2\/pages"}],"about":[{"href":"https:\/\/shoesforcrews.pro\/fr\/wp-json\/wp\/v2\/types\/page"}],"author":[{"embeddable":true,"href":"https:\/\/shoesforcrews.pro\/fr\/wp-json\/wp\/v2\/users\/2"}],"replies":[{"embeddable":true,"href":"https:\/\/shoesforcrews.pro\/fr\/wp-json\/wp\/v2\/comments?post=733"}],"version-history":[{"count":13,"href":"https:\/\/shoesforcrews.pro\/fr\/wp-json\/wp\/v2\/pages\/733\/revisions"}],"predecessor-version":[{"id":1885,"href":"https:\/\/shoesforcrews.pro\/fr\/wp-json\/wp\/v2\/pages\/733\/revisions\/1885"}],"up":[{"embeddable":true,"href":"https:\/\/shoesforcrews.pro\/fr\/wp-json\/wp\/v2\/pages\/115"}],"wp:attachment":[{"href":"https:\/\/shoesforcrews.pro\/fr\/wp-json\/wp\/v2\/media?parent=733"}],"curies":[{"name":"wp","href":"https:\/\/api.w.org\/{rel}","templated":true}]}}