{"id":24,"date":"2022-06-29T20:23:58","date_gmt":"2022-06-29T20:23:58","guid":{"rendered":"https:\/\/shoesforcrews.pro\/fr\/?page_id=24"},"modified":"2025-11-25T13:08:13","modified_gmt":"2025-11-25T13:08:13","slug":"accueil","status":"publish","type":"page","link":"https:\/\/shoesforcrews.pro\/fr\/","title":{"rendered":"Homepage"},"content":{"rendered":"<p>[vc_row full_width=\u00a0\u00bbstretch_row\u00a0\u00bb css=\u00a0\u00bb.vc_custom_1763632810382{background-color: #eaebe2 !important;}\u00a0\u00bb][vc_column width=\u00a0\u00bb1\/3&Prime;]<div class=\"vc-image-text--icon--left--80-20\"><div class=\"vc-image-text__image-container\"><img decoding=\"async\" class=\"vc-image-text__image\" src=\"https:\/\/shoesforcrews.pro\/fr\/wp-content\/uploads\/2025\/11\/checkmark.webp\" alt=\"\" title=\"\" \/><\/div><div class=\"vc-image-text__text\"><p>R\u00e9duisez les chutes et les glissades<\/p><\/div><\/div>[\/vc_column][vc_column width=\u00a0\u00bb1\/3&Prime;]<div class=\"vc-image-text--icon--left--80-20\"><div class=\"vc-image-text__image-container\"><img decoding=\"async\" class=\"vc-image-text__image\" src=\"https:\/\/shoesforcrews.pro\/fr\/wp-content\/uploads\/2025\/11\/checkmark.webp\" alt=\"\" title=\"\" \/><\/div><div class=\"vc-image-text__text\"><p>Robustes et durables<\/p><\/div><\/div>[\/vc_column][vc_column width=\u00a0\u00bb1\/3&Prime;]<div class=\"vc-image-text--icon--left--80-20\"><div class=\"vc-image-text__image-container\"><img decoding=\"async\" class=\"vc-image-text__image\" src=\"https:\/\/shoesforcrews.pro\/fr\/wp-content\/uploads\/2025\/11\/checkmark.webp\" alt=\"\" title=\"\" \/><\/div><div class=\"vc-image-text__text\"><p>Am\u00e9liorez la s\u00e9curit\u00e9 sur le lieu de travail<\/p><\/div><\/div>[\/vc_column][\/vc_row][vc_section full_width=\u00a0\u00bbstretch_row\u00a0\u00bb css=\u00a0\u00bb.vc_custom_1763632798636{padding-top: 35px !important;background-position: center !important;background-repeat: no-repeat !important;background-size: cover !important;}\u00a0\u00bb][vc_row css_animation=\u00a0\u00bbfadeIn\u00a0\u00bb][vc_column][vc_column_text]<\/p>\n<h2 style=\"text-align: center;\"><span style=\"font-size: 18pt;\">S\u00e9curit\u00e9, mode et confort toute la journ\u00e9e, tous les jours dans des environnements de travail tr\u00e8s exigeants<\/span><\/h2>\n<p>[\/vc_column_text][vc_single_image image=\u00a0\u00bb7759&Prime; img_size=\u00a0\u00bbFULL\u00a0\u00bb alignment=\u00a0\u00bbcenter\u00a0\u00bb]<div style=\"text-align: center\" ><a hreflang=\"fr\" href=\"https:\/\/shoesforcrews.pro\/fr\/catalogue\/\" class=\"btn--secondary\" style=\"background-image: url()\">D\u00e9couvrez toutes nos chaussures<\/a><\/div>[\/vc_column][\/vc_row][vc_row full_width=\u00a0\u00bbstretch_row\u00a0\u00bb gap=\u00a0\u00bb2&Prime; css_animation=\u00a0\u00bbfadeIn\u00a0\u00bb css=\u00a0\u00bb.vc_custom_1763631202865{margin-top: 3% !important;}\u00a0\u00bb][vc_column width=\u00a0\u00bb1\/2&Prime;][vc_column_text]<\/p>\n<h2 style=\"text-align: center;\"><span style=\"font-size: 18pt;\">Testez une paire de chaussures !*<\/span><\/h2>\n<h3><strong>Contactez nos experts<\/strong><\/h3>\n<p><span style=\"font-weight: 400;\">Nous \u00e9valuons les besoins et les objectifs de votre entreprise pour vous fournir les chaussures de s\u00e9curit\u00e9 antid\u00e9rapantes les plus adapt\u00e9es, afin que vous puissiez prot\u00e9ger votre personnel et instaurer sans effort une solide culture de la s\u00e9curit\u00e9.<\/span><\/p>\n<h3><strong>Testez une paire !*<\/strong><\/h3>\n<p><span style=\"font-weight: 400;\">La meilleure fa\u00e7on de d\u00e9couvrir tous les avantages et b\u00e9n\u00e9fices qu&rsquo;offrent nos chaussures antid\u00e9rapantes est de les essayer ! Votre \u00e9quipe Shoes For Crews vous simplifie la t\u00e2che du d\u00e9but \u00e0 la fin. Nous vous aidons \u00e0 trouver les chaussures qui vous conviennent et vous apportons le soutien dont vous avez besoin pour accro\u00eetre le taux de participation de votre personnel et atteindre les objectifs de s\u00e9curit\u00e9 de votre entreprise.<\/span><\/p>\n<h3><strong>Renforcez la s\u00e9curit\u00e9 au travail avec style<\/strong><\/h3>\n<p><span style=\"font-weight: 400;\">Optez pour des chaussures de s\u00e9curit\u00e9 \u00e0 la pointe de la technologie pour \u00e9liminer jusqu\u2019\u00e0 80\u00a0% des accidents dus aux glissades et aux chutes. Prot\u00e9gez votre entreprise, votre personnel et vos b\u00e9n\u00e9fices des co\u00fbts d\u00e9vastateurs inh\u00e9rents aux accidents de travail.<\/span>[\/vc_column_text][\/vc_column][vc_column width=\u00a0\u00bb1\/2&Prime; css=\u00a0\u00bb.vc_custom_1703692931983{background-color: #21293C !important;}\u00a0\u00bb][vc_column_text]<\/p>\n<h3 style=\"text-align: center;\"><span style=\"font-size: 18pt; color: #ffffff;\">Discutez avec nos experts !<\/span><\/h3>\n<p>[\/vc_column_text][vc_empty_space][vc_column_text el_id=\u00a0\u00bb01&Prime;]\n\t\t\t\t\t\t<script>\n\t\t\t\t\t\t\twindow.hsFormsOnReady = window.hsFormsOnReady || [];\n\t\t\t\t\t\t\twindow.hsFormsOnReady.push(()=>{\n\t\t\t\t\t\t\t\thbspt.forms.create({\n\t\t\t\t\t\t\t\t\tportalId: 487275,\n\t\t\t\t\t\t\t\t\tformId: \"6bcb9c73-c42d-4ceb-818b-479bc2ef18c1\",\n\t\t\t\t\t\t\t\t\ttarget: \"#hbspt-form-1775285997000-3725950815\",\n\t\t\t\t\t\t\t\t\tregion: \"eu1\",\n\t\t\t\t\t\t\t\t\t\n\t\t\t\t\t\t\t})});\n\t\t\t\t\t\t<\/script>\n\t\t\t\t\t\t<div class=\"hbspt-form\" id=\"hbspt-form-1775285997000-3725950815\"><\/div>[\/vc_column_text][\/vc_column][\/vc_row][vc_row full_width=\u00a0\u00bbstretch_row\u00a0\u00bb css_animation=\u00a0\u00bbfadeIn\u00a0\u00bb][vc_column][vc_column_text]<span style=\"font-size: 10pt; color: #000000;\">*Shoes For Crews (Europe) Ltd. se r\u00e9serve le droit d&rsquo;\u00e9valuer votre demande et votre projet professionnel avant d&rsquo;accepter votre demande pour tester une paire de chaussures. Veuillez noter que cette offre n&rsquo;est pas valable pour les particuliers et clients de Shoes For Crews ; elle exclut \u00e9galement les chaussures de la gamme PUMA SAFETY.<\/span>[\/vc_column_text][\/vc_column][\/vc_row][\/vc_section][vc_section full_width=\u00a0\u00bbstretch_row\u00a0\u00bb css_animation=\u00a0\u00bbfadeIn\u00a0\u00bb css=\u00a0\u00bb.vc_custom_1763632817812{background-position: center !important;background-repeat: no-repeat !important;background-size: cover !important;}\u00a0\u00bb][vc_row][vc_column width=\u00a0\u00bb1\/6&Prime;][vc_single_image image=\u00a0\u00bb6180&Prime; img_size=\u00a0\u00bbFULL\u00a0\u00bb alignment=\u00a0\u00bbcenter\u00a0\u00bb][\/vc_column][vc_column width=\u00a0\u00bb5\/6&Prime;][vc_column_text]<span style=\"font-size: 24pt;\">Shoes For Crews\u00ae est le pionnier et leader de confiance en mati\u00e8re de chaussures de s\u00e9curit\u00e9 antid\u00e9rapantes depuis 1984<\/span>[\/vc_column_text][\/vc_column][\/vc_row][vc_row css_animation=\u00a0\u00bbfadeIn\u00a0\u00bb][vc_column width=\u00a0\u00bb1\/2&Prime;][vc_single_image image=\u00a0\u00bb3980&Prime; img_size=\u00a0\u00bbfull\u00a0\u00bb][\/vc_column][vc_column width=\u00a0\u00bb1\/2&Prime;][vc_column_text]<\/p>\n<h2 style=\"text-align: center;\"><span style=\"font-size: 18pt; color: #000000;\">Fabricant de chaussures hautement protectrices<\/span><\/h2>\n<p>Offrez \u00e0 vos \u00e9quipes la protection et le confort dont elles ont besoin et <strong>r\u00e9duisez jusqu&rsquo;\u00e0 80 % des accidents et des blessures li\u00e9s aux chutes et aux glissades<\/strong>\u00a0avec notre gamme compl\u00e8te de chaussures de s\u00e9curit\u00e9 r\u00e9sistantes, confortables et modernes.[\/vc_column_text][\/vc_column][\/vc_row][\/vc_section][vc_row full_width=\u00a0\u00bbstretch_row\u00a0\u00bb css_animation=\u00a0\u00bbfadeIn\u00a0\u00bb][vc_column][vc_column_text]<\/p>\n<p style=\"text-align: center;\"><span style=\"font-size: 18pt;\">Fiers de fournir un large \u00e9ventail de secteurs et d&rsquo;industries dans le monde<\/span><\/p>\n<p>[\/vc_column_text][vc_empty_space]<div class=\"vc-masonry-grid--grid \"><div class=\"vc-masonry-grid__grid\" style=\"padding: 10px\"><div style=\"text-align: left\" ><a hreflang=\"fr\" href=\"\/fr\/secteurs-dactivite\/rangers-militaires\/\" class=\"btn--image\" style=\"background-image: url(https:\/\/shoesforcrews.pro\/fr\/wp-content\/uploads\/2024\/11\/army-unit-with-safety-boots.jpg)\">Arm\u00e9e<\/a><\/div><\/div><div class=\"vc-masonry-grid__grid\" style=\"padding: 10px\"><div style=\"text-align: left\" ><a hreflang=\"fr\" href=\"\/fr\/chaussures-commerce-de-detail\/\" class=\"btn--image\" style=\"background-image: url(https:\/\/shoesforcrews.pro\/fr\/wp-content\/uploads\/2022\/06\/retail-shoes-for-crews-medium.jpg)\">Commerce de d\u00e9tail<\/a><\/div><\/div><div class=\"vc-masonry-grid__grid\" style=\"padding: 10px\"><div style=\"text-align: left\" ><a hreflang=\"fr\" href=\"\/fr\/chaussures-hotellerie-restauration\/\" class=\"btn--image\" style=\"background-image: url(https:\/\/shoesforcrews.pro\/fr\/wp-content\/uploads\/2022\/06\/hospitality-restaurant-footwear.jpg)\">H\u00f4tellerie-restauration<\/a><\/div><\/div><div class=\"vc-masonry-grid__grid\" style=\"padding: 10px\"><div style=\"text-align: left\" ><a hreflang=\"fr\" href=\"\/fr\/chaussures-securite-logistique-poste-livraison\/\" class=\"btn--image\" style=\"background-image: url(https:\/\/shoesforcrews.pro\/fr\/wp-content\/uploads\/2022\/06\/pexels-courier2.jpg)\">Logistique, poste et messagerie<\/a><\/div><\/div><div class=\"vc-masonry-grid__grid\" style=\"padding: 10px\"><div style=\"text-align: left\" ><a hreflang=\"fr\" href=\"\/fr\/chaussures-manufactures-industrie-lourde\/\" class=\"btn--image\" style=\"background-image: url(https:\/\/shoesforcrews.pro\/fr\/wp-content\/uploads\/2022\/06\/manufacturing-food-production-shoe.jpg)\">Industrie agroalimentaire<\/a><\/div><\/div><div class=\"vc-masonry-grid__grid\" style=\"padding: 10px\"><div style=\"text-align: center\" ><a hreflang=\"fr\" href=\"\/fr\/rangers-gendarmerie-police\/\" class=\"btn--image\" style=\"background-image: url(https:\/\/shoesforcrews.pro\/fr\/wp-content\/uploads\/2024\/11\/police-officer-wearing-safety-boots.jpg)\">Police, gendarmerie et s\u00e9curit\u00e9<\/a><\/div><\/div><div class=\"vc-masonry-grid__grid\" style=\"padding: 10px\"><div style=\"text-align: left\" ><a hreflang=\"fr\" href=\"\/fr\/chaussures-personnel-soignant-hopitaux\/\" class=\"btn--image\" style=\"background-image: url(https:\/\/shoesforcrews.pro\/fr\/wp-content\/uploads\/2022\/06\/heathcare-medium2.jpg)\">Sant\u00e9, EPHAD et cr\u00e8ches<\/a><\/div><\/div><div class=\"vc-masonry-grid__grid\" style=\"padding: 10px\"><div style=\"text-align: left\" ><a hreflang=\"fr\" href=\"\/fr\/chaussures-ambulanciers-paramedicaux-samu\/\" class=\"btn--image\" style=\"background-image: url(https:\/\/shoesforcrews.pro\/fr\/wp-content\/uploads\/2022\/08\/paramedics-safety-shoes.jpg)\">Service d\u2019aide m\u00e9dicale d\u2019urgence<\/a><\/div><\/div><div class=\"vc-masonry-grid__grid\" style=\"padding: 10px\"><div style=\"text-align: left\" ><a hreflang=\"fr\" href=\"\/fr\/chaussures-securite-transports-en-commun\/\" class=\"btn--image\" style=\"background-image: url(https:\/\/shoesforcrews.pro\/fr\/wp-content\/uploads\/2022\/06\/public-transport2.jpg)\">Transports en commun<\/a><\/div><\/div><\/div>[\/vc_column][\/vc_row][vc_row full_width=\u00a0\u00bbstretch_row\u00a0\u00bb css_animation=\u00a0\u00bbfadeIn\u00a0\u00bb][vc_column]<div class=\"vc-masonry-grid--inline no-wrap\"><div class=\"vc-masonry-grid__grid\" style=\"padding: px\">[vc_single_image image=\u00a0\u00bb1549&Prime; img_size=\u00a0\u00bbmedium\u00a0\u00bb]<\/div><div class=\"vc-masonry-grid__grid\" style=\"padding: px\">[vc_single_image image=\u00a0\u00bb3059&Prime; img_size=\u00a0\u00bbmedium\u00a0\u00bb alignment=\u00a0\u00bbcenter\u00a0\u00bb]<\/div><div class=\"vc-masonry-grid__grid\" style=\"padding: px\">[vc_single_image image=\u00a0\u00bb1551&Prime; img_size=\u00a0\u00bbmedium\u00a0\u00bb]<\/div><div class=\"vc-masonry-grid__grid\" style=\"padding: px\">[vc_single_image image=\u00a0\u00bb4018&Prime; img_size=\u00a0\u00bbmedium\u00a0\u00bb]<\/div><\/div>[\/vc_column][\/vc_row][vc_row full_width=\u00a0\u00bbstretch_row\u00a0\u00bb css_animation=\u00a0\u00bbfadeIn\u00a0\u00bb][vc_column][vc_column_text]<\/p>\n<h2 style=\"text-align: center;\"><span style=\"font-size: 18pt;\">Derniers articles de blog<\/span><\/h2>\n<p>[\/vc_column_text][vc_empty_space]<div class=\"vc-latest-blogs\"><div class=\"blog-item\">\r\n    <a hreflang=\"fr\" href=\"https:\/\/shoesforcrews.pro\/fr\/blog\/selection-chaussures-professionnelles-hotellerie\/\" class=\"blog-item__inner\">\r\n        <div class=\"blog-item__thumbnail-container\">\r\n            <img decoding=\"async\" src=\"https:\/\/shoesforcrews.pro\/fr\/wp-content\/uploads\/2025\/12\/202510P1FR-featured-image.jpg\" class=\"blog-item__thumbnail\" alt=\"R\u00e9ception d\u2019un h\u00f4tel avec un employ\u00e9 s\u2019occupant d\u2019une r\u00e9servation\" \/>\r\n        <\/div>\r\n        <div class=\"blog-item__details\">\r\n            <h4>Shoes For Crews vous d\u00e9voile une s\u00e9lection de chaussures professionnelles pour les employ\u00e9s du secteur de l\u2019h\u00f4tellerie<\/h4>\r\n            <p class=\"blog-item__date\">11 d\u00e9cembre 2025<\/p>\r\n            <p class=\"blog-item__excerpt\">Shoes For Crews vous pr\u00e9sente une s\u00e9lection de chaussures professionnelles pour les employ\u00e9s du secteur de l\u2019h\u00f4tellerie.<\/p>\r\n        <\/div>\r\n    <\/a>\r\n<\/div><div class=\"blog-item\">\r\n    <a hreflang=\"fr\" href=\"https:\/\/shoesforcrews.pro\/fr\/blog\/arrets-maladie-restauration-causes-impact\/\" class=\"blog-item__inner\">\r\n        <div class=\"blog-item__thumbnail-container\">\r\n            <img decoding=\"async\" src=\"https:\/\/shoesforcrews.pro\/fr\/wp-content\/uploads\/2025\/11\/202509P2FR-featured-image.jpg\" class=\"blog-item__thumbnail\" alt=\"Employ\u00e9e du secteur de la restauration qui se tient la t\u00eate comme signe de maladie\" \/>\r\n        <\/div>\r\n        <div class=\"blog-item__details\">\r\n            <h4>Arr\u00eats maladie dans le secteur de la restauration : comprendre les causes et limiter l\u2019impact sur votre \u00e9quipe<\/h4>\r\n            <p class=\"blog-item__date\">20 novembre 2025<\/p>\r\n            <p class=\"blog-item__excerpt\">D\u00e9couvrez les causes des arr\u00eats maladie dans la restauration et limiter l\u2019impact sur votre \u00e9quipe avec Shoes For Crews.<\/p>\r\n        <\/div>\r\n    <\/a>\r\n<\/div><div class=\"blog-item\">\r\n    <a hreflang=\"fr\" href=\"https:\/\/shoesforcrews.pro\/fr\/blog\/mesures-lutte-stress-infirmier-milieu-hospitalier\/\" class=\"blog-item__inner\">\r\n        <div class=\"blog-item__thumbnail-container\">\r\n            <img decoding=\"async\" src=\"https:\/\/shoesforcrews.pro\/fr\/wp-content\/uploads\/2025\/10\/202509P1FR-featured-image.jpg\" class=\"blog-item__thumbnail\" alt=\"Infirmi\u00e8re en \u00e9tat de stress assise dans les escaliers de l\u2019h\u00f4pital\" \/>\r\n        <\/div>\r\n        <div class=\"blog-item__details\">\r\n            <h4>5 mesures \u00e0 adopter pour lutter contre le stress infirmier en milieu hospitalier<\/h4>\r\n            <p class=\"blog-item__date\">6 novembre 2025<\/p>\r\n            <p class=\"blog-item__excerpt\">D\u00e9couvrez 5 mesures \u00e0 adopter pour lutter contre le stress infirmier en milieu hospitalier avec Shoes For Crews.<\/p>\r\n        <\/div>\r\n    <\/a>\r\n<\/div><div class=\"blog-item\">\r\n    <a hreflang=\"fr\" href=\"https:\/\/shoesforcrews.pro\/fr\/blog\/impliquer-equipes-rse-hotellerie\/\" class=\"blog-item__inner\">\r\n        <div class=\"blog-item__thumbnail-container\">\r\n            <img decoding=\"async\" src=\"https:\/\/shoesforcrews.pro\/fr\/wp-content\/uploads\/2025\/10\/202508P2FR-featured-image.jpg\" class=\"blog-item__thumbnail\" alt=\"Poign\u00e9e de mains lors d\u2019une r\u00e9union du personnel h\u00f4telier concernant la politique RSE\" \/>\r\n        <\/div>\r\n        <div class=\"blog-item__details\">\r\n            <h4>Comment impliquer vos \u00e9quipes dans une d\u00e9marche RSE afin de transformer votre h\u00f4tel en \u00e9tablissement responsable ?<\/h4>\r\n            <p class=\"blog-item__date\">23 octobre 2025<\/p>\r\n            <p class=\"blog-item__excerpt\">RSE en h\u00f4tellerie : impliquez vos \u00e9quipes et transformez votre h\u00f4tel en acteur responsable avec Shoes For Crews.<\/p>\r\n        <\/div>\r\n    <\/a>\r\n<\/div><\/div>[\/vc_column][vc_column][vc_row_inner disable_element=\u00a0\u00bbyes\u00a0\u00bb][vc_column_inner]<div class=\"sfc-image-carousel image-carousel\" data-slick='{\"slidesToShow\": 1, \"slidesToScroll\": 1, \"speed\": 1000, \"swipeToSlide\": true, \"autoplay\": true, \"arrows\": true, \"dots\": true}' ><div class='vc_item'><img decoding=\"async\" src=\"https:\/\/shoesforcrews.pro\/fr\/wp-content\/uploads\/2025\/05\/SFC158_Banner_Preventica_600x226px_f_.jpg\" class=\"sfc-image-carousel__image\" \/><\/div><\/div>[\/vc_column_inner][\/vc_row_inner][\/vc_column][\/vc_row]<\/p>\n","protected":false},"excerpt":{"rendered":"<p>[vc_row full_width=\u00a0\u00bbstretch_row\u00a0\u00bb css=\u00a0\u00bb.vc_custom_1763632810382{background-color: #eaebe2 !important;}\u00a0\u00bb][vc_column width=\u00a0\u00bb1\/3&Prime;][\/vc_column][vc_column width=\u00a0\u00bb1\/3&Prime;][\/vc_column][vc_column width=\u00a0\u00bb1\/3&Prime;][\/vc_column][\/vc_row][vc_section full_width=\u00a0\u00bbstretch_row\u00a0\u00bb css=\u00a0\u00bb.vc_custom_1763632798636{padding-top: 35px !important;background-position: center !important;background-repeat: no-repeat !important;background-size: cover !important;}\u00a0\u00bb][vc_row css_animation=\u00a0\u00bbfadeIn\u00a0\u00bb][vc_column][vc_column_text] S\u00e9curit\u00e9, mode et confort toute la journ\u00e9e, tous les jours dans des environnements de travail tr\u00e8s exigeants [\/vc_column_text][vc_single_image image=\u00a0\u00bb7759&Prime; img_size=\u00a0\u00bbFULL\u00a0\u00bb alignment=\u00a0\u00bbcenter\u00a0\u00bb][\/vc_column][\/vc_row][vc_row full_width=\u00a0\u00bbstretch_row\u00a0\u00bb gap=\u00a0\u00bb2&Prime; css_animation=\u00a0\u00bbfadeIn\u00a0\u00bb css=\u00a0\u00bb.vc_custom_1763631202865{margin-top: 3% !important;}\u00a0\u00bb][vc_column width=\u00a0\u00bb1\/2&Prime;][vc_column_text] Testez une paire de chaussures !* Contactez nos [&hellip;]<\/p>\n","protected":false},"author":1,"featured_media":0,"parent":0,"menu_order":0,"comment_status":"closed","ping_status":"closed","template":"tpl-landing-page.php","meta":{"content-type":"","footnotes":""},"class_list":["post-24","page","type-page","status-publish","hentry"],"yoast_head":"<!-- This site is optimized with the Yoast SEO plugin v25.6 - https:\/\/yoast.com\/wordpress\/plugins\/seo\/ -->\n<title>Leader des chaussures de s\u00e9curit\u00e9 et de travail | SFC<\/title>\n<meta name=\"description\" content=\"Trouvez les chaussures de s\u00e9curit\u00e9 les plus adapt\u00e9es \u00e0 votre personnel avec Shoes For Crews, leader des chaussures antid\u00e9rapantes depuis 1984\" \/>\n<meta name=\"robots\" content=\"index, follow, max-snippet:-1, max-image-preview:large, max-video-preview:-1\" \/>\n<link rel=\"canonical\" href=\"https:\/\/shoesforcrews.pro\/fr\/\" \/>\n<meta property=\"og:locale\" content=\"fr_FR\" \/>\n<meta property=\"og:type\" content=\"article\" \/>\n<meta property=\"og:title\" content=\"Leader des chaussures de s\u00e9curit\u00e9 et de travail | SFC\" \/>\n<meta property=\"og:description\" content=\"Trouvez les chaussures de s\u00e9curit\u00e9 les plus adapt\u00e9es \u00e0 votre personnel avec Shoes For Crews, leader des chaussures antid\u00e9rapantes depuis 1984\" \/>\n<meta property=\"og:url\" content=\"https:\/\/shoesforcrews.pro\/fr\/\" \/>\n<meta property=\"og:site_name\" content=\"Shoes For Crews FR\" \/>\n<meta property=\"article:modified_time\" content=\"2025-11-25T13:08:13+00:00\" \/>\n<meta name=\"twitter:card\" content=\"summary_large_image\" \/>\n<meta name=\"twitter:label1\" content=\"Dur\u00e9e de lecture estim\u00e9e\" \/>\n\t<meta name=\"twitter:data1\" content=\"7 minutes\" \/>\n<script type=\"application\/ld+json\" class=\"yoast-schema-graph\">{\"@context\":\"https:\/\/schema.org\",\"@graph\":[{\"@type\":\"WebPage\",\"@id\":\"https:\/\/shoesforcrews.pro\/fr\/\",\"url\":\"https:\/\/shoesforcrews.pro\/fr\/\",\"name\":\"Leader des chaussures de s\u00e9curit\u00e9 et de travail | SFC\",\"isPartOf\":{\"@id\":\"https:\/\/shoesforcrews.pro\/fr\/#website\"},\"datePublished\":\"2022-06-29T20:23:58+00:00\",\"dateModified\":\"2025-11-25T13:08:13+00:00\",\"description\":\"Trouvez les chaussures de s\u00e9curit\u00e9 les plus adapt\u00e9es \u00e0 votre personnel avec Shoes For Crews, leader des chaussures antid\u00e9rapantes depuis 1984\",\"breadcrumb\":{\"@id\":\"https:\/\/shoesforcrews.pro\/fr\/#breadcrumb\"},\"inLanguage\":\"fr-FR\",\"potentialAction\":[{\"@type\":\"ReadAction\",\"target\":[\"https:\/\/shoesforcrews.pro\/fr\/\"]}]},{\"@type\":\"BreadcrumbList\",\"@id\":\"https:\/\/shoesforcrews.pro\/fr\/#breadcrumb\",\"itemListElement\":[{\"@type\":\"ListItem\",\"position\":1,\"name\":\"Retour\",\"item\":\"https:\/\/shoesforcrews.pro\/fr\/blog-sante-securite-travail\/\"},{\"@type\":\"ListItem\",\"position\":2,\"name\":\"Homepage\"}]},{\"@type\":\"WebSite\",\"@id\":\"https:\/\/shoesforcrews.pro\/fr\/#website\",\"url\":\"https:\/\/shoesforcrews.pro\/fr\/\",\"name\":\"Shoes For Crews FR\",\"description\":\"\",\"publisher\":{\"@id\":\"https:\/\/shoesforcrews.pro\/fr\/#organization\"},\"potentialAction\":[{\"@type\":\"SearchAction\",\"target\":{\"@type\":\"EntryPoint\",\"urlTemplate\":\"https:\/\/shoesforcrews.pro\/fr\/?s={search_term_string}\"},\"query-input\":{\"@type\":\"PropertyValueSpecification\",\"valueRequired\":true,\"valueName\":\"search_term_string\"}}],\"inLanguage\":\"fr-FR\"},{\"@type\":\"Organization\",\"@id\":\"https:\/\/shoesforcrews.pro\/fr\/#organization\",\"name\":\"Shoes For Crews FR\",\"url\":\"https:\/\/shoesforcrews.pro\/fr\/\",\"logo\":{\"@type\":\"ImageObject\",\"inLanguage\":\"fr-FR\",\"@id\":\"https:\/\/shoesforcrews.pro\/fr\/#\/schema\/logo\/image\/\",\"url\":\"https:\/\/shoesforcrews.pro\/fr\/wp-content\/uploads\/2025\/11\/SFC-LOGO-2025_NAVY-1.png\",\"contentUrl\":\"https:\/\/shoesforcrews.pro\/fr\/wp-content\/uploads\/2025\/11\/SFC-LOGO-2025_NAVY-1.png\",\"caption\":\"Shoes For Crews FR\"},\"image\":{\"@id\":\"https:\/\/shoesforcrews.pro\/fr\/#\/schema\/logo\/image\/\"}}]}<\/script>\n<!-- \/ Yoast SEO plugin. -->","yoast_head_json":{"title":"Leader des chaussures de s\u00e9curit\u00e9 et de travail | SFC","description":"Trouvez les chaussures de s\u00e9curit\u00e9 les plus adapt\u00e9es \u00e0 votre personnel avec Shoes For Crews, leader des chaussures antid\u00e9rapantes depuis 1984","robots":{"index":"index","follow":"follow","max-snippet":"max-snippet:-1","max-image-preview":"max-image-preview:large","max-video-preview":"max-video-preview:-1"},"canonical":"https:\/\/shoesforcrews.pro\/fr\/","og_locale":"fr_FR","og_type":"article","og_title":"Leader des chaussures de s\u00e9curit\u00e9 et de travail | SFC","og_description":"Trouvez les chaussures de s\u00e9curit\u00e9 les plus adapt\u00e9es \u00e0 votre personnel avec Shoes For Crews, leader des chaussures antid\u00e9rapantes depuis 1984","og_url":"https:\/\/shoesforcrews.pro\/fr\/","og_site_name":"Shoes For Crews FR","article_modified_time":"2025-11-25T13:08:13+00:00","twitter_card":"summary_large_image","twitter_misc":{"Dur\u00e9e de lecture estim\u00e9e":"7 minutes"},"schema":{"@context":"https:\/\/schema.org","@graph":[{"@type":"WebPage","@id":"https:\/\/shoesforcrews.pro\/fr\/","url":"https:\/\/shoesforcrews.pro\/fr\/","name":"Leader des chaussures de s\u00e9curit\u00e9 et de travail | SFC","isPartOf":{"@id":"https:\/\/shoesforcrews.pro\/fr\/#website"},"datePublished":"2022-06-29T20:23:58+00:00","dateModified":"2025-11-25T13:08:13+00:00","description":"Trouvez les chaussures de s\u00e9curit\u00e9 les plus adapt\u00e9es \u00e0 votre personnel avec Shoes For Crews, leader des chaussures antid\u00e9rapantes depuis 1984","breadcrumb":{"@id":"https:\/\/shoesforcrews.pro\/fr\/#breadcrumb"},"inLanguage":"fr-FR","potentialAction":[{"@type":"ReadAction","target":["https:\/\/shoesforcrews.pro\/fr\/"]}]},{"@type":"BreadcrumbList","@id":"https:\/\/shoesforcrews.pro\/fr\/#breadcrumb","itemListElement":[{"@type":"ListItem","position":1,"name":"Retour","item":"https:\/\/shoesforcrews.pro\/fr\/blog-sante-securite-travail\/"},{"@type":"ListItem","position":2,"name":"Homepage"}]},{"@type":"WebSite","@id":"https:\/\/shoesforcrews.pro\/fr\/#website","url":"https:\/\/shoesforcrews.pro\/fr\/","name":"Shoes For Crews FR","description":"","publisher":{"@id":"https:\/\/shoesforcrews.pro\/fr\/#organization"},"potentialAction":[{"@type":"SearchAction","target":{"@type":"EntryPoint","urlTemplate":"https:\/\/shoesforcrews.pro\/fr\/?s={search_term_string}"},"query-input":{"@type":"PropertyValueSpecification","valueRequired":true,"valueName":"search_term_string"}}],"inLanguage":"fr-FR"},{"@type":"Organization","@id":"https:\/\/shoesforcrews.pro\/fr\/#organization","name":"Shoes For Crews FR","url":"https:\/\/shoesforcrews.pro\/fr\/","logo":{"@type":"ImageObject","inLanguage":"fr-FR","@id":"https:\/\/shoesforcrews.pro\/fr\/#\/schema\/logo\/image\/","url":"https:\/\/shoesforcrews.pro\/fr\/wp-content\/uploads\/2025\/11\/SFC-LOGO-2025_NAVY-1.png","contentUrl":"https:\/\/shoesforcrews.pro\/fr\/wp-content\/uploads\/2025\/11\/SFC-LOGO-2025_NAVY-1.png","caption":"Shoes For Crews FR"},"image":{"@id":"https:\/\/shoesforcrews.pro\/fr\/#\/schema\/logo\/image\/"}}]}},"_links":{"self":[{"href":"https:\/\/shoesforcrews.pro\/fr\/wp-json\/wp\/v2\/pages\/24"}],"collection":[{"href":"https:\/\/shoesforcrews.pro\/fr\/wp-json\/wp\/v2\/pages"}],"about":[{"href":"https:\/\/shoesforcrews.pro\/fr\/wp-json\/wp\/v2\/types\/page"}],"author":[{"embeddable":true,"href":"https:\/\/shoesforcrews.pro\/fr\/wp-json\/wp\/v2\/users\/1"}],"replies":[{"embeddable":true,"href":"https:\/\/shoesforcrews.pro\/fr\/wp-json\/wp\/v2\/comments?post=24"}],"version-history":[{"count":110,"href":"https:\/\/shoesforcrews.pro\/fr\/wp-json\/wp\/v2\/pages\/24\/revisions"}],"predecessor-version":[{"id":2248,"href":"https:\/\/shoesforcrews.pro\/fr\/wp-json\/wp\/v2\/pages\/24\/revisions\/2248"}],"wp:attachment":[{"href":"https:\/\/shoesforcrews.pro\/fr\/wp-json\/wp\/v2\/media?parent=24"}],"curies":[{"name":"wp","href":"https:\/\/api.w.org\/{rel}","templated":true}]}}