{"id":9,"date":"2022-07-01T21:04:16","date_gmt":"2022-07-01T21:04:16","guid":{"rendered":"https:\/\/shoesforcrews.pro\/es\/?page_id=9"},"modified":"2025-11-25T14:28:11","modified_gmt":"2025-11-25T14:28:11","slug":"nuestra-tecnologia-seguridad","status":"publish","type":"page","link":"https:\/\/shoesforcrews.pro\/es\/saber-mas\/nuestra-tecnologia-seguridad\/","title":{"rendered":"Nuestra tecnolog\u00eda"},"content":{"rendered":"<p>[vc_row][vc_column width=\u00bb1\/2&#8243;][vc_column_text]<\/p>\n<h2><span style=\"font-weight: 400; font-size: 18pt;\">Nuestra suela antideslizante patentada<\/span><\/h2>\n<hr \/>\n<p><span style=\"font-weight: 400;\">Nacida tras a\u00f1os de investigaci\u00f3n y desarrollo, nuestra tecnolog\u00eda de suela patentada es el secreto de nuestro \u00e9xito como l\u00edderes en calzado de seguridad. Creamos suelas dise\u00f1adas con la tracci\u00f3n, la durabilidad y las caracter\u00edsticas de seguridad necesarias para trabajar, independientemente del sector. Nuestra tecnolog\u00eda est\u00e1 hecha para adaptarse a los entornos de trabajo m\u00e1s duros y proteger a tu personal.<\/span>[\/vc_column_text][\/vc_column][vc_column width=\u00bb1\/2&#8243;][vc_video link=\u00bbhttps:\/\/youtu.be\/58Sv0x5aL-c\u00bb][\/vc_column][\/vc_row][vc_row full_width=\u00bbstretch_row\u00bb css_animation=\u00bbfadeIn\u00bb][vc_column][vc_column_text]<\/p>\n<h2 style=\"text-align: center;\"><span style=\"font-size: 18pt;\">Nuestras distintas suelas<\/span><\/h2>\n<p>[\/vc_column_text][vc_separator][\/vc_column][\/vc_row][vc_row full_width=\u00bbstretch_row\u00bb css_animation=\u00bbfadeIn\u00bb][vc_column width=\u00bb1\/3&#8243;][vc_column_text]<\/p>\n<h3><strong>La suela SFC<\/strong><\/h3>\n<p>Ya sea en hosteler\u00eda, atenci\u00f3n m\u00e9dica o comercio minorista, las superficies mojadas o aceitosas pueden convertirse r\u00e1pidamente en un peligro para los trabajadores a lo largo del d\u00eda. Aqu\u00ed, la confiable suela SFC brinda seguridad en cada paso. Su excelente resistencia al deslizamiento supera ampliamente el est\u00e1ndar de la industria. Esto ayuda de manera efectiva a prevenir accidentes laborales causados por resbalones o ca\u00eddas.[\/vc_column_text][vc_single_image image=\u00bb3916&#8243; img_size=\u00bbfull\u00bb alignment=\u00bbcenter\u00bb][\/vc_column][vc_column width=\u00bb1\/3&#8243;][vc_column_text]<\/p>\n<h3><strong>La suela ICE PRO<\/strong><\/h3>\n<p>La nieve derretida y el hielo mojado o congelado son condiciones extremadamente desfavorables para un trabajo seguro.<br \/>\nPor eso hemos desarrollado la suela ICE PRO: con su estructura \u00fanica y sofisticada combinaci\u00f3n de materiales, proporciona una resistencia superior al deslizamiento en superficies heladas en comparaci\u00f3n con la competencia.<\/p>\n<p>&nbsp;<\/p>\n<p>[\/vc_column_text][vc_single_image image=\u00bb3917&#8243; img_size=\u00bbfull\u00bb alignment=\u00bbcenter\u00bb][\/vc_column][vc_column width=\u00bb1\/3&#8243;][vc_column_text]<\/p>\n<h3><strong>La suela 4SG<\/strong><\/h3>\n<p>Prevenir accidentes en superficies mojadas, heladas y aceitosas: Nuestra suela 4SG Four Seasons Grip est\u00e1 dise\u00f1ada espec\u00edficamente para superficies y entornos desafiantes, en todas las estaciones y condiciones clim\u00e1ticas. Cumple con la norma DIN ISO 20344:2021 y supera el est\u00e1ndar de la industria en cuanto a resistencia al deslizamiento y seguridad. Esta suela ofrece propiedades excepcionales de resistencia al deslizamiento, \u00a1incluso en el hielo![\/vc_column_text][vc_single_image image=\u00bb3918&#8243; img_size=\u00bbfull\u00bb alignment=\u00bbcenter\u00bb][\/vc_column][\/vc_row][vc_row css_animation=\u00bbfadeIn\u00bb][vc_column][vc_column_text]<\/p>\n<h2 style=\"text-align: center;\"><span style=\"font-weight: 400; font-size: 18pt;\">Compru\u00e9balo. <\/span><span style=\"font-weight: 400; font-size: 18pt;\">Descubre nuestra tecnolog\u00eda:<\/span><\/h2>\n<hr \/>\n<p style=\"text-align: center;\"><span style=\"font-weight: 400;\">Pasa el rat\u00f3n por encima de cada n\u00famero para saber m\u00e1s<\/span><\/p>\n<p>[\/vc_column_text]<div class='vc-dyn-image_and_text'><div class='vc-dyn-image_and_text__image'><div class='vc-dyn-image_and_text__img_container'><span class='img_container__btn' data-id='1'>1<\/span><span class='img_container__btn' data-id='2'>2<\/span><span class='img_container__btn' data-id='3'>3<\/span><span class='img_container__btn' data-id='4'>4<\/span><span class='img_container__btn' data-id='5'>5<\/span><span class='img_container__btn' data-id='6'>6<\/span><span class='img_container__btn' data-id='7'>7<\/span><img alt='' title='' src='https:\/\/shoesforcrews.pro\/es\/wp-content\/uploads\/2022\/10\/Fergus-denim2.png'\/><\/div><\/div><div class='vc-dyn-image_and_text__content'><div class='content-container__content-item' data-id='1'><h2> \n1. SUELA ANTIDESLIZANTE EXCLUSIVA\n<\/h2>\n<p>El \u00e9xito de nuestras suelas antideslizantes reside en nuestra tecnolog\u00eda vanguardista antideslizante. Nunca dejamos de innovar, y para ello escuchamos a nuestros millones de clientes fieles, protegidos en su d\u00eda a d\u00eda con nuestro calzado de seguridad de m\u00e1xima calidad.<\/p><\/div><div class='content-container__content-item' data-id='2'><h2>2. RESISTENCIA A LA ACUMULACI\u00d3N DE RESIDUOS:<\/h2>\n<p>Nuestras suelas resistentes a las capas de residuo est\u00e1n dise\u00f1adas para proporcionar un contacto s\u00f3lido con las superficies, a la vez que cuentan con tacos de tracci\u00f3n muy espaciados que minimizan la acumulaci\u00f3n de residuos. Esto facilita la limpieza de la suela y evita la acumulaci\u00f3n de residuos sin sacrificar sus propiedades antideslizantes.<\/p><\/div><div class='content-container__content-item' data-id='3'><h2>3. PUNTA DE SEGURIDAD:<\/h2>\n<p>Para nosotros, la seguridad es algo fundamental. Ofrecemos una amplia selecci\u00f3n de punteras: composite, aluminio, acero y nanocompuestos. Todos los zapatos de seguridad con puntera Shoes For Crews cumplen con los est\u00e1ndares o los superan, por lo que puedes confiar en su capacidad de protecci\u00f3n de tus trabajadores.<\/p><\/div><div class='content-container__content-item' data-id='4'><h2>4. TRIPGUARD:<\/h2>\n<p>Los tacos voluminosos y cuadrados en la parte delantera de un zapato pueden causar tropiezos; es por eso que hemos creado TripGuard. El dise\u00f1o TripGuard se caracteriza por una ligera curvatura y un patr\u00f3n m\u00e1s ajustado. Contribuye a mejorar los movimientos de una superficie a otra, ya sean lisas o resbaladizas, moquetas o azulejos. Esta tecnolog\u00eda exclusiva s\u00f3lo est\u00e1 disponible con Shoes For Crews.<\/p><\/div><div class='content-container__content-item' data-id='5'><h2>5. RESISTENCIA AL AGUA:<\/h2>\n<p>\u00bfA qui\u00e9n le gusta trabajar con zapatos mojados? A nadie. Todos nuestros zapatos est\u00e1n hidrofugados. Desde unas capas externas hasta unas capas internas, el calzado Shoes For Crews ofrece diversos grados de resistencia al agua para satisfacer tus necesidades de trabajo.<\/p><\/div><div class='content-container__content-item' data-id='6'><h2>6. SPILLGUARD:<\/h2>\n<p>Los derrames ocurren, y los l\u00edquidos muy calientes pueden quemar. Por ello, hemos creado nuestra tecnolog\u00eda SpillGuard, una capa interna de protecci\u00f3n contra el riesgo de lesiones.<\/p><\/div><div class='content-container__content-item' data-id='7'><h2>7. COMODIDAD ANTE TODO:<\/h2>\n<p>Confiamos en que la comodidad es igual de importante que la seguridad para un zapato de trabajo. Sabemos que pones mucho esfuerzo en tu trabajo. Por eso nunca dejamos de desarrollar soluciones innovadoras para mejorar la comodidad de tu calzado.<\/p><\/div><\/div><\/div>[\/vc_column][\/vc_row][vc_row full_width=\u00bbstretch_row\u00bb css_animation=\u00bbfadeIn\u00bb][vc_column][vc_column_text]<\/p>\n<h2 style=\"text-align: center;\"><span style=\"font-weight: 400; font-size: 18pt;\">Uniendo seguridad y comodidad<\/span><\/h2>\n<p>[\/vc_column_text][vc_separator][vc_column_text]<\/p>\n<p style=\"text-align: center;\"><span style=\"font-weight: 400;\">La comodidad es igual de importante que la seguridad para un zapato de trabajo. Estamos constantemente desarrollando soluciones innovadoras para mejorar la comodidad de nuestro calzado y mantener a tus empleados seguros y rindiendo al m\u00e1ximo de su potencial. Los tres puntos claves que nos diferencian de nuestra competencia son:<\/span><\/p>\n<p>[\/vc_column_text][\/vc_column][\/vc_row][vc_row full_width=\u00bbstretch_row\u00bb css_animation=\u00bbfadeIn\u00bb css=\u00bb.vc_custom_1763637477267{background-color: #eaebe2 !important;}\u00bb][vc_column width=\u00bb1\/3&#8243;]<div class=\"vc-image-text--icon--left--70-30\"><div class=\"vc-image-text__image-container\"><img decoding=\"async\" class=\"vc-image-text__image\" src=\"https:\/\/shoesforcrews.pro\/es\/wp-content\/uploads\/2025\/11\/checkmark.webp\" alt=\"\" title=\"\" \/><\/div><div class=\"vc-image-text__text\"><p>EL DISE\u00d1O DE NUESTRA SUELA<\/p><\/div><\/div>[\/vc_column][vc_column width=\u00bb1\/3&#8243;]<div class=\"vc-image-text--icon--left--70-30\"><div class=\"vc-image-text__image-container\"><img decoding=\"async\" class=\"vc-image-text__image\" src=\"https:\/\/shoesforcrews.pro\/es\/wp-content\/uploads\/2025\/11\/checkmark.webp\" alt=\"\" title=\"\" \/><\/div><div class=\"vc-image-text__text\"><p>NUESTRAS TECNOLOG\u00cdAS PATENTADAS<\/p><\/div><\/div>[\/vc_column][vc_column width=\u00bb1\/3&#8243;]<div class=\"vc-image-text--icon--left--70-30\"><div class=\"vc-image-text__image-container\"><img decoding=\"async\" class=\"vc-image-text__image\" src=\"https:\/\/shoesforcrews.pro\/es\/wp-content\/uploads\/2025\/11\/checkmark.webp\" alt=\"\" title=\"\" \/><\/div><div class=\"vc-image-text__text\"><p>NUESTRO PROCESO DE FABRICACI\u00d3N<\/p><\/div><\/div>[\/vc_column][\/vc_row][vc_row full_width=\u00bbstretch_row\u00bb css_animation=\u00bbfadeIn\u00bb enable_fixed_background=\u00bbtrue\u00bb css=\u00bb.vc_custom_1731928230964{background-image: url(https:\/\/shoesforcrews.pro\/wp-content\/uploads\/2022\/06\/increase-safety-shoes-for-crews.jpg?id=1232) !important;background-position: center !important;background-repeat: no-repeat !important;background-size: cover !important;}\u00bb][vc_column][vc_column_text]<\/p>\n<h3 style=\"text-align: center;\"><span style=\"font-size: 18pt; color: #ffffff;\">\u00a1Contacta con nosotros!<\/span><\/h3>\n<p style=\"text-align: center;\"><span style=\"color: #ffffff;\">Te ayudaremos a encontrar el calzado adecuado para tus empleados. Tambi\u00e9n te proporcionaremos el apoyo necesario para\u00a0<b>alcanzar tus objetivos de seguridad con estilo y sensibilizar a tu equipo.<\/b><\/span><\/p>\n<p>[\/vc_column_text][vc_column_text]\n\t\t\t\t\t\t<script>\n\t\t\t\t\t\t\twindow.hsFormsOnReady = window.hsFormsOnReady || [];\n\t\t\t\t\t\t\twindow.hsFormsOnReady.push(()=>{\n\t\t\t\t\t\t\t\thbspt.forms.create({\n\t\t\t\t\t\t\t\t\tportalId: 487275,\n\t\t\t\t\t\t\t\t\tformId: \"f1d1be4d-8c4f-44ff-b86c-bf377cd55d42\",\n\t\t\t\t\t\t\t\t\ttarget: \"#hbspt-form-1776210876000-0512798772\",\n\t\t\t\t\t\t\t\t\tregion: \"eu1\",\n\t\t\t\t\t\t\t\t\t\n\t\t\t\t\t\t\t})});\n\t\t\t\t\t\t<\/script>\n\t\t\t\t\t\t<div class=\"hbspt-form\" id=\"hbspt-form-1776210876000-0512798772\"><\/div>[\/vc_column_text][vc_column_text]<span style=\"font-size: 10pt; color: #ffffff;\">*Shoes For Crews (Europe) Ltd. se reserva el derecho de evaluar tu solicitud y tu proyecto profesional antes de aceptar tu petici\u00f3n de prueba de zapatos. Ten en cuenta que esta oferta no es v\u00e1lida para clientes minoristas y clientes actuales de Shoes For Crews; tambi\u00e9n excluye el calzado PUMA SAFETY.<\/span>[\/vc_column_text][\/vc_column][\/vc_row]<\/p>\n","protected":false},"excerpt":{"rendered":"<p>[vc_row][vc_column width=\u00bb1\/2&#8243;][vc_column_text] Nuestra suela antideslizante patentada Nacida tras a\u00f1os de investigaci\u00f3n y desarrollo, nuestra tecnolog\u00eda de suela patentada es el secreto de nuestro \u00e9xito como l\u00edderes en calzado de seguridad. Creamos suelas dise\u00f1adas con la tracci\u00f3n, la durabilidad y las caracter\u00edsticas de seguridad necesarias para trabajar, independientemente del sector. Nuestra tecnolog\u00eda est\u00e1 hecha para adaptarse [&hellip;]<\/p>\n","protected":false},"author":1,"featured_media":0,"parent":624,"menu_order":1,"comment_status":"closed","ping_status":"closed","template":"tpl-landing-page.php","meta":{"content-type":"","footnotes":""},"class_list":["post-9","page","type-page","status-publish","hentry"],"yoast_head":"<!-- This site is optimized with the Yoast SEO plugin v25.6 - https:\/\/yoast.com\/wordpress\/plugins\/seo\/ -->\n<title>Nuestra tecnolog\u00eda | Shoes For Crews<\/title>\n<meta name=\"description\" content=\"Descubre lo que hace que nuestro calzado de trabajo sea \u00fanico y conoce la tecnolog\u00eda e innovaci\u00f3n que empleamos al crear nuestros zapatos antideslizantes.\" \/>\n<meta name=\"robots\" content=\"index, follow, max-snippet:-1, max-image-preview:large, max-video-preview:-1\" \/>\n<link rel=\"canonical\" href=\"https:\/\/shoesforcrews.pro\/es\/saber-mas\/nuestra-tecnologia-seguridad\/\" \/>\n<meta property=\"og:locale\" content=\"es_ES\" \/>\n<meta property=\"og:type\" content=\"article\" \/>\n<meta property=\"og:title\" content=\"Nuestra tecnolog\u00eda | Shoes For Crews\" \/>\n<meta property=\"og:description\" content=\"Descubre lo que hace que nuestro calzado de trabajo sea \u00fanico y conoce la tecnolog\u00eda e innovaci\u00f3n que empleamos al crear nuestros zapatos antideslizantes.\" \/>\n<meta property=\"og:url\" content=\"https:\/\/shoesforcrews.pro\/es\/saber-mas\/nuestra-tecnologia-seguridad\/\" \/>\n<meta property=\"og:site_name\" content=\"Shoes For Crews ES\" \/>\n<meta property=\"article:modified_time\" content=\"2025-11-25T14:28:11+00:00\" \/>\n<meta name=\"twitter:card\" content=\"summary_large_image\" \/>\n<meta name=\"twitter:label1\" content=\"Tiempo de lectura\" \/>\n\t<meta name=\"twitter:data1\" content=\"4 minutos\" \/>\n<script type=\"application\/ld+json\" class=\"yoast-schema-graph\">{\"@context\":\"https:\/\/schema.org\",\"@graph\":[{\"@type\":\"WebPage\",\"@id\":\"https:\/\/shoesforcrews.pro\/es\/saber-mas\/nuestra-tecnologia-seguridad\/\",\"url\":\"https:\/\/shoesforcrews.pro\/es\/saber-mas\/nuestra-tecnologia-seguridad\/\",\"name\":\"Nuestra tecnolog\u00eda | Shoes For Crews\",\"isPartOf\":{\"@id\":\"https:\/\/shoesforcrews.pro\/es\/#website\"},\"datePublished\":\"2022-07-01T21:04:16+00:00\",\"dateModified\":\"2025-11-25T14:28:11+00:00\",\"description\":\"Descubre lo que hace que nuestro calzado de trabajo sea \u00fanico y conoce la tecnolog\u00eda e innovaci\u00f3n que empleamos al crear nuestros zapatos antideslizantes.\",\"breadcrumb\":{\"@id\":\"https:\/\/shoesforcrews.pro\/es\/saber-mas\/nuestra-tecnologia-seguridad\/#breadcrumb\"},\"inLanguage\":\"es\",\"potentialAction\":[{\"@type\":\"ReadAction\",\"target\":[\"https:\/\/shoesforcrews.pro\/es\/saber-mas\/nuestra-tecnologia-seguridad\/\"]}]},{\"@type\":\"BreadcrumbList\",\"@id\":\"https:\/\/shoesforcrews.pro\/es\/saber-mas\/nuestra-tecnologia-seguridad\/#breadcrumb\",\"itemListElement\":[{\"@type\":\"ListItem\",\"position\":1,\"name\":\"Volver\",\"item\":\"https:\/\/shoesforcrews.pro\/es\/blog-seguridad-salud-trabajo\/\"},{\"@type\":\"ListItem\",\"position\":2,\"name\":\"Saber m\u00e1s\",\"item\":\"https:\/\/shoesforcrews.pro\/es\/saber-mas\/\"},{\"@type\":\"ListItem\",\"position\":3,\"name\":\"Nuestra tecnolog\u00eda\"}]},{\"@type\":\"WebSite\",\"@id\":\"https:\/\/shoesforcrews.pro\/es\/#website\",\"url\":\"https:\/\/shoesforcrews.pro\/es\/\",\"name\":\"Shoes For Crews ES\",\"description\":\"\",\"publisher\":{\"@id\":\"https:\/\/shoesforcrews.pro\/es\/#organization\"},\"potentialAction\":[{\"@type\":\"SearchAction\",\"target\":{\"@type\":\"EntryPoint\",\"urlTemplate\":\"https:\/\/shoesforcrews.pro\/es\/?s={search_term_string}\"},\"query-input\":{\"@type\":\"PropertyValueSpecification\",\"valueRequired\":true,\"valueName\":\"search_term_string\"}}],\"inLanguage\":\"es\"},{\"@type\":\"Organization\",\"@id\":\"https:\/\/shoesforcrews.pro\/es\/#organization\",\"name\":\"Shoes For Crews ES\",\"url\":\"https:\/\/shoesforcrews.pro\/es\/\",\"logo\":{\"@type\":\"ImageObject\",\"inLanguage\":\"es\",\"@id\":\"https:\/\/shoesforcrews.pro\/es\/#\/schema\/logo\/image\/\",\"url\":\"https:\/\/shoesforcrews.pro\/es\/wp-content\/uploads\/2025\/11\/SFC-LOGO-2025_NAVY-1.png\",\"contentUrl\":\"https:\/\/shoesforcrews.pro\/es\/wp-content\/uploads\/2025\/11\/SFC-LOGO-2025_NAVY-1.png\",\"caption\":\"Shoes For Crews ES\"},\"image\":{\"@id\":\"https:\/\/shoesforcrews.pro\/es\/#\/schema\/logo\/image\/\"}}]}<\/script>\n<!-- \/ Yoast SEO plugin. -->","yoast_head_json":{"title":"Nuestra tecnolog\u00eda | Shoes For Crews","description":"Descubre lo que hace que nuestro calzado de trabajo sea \u00fanico y conoce la tecnolog\u00eda e innovaci\u00f3n que empleamos al crear nuestros zapatos antideslizantes.","robots":{"index":"index","follow":"follow","max-snippet":"max-snippet:-1","max-image-preview":"max-image-preview:large","max-video-preview":"max-video-preview:-1"},"canonical":"https:\/\/shoesforcrews.pro\/es\/saber-mas\/nuestra-tecnologia-seguridad\/","og_locale":"es_ES","og_type":"article","og_title":"Nuestra tecnolog\u00eda | Shoes For Crews","og_description":"Descubre lo que hace que nuestro calzado de trabajo sea \u00fanico y conoce la tecnolog\u00eda e innovaci\u00f3n que empleamos al crear nuestros zapatos antideslizantes.","og_url":"https:\/\/shoesforcrews.pro\/es\/saber-mas\/nuestra-tecnologia-seguridad\/","og_site_name":"Shoes For Crews ES","article_modified_time":"2025-11-25T14:28:11+00:00","twitter_card":"summary_large_image","twitter_misc":{"Tiempo de lectura":"4 minutos"},"schema":{"@context":"https:\/\/schema.org","@graph":[{"@type":"WebPage","@id":"https:\/\/shoesforcrews.pro\/es\/saber-mas\/nuestra-tecnologia-seguridad\/","url":"https:\/\/shoesforcrews.pro\/es\/saber-mas\/nuestra-tecnologia-seguridad\/","name":"Nuestra tecnolog\u00eda | Shoes For Crews","isPartOf":{"@id":"https:\/\/shoesforcrews.pro\/es\/#website"},"datePublished":"2022-07-01T21:04:16+00:00","dateModified":"2025-11-25T14:28:11+00:00","description":"Descubre lo que hace que nuestro calzado de trabajo sea \u00fanico y conoce la tecnolog\u00eda e innovaci\u00f3n que empleamos al crear nuestros zapatos antideslizantes.","breadcrumb":{"@id":"https:\/\/shoesforcrews.pro\/es\/saber-mas\/nuestra-tecnologia-seguridad\/#breadcrumb"},"inLanguage":"es","potentialAction":[{"@type":"ReadAction","target":["https:\/\/shoesforcrews.pro\/es\/saber-mas\/nuestra-tecnologia-seguridad\/"]}]},{"@type":"BreadcrumbList","@id":"https:\/\/shoesforcrews.pro\/es\/saber-mas\/nuestra-tecnologia-seguridad\/#breadcrumb","itemListElement":[{"@type":"ListItem","position":1,"name":"Volver","item":"https:\/\/shoesforcrews.pro\/es\/blog-seguridad-salud-trabajo\/"},{"@type":"ListItem","position":2,"name":"Saber m\u00e1s","item":"https:\/\/shoesforcrews.pro\/es\/saber-mas\/"},{"@type":"ListItem","position":3,"name":"Nuestra tecnolog\u00eda"}]},{"@type":"WebSite","@id":"https:\/\/shoesforcrews.pro\/es\/#website","url":"https:\/\/shoesforcrews.pro\/es\/","name":"Shoes For Crews ES","description":"","publisher":{"@id":"https:\/\/shoesforcrews.pro\/es\/#organization"},"potentialAction":[{"@type":"SearchAction","target":{"@type":"EntryPoint","urlTemplate":"https:\/\/shoesforcrews.pro\/es\/?s={search_term_string}"},"query-input":{"@type":"PropertyValueSpecification","valueRequired":true,"valueName":"search_term_string"}}],"inLanguage":"es"},{"@type":"Organization","@id":"https:\/\/shoesforcrews.pro\/es\/#organization","name":"Shoes For Crews ES","url":"https:\/\/shoesforcrews.pro\/es\/","logo":{"@type":"ImageObject","inLanguage":"es","@id":"https:\/\/shoesforcrews.pro\/es\/#\/schema\/logo\/image\/","url":"https:\/\/shoesforcrews.pro\/es\/wp-content\/uploads\/2025\/11\/SFC-LOGO-2025_NAVY-1.png","contentUrl":"https:\/\/shoesforcrews.pro\/es\/wp-content\/uploads\/2025\/11\/SFC-LOGO-2025_NAVY-1.png","caption":"Shoes For Crews ES"},"image":{"@id":"https:\/\/shoesforcrews.pro\/es\/#\/schema\/logo\/image\/"}}]}},"_links":{"self":[{"href":"https:\/\/shoesforcrews.pro\/es\/wp-json\/wp\/v2\/pages\/9"}],"collection":[{"href":"https:\/\/shoesforcrews.pro\/es\/wp-json\/wp\/v2\/pages"}],"about":[{"href":"https:\/\/shoesforcrews.pro\/es\/wp-json\/wp\/v2\/types\/page"}],"author":[{"embeddable":true,"href":"https:\/\/shoesforcrews.pro\/es\/wp-json\/wp\/v2\/users\/1"}],"replies":[{"embeddable":true,"href":"https:\/\/shoesforcrews.pro\/es\/wp-json\/wp\/v2\/comments?post=9"}],"version-history":[{"count":25,"href":"https:\/\/shoesforcrews.pro\/es\/wp-json\/wp\/v2\/pages\/9\/revisions"}],"predecessor-version":[{"id":1763,"href":"https:\/\/shoesforcrews.pro\/es\/wp-json\/wp\/v2\/pages\/9\/revisions\/1763"}],"up":[{"embeddable":true,"href":"https:\/\/shoesforcrews.pro\/es\/wp-json\/wp\/v2\/pages\/624"}],"wp:attachment":[{"href":"https:\/\/shoesforcrews.pro\/es\/wp-json\/wp\/v2\/media?parent=9"}],"curies":[{"name":"wp","href":"https:\/\/api.w.org\/{rel}","templated":true}]}}