{"id":8,"date":"2022-07-01T20:56:02","date_gmt":"2022-07-01T20:56:02","guid":{"rendered":"https:\/\/shoesforcrews.pro\/es\/?page_id=8"},"modified":"2025-11-20T11:12:49","modified_gmt":"2025-11-20T11:12:49","slug":"sobre-nosotros","status":"publish","type":"page","link":"https:\/\/shoesforcrews.pro\/es\/saber-mas\/sobre-nosotros\/","title":{"rendered":"Nuestra historia"},"content":{"rendered":"<p>[vc_row css_animation=\u00bbnone\u00bb][vc_column width=\u00bb1\/2&#8243;][vc_single_image image=\u00bb1602&#8243; img_size=\u00bbfull\u00bb][\/vc_column][vc_column width=\u00bb1\/2&#8243;][vc_column_text el_id=\u00bbabout\u00bb]<\/p>\n<h2><span style=\"font-weight: 400; font-size: 18pt;\">Or\u00edgenes de Shoes For Crews<\/span><\/h2>\n<hr \/>\n<p><span style=\"font-weight: 400;\">Hace m\u00e1s de 35 a\u00f1os, nuestro fundador, Stan Smith, se di\u00f3 cuenta que aumentaban las lesiones en el lugar de trabajo causadas por resbalones y ca\u00eddas, y vio la necesidad de desarrollar una soluci\u00f3n para solucionar este problema.\u00a0<\/span><\/p>\n<p><span style=\"font-weight: 400;\">En 1984 fund\u00f3 la marca Shoes For Crews e invent\u00f3 nuestra tecnolog\u00eda de suela antideslizante. Desde entonces, hemos protegido a millones de trabajadores y hemos ayudado a miles de empresas en el mundo a ahorrar dinero en costes de indemnizaci\u00f3n a sus trabajadores. <\/span><span style=\"font-weight: 400;\"><br \/>\n<\/span><span style=\"font-weight: 400;\">Con m\u00e1s de 280 estilos para hombre y mujer en diversas categor\u00edas (<\/span><span style=\"font-weight: 400;\">deportivo<\/span><span style=\"font-weight: 400;\">, informal, de vestir y de seguridad), actualmente Shoes For Crews es el est\u00e1ndar del sector y el l\u00edder de confianza en soluciones de calzado de seguridad para m\u00e1s de 150.000 empresas en el mundo. Nos comprometemos a suministrar calzado de alta calidad para todo tu equipo, garantizando su seguridad en todo momento.<\/span>[\/vc_column_text][\/vc_column][\/vc_row][vc_row full_width=\u00bbstretch_row\u00bb css_animation=\u00bbfadeIn\u00bb css=\u00bb.vc_custom_1763637167964{background-position: center !important;background-repeat: no-repeat !important;background-size: cover !important;}\u00bb][vc_column][vc_column_text]<\/p>\n<h2><span style=\"font-size: 18pt;\">Expansi\u00f3n en el mercado europeo<\/span><\/h2>\n<hr \/>\n<p><span style=\"font-weight: 400;\">En 2001 se fund\u00f3 Shoes For Crews (Europe) Ltd. en Shannon (Irlanda), con el objetivo de comercializar su gama de calzado antideslizante al mercado europeo<\/span><span style=\"font-weight: 400;\">.<\/span><\/p>\n<p><span style=\"font-weight: 400;\">La empresa sigui\u00f3 creciendo y, al final de la d\u00e9cada, ya cont\u00e1bamos con talentosos equipos de ventas en Alemania, el Reino Unido y Francia.<br \/>\n<\/span><\/p>\n<p><span style=\"font-weight: 400;\">En 2011, para dar cabida a la expansi\u00f3n del equipo con sede en Shannon, nos trasladamos a unas oficinas m\u00e1s grandes. Desde entonces, tambi\u00e9n trasladamos y ampliamos nuestro centro de distribuci\u00f3n europeo en Shannon.<\/span><\/p>\n<p><span style=\"font-weight: 400;\">Desde 2010, Shoes For Crews (Europe) Ltd. Ofrece su cat\u00e1logo de calzado en 3 idiomas diferentes (ingl\u00e9s, alem\u00e1n y franc\u00e9s) y cuenta con un equipo de atenci\u00f3n al cliente multiling\u00fce en Shannon para satisfacer las necesidades de los clientes de esos pa\u00edses. En 2013, Shoes For Crews (Europe) Ltd. traslad\u00f3 su centro de distribuci\u00f3n a Venlo (Holanda) para satisfacer las necesidades comerciales derivadas de su constante expansi\u00f3n por Europa.\u00a0<\/span><\/p>\n<p><span style=\"font-weight: 400;\">En 2017 Shoes For Crews aument\u00f3 su equipo de atenci\u00f3n al cliente para cubrir el mercado holand\u00e9s y estableci\u00f3 un equipo de ventas en los Pa\u00edses Bajos. Adem\u00e1s, para atender a nuestros clientes lo mejor posible, comenzamos a distribuir una versi\u00f3n holandesa del cat\u00e1logo de ventas.<\/span><\/p>\n<p><span style=\"font-weight: 400;\">En la actualidad, Shoes For Crews (Europe) Ltd. sigue expandi\u00e9ndose a nuevos territorios, como Espa\u00f1a e Italia, con equipos de ventas y de atenci\u00f3n al cliente exclusivos.<\/span><span style=\"font-weight: 400;\"><br \/>\n<\/span><span style=\"font-weight: 400;\">Actualmente contamos con m\u00e1s de 110 estilos de calzado antideslizante en nuestro cat\u00e1logo y se a\u00f1adir\u00e1n m\u00e1s a lo largo de 2022.<\/span>[\/vc_column_text][\/vc_column][\/vc_row][vc_row css_animation=\u00bbfadeIn\u00bb][vc_column width=\u00bb1\/2&#8243;][vc_column_text]<\/p>\n<h2><span style=\"font-weight: 400; font-size: 18pt;\">La seguridad, lo primero: nuestra visi\u00f3n, misi\u00f3n y valores<\/span><\/h2>\n<hr \/>\n<p><span style=\"font-weight: 400;\">En Shoes For Crews, nuestra visi\u00f3n es ofrecer al mundo soluciones de calzado de seguridad. Tenemos la misi\u00f3n de proteger a los trabajadores con soluciones de calzado protector c\u00f3modo y de calidad, con el objetivo de reducir accidentes y hacerle ahorrar dinero. Juntos, trabajamos en torno a unos valores cuya prioridad es el cliente:<\/span><\/p>\n<ul>\n<li style=\"font-weight: 400;\" aria-level=\"1\"><span style=\"font-weight: 400;\"><strong>El cliente es el rey<\/strong>: creamos relaciones s\u00f3lidas con nuestros clientes.<\/span><\/li>\n<li style=\"font-weight: 400;\" aria-level=\"1\"><span style=\"font-weight: 400;\"><strong>Profesionalidad<\/strong>: compromiso de respeto mutuo y fiabilidad.<\/span><\/li>\n<li style=\"font-weight: 400;\" aria-level=\"1\"><span style=\"font-weight: 400;\"><strong>Responsabilidad de cuentas<\/strong>: cumplimos nuestras promesas y asumimos nuestras responsabilidades.<\/span><\/li>\n<li style=\"font-weight: 400;\" aria-level=\"1\"><span style=\"font-weight: 400;\"><strong>Trabajo en equipo<\/strong>: trabajamos juntos para llegar a un objetivo com\u00fan.<\/span><\/li>\n<li style=\"font-weight: 400;\" aria-level=\"1\"><span style=\"font-weight: 400;\"><strong>Honestidad<\/strong>: actuamos y hablamos con sinceridad e integridad.<\/span><\/li>\n<\/ul>\n<p>[\/vc_column_text][\/vc_column][vc_column width=\u00bb1\/2&#8243;][vc_single_image image=\u00bb1104&#8243; img_size=\u00bbfull\u00bb][\/vc_column][\/vc_row][vc_row full_width=\u00bbstretch_row\u00bb css_animation=\u00bbfadeIn\u00bb enable_fixed_background=\u00bbtrue\u00bb css=\u00bb.vc_custom_1731928108009{background-image: url(https:\/\/shoesforcrews.pro\/wp-content\/uploads\/2022\/06\/increase-safety-shoes-for-crews.jpg?id=1232) !important;background-position: center !important;background-repeat: no-repeat !important;background-size: cover !important;}\u00bb][vc_column][vc_column_text]<\/p>\n<div class=\"vc_wp_text wpb_content_element\">\n<div class=\"widget widget_text\">\n<div class=\"textwidget\">\n<h3 style=\"text-align: center;\"><span style=\"font-size: 18pt; color: #ffffff;\">\u00a1Contacta con nosotros!<\/span><\/h3>\n<p style=\"text-align: center;\"><span style=\"color: #ffffff;\">Te ayudaremos a encontrar el calzado adecuado para tus empleados. Tambi\u00e9n te proporcionaremos el apoyo necesario para\u00a0<b>alcanzar tus objetivos de seguridad con estilo y sensibilizar a tu equipo.<\/b><\/span><\/p>\n<\/div>\n<\/div>\n<\/div>\n<div id=\"01\" class=\"wpb_text_column wpb_content_element \">\n<div class=\"wpb_wrapper\" style=\"text-align: center;\"><\/div>\n<\/div>\n<p>[\/vc_column_text][vc_column_text]\n\t\t\t\t\t\t<script>\n\t\t\t\t\t\t\twindow.hsFormsOnReady = window.hsFormsOnReady || [];\n\t\t\t\t\t\t\twindow.hsFormsOnReady.push(()=>{\n\t\t\t\t\t\t\t\thbspt.forms.create({\n\t\t\t\t\t\t\t\t\tportalId: 487275,\n\t\t\t\t\t\t\t\t\tformId: \"f1d1be4d-8c4f-44ff-b86c-bf377cd55d42\",\n\t\t\t\t\t\t\t\t\ttarget: \"#hbspt-form-1776808274000-6283719287\",\n\t\t\t\t\t\t\t\t\tregion: \"eu1\",\n\t\t\t\t\t\t\t\t\t\n\t\t\t\t\t\t\t})});\n\t\t\t\t\t\t<\/script>\n\t\t\t\t\t\t<div class=\"hbspt-form\" id=\"hbspt-form-1776808274000-6283719287\"><\/div>[\/vc_column_text][vc_column_text]<span style=\"font-size: 10pt; color: #ffffff;\">*Shoes For Crews (Europe) Ltd. se reserva el derecho de evaluar tu solicitud y tu proyecto profesional antes de aceptar tu petici\u00f3n de prueba de zapatos. Ten en cuenta que esta oferta no es v\u00e1lida para clientes minoristas y clientes actuales de Shoes For Crews; tambi\u00e9n excluye el calzado PUMA SAFETY.<\/span>[\/vc_column_text][\/vc_column][\/vc_row]<\/p>\n","protected":false},"excerpt":{"rendered":"<p>[vc_row css_animation=\u00bbnone\u00bb][vc_column width=\u00bb1\/2&#8243;][vc_single_image image=\u00bb1602&#8243; img_size=\u00bbfull\u00bb][\/vc_column][vc_column width=\u00bb1\/2&#8243;][vc_column_text el_id=\u00bbabout\u00bb] Or\u00edgenes de Shoes For Crews Hace m\u00e1s de 35 a\u00f1os, nuestro fundador, Stan Smith, se di\u00f3 cuenta que aumentaban las lesiones en el lugar de trabajo causadas por resbalones y ca\u00eddas, y vio la necesidad de desarrollar una soluci\u00f3n para solucionar este problema.\u00a0 En 1984 fund\u00f3 la marca [&hellip;]<\/p>\n","protected":false},"author":1,"featured_media":0,"parent":624,"menu_order":0,"comment_status":"closed","ping_status":"closed","template":"tpl-landing-page.php","meta":{"content-type":"","footnotes":""},"class_list":["post-8","page","type-page","status-publish","hentry"],"yoast_head":"<!-- This site is optimized with the Yoast SEO plugin v25.6 - https:\/\/yoast.com\/wordpress\/plugins\/seo\/ -->\n<title>Sobre nosotros | Shoes For Crews<\/title>\n<meta name=\"description\" content=\"Conoce m\u00e1s sobre la historia, el equipo y las operaciones de Shoes For Crews, fabricante l\u00edder de calzado antideslizante.\" \/>\n<meta name=\"robots\" content=\"index, follow, max-snippet:-1, max-image-preview:large, max-video-preview:-1\" \/>\n<link rel=\"canonical\" href=\"https:\/\/shoesforcrews.pro\/es\/saber-mas\/sobre-nosotros\/\" \/>\n<meta property=\"og:locale\" content=\"es_ES\" \/>\n<meta property=\"og:type\" content=\"article\" \/>\n<meta property=\"og:title\" content=\"Sobre nosotros | Shoes For Crews\" \/>\n<meta property=\"og:description\" content=\"Conoce m\u00e1s sobre la historia, el equipo y las operaciones de Shoes For Crews, fabricante l\u00edder de calzado antideslizante.\" \/>\n<meta property=\"og:url\" content=\"https:\/\/shoesforcrews.pro\/es\/saber-mas\/sobre-nosotros\/\" \/>\n<meta property=\"og:site_name\" content=\"Shoes For Crews ES\" \/>\n<meta property=\"article:modified_time\" content=\"2025-11-20T11:12:49+00:00\" \/>\n<meta name=\"twitter:card\" content=\"summary_large_image\" \/>\n<meta name=\"twitter:label1\" content=\"Tiempo de lectura\" \/>\n\t<meta name=\"twitter:data1\" content=\"4 minutos\" \/>\n<script type=\"application\/ld+json\" class=\"yoast-schema-graph\">{\"@context\":\"https:\/\/schema.org\",\"@graph\":[{\"@type\":\"WebPage\",\"@id\":\"https:\/\/shoesforcrews.pro\/es\/saber-mas\/sobre-nosotros\/\",\"url\":\"https:\/\/shoesforcrews.pro\/es\/saber-mas\/sobre-nosotros\/\",\"name\":\"Sobre nosotros | Shoes For Crews\",\"isPartOf\":{\"@id\":\"https:\/\/shoesforcrews.pro\/es\/#website\"},\"datePublished\":\"2022-07-01T20:56:02+00:00\",\"dateModified\":\"2025-11-20T11:12:49+00:00\",\"description\":\"Conoce m\u00e1s sobre la historia, el equipo y las operaciones de Shoes For Crews, fabricante l\u00edder de calzado antideslizante.\",\"breadcrumb\":{\"@id\":\"https:\/\/shoesforcrews.pro\/es\/saber-mas\/sobre-nosotros\/#breadcrumb\"},\"inLanguage\":\"es\",\"potentialAction\":[{\"@type\":\"ReadAction\",\"target\":[\"https:\/\/shoesforcrews.pro\/es\/saber-mas\/sobre-nosotros\/\"]}]},{\"@type\":\"BreadcrumbList\",\"@id\":\"https:\/\/shoesforcrews.pro\/es\/saber-mas\/sobre-nosotros\/#breadcrumb\",\"itemListElement\":[{\"@type\":\"ListItem\",\"position\":1,\"name\":\"Volver\",\"item\":\"https:\/\/shoesforcrews.pro\/es\/blog-seguridad-salud-trabajo\/\"},{\"@type\":\"ListItem\",\"position\":2,\"name\":\"Saber m\u00e1s\",\"item\":\"https:\/\/shoesforcrews.pro\/es\/saber-mas\/\"},{\"@type\":\"ListItem\",\"position\":3,\"name\":\"Nuestra historia\"}]},{\"@type\":\"WebSite\",\"@id\":\"https:\/\/shoesforcrews.pro\/es\/#website\",\"url\":\"https:\/\/shoesforcrews.pro\/es\/\",\"name\":\"Shoes For Crews ES\",\"description\":\"\",\"publisher\":{\"@id\":\"https:\/\/shoesforcrews.pro\/es\/#organization\"},\"potentialAction\":[{\"@type\":\"SearchAction\",\"target\":{\"@type\":\"EntryPoint\",\"urlTemplate\":\"https:\/\/shoesforcrews.pro\/es\/?s={search_term_string}\"},\"query-input\":{\"@type\":\"PropertyValueSpecification\",\"valueRequired\":true,\"valueName\":\"search_term_string\"}}],\"inLanguage\":\"es\"},{\"@type\":\"Organization\",\"@id\":\"https:\/\/shoesforcrews.pro\/es\/#organization\",\"name\":\"Shoes For Crews ES\",\"url\":\"https:\/\/shoesforcrews.pro\/es\/\",\"logo\":{\"@type\":\"ImageObject\",\"inLanguage\":\"es\",\"@id\":\"https:\/\/shoesforcrews.pro\/es\/#\/schema\/logo\/image\/\",\"url\":\"https:\/\/shoesforcrews.pro\/es\/wp-content\/uploads\/2025\/11\/SFC-LOGO-2025_NAVY-1.png\",\"contentUrl\":\"https:\/\/shoesforcrews.pro\/es\/wp-content\/uploads\/2025\/11\/SFC-LOGO-2025_NAVY-1.png\",\"caption\":\"Shoes For Crews ES\"},\"image\":{\"@id\":\"https:\/\/shoesforcrews.pro\/es\/#\/schema\/logo\/image\/\"}}]}<\/script>\n<!-- \/ Yoast SEO plugin. -->","yoast_head_json":{"title":"Sobre nosotros | Shoes For Crews","description":"Conoce m\u00e1s sobre la historia, el equipo y las operaciones de Shoes For Crews, fabricante l\u00edder de calzado antideslizante.","robots":{"index":"index","follow":"follow","max-snippet":"max-snippet:-1","max-image-preview":"max-image-preview:large","max-video-preview":"max-video-preview:-1"},"canonical":"https:\/\/shoesforcrews.pro\/es\/saber-mas\/sobre-nosotros\/","og_locale":"es_ES","og_type":"article","og_title":"Sobre nosotros | Shoes For Crews","og_description":"Conoce m\u00e1s sobre la historia, el equipo y las operaciones de Shoes For Crews, fabricante l\u00edder de calzado antideslizante.","og_url":"https:\/\/shoesforcrews.pro\/es\/saber-mas\/sobre-nosotros\/","og_site_name":"Shoes For Crews ES","article_modified_time":"2025-11-20T11:12:49+00:00","twitter_card":"summary_large_image","twitter_misc":{"Tiempo de lectura":"4 minutos"},"schema":{"@context":"https:\/\/schema.org","@graph":[{"@type":"WebPage","@id":"https:\/\/shoesforcrews.pro\/es\/saber-mas\/sobre-nosotros\/","url":"https:\/\/shoesforcrews.pro\/es\/saber-mas\/sobre-nosotros\/","name":"Sobre nosotros | Shoes For Crews","isPartOf":{"@id":"https:\/\/shoesforcrews.pro\/es\/#website"},"datePublished":"2022-07-01T20:56:02+00:00","dateModified":"2025-11-20T11:12:49+00:00","description":"Conoce m\u00e1s sobre la historia, el equipo y las operaciones de Shoes For Crews, fabricante l\u00edder de calzado antideslizante.","breadcrumb":{"@id":"https:\/\/shoesforcrews.pro\/es\/saber-mas\/sobre-nosotros\/#breadcrumb"},"inLanguage":"es","potentialAction":[{"@type":"ReadAction","target":["https:\/\/shoesforcrews.pro\/es\/saber-mas\/sobre-nosotros\/"]}]},{"@type":"BreadcrumbList","@id":"https:\/\/shoesforcrews.pro\/es\/saber-mas\/sobre-nosotros\/#breadcrumb","itemListElement":[{"@type":"ListItem","position":1,"name":"Volver","item":"https:\/\/shoesforcrews.pro\/es\/blog-seguridad-salud-trabajo\/"},{"@type":"ListItem","position":2,"name":"Saber m\u00e1s","item":"https:\/\/shoesforcrews.pro\/es\/saber-mas\/"},{"@type":"ListItem","position":3,"name":"Nuestra historia"}]},{"@type":"WebSite","@id":"https:\/\/shoesforcrews.pro\/es\/#website","url":"https:\/\/shoesforcrews.pro\/es\/","name":"Shoes For Crews ES","description":"","publisher":{"@id":"https:\/\/shoesforcrews.pro\/es\/#organization"},"potentialAction":[{"@type":"SearchAction","target":{"@type":"EntryPoint","urlTemplate":"https:\/\/shoesforcrews.pro\/es\/?s={search_term_string}"},"query-input":{"@type":"PropertyValueSpecification","valueRequired":true,"valueName":"search_term_string"}}],"inLanguage":"es"},{"@type":"Organization","@id":"https:\/\/shoesforcrews.pro\/es\/#organization","name":"Shoes For Crews ES","url":"https:\/\/shoesforcrews.pro\/es\/","logo":{"@type":"ImageObject","inLanguage":"es","@id":"https:\/\/shoesforcrews.pro\/es\/#\/schema\/logo\/image\/","url":"https:\/\/shoesforcrews.pro\/es\/wp-content\/uploads\/2025\/11\/SFC-LOGO-2025_NAVY-1.png","contentUrl":"https:\/\/shoesforcrews.pro\/es\/wp-content\/uploads\/2025\/11\/SFC-LOGO-2025_NAVY-1.png","caption":"Shoes For Crews ES"},"image":{"@id":"https:\/\/shoesforcrews.pro\/es\/#\/schema\/logo\/image\/"}}]}},"_links":{"self":[{"href":"https:\/\/shoesforcrews.pro\/es\/wp-json\/wp\/v2\/pages\/8"}],"collection":[{"href":"https:\/\/shoesforcrews.pro\/es\/wp-json\/wp\/v2\/pages"}],"about":[{"href":"https:\/\/shoesforcrews.pro\/es\/wp-json\/wp\/v2\/types\/page"}],"author":[{"embeddable":true,"href":"https:\/\/shoesforcrews.pro\/es\/wp-json\/wp\/v2\/users\/1"}],"replies":[{"embeddable":true,"href":"https:\/\/shoesforcrews.pro\/es\/wp-json\/wp\/v2\/comments?post=8"}],"version-history":[{"count":25,"href":"https:\/\/shoesforcrews.pro\/es\/wp-json\/wp\/v2\/pages\/8\/revisions"}],"predecessor-version":[{"id":1750,"href":"https:\/\/shoesforcrews.pro\/es\/wp-json\/wp\/v2\/pages\/8\/revisions\/1750"}],"up":[{"embeddable":true,"href":"https:\/\/shoesforcrews.pro\/es\/wp-json\/wp\/v2\/pages\/624"}],"wp:attachment":[{"href":"https:\/\/shoesforcrews.pro\/es\/wp-json\/wp\/v2\/media?parent=8"}],"curies":[{"name":"wp","href":"https:\/\/api.w.org\/{rel}","templated":true}]}}