{"id":7,"date":"2022-06-29T22:48:57","date_gmt":"2022-06-29T22:48:57","guid":{"rendered":"https:\/\/shoesforcrews.pro\/es\/?page_id=7"},"modified":"2025-11-25T13:33:39","modified_gmt":"2025-11-25T13:33:39","slug":"home","status":"publish","type":"page","link":"https:\/\/shoesforcrews.pro\/es\/","title":{"rendered":"Homepage"},"content":{"rendered":"<p>[vc_row full_width=\u00bbstretch_row\u00bb css=\u00bb.vc_custom_1763633136369{background-color: #eaebe2 !important;}\u00bb][vc_column width=\u00bb1\/3&#8243;]<div class=\"vc-image-text--icon--left--80-20\"><div class=\"vc-image-text__image-container\"><img decoding=\"async\" class=\"vc-image-text__image\" src=\"https:\/\/shoesforcrews.pro\/es\/wp-content\/uploads\/2025\/11\/checkmark.webp\" alt=\"\" title=\"\" \/><\/div><div class=\"vc-image-text__text\"><p>Reducci\u00f3n de los accidentes por resbalones y ca\u00eddas<\/p><\/div><\/div>[\/vc_column][vc_column width=\u00bb1\/3&#8243;]<div class=\"vc-image-text--icon--left--80-20\"><div class=\"vc-image-text__image-container\"><img decoding=\"async\" class=\"vc-image-text__image\" src=\"https:\/\/shoesforcrews.pro\/es\/wp-content\/uploads\/2025\/11\/checkmark.webp\" alt=\"\" title=\"\" \/><\/div><div class=\"vc-image-text__text\"><p>Resistente y duradero<\/p><\/div><\/div>[\/vc_column][vc_column width=\u00bb1\/3&#8243;]<div class=\"vc-image-text--icon--left--80-20\"><div class=\"vc-image-text__image-container\"><img decoding=\"async\" class=\"vc-image-text__image\" src=\"https:\/\/shoesforcrews.pro\/es\/wp-content\/uploads\/2025\/11\/checkmark.webp\" alt=\"\" title=\"\" \/><\/div><div class=\"vc-image-text__text\"><p>Mejora la seguridad en el lugar de trabajo<\/p><\/div><\/div>[\/vc_column][\/vc_row][vc_row css_animation=\u00bbfadeIn\u00bb][vc_column][vc_column_text]<\/p>\n<h2 style=\"text-align: center;\"><span style=\"font-size: 18pt;\">Seguridad, moda, comodidad todo el d\u00eda, todos los d\u00edas en entornos laborales altamente exigentes<\/span><\/h2>\n<p>[\/vc_column_text][vc_single_image image=\u00bb7759&#8243; img_size=\u00bbfull\u00bb alignment=\u00bbcenter\u00bb]<div style=\"text-align: center\" ><a hreflang=\"es\" href=\"https:\/\/shoesforcrews.pro\/es\/catalogo\/\" class=\"btn--secondary\" style=\"background-image: url()\">Descubre todos nuestros zapatos<\/a><\/div>[\/vc_column][\/vc_row][vc_row full_width=\u00bbstretch_row\u00bb gap=\u00bb2&#8243; css_animation=\u00bbfadeIn\u00bb enable_fixed_background=\u00bbtrue\u00bb css=\u00bb.vc_custom_1763631553580{margin-top: 3% !important;background-position: center !important;background-repeat: no-repeat !important;background-size: cover !important;}\u00bb][vc_column width=\u00bb1\/2&#8243;][vc_column_text]<\/p>\n<h2 style=\"text-align: center;\"><span style=\"font-size: 18pt;\">\u00a1Prueba nuestros zapatos SFC!*<\/span><\/h2>\n<h3><strong><span style=\"font-size: 14pt;\">Contacta con nuestros expertos<\/span><\/strong><\/h3>\n<p><span style=\"font-weight: 400;\">Evaluaremos tus necesidades y encontraremos el zapato de seguridad antideslizante que mejor se adapte a las necesidades y objetivos de tu empresa, para que puedas proteger a tu equipo y crear una s\u00f3lida cultura de seguridad sin complicaciones.<\/span><\/p>\n<h3><strong><span style=\"font-size: 14pt;\">\u00a1Prueba nuestro calzado!*<\/span><\/strong><\/h3>\n<p><span style=\"font-weight: 400;\">\u00a1La mejor manera de ver todas las ventajas y beneficios que ofrece nuestro calzado antideslizante es probarlo! El equipo de Shoes For Crews a su disposici\u00f3n se ocupa de todo a lo largo del proceso. Le ayudamos a encontrar el calzado adecuado y le proporcionamos todo el apoyo que necesite para impulsar la tasa de participaci\u00f3n dentro de su empresa y alcanzar sus objetivos de seguridad.<\/span><\/p>\n<h3><strong><span style=\"font-size: 14pt;\">Aumenta la seguridad en el lugar de trabajo con estilo<\/span><\/strong><\/h3>\n<p><span style=\"font-weight: 400;\">Ahora tu equipo puede contar con un calzado de seguridad l\u00edder en el sector que reduzca los accidentes por resbalones y ca\u00eddas hasta en un 80\u00a0%. Y puedes ofrecer protecci\u00f3n a tu empresa, empleados y beneficios ante los devastadores costes de los accidentes laborales.<\/span>[\/vc_column_text][\/vc_column][vc_column width=\u00bb1\/2&#8243; css=\u00bb.vc_custom_1703686911650{background-color: #21293C !important;}\u00bb][vc_column_text]<\/p>\n<h3 style=\"text-align: center;\"><span style=\"font-size: 18pt; color: #ffffff;\">\u00a1Contacta con nosotros!<\/span><\/h3>\n<p>[\/vc_column_text][vc_empty_space][vc_column_text el_id=\u00bb01&#8243;]\n\t\t\t\t\t\t<script>\n\t\t\t\t\t\t\twindow.hsFormsOnReady = window.hsFormsOnReady || [];\n\t\t\t\t\t\t\twindow.hsFormsOnReady.push(()=>{\n\t\t\t\t\t\t\t\thbspt.forms.create({\n\t\t\t\t\t\t\t\t\tportalId: 487275,\n\t\t\t\t\t\t\t\t\tformId: \"f1d1be4d-8c4f-44ff-b86c-bf377cd55d42\",\n\t\t\t\t\t\t\t\t\ttarget: \"#hbspt-form-1776454640000-6921610161\",\n\t\t\t\t\t\t\t\t\tregion: \"eu1\",\n\t\t\t\t\t\t\t\t\t\n\t\t\t\t\t\t\t})});\n\t\t\t\t\t\t<\/script>\n\t\t\t\t\t\t<div class=\"hbspt-form\" id=\"hbspt-form-1776454640000-6921610161\"><\/div>[\/vc_column_text][\/vc_column][\/vc_row][vc_row full_width=\u00bbstretch_row\u00bb css_animation=\u00bbfadeIn\u00bb][vc_column][vc_column_text]<span style=\"font-size: 10pt;\">*Shoes For Crews (Europe) Ltd. se reserva el derecho de evaluar tu solicitud y tu proyecto profesional antes de aceptar tu petici\u00f3n de prueba de zapatos. Ten en cuenta que esta oferta no es v\u00e1lida para clientes minoristas y clientes actuales de Shoes For Crews; tambi\u00e9n excluye el calzado PUMA SAFETY.<\/span>[\/vc_column_text][\/vc_column][\/vc_row][vc_section full_width=\u00bbstretch_row\u00bb css_animation=\u00bbfadeIn\u00bb][vc_row][vc_column width=\u00bb1\/6&#8243;][vc_single_image image=\u00bb6180&#8243; img_size=\u00bbfull\u00bb alignment=\u00bbcenter\u00bb][\/vc_column][vc_column width=\u00bb5\/6&#8243;][vc_column_text]<span style=\"font-size: 24pt;\">Shoes For Crews\u00ae es el pionero y l\u00edder de confianza en calzado de seguridad antideslizante desde 1984.<\/span>[\/vc_column_text][\/vc_column][\/vc_row][vc_row][vc_column width=\u00bb1\/2&#8243;][vc_single_image image=\u00bb3980&#8243; img_size=\u00bbfull\u00bb][\/vc_column][vc_column width=\u00bb1\/2&#8243;][vc_column_text]<\/p>\n<h2 style=\"text-align: center;\"><span style=\"font-size: 18pt; color: #000000;\">Proporcionando calzado altamente protector<br \/>\n<\/span><\/h2>\n<p>Ofrece a tus trabajadores la protecci\u00f3n y comodidad que merecen y <strong>reduce los accidentes y lesiones por resbalones hasta en un 80%<\/strong> con nuestra completa gama de calzado de seguridad duradero, c\u00f3modo y moderno.[\/vc_column_text][\/vc_column][\/vc_row][\/vc_section][vc_row full_width=\u00bbstretch_row\u00bb css_animation=\u00bbfadeIn\u00bb][vc_column][vc_column_text]<\/p>\n<h2 style=\"text-align: center;\"><span style=\"font-size: 18pt;\">Orgullosos de servir muchos sectores e industrias en el mundo<\/span><\/h2>\n<p>[\/vc_column_text][vc_empty_space]<div class=\"vc-masonry-grid--grid \"><div class=\"vc-masonry-grid__grid\" style=\"padding: 10px\"><div style=\"text-align: left\" ><a hreflang=\"es\" href=\"\/es\/sectores\/botas-militares-seguridad\/\" class=\"btn--image\" style=\"background-image: url(https:\/\/shoesforcrews.pro\/es\/wp-content\/uploads\/2024\/11\/army-unit-with-safety-boots.jpg)\">Ej\u00e9rcito<\/a><\/div><\/div><div class=\"vc-masonry-grid__grid\" style=\"padding: 10px\"><div style=\"text-align: left\" ><a hreflang=\"es\" href=\"\/es\/calzado-fabricacion-industria-pesada\/\" class=\"btn--image\" style=\"background-image: url(https:\/\/shoesforcrews.pro\/es\/wp-content\/uploads\/2022\/06\/manufacturing-food-production-shoe.jpg)\">Industria alimentaria y bebidas<\/a><\/div><\/div><div class=\"vc-masonry-grid__grid\" style=\"padding: 10px\"><div style=\"text-align: left\" ><a hreflang=\"es\" href=\"\/es\/calzado-hosteleria-restauracion\/\" class=\"btn--image\" style=\"background-image: url(https:\/\/shoesforcrews.pro\/es\/wp-content\/uploads\/2022\/06\/hospitality-restaurant-footwear.jpg)\">Hosteler\u00eda y restauraci\u00f3n (HORECA)<\/a><\/div><\/div><div class=\"vc-masonry-grid__grid\" style=\"padding: 10px\"><div style=\"text-align: left\" ><a hreflang=\"es\" href=\"\/es\/zapatos-logistica-correos-entregas\/\" class=\"btn--image\" style=\"background-image: url(https:\/\/shoesforcrews.pro\/es\/wp-content\/uploads\/2022\/06\/pexels-courier2.jpg)\">Log\u00edstica, transporte y postal<\/a><\/div><\/div><div class=\"vc-masonry-grid__grid\" style=\"padding: 10px\"><div style=\"text-align: center\" ><a hreflang=\"es\" href=\"\/es\/sectores\/botas-seguridad-policia\/\" class=\"btn--image\" style=\"background-image: url(https:\/\/shoesforcrews.pro\/es\/wp-content\/uploads\/2024\/11\/police-officer-wearing-safety-boots.jpg)\">Polic\u00eda y servicios de seguridad<\/a><\/div><\/div><div class=\"vc-masonry-grid__grid\" style=\"padding: 10px\"><div style=\"text-align: left\" ><a hreflang=\"es\" href=\"\/es\/zapato-servicios-urgencias-medicas\/\" class=\"btn--image\" style=\"background-image: url(https:\/\/shoesforcrews.pro\/es\/wp-content\/uploads\/2022\/08\/paramedics-safety-shoes.jpg)\">Emergencias y servicios extrahospitalarios<\/a><\/div><\/div><div class=\"vc-masonry-grid__grid\" style=\"padding: 10px\"><div style=\"text-align: left\" ><a hreflang=\"es\" href=\"\/es\/zapatos-sanitarios\/\" class=\"btn--image\" style=\"background-image: url(https:\/\/shoesforcrews.pro\/es\/wp-content\/uploads\/2022\/06\/heathcare-medium2.jpg)\">Sanidad, guarder\u00edas y residencias<\/a><\/div><\/div><div class=\"vc-masonry-grid__grid\" style=\"padding: 10px\"><div style=\"text-align: left\" ><a hreflang=\"es\" href=\"\/es\/transporte-publico-zapatos-seguridad\/\" class=\"btn--image\" style=\"background-image: url(https:\/\/shoesforcrews.pro\/es\/wp-content\/uploads\/2022\/06\/public-transport2.jpg)\">Transporte p\u00fablico<\/a><\/div><\/div><div class=\"vc-masonry-grid__grid\" style=\"padding: 10px\"><div style=\"text-align: left\" ><a hreflang=\"es\" href=\"\/es\/calzado-seguridad-venta-al-por-menor\" class=\"btn--image\" style=\"background-image: url(https:\/\/shoesforcrews.pro\/es\/wp-content\/uploads\/2022\/06\/retail-shoes-for-crews-medium.jpg)\">Venta al por menor<\/a><\/div><\/div><\/div>[\/vc_column][\/vc_row][vc_row full_width=\u00bbstretch_row\u00bb css_animation=\u00bbfadeIn\u00bb][vc_column]<div class=\"vc-masonry-grid--inline \"><div class=\"vc-masonry-grid__grid\" style=\"padding: px\">[vc_single_image image=\u00bb1549&#8243; img_size=\u00bbmedium\u00bb]<\/div><div class=\"vc-masonry-grid__grid\" style=\"padding: px\">[vc_single_image image=\u00bb3059&#8243; img_size=\u00bbmedium\u00bb alignment=\u00bbcenter\u00bb]<\/div><div class=\"vc-masonry-grid__grid\" style=\"padding: px\">[vc_single_image image=\u00bb1551&#8243; img_size=\u00bbmedium\u00bb]<\/div><div class=\"vc-masonry-grid__grid\" style=\"padding: px\">[vc_single_image image=\u00bb4018&#8243; img_size=\u00bbmedium\u00bb]<\/div><\/div>[\/vc_column][\/vc_row][vc_row full_width=\u00bbstretch_row\u00bb css_animation=\u00bbfadeIn\u00bb][vc_column][vc_column_text]<\/p>\n<h2 style=\"text-align: center;\"><span style=\"font-size: 18pt;\">\u00daltimos art\u00edculos de blog<\/span><\/h2>\n<p>[\/vc_column_text][vc_empty_space]<div class=\"vc-latest-blogs\"><div class=\"blog-item\">\r\n    <a hreflang=\"es\" href=\"https:\/\/shoesforcrews.pro\/es\/blog\/zapatos-ob-shoes-for-crews-profesionales-hosteleria\/\" class=\"blog-item__inner\">\r\n        <div class=\"blog-item__thumbnail-container\">\r\n            <img decoding=\"async\" src=\"https:\/\/shoesforcrews.pro\/es\/wp-content\/uploads\/2025\/12\/202510P1ES-featured-image.jpg\" class=\"blog-item__thumbnail\" alt=\"Una joven con delantal sonr\u00ede en la puerta de un establecimiento de hosteler\u00eda\" \/>\r\n        <\/div>\r\n        <div class=\"blog-item__details\">\r\n            <h4>Zapatos OB de Shoes For Crews, versatilidad y protecci\u00f3n para los profesionales de la hosteler\u00eda<\/h4>\r\n            <p class=\"blog-item__date\">11 diciembre 2025<\/p>\r\n            <p class=\"blog-item__excerpt\">Descubre los zapatos OB m\u00e1s adecuados para los profesionales de hosteler\u00eda, con la garant\u00eda de Shoes For Crews.<\/p>\r\n        <\/div>\r\n    <\/a>\r\n<\/div><div class=\"blog-item\">\r\n    <a hreflang=\"es\" href=\"https:\/\/shoesforcrews.pro\/es\/blog\/botas-tacticas-entornos-policiales-seguridad\/\" class=\"blog-item__inner\">\r\n        <div class=\"blog-item__thumbnail-container\">\r\n            <img decoding=\"async\" src=\"https:\/\/shoesforcrews.pro\/es\/wp-content\/uploads\/2025\/11\/202509P2ES-featured-image-1.jpg\" class=\"blog-item__thumbnail\" alt=\"Una agente de la Polic\u00eda vigila un evento multitudinario en Espa\u00f1a\" \/>\r\n        <\/div>\r\n        <div class=\"blog-item__details\">\r\n            <h4>\u00bfPara qu\u00e9 se utilizan las botas t\u00e1cticas en entornos policiales y de seguridad?<\/h4>\r\n            <p class=\"blog-item__date\">20 noviembre 2025<\/p>\r\n            <p class=\"blog-item__excerpt\">Te contamos c\u00f3mo las botas t\u00e1cticas refuerzan la protecci\u00f3n y mejoran la respuesta en las operaciones policiales.<\/p>\r\n        <\/div>\r\n    <\/a>\r\n<\/div><div class=\"blog-item\">\r\n    <a hreflang=\"es\" href=\"https:\/\/shoesforcrews.pro\/es\/blog\/plan-appcc-que-es-como-implementarlo-cocina-restaurante\/\" class=\"blog-item__inner\">\r\n        <div class=\"blog-item__thumbnail-container\">\r\n            <img decoding=\"async\" src=\"https:\/\/shoesforcrews.pro\/es\/wp-content\/uploads\/2025\/11\/202509P1ES-featured-image.jpg\" class=\"blog-item__thumbnail\" alt=\"Un equipo de cocineros prepara la comida en la cocina de un restaurante\" \/>\r\n        <\/div>\r\n        <div class=\"blog-item__details\">\r\n            <h4>Plan APPCC: qu\u00e9 es y c\u00f3mo implementarlo en la cocina de tu restaurante<\/h4>\r\n            <p class=\"blog-item__date\">6 noviembre 2025<\/p>\r\n            <p class=\"blog-item__excerpt\">\u00bfQuieres saber qu\u00e9 es el plan APPCC y por qu\u00e9 es esencial en tu restaurante? Te mostramos c\u00f3mo implementarlo con \u00e9xito.<\/p>\r\n        <\/div>\r\n    <\/a>\r\n<\/div><div class=\"blog-item\">\r\n    <a hreflang=\"es\" href=\"https:\/\/shoesforcrews.pro\/es\/blog\/zapatillas-negras-camarero-camarera-catering\/\" class=\"blog-item__inner\">\r\n        <div class=\"blog-item__thumbnail-container\">\r\n            <img decoding=\"async\" src=\"https:\/\/shoesforcrews.pro\/es\/wp-content\/uploads\/2025\/10\/202508P2ES-featured-image.jpg\" class=\"blog-item__thumbnail\" alt=\"Camareros profesionales uniformados sirven comida y bebida durante un servicio de catering\" \/>\r\n        <\/div>\r\n        <div class=\"blog-item__details\">\r\n            <h4>Zapatillas negras de camarero y camarera de Shoes For Crews, la mejor elecci\u00f3n para servicios de catering<\/h4>\r\n            <p class=\"blog-item__date\">23 octubre 2025<\/p>\r\n            <p class=\"blog-item__excerpt\">\u00bfTrabajas en el sector del catering? Descubrimos las opciones ideales de zapatillas para camarero y camarera.<\/p>\r\n        <\/div>\r\n    <\/a>\r\n<\/div><\/div>[\/vc_column][\/vc_row][vc_row disable_element=\u00bbyes\u00bb][vc_column]<div class=\"sfc-image-carousel image-carousel\" data-slick='{\"slidesToShow\": 1, \"slidesToScroll\": 1, \"speed\": 2500, \"swipeToSlide\": true, \"arrows\": true, \"dots\": true}' ><div class='vc_item'><img decoding=\"async\" src=\"https:\/\/shoesforcrews.pro\/es\/wp-content\/uploads\/2025\/01\/Website_Banner_HIP_1200x330px_sp_neue_Bilder.webp\" class=\"sfc-image-carousel__image\" \/><\/div><\/div>[\/vc_column][\/vc_row]<\/p>\n","protected":false},"excerpt":{"rendered":"<p>[vc_row full_width=\u00bbstretch_row\u00bb css=\u00bb.vc_custom_1763633136369{background-color: #eaebe2 !important;}\u00bb][vc_column width=\u00bb1\/3&#8243;][\/vc_column][vc_column width=\u00bb1\/3&#8243;][\/vc_column][vc_column width=\u00bb1\/3&#8243;][\/vc_column][\/vc_row][vc_row css_animation=\u00bbfadeIn\u00bb][vc_column][vc_column_text] Seguridad, moda, comodidad todo el d\u00eda, todos los d\u00edas en entornos laborales altamente exigentes [\/vc_column_text][vc_single_image image=\u00bb7759&#8243; img_size=\u00bbfull\u00bb alignment=\u00bbcenter\u00bb][\/vc_column][\/vc_row][vc_row full_width=\u00bbstretch_row\u00bb gap=\u00bb2&#8243; css_animation=\u00bbfadeIn\u00bb enable_fixed_background=\u00bbtrue\u00bb css=\u00bb.vc_custom_1763631553580{margin-top: 3% !important;background-position: center !important;background-repeat: no-repeat !important;background-size: cover !important;}\u00bb][vc_column width=\u00bb1\/2&#8243;][vc_column_text] \u00a1Prueba nuestros zapatos SFC!* Contacta con nuestros expertos Evaluaremos tus necesidades y encontraremos el [&hellip;]<\/p>\n","protected":false},"author":1,"featured_media":0,"parent":0,"menu_order":0,"comment_status":"closed","ping_status":"closed","template":"tpl-landing-page.php","meta":{"content-type":"","footnotes":""},"class_list":["post-7","page","type-page","status-publish","hentry"],"yoast_head":"<!-- This site is optimized with the Yoast SEO plugin v25.6 - https:\/\/yoast.com\/wordpress\/plugins\/seo\/ -->\n<title>L\u00edder en calzado de seguridad y trabajo | Shoes For Crews<\/title>\n<meta name=\"description\" content=\"Encuentra el calzado de seguridad perfecto para tus empleados con Shoes For Crews, el fabricante l\u00edder mundial de calzado antideslizante desde 1984\" \/>\n<meta name=\"robots\" content=\"index, follow, max-snippet:-1, max-image-preview:large, max-video-preview:-1\" \/>\n<link rel=\"canonical\" href=\"https:\/\/shoesforcrews.pro\/es\/\" \/>\n<meta property=\"og:locale\" content=\"es_ES\" \/>\n<meta property=\"og:type\" content=\"article\" \/>\n<meta property=\"og:title\" content=\"L\u00edder en calzado de seguridad y trabajo | Shoes For Crews\" \/>\n<meta property=\"og:description\" content=\"Encuentra el calzado de seguridad perfecto para tus empleados con Shoes For Crews, el fabricante l\u00edder mundial de calzado antideslizante desde 1984\" \/>\n<meta property=\"og:url\" content=\"https:\/\/shoesforcrews.pro\/es\/\" \/>\n<meta property=\"og:site_name\" content=\"Shoes For Crews ES\" \/>\n<meta property=\"article:modified_time\" content=\"2025-11-25T13:33:39+00:00\" \/>\n<meta name=\"twitter:card\" content=\"summary_large_image\" \/>\n<meta name=\"twitter:label1\" content=\"Tiempo de lectura\" \/>\n\t<meta name=\"twitter:data1\" content=\"7 minutos\" \/>\n<script type=\"application\/ld+json\" class=\"yoast-schema-graph\">{\"@context\":\"https:\/\/schema.org\",\"@graph\":[{\"@type\":\"WebPage\",\"@id\":\"https:\/\/shoesforcrews.pro\/es\/\",\"url\":\"https:\/\/shoesforcrews.pro\/es\/\",\"name\":\"L\u00edder en calzado de seguridad y trabajo | Shoes For Crews\",\"isPartOf\":{\"@id\":\"https:\/\/shoesforcrews.pro\/es\/#website\"},\"datePublished\":\"2022-06-29T22:48:57+00:00\",\"dateModified\":\"2025-11-25T13:33:39+00:00\",\"description\":\"Encuentra el calzado de seguridad perfecto para tus empleados con Shoes For Crews, el fabricante l\u00edder mundial de calzado antideslizante desde 1984\",\"breadcrumb\":{\"@id\":\"https:\/\/shoesforcrews.pro\/es\/#breadcrumb\"},\"inLanguage\":\"es\",\"potentialAction\":[{\"@type\":\"ReadAction\",\"target\":[\"https:\/\/shoesforcrews.pro\/es\/\"]}]},{\"@type\":\"BreadcrumbList\",\"@id\":\"https:\/\/shoesforcrews.pro\/es\/#breadcrumb\",\"itemListElement\":[{\"@type\":\"ListItem\",\"position\":1,\"name\":\"Volver\",\"item\":\"https:\/\/shoesforcrews.pro\/es\/blog-seguridad-salud-trabajo\/\"},{\"@type\":\"ListItem\",\"position\":2,\"name\":\"Homepage\"}]},{\"@type\":\"WebSite\",\"@id\":\"https:\/\/shoesforcrews.pro\/es\/#website\",\"url\":\"https:\/\/shoesforcrews.pro\/es\/\",\"name\":\"Shoes For Crews ES\",\"description\":\"\",\"publisher\":{\"@id\":\"https:\/\/shoesforcrews.pro\/es\/#organization\"},\"potentialAction\":[{\"@type\":\"SearchAction\",\"target\":{\"@type\":\"EntryPoint\",\"urlTemplate\":\"https:\/\/shoesforcrews.pro\/es\/?s={search_term_string}\"},\"query-input\":{\"@type\":\"PropertyValueSpecification\",\"valueRequired\":true,\"valueName\":\"search_term_string\"}}],\"inLanguage\":\"es\"},{\"@type\":\"Organization\",\"@id\":\"https:\/\/shoesforcrews.pro\/es\/#organization\",\"name\":\"Shoes For Crews ES\",\"url\":\"https:\/\/shoesforcrews.pro\/es\/\",\"logo\":{\"@type\":\"ImageObject\",\"inLanguage\":\"es\",\"@id\":\"https:\/\/shoesforcrews.pro\/es\/#\/schema\/logo\/image\/\",\"url\":\"https:\/\/shoesforcrews.pro\/es\/wp-content\/uploads\/2025\/11\/SFC-LOGO-2025_NAVY-1.png\",\"contentUrl\":\"https:\/\/shoesforcrews.pro\/es\/wp-content\/uploads\/2025\/11\/SFC-LOGO-2025_NAVY-1.png\",\"caption\":\"Shoes For Crews ES\"},\"image\":{\"@id\":\"https:\/\/shoesforcrews.pro\/es\/#\/schema\/logo\/image\/\"}}]}<\/script>\n<!-- \/ Yoast SEO plugin. -->","yoast_head_json":{"title":"L\u00edder en calzado de seguridad y trabajo | Shoes For Crews","description":"Encuentra el calzado de seguridad perfecto para tus empleados con Shoes For Crews, el fabricante l\u00edder mundial de calzado antideslizante desde 1984","robots":{"index":"index","follow":"follow","max-snippet":"max-snippet:-1","max-image-preview":"max-image-preview:large","max-video-preview":"max-video-preview:-1"},"canonical":"https:\/\/shoesforcrews.pro\/es\/","og_locale":"es_ES","og_type":"article","og_title":"L\u00edder en calzado de seguridad y trabajo | Shoes For Crews","og_description":"Encuentra el calzado de seguridad perfecto para tus empleados con Shoes For Crews, el fabricante l\u00edder mundial de calzado antideslizante desde 1984","og_url":"https:\/\/shoesforcrews.pro\/es\/","og_site_name":"Shoes For Crews ES","article_modified_time":"2025-11-25T13:33:39+00:00","twitter_card":"summary_large_image","twitter_misc":{"Tiempo de lectura":"7 minutos"},"schema":{"@context":"https:\/\/schema.org","@graph":[{"@type":"WebPage","@id":"https:\/\/shoesforcrews.pro\/es\/","url":"https:\/\/shoesforcrews.pro\/es\/","name":"L\u00edder en calzado de seguridad y trabajo | Shoes For Crews","isPartOf":{"@id":"https:\/\/shoesforcrews.pro\/es\/#website"},"datePublished":"2022-06-29T22:48:57+00:00","dateModified":"2025-11-25T13:33:39+00:00","description":"Encuentra el calzado de seguridad perfecto para tus empleados con Shoes For Crews, el fabricante l\u00edder mundial de calzado antideslizante desde 1984","breadcrumb":{"@id":"https:\/\/shoesforcrews.pro\/es\/#breadcrumb"},"inLanguage":"es","potentialAction":[{"@type":"ReadAction","target":["https:\/\/shoesforcrews.pro\/es\/"]}]},{"@type":"BreadcrumbList","@id":"https:\/\/shoesforcrews.pro\/es\/#breadcrumb","itemListElement":[{"@type":"ListItem","position":1,"name":"Volver","item":"https:\/\/shoesforcrews.pro\/es\/blog-seguridad-salud-trabajo\/"},{"@type":"ListItem","position":2,"name":"Homepage"}]},{"@type":"WebSite","@id":"https:\/\/shoesforcrews.pro\/es\/#website","url":"https:\/\/shoesforcrews.pro\/es\/","name":"Shoes For Crews ES","description":"","publisher":{"@id":"https:\/\/shoesforcrews.pro\/es\/#organization"},"potentialAction":[{"@type":"SearchAction","target":{"@type":"EntryPoint","urlTemplate":"https:\/\/shoesforcrews.pro\/es\/?s={search_term_string}"},"query-input":{"@type":"PropertyValueSpecification","valueRequired":true,"valueName":"search_term_string"}}],"inLanguage":"es"},{"@type":"Organization","@id":"https:\/\/shoesforcrews.pro\/es\/#organization","name":"Shoes For Crews ES","url":"https:\/\/shoesforcrews.pro\/es\/","logo":{"@type":"ImageObject","inLanguage":"es","@id":"https:\/\/shoesforcrews.pro\/es\/#\/schema\/logo\/image\/","url":"https:\/\/shoesforcrews.pro\/es\/wp-content\/uploads\/2025\/11\/SFC-LOGO-2025_NAVY-1.png","contentUrl":"https:\/\/shoesforcrews.pro\/es\/wp-content\/uploads\/2025\/11\/SFC-LOGO-2025_NAVY-1.png","caption":"Shoes For Crews ES"},"image":{"@id":"https:\/\/shoesforcrews.pro\/es\/#\/schema\/logo\/image\/"}}]}},"_links":{"self":[{"href":"https:\/\/shoesforcrews.pro\/es\/wp-json\/wp\/v2\/pages\/7"}],"collection":[{"href":"https:\/\/shoesforcrews.pro\/es\/wp-json\/wp\/v2\/pages"}],"about":[{"href":"https:\/\/shoesforcrews.pro\/es\/wp-json\/wp\/v2\/types\/page"}],"author":[{"embeddable":true,"href":"https:\/\/shoesforcrews.pro\/es\/wp-json\/wp\/v2\/users\/1"}],"replies":[{"embeddable":true,"href":"https:\/\/shoesforcrews.pro\/es\/wp-json\/wp\/v2\/comments?post=7"}],"version-history":[{"count":84,"href":"https:\/\/shoesforcrews.pro\/es\/wp-json\/wp\/v2\/pages\/7\/revisions"}],"predecessor-version":[{"id":1762,"href":"https:\/\/shoesforcrews.pro\/es\/wp-json\/wp\/v2\/pages\/7\/revisions\/1762"}],"wp:attachment":[{"href":"https:\/\/shoesforcrews.pro\/es\/wp-json\/wp\/v2\/media?parent=7"}],"curies":[{"name":"wp","href":"https:\/\/api.w.org\/{rel}","templated":true}]}}