{"id":469,"date":"2023-02-02T16:06:22","date_gmt":"2023-02-02T16:06:22","guid":{"rendered":"https:\/\/shoesforcrews.pro\/es\/?page_id=469"},"modified":"2025-09-23T08:25:10","modified_gmt":"2025-09-23T08:25:10","slug":"zapatos-veganos-sostenibles","status":"publish","type":"page","link":"https:\/\/shoesforcrews.pro\/es\/soluciones-calzado-laboral\/zapatos-veganos-sostenibles\/","title":{"rendered":"Sustainable &#038; Vegan Shoes: When Quality Meets Sustainability"},"content":{"rendered":"<p>[vc_row full_width=\u00bbstretch_row\u00bb css=\u00bb.vc_custom_1672664573938{background-color: #eaf3db !important;}\u00bb][vc_column width=\u00bb1\/3&#8243;]<div class=\"vc-image-text--icon--left--80-20\"><div class=\"vc-image-text__image-container\"><img decoding=\"async\" class=\"vc-image-text__image\" src=\"https:\/\/shoesforcrews.pro\/es\/wp-content\/uploads\/2023\/02\/green-checkmark-150x150.png\" alt=\"\" title=\"\" \/><\/div><div class=\"vc-image-text__text\"><p>Combina comodidad y sostenibilidad<\/p><\/div><\/div>[\/vc_column][vc_column width=\u00bb1\/3&#8243;]<div class=\"vc-image-text--icon--left--80-20\"><div class=\"vc-image-text__image-container\"><img decoding=\"async\" class=\"vc-image-text__image\" src=\"https:\/\/shoesforcrews.pro\/es\/wp-content\/uploads\/2023\/02\/green-checkmark-150x150.png\" alt=\"\" title=\"\" \/><\/div><div class=\"vc-image-text__text\"><p>Minimiza tu huella ecol\u00f3gica<\/p><\/div><\/div>[\/vc_column][vc_column width=\u00bb1\/3&#8243;]<div class=\"vc-image-text--icon--left--80-20\"><div class=\"vc-image-text__image-container\"><img decoding=\"async\" class=\"vc-image-text__image\" src=\"https:\/\/shoesforcrews.pro\/es\/wp-content\/uploads\/2023\/02\/green-checkmark-150x150.png\" alt=\"\" title=\"\" \/><\/div><div class=\"vc-image-text__text\"><p>Reduce los accidentes por resbalones y ca\u00eddas<\/p><\/div><\/div>[\/vc_column][\/vc_row][vc_row css_animation=\u00bbfadeIn\u00bb][vc_column width=\u00bb1\/2&#8243;][vc_column_text]<\/p>\n<h2 style=\"text-align: left;\"><span style=\"font-size: 18pt; color: #000000;\">Zapatos sostenibles fabricados con materiales reciclados<br \/>\n<\/span><\/h2>\n<p><span style=\"font-weight: 400;\">En Shoes For Crews sabemos que nuestros pies no se encogen pero podemos reducir la huella medioambiental que generan. As\u00ed que, en lugar de limitarnos a cambiar algunos de nuestros modelos, <strong>estamos modificando gradualmente todo nuestro proceso de producci\u00f3n y los materiales<\/strong> que utilizamos <strong>para nuestros zapatos<\/strong>.<br \/>\n<\/span><\/p>\n<p>[\/vc_column_text][vc_single_image image=\u00bb2728&#8243; img_size=\u00bblarge\u00bb alignment=\u00bbcenter\u00bb][\/vc_column][vc_column width=\u00bb1\/2&#8243;][vc_single_image image=\u00bb2686&#8243; img_size=\u00bbfull\u00bb alignment=\u00bbcenter\u00bb][vc_column_text]Estamos convirtiendo toda nuestra gama de zapatos en una gama de calzado m\u00e1s sostenible, <strong>utilizando materiales respetuosos con el planeta<\/strong> y haciendo que nuestra<strong> cadena de suministro sea m\u00e1s ecol\u00f3gica<\/strong>.[\/vc_column_text][\/vc_column][\/vc_row][vc_row full_width=\u00bbstretch_row\u00bb css_animation=\u00bbfadeIn\u00bb css=\u00bb.vc_custom_1731927570420{background-color: #eaf3db !important;}\u00bb][vc_column][vc_column_text]<\/p>\n<h3 style=\"text-align: center;\"><span style=\"font-size: 18pt; color: #000000;\">\u00bfPor qu\u00e9 tu equipo deber\u00eda llevar zapatos sostenibles?<br \/>\n<\/span><\/h3>\n<p>[\/vc_column_text][\/vc_column][\/vc_row][vc_row full_width=\u00bbstretch_row\u00bb css_animation=\u00bbfadeIn\u00bb css=\u00bb.vc_custom_1731927580770{background-color: #eaf3db !important;}\u00bb][vc_column width=\u00bb1\/3&#8243;][vc_single_image image=\u00bb2679&#8243; img_size=\u00bb73&#215;73&#8243; alignment=\u00bbcenter\u00bb][vc_column_text]<\/p>\n<h4 style=\"text-align: center;\"><span style=\"font-size: 14pt;\">Excelente relaci\u00f3n calidad-precio<\/span><\/h4>\n<p>[\/vc_column_text][vc_column_text]<\/p>\n<p style=\"text-align: center;\"><span style=\"font-weight: 400;\">A pesar de lo que muchos creen, <strong>ser m\u00e1s ecol\u00f3gico no tiene por qu\u00e9 suponer un gasto excesivo<\/strong>. En Shoes For Crews hemos dise\u00f1ado una gama de <strong>zapatos de calidad fabricados con materiales reciclados<\/strong> que a tus trabajadores les encantar\u00e1n y cuyos precios te har\u00e1n sonre\u00edr.<\/span><\/p>\n<p>[\/vc_column_text][\/vc_column][vc_column width=\u00bb1\/3&#8243;][vc_single_image image=\u00bb2680&#8243; img_size=\u00bb73&#215;73&#8243; alignment=\u00bbcenter\u00bb][vc_column_text]<\/p>\n<h4 style=\"text-align: center;\"><span style=\"font-size: 14pt;\">Disfruta con estilo mientras reduces los residuos t\u00f3xicos<\/span><\/h4>\n<p>[\/vc_column_text][vc_column_text]<\/p>\n<p style=\"text-align: center;\"><span style=\"font-weight: 400;\">Nuestra gama ecol\u00f3gica ha sido dise\u00f1ada para ser<strong> respetuosa con el medio ambiente<\/strong>, manteniendo al mismo tiempo nuestros <strong>est\u00e1ndares de alta calidad<\/strong>. Hemos conseguido que esta gama no sacrifique el estilo por la sostenibilidad.<\/span><\/p>\n<p>[\/vc_column_text][\/vc_column][vc_column width=\u00bb1\/3&#8243;][vc_single_image image=\u00bb2683&#8243; img_size=\u00bb73&#215;73&#8243; alignment=\u00bbcenter\u00bb][vc_column_text]<\/p>\n<h4 style=\"text-align: center;\"><span style=\"font-size: 14pt;\">Reduce la huella de tu organizaci\u00f3n<\/span><\/h4>\n<p>[\/vc_column_text][vc_column_text]<\/p>\n<p style=\"text-align: center;\"><span style=\"font-weight: 400;\">Son cada vez m\u00e1s los empleados que exigen a sus <strong>empleadores que tomen medidas para proteger el medio ambiente<\/strong>. Ofrecerles la opci\u00f3n de llevar zapatos fabricados con materiales reciclados no solo ayudar\u00e1 a reducir la huella de tu empresa, sino que tambi\u00e9n te dar\u00e1<strong> una ventaja competitiva a la hora de reclutar<\/strong> personal.<\/span><\/p>\n<p>[\/vc_column_text][\/vc_column][\/vc_row][vc_row css_animation=\u00bbfadeIn\u00bb][vc_column][vc_column_text]<\/p>\n<h3 style=\"text-align: center;\"><span style=\"font-size: 18pt;\">Algunos de nuestros zapatos sostenibles<\/span><\/h3>\n<p>[\/vc_column_text]<div class=\"sfc-image-carousel image-carousel\" data-slick='{\"slidesToShow\": 3, \"slidesToScroll\": 1, \"speed\": 2500, \"swipeToSlide\": true, \"arrows\": true}' ><div class='vc_item'><img decoding=\"async\" src=\"https:\/\/shoesforcrews.pro\/es\/wp-content\/uploads\/2023\/02\/barra-safety-recycled-shoe.png\" class=\"sfc-image-carousel__image\" \/><\/div><div class='vc_item'><img decoding=\"async\" src=\"https:\/\/shoesforcrews.pro\/es\/wp-content\/uploads\/2023\/02\/cater-recycled-shoe-for-work.png\" class=\"sfc-image-carousel__image\" \/><\/div><div class='vc_item'><img decoding=\"async\" src=\"https:\/\/shoesforcrews.pro\/es\/wp-content\/uploads\/2023\/02\/saloon-sustainable-shoe.png\" class=\"sfc-image-carousel__image\" \/><\/div><div class='vc_item'><img decoding=\"async\" src=\"https:\/\/shoesforcrews.pro\/es\/wp-content\/uploads\/2023\/02\/everlight-grey2.png\" class=\"sfc-image-carousel__image\" \/><\/div><div class='vc_item'><img decoding=\"async\" src=\"https:\/\/shoesforcrews.pro\/es\/wp-content\/uploads\/2023\/02\/everlight-black-vegan-shoes.png\" class=\"sfc-image-carousel__image\" \/><\/div><div class='vc_item'><img decoding=\"async\" src=\"https:\/\/shoesforcrews.pro\/es\/wp-content\/uploads\/2023\/02\/liberty-vegan-shoe-for-work.png\" class=\"sfc-image-carousel__image\" \/><\/div><\/div>[\/vc_column][\/vc_row][vc_row full_width=\u00bbstretch_row\u00bb css=\u00bb.vc_custom_1672664587793{background-color: #eaf3db !important;}\u00bb][vc_column width=\u00bb1\/2&#8243;][vc_single_image image=\u00bb2678&#8243; img_size=\u00bbfull\u00bb alignment=\u00bbcenter\u00bb][\/vc_column][vc_column width=\u00bb1\/2&#8243;][vc_column_text]<\/p>\n<h2 style=\"text-align: left;\"><span style=\"font-size: 18pt; color: #000000;\">Zapatos veganos<\/span><\/h2>\n<p><span style=\"font-weight: 400;\">Ante el auge del veganismo, es importante que los <strong>empresarios se adapten para apoyar el estilo de vida de sus colaboradores<\/strong> y se aseguren de que m\u00e1s trabajadores permanezcan en el equipo.\u00a0Por eso Shoes For Crews ha dise\u00f1ado una colecci\u00f3n de zapatos y zapatillas veganas. Gracias a nuestros <strong>estilosos y protectores zapatos veganos<\/strong>, tus empleados seguir\u00e1n disfrutando de su estilo de vida mientras trabajan.<br \/>\n<\/span><\/p>\n<p>[\/vc_column_text][vc_empty_space height=\u00bb15px\u00bb][vc_column_text css=\u00bb.vc_custom_1687422248147{margin-bottom: 15px !important;}\u00bb]<\/p>\n<h3><span style=\"font-size: 18pt;\">Zapatos veganos verificados por Intertek<br \/>\n<\/span><\/h3>\n<p>Nos complace informarte de que nuestros zapatos veganos han superado el protocolo de pruebas del <strong>Programa de Verificaci\u00f3n de la Marcado Vegano de Intertek, lo que significa que cumplen los requisitos establecidos por Intertek para los productos veganos<\/strong> e Intertek les ha ortogado un Marcado Vegano. Este programa tiene como objetivo ofrecer a los consumidores un m\u00e9todo transparente y fiable para verificar la veracidad de productos textiles, calzado y accesorios veganos.<\/p>\n<p>[\/vc_column_text][\/vc_column][\/vc_row][vc_row full_width=\u00bbstretch_row\u00bb css_animation=\u00bbfadeIn\u00bb][vc_column][vc_column_text]<\/p>\n<h3 style=\"text-align: center;\"><span style=\"font-size: 18pt; color: #000000;\">\u00bfPor qu\u00e9 tu personal deber\u00eda llevar zapatos veganos?<br \/>\n<\/span><\/h3>\n<p>[\/vc_column_text][\/vc_column][\/vc_row][vc_row full_width=\u00bbstretch_row\u00bb css_animation=\u00bbfadeIn\u00bb][vc_column width=\u00bb1\/3&#8243;][vc_single_image image=\u00bb2687&#8243; img_size=\u00bb73&#215;73&#8243; alignment=\u00bbcenter\u00bb][vc_column_text]<\/p>\n<h4 style=\"text-align: center;\"><span style=\"font-size: 14pt;\">Combina comodidad y ecolog\u00eda<\/span><\/h4>\n<p>[\/vc_column_text][vc_column_text]<\/p>\n<p style=\"text-align: center;\">Los zapatos veganos de <strong>nuestra gama Eco son c\u00f3modos y respetuosos con el medio ambiente<\/strong>. Han sido dise\u00f1ados para preservar el futuro de nuestro planeta. De hecho, el <strong>proceso de fabricaci\u00f3n<\/strong> de esta colecci\u00f3n es<strong> totalmente sostenibl<\/strong>e. Todos nuestros zapatos est\u00e1n fabricados con <a href=\"https:\/\/shoesforcrews.pro\/es\/nuestra-tecnologia-seguridad\/\" target=\"_blank\" rel=\"noopener\" hreflang=\"es\" ><strong>nuestra suela patentada altamente antideslizante<\/strong><\/a>, que utiliza una tecnolog\u00eda innovadora para ayudar a proteger a tu personal en su lugar de trabajo.<\/p>\n<p>[\/vc_column_text][\/vc_column][vc_column width=\u00bb1\/3&#8243;][vc_single_image image=\u00bb2688&#8243; img_size=\u00bb73&#215;73&#8243; alignment=\u00bbcenter\u00bb][vc_column_text]<\/p>\n<h4 style=\"text-align: center;\"><span style=\"font-size: 14pt;\">Sin piel, sin productos de origen animal<\/span><\/h4>\n<p>[\/vc_column_text][vc_column_text]<\/p>\n<p style=\"text-align: center;\"><span style=\"font-weight: 400;\">Incluso para los empleados que no son veganos, este calzado tiene muchas ventajas. La piel vegana <strong>est\u00e1 elaborada sin utilizar productos de origen animal<\/strong> y es <strong>respetuosa con el medio ambiente<\/strong>. Adem\u00e1s, est\u00e1 hecha sin comprometer el nivel de calidad.<\/span><\/p>\n<p>[\/vc_column_text][\/vc_column][vc_column width=\u00bb1\/3&#8243;][vc_single_image image=\u00bb2689&#8243; img_size=\u00bb73&#215;73&#8243; alignment=\u00bbcenter\u00bb][vc_column_text]<\/p>\n<h4 style=\"text-align: center;\"><span style=\"font-size: 14pt;\">Aumenta la fidelidad de tus empleados<\/span><\/h4>\n<p>[\/vc_column_text][vc_column_text]<\/p>\n<p style=\"text-align: center;\">No s\u00f3lo supondr\u00e1 <strong>una ventaja competitiva<\/strong> para tu empresa a la hora de contratar a nuevos empleados, demostrarles que te preocupas por su estilo de vida, sino que tambi\u00e9n ser\u00e1 una buena forma de <strong>luchar con el absentismo y fomentar el compromiso y la confianza dentro de tu equipo<\/strong>. Actualmente, con<strong> la Gran Dimisi\u00f3n<\/strong> en el mundo, resulta m\u00e1s importante que nunca <strong>cuidar de tus empleados y preocuparte por su bienestar<\/strong>.<\/p>\n<p>[\/vc_column_text][\/vc_column][\/vc_row][vc_row full_width=\u00bbstretch_row\u00bb css_animation=\u00bbfadeIn\u00bb css=\u00bb.vc_custom_1731927625226{background-color: #eaf3db !important;}\u00bb][vc_column][vc_column_text]<\/p>\n<h3 style=\"text-align: center;\"><span style=\"font-size: 18pt;\">Algunos de nuestros modelos veganos verificados<br \/>\n<\/span><\/h3>\n<p>[\/vc_column_text]<div class=\"sfc-image-carousel image-carousel\" data-slick='{\"slidesToShow\": 3, \"slidesToScroll\": 1, \"speed\": 2500, \"swipeToSlide\": true, \"arrows\": true}' ><div class='vc_item'><img decoding=\"async\" src=\"https:\/\/shoesforcrews.pro\/es\/wp-content\/uploads\/2023\/02\/01_V4_Barra_VEGAN-CERT_600x400px_19-01-23-min-Copie.png\" class=\"sfc-image-carousel__image\" \/><\/div><div class='vc_item'><img decoding=\"async\" src=\"https:\/\/shoesforcrews.pro\/es\/wp-content\/uploads\/2023\/02\/02_V4_Everlight-black_VEGAN-CERT_600x400px_19-01-23-min.png\" class=\"sfc-image-carousel__image\" \/><\/div><div class='vc_item'><img decoding=\"async\" src=\"https:\/\/shoesforcrews.pro\/es\/wp-content\/uploads\/2023\/02\/03_V4_Everlight-Grey_VEGAN-CERT_600x400px_19-01-23-min.png\" class=\"sfc-image-carousel__image\" \/><\/div><div class='vc_item'><img decoding=\"async\" src=\"https:\/\/shoesforcrews.pro\/es\/wp-content\/uploads\/2023\/02\/04_V4_Freestyle_VEGAN-CERT_600x400px_19-01-23-min.png\" class=\"sfc-image-carousel__image\" \/><\/div><\/div>[\/vc_column][\/vc_row][vc_row css_animation=\u00bbfadeIn\u00bb][vc_column width=\u00bb1\/2&#8243;][vc_column_text]<\/p>\n<h2 style=\"text-align: left;\"><span style=\"font-size: 18pt;\">Nuestro viaje ecol\u00f3gico: inf\u00f3rmate sobre nuestro compromiso con la sostenibilidad<\/span><\/h2>\n<p class=\"ewa-rteLine\">En Shoes For Crews,<strong> nos esforzamos por desarrollar productos sostenibles y respetuosos con el medio ambiente<\/strong>, al mismo tiempo que mantenemos nuestra misi\u00f3n y visi\u00f3n principales: <strong>garantizar la seguridad de los trabajadores en su entorno laboral y equipar al mundo con zapatos de seguridad. <\/strong><\/p>\n<p class=\"ewa-rteLine\"><strong>Hemos alcanzado avances importantes en nuestros objetivos<\/strong> al crear un proceso de producci\u00f3n m\u00e1s ecol\u00f3gico y al reducir nuestra huella de carbono mediante la introducci\u00f3n de nuestra colecci\u00f3n de zapatos sostenibles y trasladando parte de nuestra producci\u00f3n a Europa.<\/p>\n<p class=\"ewa-rteLine\">Desde el a\u00f1o 2021, <strong>publicamos un informe anual<\/strong> para comunicar nuestra visi\u00f3n y nuestro plan de acci\u00f3n hacia un desarrollo sostenible.<\/p>\n<p>Nuestro informe destaca nuestras <strong>iniciativas y logros de 2024 en \u00e1reas clave medioambientales, sociales y de gesti\u00f3n.<\/strong>[\/vc_column_text][\/vc_column][vc_column width=\u00bb1\/2&#8243;][vc_single_image image=\u00bb7642&#8243; img_size=\u00bbfull\u00bb alignment=\u00bbcenter\u00bb][\/vc_column][vc_column]<div style=\"text-align: center\" ><a hreflang=\"es\" href=\"http:\/\/info.shoesforcrews.pro\/es\/informe-sostenibilidad-2021\" class=\"btn--tertiary\" style=\"background-image: url()\">Descarga nuestro Informe de Sostenibilidad 2024<\/a><\/div>[vc_empty_space][\/vc_column][\/vc_row][vc_row full_width=\u00bbstretch_row\u00bb css_animation=\u00bbfadeIn\u00bb enable_fixed_background=\u00bbtrue\u00bb css=\u00bb.vc_custom_1731927651718{background-image: url(https:\/\/shoesforcrews.pro\/wp-content\/uploads\/2022\/06\/increase-safety-shoes-for-crews.jpg?id=1232) !important;background-position: center !important;background-repeat: no-repeat !important;background-size: cover !important;}\u00bb][vc_column][vc_column_text]<\/p>\n<h3 style=\"text-align: center;\"><span style=\"font-size: 18pt; color: #ffffff;\">\u00a1Consigue un par de zapatos sostenibles gratis!*<\/span><\/h3>\n<p>[\/vc_column_text][vc_column_text]\n\t\t\t\t\t\t<script>\n\t\t\t\t\t\t\twindow.hsFormsOnReady = window.hsFormsOnReady || [];\n\t\t\t\t\t\t\twindow.hsFormsOnReady.push(()=>{\n\t\t\t\t\t\t\t\thbspt.forms.create({\n\t\t\t\t\t\t\t\t\tportalId: 487275,\n\t\t\t\t\t\t\t\t\tformId: \"f1d1be4d-8c4f-44ff-b86c-bf377cd55d42\",\n\t\t\t\t\t\t\t\t\ttarget: \"#hbspt-form-1776205510000-8621915755\",\n\t\t\t\t\t\t\t\t\tregion: \"eu1\",\n\t\t\t\t\t\t\t\t\t\n\t\t\t\t\t\t\t})});\n\t\t\t\t\t\t<\/script>\n\t\t\t\t\t\t<div class=\"hbspt-form\" id=\"hbspt-form-1776205510000-8621915755\"><\/div>[\/vc_column_text][vc_column_text]<span style=\"font-size: 10pt; color: #ffffff;\">*Shoes For Crews (Europe) Ltd. se reserva el derecho de evaluar tu solicitud y tu proyecto profesional antes de aceptar tu petici\u00f3n de un par de zapatos gratis. Ten en cuenta que esta oferta no es v\u00e1lida para clientes minoristas y clientes actuales de Shoes For Crews; tambi\u00e9n excluye el calzado PUMA SAFETY.<\/span>[\/vc_column_text][\/vc_column][\/vc_row]<\/p>\n","protected":false},"excerpt":{"rendered":"<p>[vc_row full_width=\u00bbstretch_row\u00bb css=\u00bb.vc_custom_1672664573938{background-color: #eaf3db !important;}\u00bb][vc_column width=\u00bb1\/3&#8243;][\/vc_column][vc_column width=\u00bb1\/3&#8243;][\/vc_column][vc_column width=\u00bb1\/3&#8243;][\/vc_column][\/vc_row][vc_row css_animation=\u00bbfadeIn\u00bb][vc_column width=\u00bb1\/2&#8243;][vc_column_text] Zapatos sostenibles fabricados con materiales reciclados En Shoes For Crews sabemos que nuestros pies no se encogen pero podemos reducir la huella medioambiental que generan. As\u00ed que, en lugar de limitarnos a cambiar algunos de nuestros modelos, estamos modificando gradualmente todo nuestro proceso de producci\u00f3n [&hellip;]<\/p>\n","protected":false},"author":1,"featured_media":0,"parent":42,"menu_order":1,"comment_status":"closed","ping_status":"closed","template":"tpl-landing-page.php","meta":{"content-type":"","footnotes":""},"class_list":["post-469","page","type-page","status-publish","hentry"],"yoast_head":"<!-- This site is optimized with the Yoast SEO plugin v25.6 - https:\/\/yoast.com\/wordpress\/plugins\/seo\/ -->\n<title>Zapatos veganos y sostenibles para profesionales | SFC<\/title>\n<meta name=\"description\" content=\"Mant\u00e9n a tu personal c\u00f3modo sin dejar de proteger el medio ambiente con nuestra gama de calzado ecol\u00f3gico: zapatos sostenibles y veganos.\" \/>\n<meta name=\"robots\" content=\"index, follow, max-snippet:-1, max-image-preview:large, max-video-preview:-1\" \/>\n<link rel=\"canonical\" href=\"https:\/\/shoesforcrews.pro\/es\/soluciones-calzado-laboral\/zapatos-veganos-sostenibles\/\" \/>\n<meta property=\"og:locale\" content=\"es_ES\" \/>\n<meta property=\"og:type\" content=\"article\" \/>\n<meta property=\"og:title\" content=\"Zapatos veganos y sostenibles para profesionales | SFC\" \/>\n<meta property=\"og:description\" content=\"Mant\u00e9n a tu personal c\u00f3modo sin dejar de proteger el medio ambiente con nuestra gama de calzado ecol\u00f3gico: zapatos sostenibles y veganos.\" \/>\n<meta property=\"og:url\" content=\"https:\/\/shoesforcrews.pro\/es\/soluciones-calzado-laboral\/zapatos-veganos-sostenibles\/\" \/>\n<meta property=\"og:site_name\" content=\"Shoes For Crews ES\" \/>\n<meta property=\"article:modified_time\" content=\"2025-09-23T08:25:10+00:00\" \/>\n<meta name=\"twitter:card\" content=\"summary_large_image\" \/>\n<meta name=\"twitter:label1\" content=\"Tiempo de lectura\" \/>\n\t<meta name=\"twitter:data1\" content=\"9 minutos\" \/>\n<script type=\"application\/ld+json\" class=\"yoast-schema-graph\">{\"@context\":\"https:\/\/schema.org\",\"@graph\":[{\"@type\":\"WebPage\",\"@id\":\"https:\/\/shoesforcrews.pro\/es\/soluciones-calzado-laboral\/zapatos-veganos-sostenibles\/\",\"url\":\"https:\/\/shoesforcrews.pro\/es\/soluciones-calzado-laboral\/zapatos-veganos-sostenibles\/\",\"name\":\"Zapatos veganos y sostenibles para profesionales | SFC\",\"isPartOf\":{\"@id\":\"https:\/\/shoesforcrews.pro\/es\/#website\"},\"datePublished\":\"2023-02-02T16:06:22+00:00\",\"dateModified\":\"2025-09-23T08:25:10+00:00\",\"description\":\"Mant\u00e9n a tu personal c\u00f3modo sin dejar de proteger el medio ambiente con nuestra gama de calzado ecol\u00f3gico: zapatos sostenibles y veganos.\",\"breadcrumb\":{\"@id\":\"https:\/\/shoesforcrews.pro\/es\/soluciones-calzado-laboral\/zapatos-veganos-sostenibles\/#breadcrumb\"},\"inLanguage\":\"es\",\"potentialAction\":[{\"@type\":\"ReadAction\",\"target\":[\"https:\/\/shoesforcrews.pro\/es\/soluciones-calzado-laboral\/zapatos-veganos-sostenibles\/\"]}]},{\"@type\":\"BreadcrumbList\",\"@id\":\"https:\/\/shoesforcrews.pro\/es\/soluciones-calzado-laboral\/zapatos-veganos-sostenibles\/#breadcrumb\",\"itemListElement\":[{\"@type\":\"ListItem\",\"position\":1,\"name\":\"Volver\",\"item\":\"https:\/\/shoesforcrews.pro\/es\/blog-seguridad-salud-trabajo\/\"},{\"@type\":\"ListItem\",\"position\":2,\"name\":\"Calzado laboral\",\"item\":\"https:\/\/shoesforcrews.pro\/es\/soluciones-calzado-laboral\/\"},{\"@type\":\"ListItem\",\"position\":3,\"name\":\"Sustainable &#038; Vegan Shoes: When Quality Meets Sustainability\"}]},{\"@type\":\"WebSite\",\"@id\":\"https:\/\/shoesforcrews.pro\/es\/#website\",\"url\":\"https:\/\/shoesforcrews.pro\/es\/\",\"name\":\"Shoes For Crews ES\",\"description\":\"\",\"publisher\":{\"@id\":\"https:\/\/shoesforcrews.pro\/es\/#organization\"},\"potentialAction\":[{\"@type\":\"SearchAction\",\"target\":{\"@type\":\"EntryPoint\",\"urlTemplate\":\"https:\/\/shoesforcrews.pro\/es\/?s={search_term_string}\"},\"query-input\":{\"@type\":\"PropertyValueSpecification\",\"valueRequired\":true,\"valueName\":\"search_term_string\"}}],\"inLanguage\":\"es\"},{\"@type\":\"Organization\",\"@id\":\"https:\/\/shoesforcrews.pro\/es\/#organization\",\"name\":\"Shoes For Crews ES\",\"url\":\"https:\/\/shoesforcrews.pro\/es\/\",\"logo\":{\"@type\":\"ImageObject\",\"inLanguage\":\"es\",\"@id\":\"https:\/\/shoesforcrews.pro\/es\/#\/schema\/logo\/image\/\",\"url\":\"https:\/\/shoesforcrews.pro\/es\/wp-content\/uploads\/2025\/11\/SFC-LOGO-2025_NAVY-1.png\",\"contentUrl\":\"https:\/\/shoesforcrews.pro\/es\/wp-content\/uploads\/2025\/11\/SFC-LOGO-2025_NAVY-1.png\",\"caption\":\"Shoes For Crews ES\"},\"image\":{\"@id\":\"https:\/\/shoesforcrews.pro\/es\/#\/schema\/logo\/image\/\"}}]}<\/script>\n<!-- \/ Yoast SEO plugin. -->","yoast_head_json":{"title":"Zapatos veganos y sostenibles para profesionales | SFC","description":"Mant\u00e9n a tu personal c\u00f3modo sin dejar de proteger el medio ambiente con nuestra gama de calzado ecol\u00f3gico: zapatos sostenibles y veganos.","robots":{"index":"index","follow":"follow","max-snippet":"max-snippet:-1","max-image-preview":"max-image-preview:large","max-video-preview":"max-video-preview:-1"},"canonical":"https:\/\/shoesforcrews.pro\/es\/soluciones-calzado-laboral\/zapatos-veganos-sostenibles\/","og_locale":"es_ES","og_type":"article","og_title":"Zapatos veganos y sostenibles para profesionales | SFC","og_description":"Mant\u00e9n a tu personal c\u00f3modo sin dejar de proteger el medio ambiente con nuestra gama de calzado ecol\u00f3gico: zapatos sostenibles y veganos.","og_url":"https:\/\/shoesforcrews.pro\/es\/soluciones-calzado-laboral\/zapatos-veganos-sostenibles\/","og_site_name":"Shoes For Crews ES","article_modified_time":"2025-09-23T08:25:10+00:00","twitter_card":"summary_large_image","twitter_misc":{"Tiempo de lectura":"9 minutos"},"schema":{"@context":"https:\/\/schema.org","@graph":[{"@type":"WebPage","@id":"https:\/\/shoesforcrews.pro\/es\/soluciones-calzado-laboral\/zapatos-veganos-sostenibles\/","url":"https:\/\/shoesforcrews.pro\/es\/soluciones-calzado-laboral\/zapatos-veganos-sostenibles\/","name":"Zapatos veganos y sostenibles para profesionales | SFC","isPartOf":{"@id":"https:\/\/shoesforcrews.pro\/es\/#website"},"datePublished":"2023-02-02T16:06:22+00:00","dateModified":"2025-09-23T08:25:10+00:00","description":"Mant\u00e9n a tu personal c\u00f3modo sin dejar de proteger el medio ambiente con nuestra gama de calzado ecol\u00f3gico: zapatos sostenibles y veganos.","breadcrumb":{"@id":"https:\/\/shoesforcrews.pro\/es\/soluciones-calzado-laboral\/zapatos-veganos-sostenibles\/#breadcrumb"},"inLanguage":"es","potentialAction":[{"@type":"ReadAction","target":["https:\/\/shoesforcrews.pro\/es\/soluciones-calzado-laboral\/zapatos-veganos-sostenibles\/"]}]},{"@type":"BreadcrumbList","@id":"https:\/\/shoesforcrews.pro\/es\/soluciones-calzado-laboral\/zapatos-veganos-sostenibles\/#breadcrumb","itemListElement":[{"@type":"ListItem","position":1,"name":"Volver","item":"https:\/\/shoesforcrews.pro\/es\/blog-seguridad-salud-trabajo\/"},{"@type":"ListItem","position":2,"name":"Calzado laboral","item":"https:\/\/shoesforcrews.pro\/es\/soluciones-calzado-laboral\/"},{"@type":"ListItem","position":3,"name":"Sustainable &#038; Vegan Shoes: When Quality Meets Sustainability"}]},{"@type":"WebSite","@id":"https:\/\/shoesforcrews.pro\/es\/#website","url":"https:\/\/shoesforcrews.pro\/es\/","name":"Shoes For Crews ES","description":"","publisher":{"@id":"https:\/\/shoesforcrews.pro\/es\/#organization"},"potentialAction":[{"@type":"SearchAction","target":{"@type":"EntryPoint","urlTemplate":"https:\/\/shoesforcrews.pro\/es\/?s={search_term_string}"},"query-input":{"@type":"PropertyValueSpecification","valueRequired":true,"valueName":"search_term_string"}}],"inLanguage":"es"},{"@type":"Organization","@id":"https:\/\/shoesforcrews.pro\/es\/#organization","name":"Shoes For Crews ES","url":"https:\/\/shoesforcrews.pro\/es\/","logo":{"@type":"ImageObject","inLanguage":"es","@id":"https:\/\/shoesforcrews.pro\/es\/#\/schema\/logo\/image\/","url":"https:\/\/shoesforcrews.pro\/es\/wp-content\/uploads\/2025\/11\/SFC-LOGO-2025_NAVY-1.png","contentUrl":"https:\/\/shoesforcrews.pro\/es\/wp-content\/uploads\/2025\/11\/SFC-LOGO-2025_NAVY-1.png","caption":"Shoes For Crews ES"},"image":{"@id":"https:\/\/shoesforcrews.pro\/es\/#\/schema\/logo\/image\/"}}]}},"_links":{"self":[{"href":"https:\/\/shoesforcrews.pro\/es\/wp-json\/wp\/v2\/pages\/469"}],"collection":[{"href":"https:\/\/shoesforcrews.pro\/es\/wp-json\/wp\/v2\/pages"}],"about":[{"href":"https:\/\/shoesforcrews.pro\/es\/wp-json\/wp\/v2\/types\/page"}],"author":[{"embeddable":true,"href":"https:\/\/shoesforcrews.pro\/es\/wp-json\/wp\/v2\/users\/1"}],"replies":[{"embeddable":true,"href":"https:\/\/shoesforcrews.pro\/es\/wp-json\/wp\/v2\/comments?post=469"}],"version-history":[{"count":17,"href":"https:\/\/shoesforcrews.pro\/es\/wp-json\/wp\/v2\/pages\/469\/revisions"}],"predecessor-version":[{"id":1720,"href":"https:\/\/shoesforcrews.pro\/es\/wp-json\/wp\/v2\/pages\/469\/revisions\/1720"}],"up":[{"embeddable":true,"href":"https:\/\/shoesforcrews.pro\/es\/wp-json\/wp\/v2\/pages\/42"}],"wp:attachment":[{"href":"https:\/\/shoesforcrews.pro\/es\/wp-json\/wp\/v2\/media?parent=469"}],"curies":[{"name":"wp","href":"https:\/\/api.w.org\/{rel}","templated":true}]}}