{"id":42,"date":"2022-07-05T13:25:57","date_gmt":"2022-07-05T13:25:57","guid":{"rendered":"https:\/\/shoesforcrews.pro\/es\/?page_id=42"},"modified":"2025-11-20T10:12:03","modified_gmt":"2025-11-20T10:12:03","slug":"soluciones-calzado-laboral","status":"publish","type":"page","link":"https:\/\/shoesforcrews.pro\/es\/soluciones-calzado-laboral\/","title":{"rendered":"Calzado laboral"},"content":{"rendered":"<p>[vc_row full_width=\u00bbstretch_row\u00bb css=\u00bb.vc_custom_1763633492527{background-color: #eaebe2 !important;}\u00bb][vc_column width=\u00bb1\/3&#8243;]<div class=\"vc-image-text--icon--left--80-20\"><div class=\"vc-image-text__image-container\"><img decoding=\"async\" class=\"vc-image-text__image\" src=\"https:\/\/shoesforcrews.pro\/es\/wp-content\/uploads\/2025\/11\/checkmark.webp\" alt=\"\" title=\"\" \/><\/div><div class=\"vc-image-text__text\"><p>Ret\u00e9n a tu personal<\/p><\/div><\/div>[\/vc_column][vc_column width=\u00bb1\/3&#8243;]<div class=\"vc-image-text--icon--left--80-20\"><div class=\"vc-image-text__image-container\"><img decoding=\"async\" class=\"vc-image-text__image\" src=\"https:\/\/shoesforcrews.pro\/es\/wp-content\/uploads\/2025\/11\/checkmark.webp\" alt=\"\" title=\"\" \/><\/div><div class=\"vc-image-text__text\"><p>Ventaja competitiva a la hora de reclutar<\/p><\/div><\/div>[\/vc_column][vc_column width=\u00bb1\/3&#8243;]<div class=\"vc-image-text--icon--left--80-20\"><div class=\"vc-image-text__image-container\"><img decoding=\"async\" class=\"vc-image-text__image\" src=\"https:\/\/shoesforcrews.pro\/es\/wp-content\/uploads\/2025\/11\/checkmark.webp\" alt=\"\" title=\"\" \/><\/div><div class=\"vc-image-text__text\"><p>Reducci\u00f3n de los accidentes por resbalones y ca\u00eddas<\/p><\/div><\/div>[\/vc_column][\/vc_row][vc_row css_animation=\u00bbfadeIn\u00bb][vc_column width=\u00bb1\/2&#8243;][vc_column_text]<\/p>\n<h2><span style=\"font-size: 18pt;\">Prev\u00e9n resbalones y ca\u00eddas en el lugar de trabajo y evita gastos adicionales con nuestros zapatos antideslizantes<\/span><\/h2>\n<hr \/>\n<p><span style=\"font-weight: 400;\">Protege a tu equipo llevando a cabo una iniciativa proactiva de seguridad y antiresbalones.<\/span><\/p>\n<p><span style=\"font-weight: 400;\">Trabaja de la mano de Shoes For Crews y empieza una iniciativa de calzado de trabajo en tu empresa. <\/span><b>Est\u00e1 demostrado que nuestras soluciones de calzado laboral reducen hasta el 80\u00a0% de los resbalones y ca\u00eddas de los empleados<\/b><span style=\"font-weight: 400;\">, la principal causa de las reclamaciones de indemnizaci\u00f3n por parte de los trabajadores. Nuestro calzado antideslizante y de seguridad ofrece protecci\u00f3n para tu empresa, tus empleados y tus beneficios al combatir los efectos devastadores de los accidentes laborales.<\/span><\/p>\n<p>[\/vc_column_text][\/vc_column][vc_column width=\u00bb1\/2&#8243;][vc_single_image image=\u00bb162&#8243; img_size=\u00bbfull\u00bb alignment=\u00bbcenter\u00bb][\/vc_column][\/vc_row][vc_row css_animation=\u00bbfadeIn\u00bb][vc_column]<div class='vc-icon-text'><div class='vc-icon-text__container'><div class='vc-icon-text__text_container'><p class='vc-icon-text__text'>La Comisi\u00f3n Europea calcula que los accidentes laborales en la UE suponen p\u00e9rdidas anuales de m\u00e1s del 3,3 % del PIB de la UE (alrededor de 460.000 millones de euros en 2019).<\/p><\/div><\/div><div class='vc-icon-text__container'><div class='vc-icon-text__text_container'><p class='vc-icon-text__text'>El marco estrat\u00e9gico de la UE sobre seguridad y salud en el trabajo 2021-2027 aprobado por Bruselas a\u00f1ade que, \u00abaunque el coste para el bienestar sobre el que se sustentan estas cifras no se puede cuantificar, por cada euro invertido en salud y seguridad en el trabajo la ganancia que obtiene el empleador es en torno al doble\u00bb. <\/p><\/div><\/div><div class='vc-icon-text__container'><div class='vc-icon-text__text_container'><p class='vc-icon-text__text'>Cuando se produce un accidente, adem\u00e1s del importante impacto financiero, es clave tener en cuenta el efecto sobre los empleados y sus familias.<\/p><\/div><\/div><\/div>[vc_empty_space][vc_btn title=\u00bb\u00a1Contacta con nosotros!\u00bb style=\u00bbcustom\u00bb custom_background=\u00bb#21293C\u00bb custom_text=\u00bb#ffffff\u00bb shape=\u00bbround\u00bb align=\u00bbcenter\u00bb button_block=\u00bbtrue\u00bb css=\u00bb.vc_custom_1728918541659{padding-right: 30% !important;padding-left: 30% !important;}\u00bb link=\u00bburl:https%3A%2F%2Fshoesforcrews.pro%2Fes%2Fcontacto%2F|title:Contact|target:_blank\u00bb][\/vc_column][\/vc_row][vc_row equal_height=\u00bbyes\u00bb css_animation=\u00bbfadeIn\u00bb css=\u00bb.vc_custom_1731927968108{margin-bottom: 0px !important;border-bottom-width: 0px !important;padding-bottom: 0px !important;}\u00bb][vc_column width=\u00bb1\/2&#8243;][vc_column_text]<\/p>\n<h2><span style=\"font-size: 18pt;\">Gestiona tu iniciativa de calzado laboral con facilidad<\/span><\/h2>\n<hr \/>\n<p><span style=\"font-weight: 400;\">Gestionar su propia iniciativa de calzado de trabajo puede ser todo un reto; Una sus fuerzas con los expertos de Shoes For Crews y empecemos a luchar juntos contra los resbalones y ca\u00eddas en el lugar de trabajo.<\/span><\/p>\n<p><span style=\"font-weight: 400;\">Al poner en marcha una iniciativa de calzado laboral de seguridad, proteger\u00e1s a tus empleados proporcion\u00e1ndoles el calzado adecuado, adem\u00e1s de promover una s\u00f3lida cultura de seguridad empresarial sin complicarse la vida.<\/span><\/p>\n<p>[\/vc_column_text][\/vc_column][vc_column width=\u00bb1\/2&#8243;][vc_single_image image=\u00bb1524&#8243; img_size=\u00bblarge\u00bb alignment=\u00bbcenter\u00bb][\/vc_column][\/vc_row][vc_row full_width=\u00bbstretch_row\u00bb css_animation=\u00bbfadeIn\u00bb][vc_column][vc_column_text]<\/p>\n<h2 style=\"text-align: center;\"><span style=\"font-size: 18pt;\">Opciones para empresas<\/span><\/h2>\n<p>[\/vc_column_text][vc_separator][vc_tta_accordion section_title_tag=\u00bbh3&#8243; color=\u00bbwhite\u00bb active_section=\u00bb999&#8243; no_fill=\u00bbtrue\u00bb collapsible_all=\u00bbtrue\u00bb][vc_tta_section title=\u00bbPago completo por parte de la empresa\u00bb tab_id=\u00bb1656407163938-57364a93-a35f\u00bb][vc_column_text]<strong>Detalles:<\/strong> <span style=\"font-weight: 400;\">Las empresas abonan el coste completo de los zapatos antideslizantes a un precio competitivo.<\/span><\/p>\n<p><strong>Opciones de Entrega: <\/strong><span style=\"font-weight: 400;\">Contenedor &#8211; <\/span><span style=\"font-weight: 400;\">Pal\u00e9s &#8211; <\/span><span style=\"font-weight: 400;\">Paquetes<\/span><\/p>\n<p><strong>Ventajas para el empleado y la empresa:<\/strong><\/p>\n<ul>\n<li><span style=\"font-weight: 400;\">Ahorro de costes gracias a nuestras tarifas competitivas para los planes de calzado de seguridad para empresas<\/span><\/li>\n<li><span style=\"font-weight: 400;\">Satisfacci\u00f3n de los empleados<\/span><\/li>\n<li><span style=\"font-weight: 400;\">Reducci\u00f3n de las reclamaciones y las lesiones por resbalones<\/span><\/li>\n<li><span style=\"font-weight: 400;\">Mejora de la seguridad<\/span><\/li>\n<li><span style=\"font-weight: 400;\">Protecci\u00f3n de los trabajadores<\/span><\/li>\n<li><span style=\"font-weight: 400;\">Colaboraci\u00f3n con la empresa l\u00edder en calzado de seguridad y antideslizante desde 1984<\/span><\/li>\n<li>Autoservicio pr\u00e1ctico<\/li>\n<\/ul>\n<p>[\/vc_column_text][\/vc_tta_section][vc_tta_section title=\u00bbPrestaciones de empleados\u00bb tab_id=\u00bb1656407454589-555b8ab4-9607&#8243;][vc_column_text]<strong>Detalles:<\/strong> <span style=\"font-weight: 400;\">Los empleados pagan por su propio calzado a un precio competitivo a trav\u00e9s de una p\u00e1gina web de empresa personalizada que creamos para usted.<\/span><\/p>\n<p><strong>Opciones de Entrega: <\/strong><span style=\"font-weight: 400;\">Paquete<\/span><\/p>\n<p><strong>Ventajas para el empleado y la empresa:<\/strong><\/p>\n<ul>\n<li><span style=\"font-weight: 400;\">Ahorro de costes gracias a nuestras tarifas competitivas para los planes de calzado de seguridad para empresas<\/span><\/li>\n<li><span style=\"font-weight: 400;\">Satisfacci\u00f3n de los empleados<\/span><\/li>\n<li><span style=\"font-weight: 400;\">Reducci\u00f3n de las reclamaciones y las lesiones por resbalones<\/span><\/li>\n<li><span style=\"font-weight: 400;\">Mejora de la seguridad<\/span><\/li>\n<li><span style=\"font-weight: 400;\">Protecci\u00f3n de los trabajadores<\/span><\/li>\n<li><span style=\"font-weight: 400;\">Colaboraci\u00f3n con la empresa l\u00edder en calzado de seguridad y antideslizante desde 1984<\/span><\/li>\n<li>Autoservicio pr\u00e1ctico<\/li>\n<\/ul>\n<p>[\/vc_column_text][\/vc_tta_section][\/vc_tta_accordion][vc_column_text]<span style=\"font-weight: 400; font-size: 8pt;\">*La reducci\u00f3n esperada de resbalones y ca\u00eddas es del 80\u00a0% multiplicado por el porcentaje medio de participaci\u00f3n. Son muchos los factores que contribuyen al ahorro de costes que se puede conseguir al poner en marcha una iniciativa de calzado laboral. El m\u00e1s importante es la tasa de participaci\u00f3n (% de empleados con calzado de Shoes for Crews) que se consiga. Entre los factores que pueden contribuir a los resbalones y las ca\u00eddas tenemos: empleados nuevos \/ en su primer d\u00eda, empleados que tropiezan con objetos y empleados que llevan calzado de Shoes For Crews de m\u00e1s de 6 meses de antig\u00fcedad. Estas son estimaciones basadas en datos reales de los clientes. Los resultados pueden variar.<\/span>[\/vc_column_text][\/vc_column][\/vc_row][vc_row full_width=\u00bbstretch_row\u00bb css_animation=\u00bbfadeIn\u00bb][vc_column][vc_column_text]<\/p>\n<h2 style=\"text-align: center;\"><span style=\"font-size: 18pt;\">\u00bfCu\u00e1les son las ventajas de elegir a Shoes For Crews para el calzado laboral?<\/span><\/h2>\n<p>[\/vc_column_text][vc_separator][vc_tta_accordion section_title_tag=\u00bbh3&#8243; color=\u00bbwhite\u00bb active_section=\u00bb999&#8243; no_fill=\u00bbtrue\u00bb collapsible_all=\u00bbtrue\u00bb][vc_tta_section title=\u00bbConsigue un par de zapatos gratis*\u00bb tab_id=\u00bb1691046610154-4f257710-4f16&#8243;][vc_column_text]<span style=\"font-weight: 400;\">La mejor manera de ver todas las ventajas y beneficios que ofrece nuestro calzado antideslizante es prob\u00e1ndolo.<\/span><\/p>\n<p><strong><a href=\"https:\/\/shoesforcrews.pro\/es\/contacto\/\" target=\"_blank\" rel=\"noopener\" hreflang=\"es\" ><span style=\"color: #0096b8;\">Ponte en contacto con nosotros<\/span><\/a> y aumenta la seguridad de tu lugar de trabajo desde hoy mismo.<\/strong>[\/vc_column_text][\/vc_tta_section][vc_tta_section title=\u00bbSoporte personalizado\u00bb tab_id=\u00bb1691046610222-f4e2a6d6-4f63&#8243;][vc_column_text]<span style=\"font-weight: 400;\">Al poner en marcha una iniciativa de calzado laboral con nosotros, tendr\u00e1s acceso a nuestros expertos gestores de cuentas, los cuales te ayudar\u00e1n a encontrar el calzado que mejor se adapte a las necesidades de tu empresa.<\/span><\/p>\n<p><b>Ventajas de nuestro enfoque de soporte personalizado:<\/b><\/p>\n<ul>\n<li aria-level=\"1\"><b>Soporte de marketing:\u00a0<\/b><\/li>\n<\/ul>\n<p><span style=\"font-weight: 400;\">Utiliza un material de marketing personalizable y comp\u00e1rtelo con tus empleados para sensibilizarles y concienciarles sobre aspectos de seguridad y aumentar tu tasa de participaci\u00f3n.<\/span><\/p>\n<ul>\n<li aria-level=\"1\"><b>Comunicaciones por correo electr\u00f3nico:\u00a0<\/b><\/li>\n<\/ul>\n<p><span style=\"font-weight: 400;\">Mantente al d\u00eda con nuestras comunicaciones mensuales sobre \u00faltimas novedades en producto y promociones exclusivas.<\/span><\/p>\n<ul>\n<li aria-level=\"1\"><b>Elaboraci\u00f3n de informes<\/b><\/li>\n<\/ul>\n<p><span style=\"font-weight: 400;\">Nuestro equipo puede ayudarte a dar seguimiento a los niveles de cumplimiento de su iniciativa de calzado para que puedas tomar decisiones m\u00e1s informadas y basadas en datos sobre la seguridad de tu empresa.<\/span>[\/vc_column_text][\/vc_tta_section][vc_tta_section title=\u00bbPortal de pedidos en l\u00ednea\u00bb tab_id=\u00bb1691046610287-c39e4a31-bb24&#8243;][vc_column_text]<span style=\"font-weight: 400;\">Simplifica el proceso de pedido de calzado para tu equipo gracias a nuestro c\u00f3modo portal de pedidos online. Al contratar una cuenta de calzado de seguridad para empresas, trabajaremos contigo para crear un sitio web personalizado para tus empleados. En el sitio web de pedidos personalizado, tus empleados podr\u00e1n pedir calzado a precios preferenciales.<\/span><\/p>\n<p><b>Ventajas del portal de pedidos personalizado:<\/b><\/p>\n<ul>\n<li aria-level=\"1\"><b>Sistema de autorizaci\u00f3n por parte del m\u00e1nager:<\/b><\/li>\n<\/ul>\n<p><span style=\"font-weight: 400;\">Gestiona y supervisa las compras de calzado por parte de tus empleados sin complicaciones administrativas. Los empleados simplemente seleccionan un zapato en l\u00ednea y su m\u00e1nager recibe una notificaci\u00f3n por correo electr\u00f3nico o a trav\u00e9s del portal en l\u00ednea para aprobar el pedido.<\/span><\/p>\n<ul>\n<li aria-level=\"1\"><b>Historial y estado de los pedidos:<\/b><\/li>\n<\/ul>\n<p><span style=\"font-weight: 400;\">Revisa el historial de sus pedidos y sigue el estado de tus pedidos actuales para estar al d\u00eda de las compras de tu empresa.<\/span><\/p>\n<ul>\n<li aria-level=\"1\"><b>Simplifica el proceso de pedido para tu empresa y tus empleados:\u00a0<\/b><\/li>\n<\/ul>\n<p><span style=\"font-weight: 400;\">El portal de pedidos en l\u00ednea de tu empresa te permitir\u00e1, como empresario, realizar r\u00e1pidamente pedidos de calzado de seguridad y antideslizante con una factura de pago, mientras que tus empleados podr\u00e1n hacer c\u00f3modamente sus pedidos a precios competitivos mediante tarjeta de cr\u00e9dito o PayPal.<\/span>[\/vc_column_text][\/vc_tta_section][\/vc_tta_accordion][\/vc_column][\/vc_row][vc_row css_animation=\u00bbfadeIn\u00bb][vc_column][vc_column_text]<\/p>\n<h2 style=\"text-align: center;\"><span style=\"font-size: 18pt;\">Seguridad en la que puedes confiar con la tecnolog\u00eda de suela antideslizante l\u00edder en el sector<\/span><\/h2>\n<p>[\/vc_column_text][vc_separator color=\u00bbcustom\u00bb accent_color=\u00bb#7c7c7c\u00bb][vc_row_inner][vc_column_inner width=\u00bb1\/2&#8243;][vc_column_text]<span style=\"font-weight: 400;\">A\u00f1o tras a\u00f1o, nuestro calzado de trabajo y seguridad supera los est\u00e1ndares m\u00e1s estrictos en materia de resistencia ante resbalones. <\/span><b>El secreto de nuestro \u00e9xito es nuestra suela antideslizante patentada<\/b><span style=\"font-weight: 400;\">, dise\u00f1ada para proporcionar una potente tracci\u00f3n que previene resbalones y ca\u00eddas.<\/span><\/p>\n<h3><span style=\"font-weight: 400;\">Estos son los motivos por los que nuestro calzado de trabajo y seguridad sigue siendo m\u00e1s l\u00edder que nunca:<\/span><\/h3>\n<ul>\n<li style=\"font-weight: 400;\" aria-level=\"1\"><span style=\"font-weight: 400;\">Tecnolog\u00eda punta de fabricaci\u00f3n de moldes CnC<\/span><\/li>\n<li style=\"font-weight: 400;\" aria-level=\"1\"><span style=\"font-weight: 400;\">Protocolos de pruebas reconocidos internacionalmente<\/span><\/li>\n<li style=\"font-weight: 400;\" aria-level=\"1\"><span style=\"font-weight: 400;\">Dise\u00f1o exclusivo de nuestra suela<\/span><\/li>\n<\/ul>\n<p>[\/vc_column_text][\/vc_column_inner][vc_column_inner width=\u00bb1\/2&#8243;][vc_video link=\u00bbhttps:\/\/www.youtube.com\/watch?v=58Sv0x5aL-c\u00bb css=\u00bb.vc_custom_1652874861371{padding-top: 20px !important;}\u00bb][\/vc_column_inner][\/vc_row_inner][vc_btn title=\u00bbNuestra tecnolog\u00eda\u00bb style=\u00bbcustom\u00bb custom_background=\u00bb#21293C\u00bb custom_text=\u00bb#ffffff\u00bb shape=\u00bbround\u00bb size=\u00bblg\u00bb align=\u00bbcenter\u00bb link=\u00bburl:https%3A%2F%2Fshoesforcrews.pro%2Fes%2Fnuestra-tecnologia-seguridad%2F|title:Contact\u00bb][\/vc_column][\/vc_row][vc_row full_width=\u00bbstretch_row\u00bb equal_height=\u00bbyes\u00bb css_animation=\u00bbfadeIn\u00bb enable_fixed_background=\u00bbtrue\u00bb css=\u00bb.vc_custom_1731927999717{background-image: url(https:\/\/shoesforcrews.pro\/wp-content\/uploads\/2022\/06\/increase-safety-shoes-for-crews.jpg?id=1232) !important;background-position: center !important;background-repeat: no-repeat !important;background-size: cover !important;}\u00bb][vc_column][vc_column_text]<\/p>\n<div class=\"vc_wp_text wpb_content_element\">\n<div class=\"widget widget_text\">\n<div class=\"textwidget\">\n<h3 style=\"text-align: center;\"><span style=\"font-size: 18pt; color: #ffffff;\">\u00a1Contacta con nosotros!<\/span><\/h3>\n<p style=\"text-align: center;\"><span style=\"color: #ffffff;\">Te ayudaremos a encontrar el calzado adecuado para tus empleados. Tambi\u00e9n te proporcionaremos el apoyo necesario para\u00a0<b>alcanzar tus objetivos de seguridad con estilo y sensibilizar a tu equipo.<\/b><\/span><\/p>\n<\/div>\n<\/div>\n<\/div>\n<p>[\/vc_column_text][vc_column_text]\n\t\t\t\t\t\t<script>\n\t\t\t\t\t\t\twindow.hsFormsOnReady = window.hsFormsOnReady || [];\n\t\t\t\t\t\t\twindow.hsFormsOnReady.push(()=>{\n\t\t\t\t\t\t\t\thbspt.forms.create({\n\t\t\t\t\t\t\t\t\tportalId: 487275,\n\t\t\t\t\t\t\t\t\tformId: \"f1d1be4d-8c4f-44ff-b86c-bf377cd55d42\",\n\t\t\t\t\t\t\t\t\ttarget: \"#hbspt-form-1776207039000-2726452631\",\n\t\t\t\t\t\t\t\t\tregion: \"eu1\",\n\t\t\t\t\t\t\t\t\t\n\t\t\t\t\t\t\t})});\n\t\t\t\t\t\t<\/script>\n\t\t\t\t\t\t<div class=\"hbspt-form\" id=\"hbspt-form-1776207039000-2726452631\"><\/div>[\/vc_column_text][vc_column_text]<span style=\"font-size: 10pt; color: #ffffff;\">*Shoes For Crews (Europe) Ltd. se reserva el derecho de evaluar tu solicitud y tu proyecto profesional antes de aceptar tu petici\u00f3n de un par de zapatos gratis. Ten en cuenta que esta oferta no es v\u00e1lida para clientes minoristas y clientes actuales de Shoes For Crews; tambi\u00e9n excluye el calzado PUMA SAFETY.<\/span>[\/vc_column_text][\/vc_column][\/vc_row]<\/p>\n","protected":false},"excerpt":{"rendered":"<p>[vc_row full_width=\u00bbstretch_row\u00bb css=\u00bb.vc_custom_1763633492527{background-color: #eaebe2 !important;}\u00bb][vc_column width=\u00bb1\/3&#8243;][\/vc_column][vc_column width=\u00bb1\/3&#8243;][\/vc_column][vc_column width=\u00bb1\/3&#8243;][\/vc_column][\/vc_row][vc_row css_animation=\u00bbfadeIn\u00bb][vc_column width=\u00bb1\/2&#8243;][vc_column_text] Prev\u00e9n resbalones y ca\u00eddas en el lugar de trabajo y evita gastos adicionales con nuestros zapatos antideslizantes Protege a tu equipo llevando a cabo una iniciativa proactiva de seguridad y antiresbalones. Trabaja de la mano de Shoes For Crews y empieza una iniciativa de calzado [&hellip;]<\/p>\n","protected":false},"author":1,"featured_media":0,"parent":0,"menu_order":3,"comment_status":"closed","ping_status":"closed","template":"tpl-landing-page.php","meta":{"content-type":"","footnotes":""},"class_list":["post-42","page","type-page","status-publish","hentry"],"yoast_head":"<!-- This site is optimized with the Yoast SEO plugin v25.6 - https:\/\/yoast.com\/wordpress\/plugins\/seo\/ -->\n<title>Soluciones de calzado laboral y de seguridad | SFC<\/title>\n<meta name=\"description\" content=\"Deja que nuestros expertos en calzado de trabajo te ayuden a prevenir resbalones y ca\u00eddas, reduciendo los accidentes laborales de tu personal hasta un 80%.\" \/>\n<meta name=\"robots\" content=\"index, follow, max-snippet:-1, max-image-preview:large, max-video-preview:-1\" \/>\n<link rel=\"canonical\" href=\"https:\/\/shoesforcrews.pro\/es\/soluciones-calzado-laboral\/\" \/>\n<meta property=\"og:locale\" content=\"es_ES\" \/>\n<meta property=\"og:type\" content=\"article\" \/>\n<meta property=\"og:title\" content=\"Soluciones de calzado laboral y de seguridad | SFC\" \/>\n<meta property=\"og:description\" content=\"Deja que nuestros expertos en calzado de trabajo te ayuden a prevenir resbalones y ca\u00eddas, reduciendo los accidentes laborales de tu personal hasta un 80%.\" \/>\n<meta property=\"og:url\" content=\"https:\/\/shoesforcrews.pro\/es\/soluciones-calzado-laboral\/\" \/>\n<meta property=\"og:site_name\" content=\"Shoes For Crews ES\" \/>\n<meta property=\"article:modified_time\" content=\"2025-11-20T10:12:03+00:00\" \/>\n<meta name=\"twitter:card\" content=\"summary_large_image\" \/>\n<meta name=\"twitter:label1\" content=\"Tiempo de lectura\" \/>\n\t<meta name=\"twitter:data1\" content=\"7 minutos\" \/>\n<script type=\"application\/ld+json\" class=\"yoast-schema-graph\">{\"@context\":\"https:\/\/schema.org\",\"@graph\":[{\"@type\":\"WebPage\",\"@id\":\"https:\/\/shoesforcrews.pro\/es\/soluciones-calzado-laboral\/\",\"url\":\"https:\/\/shoesforcrews.pro\/es\/soluciones-calzado-laboral\/\",\"name\":\"Soluciones de calzado laboral y de seguridad | SFC\",\"isPartOf\":{\"@id\":\"https:\/\/shoesforcrews.pro\/es\/#website\"},\"datePublished\":\"2022-07-05T13:25:57+00:00\",\"dateModified\":\"2025-11-20T10:12:03+00:00\",\"description\":\"Deja que nuestros expertos en calzado de trabajo te ayuden a prevenir resbalones y ca\u00eddas, reduciendo los accidentes laborales de tu personal hasta un 80%.\",\"breadcrumb\":{\"@id\":\"https:\/\/shoesforcrews.pro\/es\/soluciones-calzado-laboral\/#breadcrumb\"},\"inLanguage\":\"es\",\"potentialAction\":[{\"@type\":\"ReadAction\",\"target\":[\"https:\/\/shoesforcrews.pro\/es\/soluciones-calzado-laboral\/\"]}]},{\"@type\":\"BreadcrumbList\",\"@id\":\"https:\/\/shoesforcrews.pro\/es\/soluciones-calzado-laboral\/#breadcrumb\",\"itemListElement\":[{\"@type\":\"ListItem\",\"position\":1,\"name\":\"Volver\",\"item\":\"https:\/\/shoesforcrews.pro\/es\/blog-seguridad-salud-trabajo\/\"},{\"@type\":\"ListItem\",\"position\":2,\"name\":\"Calzado laboral\"}]},{\"@type\":\"WebSite\",\"@id\":\"https:\/\/shoesforcrews.pro\/es\/#website\",\"url\":\"https:\/\/shoesforcrews.pro\/es\/\",\"name\":\"Shoes For Crews ES\",\"description\":\"\",\"publisher\":{\"@id\":\"https:\/\/shoesforcrews.pro\/es\/#organization\"},\"potentialAction\":[{\"@type\":\"SearchAction\",\"target\":{\"@type\":\"EntryPoint\",\"urlTemplate\":\"https:\/\/shoesforcrews.pro\/es\/?s={search_term_string}\"},\"query-input\":{\"@type\":\"PropertyValueSpecification\",\"valueRequired\":true,\"valueName\":\"search_term_string\"}}],\"inLanguage\":\"es\"},{\"@type\":\"Organization\",\"@id\":\"https:\/\/shoesforcrews.pro\/es\/#organization\",\"name\":\"Shoes For Crews ES\",\"url\":\"https:\/\/shoesforcrews.pro\/es\/\",\"logo\":{\"@type\":\"ImageObject\",\"inLanguage\":\"es\",\"@id\":\"https:\/\/shoesforcrews.pro\/es\/#\/schema\/logo\/image\/\",\"url\":\"https:\/\/shoesforcrews.pro\/es\/wp-content\/uploads\/2025\/11\/SFC-LOGO-2025_NAVY-1.png\",\"contentUrl\":\"https:\/\/shoesforcrews.pro\/es\/wp-content\/uploads\/2025\/11\/SFC-LOGO-2025_NAVY-1.png\",\"caption\":\"Shoes For Crews ES\"},\"image\":{\"@id\":\"https:\/\/shoesforcrews.pro\/es\/#\/schema\/logo\/image\/\"}}]}<\/script>\n<!-- \/ Yoast SEO plugin. -->","yoast_head_json":{"title":"Soluciones de calzado laboral y de seguridad | SFC","description":"Deja que nuestros expertos en calzado de trabajo te ayuden a prevenir resbalones y ca\u00eddas, reduciendo los accidentes laborales de tu personal hasta un 80%.","robots":{"index":"index","follow":"follow","max-snippet":"max-snippet:-1","max-image-preview":"max-image-preview:large","max-video-preview":"max-video-preview:-1"},"canonical":"https:\/\/shoesforcrews.pro\/es\/soluciones-calzado-laboral\/","og_locale":"es_ES","og_type":"article","og_title":"Soluciones de calzado laboral y de seguridad | SFC","og_description":"Deja que nuestros expertos en calzado de trabajo te ayuden a prevenir resbalones y ca\u00eddas, reduciendo los accidentes laborales de tu personal hasta un 80%.","og_url":"https:\/\/shoesforcrews.pro\/es\/soluciones-calzado-laboral\/","og_site_name":"Shoes For Crews ES","article_modified_time":"2025-11-20T10:12:03+00:00","twitter_card":"summary_large_image","twitter_misc":{"Tiempo de lectura":"7 minutos"},"schema":{"@context":"https:\/\/schema.org","@graph":[{"@type":"WebPage","@id":"https:\/\/shoesforcrews.pro\/es\/soluciones-calzado-laboral\/","url":"https:\/\/shoesforcrews.pro\/es\/soluciones-calzado-laboral\/","name":"Soluciones de calzado laboral y de seguridad | SFC","isPartOf":{"@id":"https:\/\/shoesforcrews.pro\/es\/#website"},"datePublished":"2022-07-05T13:25:57+00:00","dateModified":"2025-11-20T10:12:03+00:00","description":"Deja que nuestros expertos en calzado de trabajo te ayuden a prevenir resbalones y ca\u00eddas, reduciendo los accidentes laborales de tu personal hasta un 80%.","breadcrumb":{"@id":"https:\/\/shoesforcrews.pro\/es\/soluciones-calzado-laboral\/#breadcrumb"},"inLanguage":"es","potentialAction":[{"@type":"ReadAction","target":["https:\/\/shoesforcrews.pro\/es\/soluciones-calzado-laboral\/"]}]},{"@type":"BreadcrumbList","@id":"https:\/\/shoesforcrews.pro\/es\/soluciones-calzado-laboral\/#breadcrumb","itemListElement":[{"@type":"ListItem","position":1,"name":"Volver","item":"https:\/\/shoesforcrews.pro\/es\/blog-seguridad-salud-trabajo\/"},{"@type":"ListItem","position":2,"name":"Calzado laboral"}]},{"@type":"WebSite","@id":"https:\/\/shoesforcrews.pro\/es\/#website","url":"https:\/\/shoesforcrews.pro\/es\/","name":"Shoes For Crews ES","description":"","publisher":{"@id":"https:\/\/shoesforcrews.pro\/es\/#organization"},"potentialAction":[{"@type":"SearchAction","target":{"@type":"EntryPoint","urlTemplate":"https:\/\/shoesforcrews.pro\/es\/?s={search_term_string}"},"query-input":{"@type":"PropertyValueSpecification","valueRequired":true,"valueName":"search_term_string"}}],"inLanguage":"es"},{"@type":"Organization","@id":"https:\/\/shoesforcrews.pro\/es\/#organization","name":"Shoes For Crews ES","url":"https:\/\/shoesforcrews.pro\/es\/","logo":{"@type":"ImageObject","inLanguage":"es","@id":"https:\/\/shoesforcrews.pro\/es\/#\/schema\/logo\/image\/","url":"https:\/\/shoesforcrews.pro\/es\/wp-content\/uploads\/2025\/11\/SFC-LOGO-2025_NAVY-1.png","contentUrl":"https:\/\/shoesforcrews.pro\/es\/wp-content\/uploads\/2025\/11\/SFC-LOGO-2025_NAVY-1.png","caption":"Shoes For Crews ES"},"image":{"@id":"https:\/\/shoesforcrews.pro\/es\/#\/schema\/logo\/image\/"}}]}},"_links":{"self":[{"href":"https:\/\/shoesforcrews.pro\/es\/wp-json\/wp\/v2\/pages\/42"}],"collection":[{"href":"https:\/\/shoesforcrews.pro\/es\/wp-json\/wp\/v2\/pages"}],"about":[{"href":"https:\/\/shoesforcrews.pro\/es\/wp-json\/wp\/v2\/types\/page"}],"author":[{"embeddable":true,"href":"https:\/\/shoesforcrews.pro\/es\/wp-json\/wp\/v2\/users\/1"}],"replies":[{"embeddable":true,"href":"https:\/\/shoesforcrews.pro\/es\/wp-json\/wp\/v2\/comments?post=42"}],"version-history":[{"count":34,"href":"https:\/\/shoesforcrews.pro\/es\/wp-json\/wp\/v2\/pages\/42\/revisions"}],"predecessor-version":[{"id":1749,"href":"https:\/\/shoesforcrews.pro\/es\/wp-json\/wp\/v2\/pages\/42\/revisions\/1749"}],"wp:attachment":[{"href":"https:\/\/shoesforcrews.pro\/es\/wp-json\/wp\/v2\/media?parent=42"}],"curies":[{"name":"wp","href":"https:\/\/api.w.org\/{rel}","templated":true}]}}