{"id":408,"date":"2023-01-17T15:19:36","date_gmt":"2023-01-17T15:19:36","guid":{"rendered":"https:\/\/shoesforcrews.pro\/es\/?page_id=408"},"modified":"2024-07-03T09:45:16","modified_gmt":"2024-07-03T09:45:16","slug":"pedir-zapatos-ecologicos","status":"publish","type":"page","link":"https:\/\/shoesforcrews.pro\/es\/pedir-zapatos-ecologicos\/","title":{"rendered":"Get a Free Eco-Pair of Shoes!*"},"content":{"rendered":"<p>[vc_row full_width=\u00bbstretch_row\u00bb enable_fixed_background=\u00bbtrue\u00bb css=\u00bb.vc_custom_1656272057653{background-image: url(https:\/\/shoesforcrews.pro\/wp-content\/uploads\/2022\/06\/background-pattern.jpg?id=1237) !important;background-position: center !important;background-repeat: no-repeat !important;background-size: cover !important;}\u00bb][vc_column width=\u00bb1\/2&#8243;][vc_column_text]<\/p>\n<h1 style=\"text-align: left;\">\u00a1Prueba un par de zapatos sostenibles!*<\/h1>\n<p>[\/vc_column_text][vc_empty_space][vc_column_text]<\/p>\n<p style=\"text-align: center;\">\n\t\t\t\t\t\t<script>\n\t\t\t\t\t\t\twindow.hsFormsOnReady = window.hsFormsOnReady || [];\n\t\t\t\t\t\t\twindow.hsFormsOnReady.push(()=>{\n\t\t\t\t\t\t\t\thbspt.forms.create({\n\t\t\t\t\t\t\t\t\tportalId: 487275,\n\t\t\t\t\t\t\t\t\tformId: \"56e71991-4ffd-4aa7-a48f-e1239f698e7f\",\n\t\t\t\t\t\t\t\t\ttarget: \"#hbspt-form-1777996882000-6427510576\",\n\t\t\t\t\t\t\t\t\tregion: \"eu1\",\n\t\t\t\t\t\t\t\t\t\n\t\t\t\t\t\t\t})});\n\t\t\t\t\t\t<\/script>\n\t\t\t\t\t\t<div class=\"hbspt-form\" id=\"hbspt-form-1777996882000-6427510576\"><\/div>\n<p>[\/vc_column_text][\/vc_column][vc_column width=\u00bb1\/2&#8243;][vc_empty_space]<div class=\"sfc-image-carousel image-carousel\" data-slick='{\"slidesToShow\": 1, \"slidesToScroll\": 1, \"speed\": 1500, \"swipeToSlide\": true, \"autoplay\": true, \"arrows\": true}' ><div class='vc_item'><img decoding=\"async\" src=\"https:\/\/shoesforcrews.pro\/es\/wp-content\/uploads\/2023\/01\/everlight-grey2.png\" class=\"sfc-image-carousel__image\" \/><\/div><div class='vc_item'><img decoding=\"async\" src=\"https:\/\/shoesforcrews.pro\/es\/wp-content\/uploads\/2023\/01\/everlight-black-vegan-shoes-1.png\" class=\"sfc-image-carousel__image\" \/><\/div><div class='vc_item'><img decoding=\"async\" src=\"https:\/\/shoesforcrews.pro\/es\/wp-content\/uploads\/2023\/01\/liberty-vegan-shoe-for-work.png\" class=\"sfc-image-carousel__image\" \/><\/div><div class='vc_item'><img decoding=\"async\" src=\"https:\/\/shoesforcrews.pro\/es\/wp-content\/uploads\/2023\/01\/cater-recycled-shoe-for-work-1.png\" class=\"sfc-image-carousel__image\" \/><\/div><div class='vc_item'><img decoding=\"async\" src=\"https:\/\/shoesforcrews.pro\/es\/wp-content\/uploads\/2023\/01\/saloon-sustainable-shoe.png\" class=\"sfc-image-carousel__image\" \/><\/div><div class='vc_item'><img decoding=\"async\" src=\"https:\/\/shoesforcrews.pro\/es\/wp-content\/uploads\/2023\/01\/barra-safety-recycled-shoe.png\" class=\"sfc-image-carousel__image\" \/><\/div><\/div>[\/vc_column][\/vc_row][vc_row full_width=\u00bbstretch_row\u00bb css=\u00bb.vc_custom_1673967592432{background-color: #eaf3db !important;}\u00bb][vc_column][vc_column_text]<\/p>\n<p><span style=\"font-size: 10pt;\">*Shoes For Crews (Europe) Ltd. se reserva el derecho de evaluar tu solicitud y tu proyecto profesional antes de aceptar tu petici\u00f3n de prueba de zapatos. Ten en cuenta que esta oferta no es v\u00e1lida para clientes minoristas y clientes actuales de Shoes For Crews; tambi\u00e9n excluye el calzado PUMA SAFETY.<\/span><\/p>\n<p>[\/vc_column_text][\/vc_column][\/vc_row]<\/p>\n","protected":false},"excerpt":{"rendered":"<p>[vc_row full_width=\u00bbstretch_row\u00bb enable_fixed_background=\u00bbtrue\u00bb css=\u00bb.vc_custom_1656272057653{background-image: url(https:\/\/shoesforcrews.pro\/wp-content\/uploads\/2022\/06\/background-pattern.jpg?id=1237) !important;background-position: center !important;background-repeat: no-repeat !important;background-size: cover !important;}\u00bb][vc_column width=\u00bb1\/2&#8243;][vc_column_text] \u00a1Prueba un par de zapatos sostenibles!* [\/vc_column_text][vc_empty_space][vc_column_text] [\/vc_column_text][\/vc_column][vc_column width=\u00bb1\/2&#8243;][vc_empty_space][\/vc_column][\/vc_row][vc_row full_width=\u00bbstretch_row\u00bb css=\u00bb.vc_custom_1673967592432{background-color: #eaf3db !important;}\u00bb][vc_column][vc_column_text] *Shoes For Crews (Europe) Ltd. se reserva el derecho de evaluar tu solicitud y tu proyecto profesional antes de aceptar tu petici\u00f3n de prueba de zapatos. Ten en cuenta [&hellip;]<\/p>\n","protected":false},"author":2,"featured_media":0,"parent":0,"menu_order":9,"comment_status":"closed","ping_status":"closed","template":"tpl-landing-page.php","meta":{"content-type":"","footnotes":""},"class_list":["post-408","page","type-page","status-publish","hentry"],"yoast_head":"<!-- This site is optimized with the Yoast SEO plugin v25.6 - https:\/\/yoast.com\/wordpress\/plugins\/seo\/ -->\n<title>\u00a1Consiga un par de zapatos ecol\u00f3gicos! | Shoes For Crews<\/title>\n<meta name=\"robots\" content=\"index, follow, max-snippet:-1, max-image-preview:large, max-video-preview:-1\" \/>\n<link rel=\"canonical\" href=\"https:\/\/shoesforcrews.pro\/es\/pedir-zapatos-ecologicos\/\" \/>\n<meta property=\"og:locale\" content=\"es_ES\" \/>\n<meta property=\"og:type\" content=\"article\" \/>\n<meta property=\"og:title\" content=\"\u00a1Consiga un par de zapatos ecol\u00f3gicos! | Shoes For Crews\" \/>\n<meta property=\"og:description\" content=\"[vc_row full_width=\u00bbstretch_row\u00bb enable_fixed_background=\u00bbtrue\u00bb css=\u00bb.vc_custom_1656272057653{background-image: url(https:\/\/shoesforcrews.pro\/wp-content\/uploads\/2022\/06\/background-pattern.jpg?id=1237) !important;background-position: center !important;background-repeat: no-repeat !important;background-size: cover !important;}\u00bb][vc_column width=\u00bb1\/2&#8243;][vc_column_text] \u00a1Prueba un par de zapatos sostenibles!* [\/vc_column_text][vc_empty_space][vc_column_text] [\/vc_column_text][\/vc_column][vc_column width=\u00bb1\/2&#8243;][vc_empty_space][\/vc_column][\/vc_row][vc_row full_width=\u00bbstretch_row\u00bb css=\u00bb.vc_custom_1673967592432{background-color: #eaf3db !important;}\u00bb][vc_column][vc_column_text] *Shoes For Crews (Europe) Ltd. se reserva el derecho de evaluar tu solicitud y tu proyecto profesional antes de aceptar tu petici\u00f3n de prueba de zapatos. Ten en cuenta [&hellip;]\" \/>\n<meta property=\"og:url\" content=\"https:\/\/shoesforcrews.pro\/es\/pedir-zapatos-ecologicos\/\" \/>\n<meta property=\"og:site_name\" content=\"Shoes For Crews ES\" \/>\n<meta property=\"article:modified_time\" content=\"2024-07-03T09:45:16+00:00\" \/>\n<meta name=\"twitter:card\" content=\"summary_large_image\" \/>\n<meta name=\"twitter:label1\" content=\"Tiempo de lectura\" \/>\n\t<meta name=\"twitter:data1\" content=\"1 minuto\" \/>\n<script type=\"application\/ld+json\" class=\"yoast-schema-graph\">{\"@context\":\"https:\/\/schema.org\",\"@graph\":[{\"@type\":\"WebPage\",\"@id\":\"https:\/\/shoesforcrews.pro\/es\/pedir-zapatos-ecologicos\/\",\"url\":\"https:\/\/shoesforcrews.pro\/es\/pedir-zapatos-ecologicos\/\",\"name\":\"\u00a1Consiga un par de zapatos ecol\u00f3gicos! | Shoes For Crews\",\"isPartOf\":{\"@id\":\"https:\/\/shoesforcrews.pro\/es\/#website\"},\"datePublished\":\"2023-01-17T15:19:36+00:00\",\"dateModified\":\"2024-07-03T09:45:16+00:00\",\"breadcrumb\":{\"@id\":\"https:\/\/shoesforcrews.pro\/es\/pedir-zapatos-ecologicos\/#breadcrumb\"},\"inLanguage\":\"es\",\"potentialAction\":[{\"@type\":\"ReadAction\",\"target\":[\"https:\/\/shoesforcrews.pro\/es\/pedir-zapatos-ecologicos\/\"]}]},{\"@type\":\"BreadcrumbList\",\"@id\":\"https:\/\/shoesforcrews.pro\/es\/pedir-zapatos-ecologicos\/#breadcrumb\",\"itemListElement\":[{\"@type\":\"ListItem\",\"position\":1,\"name\":\"Volver\",\"item\":\"https:\/\/shoesforcrews.pro\/es\/blog-seguridad-salud-trabajo\/\"},{\"@type\":\"ListItem\",\"position\":2,\"name\":\"Get a Free Eco-Pair of Shoes!*\"}]},{\"@type\":\"WebSite\",\"@id\":\"https:\/\/shoesforcrews.pro\/es\/#website\",\"url\":\"https:\/\/shoesforcrews.pro\/es\/\",\"name\":\"Shoes For Crews ES\",\"description\":\"\",\"publisher\":{\"@id\":\"https:\/\/shoesforcrews.pro\/es\/#organization\"},\"potentialAction\":[{\"@type\":\"SearchAction\",\"target\":{\"@type\":\"EntryPoint\",\"urlTemplate\":\"https:\/\/shoesforcrews.pro\/es\/?s={search_term_string}\"},\"query-input\":{\"@type\":\"PropertyValueSpecification\",\"valueRequired\":true,\"valueName\":\"search_term_string\"}}],\"inLanguage\":\"es\"},{\"@type\":\"Organization\",\"@id\":\"https:\/\/shoesforcrews.pro\/es\/#organization\",\"name\":\"Shoes For Crews ES\",\"url\":\"https:\/\/shoesforcrews.pro\/es\/\",\"logo\":{\"@type\":\"ImageObject\",\"inLanguage\":\"es\",\"@id\":\"https:\/\/shoesforcrews.pro\/es\/#\/schema\/logo\/image\/\",\"url\":\"https:\/\/shoesforcrews.pro\/es\/wp-content\/uploads\/2025\/11\/SFC-LOGO-2025_NAVY-1.png\",\"contentUrl\":\"https:\/\/shoesforcrews.pro\/es\/wp-content\/uploads\/2025\/11\/SFC-LOGO-2025_NAVY-1.png\",\"caption\":\"Shoes For Crews ES\"},\"image\":{\"@id\":\"https:\/\/shoesforcrews.pro\/es\/#\/schema\/logo\/image\/\"}}]}<\/script>\n<!-- \/ Yoast SEO plugin. -->","yoast_head_json":{"title":"\u00a1Consiga un par de zapatos ecol\u00f3gicos! | Shoes For Crews","robots":{"index":"index","follow":"follow","max-snippet":"max-snippet:-1","max-image-preview":"max-image-preview:large","max-video-preview":"max-video-preview:-1"},"canonical":"https:\/\/shoesforcrews.pro\/es\/pedir-zapatos-ecologicos\/","og_locale":"es_ES","og_type":"article","og_title":"\u00a1Consiga un par de zapatos ecol\u00f3gicos! | Shoes For Crews","og_description":"[vc_row full_width=\u00bbstretch_row\u00bb enable_fixed_background=\u00bbtrue\u00bb css=\u00bb.vc_custom_1656272057653{background-image: url(https:\/\/shoesforcrews.pro\/wp-content\/uploads\/2022\/06\/background-pattern.jpg?id=1237) !important;background-position: center !important;background-repeat: no-repeat !important;background-size: cover !important;}\u00bb][vc_column width=\u00bb1\/2&#8243;][vc_column_text] \u00a1Prueba un par de zapatos sostenibles!* [\/vc_column_text][vc_empty_space][vc_column_text] [\/vc_column_text][\/vc_column][vc_column width=\u00bb1\/2&#8243;][vc_empty_space][\/vc_column][\/vc_row][vc_row full_width=\u00bbstretch_row\u00bb css=\u00bb.vc_custom_1673967592432{background-color: #eaf3db !important;}\u00bb][vc_column][vc_column_text] *Shoes For Crews (Europe) Ltd. se reserva el derecho de evaluar tu solicitud y tu proyecto profesional antes de aceptar tu petici\u00f3n de prueba de zapatos. Ten en cuenta [&hellip;]","og_url":"https:\/\/shoesforcrews.pro\/es\/pedir-zapatos-ecologicos\/","og_site_name":"Shoes For Crews ES","article_modified_time":"2024-07-03T09:45:16+00:00","twitter_card":"summary_large_image","twitter_misc":{"Tiempo de lectura":"1 minuto"},"schema":{"@context":"https:\/\/schema.org","@graph":[{"@type":"WebPage","@id":"https:\/\/shoesforcrews.pro\/es\/pedir-zapatos-ecologicos\/","url":"https:\/\/shoesforcrews.pro\/es\/pedir-zapatos-ecologicos\/","name":"\u00a1Consiga un par de zapatos ecol\u00f3gicos! | Shoes For Crews","isPartOf":{"@id":"https:\/\/shoesforcrews.pro\/es\/#website"},"datePublished":"2023-01-17T15:19:36+00:00","dateModified":"2024-07-03T09:45:16+00:00","breadcrumb":{"@id":"https:\/\/shoesforcrews.pro\/es\/pedir-zapatos-ecologicos\/#breadcrumb"},"inLanguage":"es","potentialAction":[{"@type":"ReadAction","target":["https:\/\/shoesforcrews.pro\/es\/pedir-zapatos-ecologicos\/"]}]},{"@type":"BreadcrumbList","@id":"https:\/\/shoesforcrews.pro\/es\/pedir-zapatos-ecologicos\/#breadcrumb","itemListElement":[{"@type":"ListItem","position":1,"name":"Volver","item":"https:\/\/shoesforcrews.pro\/es\/blog-seguridad-salud-trabajo\/"},{"@type":"ListItem","position":2,"name":"Get a Free Eco-Pair of Shoes!*"}]},{"@type":"WebSite","@id":"https:\/\/shoesforcrews.pro\/es\/#website","url":"https:\/\/shoesforcrews.pro\/es\/","name":"Shoes For Crews ES","description":"","publisher":{"@id":"https:\/\/shoesforcrews.pro\/es\/#organization"},"potentialAction":[{"@type":"SearchAction","target":{"@type":"EntryPoint","urlTemplate":"https:\/\/shoesforcrews.pro\/es\/?s={search_term_string}"},"query-input":{"@type":"PropertyValueSpecification","valueRequired":true,"valueName":"search_term_string"}}],"inLanguage":"es"},{"@type":"Organization","@id":"https:\/\/shoesforcrews.pro\/es\/#organization","name":"Shoes For Crews ES","url":"https:\/\/shoesforcrews.pro\/es\/","logo":{"@type":"ImageObject","inLanguage":"es","@id":"https:\/\/shoesforcrews.pro\/es\/#\/schema\/logo\/image\/","url":"https:\/\/shoesforcrews.pro\/es\/wp-content\/uploads\/2025\/11\/SFC-LOGO-2025_NAVY-1.png","contentUrl":"https:\/\/shoesforcrews.pro\/es\/wp-content\/uploads\/2025\/11\/SFC-LOGO-2025_NAVY-1.png","caption":"Shoes For Crews ES"},"image":{"@id":"https:\/\/shoesforcrews.pro\/es\/#\/schema\/logo\/image\/"}}]}},"_links":{"self":[{"href":"https:\/\/shoesforcrews.pro\/es\/wp-json\/wp\/v2\/pages\/408"}],"collection":[{"href":"https:\/\/shoesforcrews.pro\/es\/wp-json\/wp\/v2\/pages"}],"about":[{"href":"https:\/\/shoesforcrews.pro\/es\/wp-json\/wp\/v2\/types\/page"}],"author":[{"embeddable":true,"href":"https:\/\/shoesforcrews.pro\/es\/wp-json\/wp\/v2\/users\/2"}],"replies":[{"embeddable":true,"href":"https:\/\/shoesforcrews.pro\/es\/wp-json\/wp\/v2\/comments?post=408"}],"version-history":[{"count":9,"href":"https:\/\/shoesforcrews.pro\/es\/wp-json\/wp\/v2\/pages\/408\/revisions"}],"predecessor-version":[{"id":1100,"href":"https:\/\/shoesforcrews.pro\/es\/wp-json\/wp\/v2\/pages\/408\/revisions\/1100"}],"wp:attachment":[{"href":"https:\/\/shoesforcrews.pro\/es\/wp-json\/wp\/v2\/media?parent=408"}],"curies":[{"name":"wp","href":"https:\/\/api.w.org\/{rel}","templated":true}]}}