{"id":192,"date":"2022-09-07T08:00:16","date_gmt":"2022-09-07T08:00:16","guid":{"rendered":"https:\/\/shoesforcrews.pro\/es\/?page_id=192"},"modified":"2025-11-20T12:09:12","modified_gmt":"2025-11-20T12:09:12","slug":"blog-seguridad-salud-trabajo","status":"publish","type":"page","link":"https:\/\/shoesforcrews.pro\/es\/blog-seguridad-salud-trabajo\/","title":{"rendered":"Blog de seguridad y salud en el trabajo"},"content":{"rendered":"","protected":false},"excerpt":{"rendered":"","protected":false},"author":1,"featured_media":0,"parent":0,"menu_order":10,"comment_status":"closed","ping_status":"closed","template":"tpl-blogs.php","meta":{"content-type":"","footnotes":""},"class_list":["post-192","page","type-page","status-publish","hentry"],"yoast_head":"<!-- This site is optimized with the Yoast SEO plugin v25.6 - https:\/\/yoast.com\/wordpress\/plugins\/seo\/ -->\n<title>Blog de seguridad y salud en el trabajo | Shoes For Crews<\/title>\n<meta name=\"description\" content=\"Nuestro blog de seguridad y salud en el trabajo te ayudar\u00e1 a proteger tus trabajadores, reducir resbalones y ca\u00eddas. Descubre c\u00f3mo aumentar tu margen.\" \/>\n<meta name=\"robots\" content=\"index, follow, max-snippet:-1, max-image-preview:large, max-video-preview:-1\" \/>\n<link rel=\"canonical\" href=\"https:\/\/shoesforcrews.pro\/es\/blog-seguridad-salud-trabajo\/\" \/>\n<meta property=\"og:locale\" content=\"es_ES\" \/>\n<meta property=\"og:type\" content=\"article\" \/>\n<meta property=\"og:title\" content=\"Blog de seguridad y salud en el trabajo | Shoes For Crews\" \/>\n<meta property=\"og:description\" content=\"Nuestro blog de seguridad y salud en el trabajo te ayudar\u00e1 a proteger tus trabajadores, reducir resbalones y ca\u00eddas. Descubre c\u00f3mo aumentar tu margen.\" \/>\n<meta property=\"og:url\" content=\"https:\/\/shoesforcrews.pro\/es\/blog-seguridad-salud-trabajo\/\" \/>\n<meta property=\"og:site_name\" content=\"Shoes For Crews ES\" \/>\n<meta property=\"article:modified_time\" content=\"2025-11-20T12:09:12+00:00\" \/>\n<meta name=\"twitter:card\" content=\"summary_large_image\" \/>\n<script type=\"application\/ld+json\" class=\"yoast-schema-graph\">{\"@context\":\"https:\/\/schema.org\",\"@graph\":[{\"@type\":\"WebPage\",\"@id\":\"https:\/\/shoesforcrews.pro\/es\/blog-seguridad-salud-trabajo\/\",\"url\":\"https:\/\/shoesforcrews.pro\/es\/blog-seguridad-salud-trabajo\/\",\"name\":\"Blog de seguridad y salud en el trabajo | Shoes For Crews\",\"isPartOf\":{\"@id\":\"https:\/\/shoesforcrews.pro\/es\/#website\"},\"datePublished\":\"2022-09-07T08:00:16+00:00\",\"dateModified\":\"2025-11-20T12:09:12+00:00\",\"description\":\"Nuestro blog de seguridad y salud en el trabajo te ayudar\u00e1 a proteger tus trabajadores, reducir resbalones y ca\u00eddas. Descubre c\u00f3mo aumentar tu margen.\",\"breadcrumb\":{\"@id\":\"https:\/\/shoesforcrews.pro\/es\/blog-seguridad-salud-trabajo\/#breadcrumb\"},\"inLanguage\":\"es\",\"potentialAction\":[{\"@type\":\"ReadAction\",\"target\":[\"https:\/\/shoesforcrews.pro\/es\/blog-seguridad-salud-trabajo\/\"]}]},{\"@type\":\"BreadcrumbList\",\"@id\":\"https:\/\/shoesforcrews.pro\/es\/blog-seguridad-salud-trabajo\/#breadcrumb\",\"itemListElement\":[{\"@type\":\"ListItem\",\"position\":1,\"name\":\"Volver\",\"item\":\"https:\/\/shoesforcrews.pro\/es\/blog-seguridad-salud-trabajo\/\"},{\"@type\":\"ListItem\",\"position\":2,\"name\":\"Blog de seguridad y salud en el trabajo\"}]},{\"@type\":\"WebSite\",\"@id\":\"https:\/\/shoesforcrews.pro\/es\/#website\",\"url\":\"https:\/\/shoesforcrews.pro\/es\/\",\"name\":\"Shoes For Crews ES\",\"description\":\"\",\"publisher\":{\"@id\":\"https:\/\/shoesforcrews.pro\/es\/#organization\"},\"potentialAction\":[{\"@type\":\"SearchAction\",\"target\":{\"@type\":\"EntryPoint\",\"urlTemplate\":\"https:\/\/shoesforcrews.pro\/es\/?s={search_term_string}\"},\"query-input\":{\"@type\":\"PropertyValueSpecification\",\"valueRequired\":true,\"valueName\":\"search_term_string\"}}],\"inLanguage\":\"es\"},{\"@type\":\"Organization\",\"@id\":\"https:\/\/shoesforcrews.pro\/es\/#organization\",\"name\":\"Shoes For Crews ES\",\"url\":\"https:\/\/shoesforcrews.pro\/es\/\",\"logo\":{\"@type\":\"ImageObject\",\"inLanguage\":\"es\",\"@id\":\"https:\/\/shoesforcrews.pro\/es\/#\/schema\/logo\/image\/\",\"url\":\"https:\/\/shoesforcrews.pro\/es\/wp-content\/uploads\/2025\/11\/SFC-LOGO-2025_NAVY-1.png\",\"contentUrl\":\"https:\/\/shoesforcrews.pro\/es\/wp-content\/uploads\/2025\/11\/SFC-LOGO-2025_NAVY-1.png\",\"caption\":\"Shoes For Crews ES\"},\"image\":{\"@id\":\"https:\/\/shoesforcrews.pro\/es\/#\/schema\/logo\/image\/\"}}]}<\/script>\n<!-- \/ Yoast SEO plugin. -->","yoast_head_json":{"title":"Blog de seguridad y salud en el trabajo | Shoes For Crews","description":"Nuestro blog de seguridad y salud en el trabajo te ayudar\u00e1 a proteger tus trabajadores, reducir resbalones y ca\u00eddas. Descubre c\u00f3mo aumentar tu margen.","robots":{"index":"index","follow":"follow","max-snippet":"max-snippet:-1","max-image-preview":"max-image-preview:large","max-video-preview":"max-video-preview:-1"},"canonical":"https:\/\/shoesforcrews.pro\/es\/blog-seguridad-salud-trabajo\/","og_locale":"es_ES","og_type":"article","og_title":"Blog de seguridad y salud en el trabajo | Shoes For Crews","og_description":"Nuestro blog de seguridad y salud en el trabajo te ayudar\u00e1 a proteger tus trabajadores, reducir resbalones y ca\u00eddas. Descubre c\u00f3mo aumentar tu margen.","og_url":"https:\/\/shoesforcrews.pro\/es\/blog-seguridad-salud-trabajo\/","og_site_name":"Shoes For Crews ES","article_modified_time":"2025-11-20T12:09:12+00:00","twitter_card":"summary_large_image","schema":{"@context":"https:\/\/schema.org","@graph":[{"@type":"WebPage","@id":"https:\/\/shoesforcrews.pro\/es\/blog-seguridad-salud-trabajo\/","url":"https:\/\/shoesforcrews.pro\/es\/blog-seguridad-salud-trabajo\/","name":"Blog de seguridad y salud en el trabajo | Shoes For Crews","isPartOf":{"@id":"https:\/\/shoesforcrews.pro\/es\/#website"},"datePublished":"2022-09-07T08:00:16+00:00","dateModified":"2025-11-20T12:09:12+00:00","description":"Nuestro blog de seguridad y salud en el trabajo te ayudar\u00e1 a proteger tus trabajadores, reducir resbalones y ca\u00eddas. Descubre c\u00f3mo aumentar tu margen.","breadcrumb":{"@id":"https:\/\/shoesforcrews.pro\/es\/blog-seguridad-salud-trabajo\/#breadcrumb"},"inLanguage":"es","potentialAction":[{"@type":"ReadAction","target":["https:\/\/shoesforcrews.pro\/es\/blog-seguridad-salud-trabajo\/"]}]},{"@type":"BreadcrumbList","@id":"https:\/\/shoesforcrews.pro\/es\/blog-seguridad-salud-trabajo\/#breadcrumb","itemListElement":[{"@type":"ListItem","position":1,"name":"Volver","item":"https:\/\/shoesforcrews.pro\/es\/blog-seguridad-salud-trabajo\/"},{"@type":"ListItem","position":2,"name":"Blog de seguridad y salud en el trabajo"}]},{"@type":"WebSite","@id":"https:\/\/shoesforcrews.pro\/es\/#website","url":"https:\/\/shoesforcrews.pro\/es\/","name":"Shoes For Crews ES","description":"","publisher":{"@id":"https:\/\/shoesforcrews.pro\/es\/#organization"},"potentialAction":[{"@type":"SearchAction","target":{"@type":"EntryPoint","urlTemplate":"https:\/\/shoesforcrews.pro\/es\/?s={search_term_string}"},"query-input":{"@type":"PropertyValueSpecification","valueRequired":true,"valueName":"search_term_string"}}],"inLanguage":"es"},{"@type":"Organization","@id":"https:\/\/shoesforcrews.pro\/es\/#organization","name":"Shoes For Crews ES","url":"https:\/\/shoesforcrews.pro\/es\/","logo":{"@type":"ImageObject","inLanguage":"es","@id":"https:\/\/shoesforcrews.pro\/es\/#\/schema\/logo\/image\/","url":"https:\/\/shoesforcrews.pro\/es\/wp-content\/uploads\/2025\/11\/SFC-LOGO-2025_NAVY-1.png","contentUrl":"https:\/\/shoesforcrews.pro\/es\/wp-content\/uploads\/2025\/11\/SFC-LOGO-2025_NAVY-1.png","caption":"Shoes For Crews ES"},"image":{"@id":"https:\/\/shoesforcrews.pro\/es\/#\/schema\/logo\/image\/"}}]}},"_links":{"self":[{"href":"https:\/\/shoesforcrews.pro\/es\/wp-json\/wp\/v2\/pages\/192"}],"collection":[{"href":"https:\/\/shoesforcrews.pro\/es\/wp-json\/wp\/v2\/pages"}],"about":[{"href":"https:\/\/shoesforcrews.pro\/es\/wp-json\/wp\/v2\/types\/page"}],"author":[{"embeddable":true,"href":"https:\/\/shoesforcrews.pro\/es\/wp-json\/wp\/v2\/users\/1"}],"replies":[{"embeddable":true,"href":"https:\/\/shoesforcrews.pro\/es\/wp-json\/wp\/v2\/comments?post=192"}],"version-history":[{"count":6,"href":"https:\/\/shoesforcrews.pro\/es\/wp-json\/wp\/v2\/pages\/192\/revisions"}],"predecessor-version":[{"id":1756,"href":"https:\/\/shoesforcrews.pro\/es\/wp-json\/wp\/v2\/pages\/192\/revisions\/1756"}],"wp:attachment":[{"href":"https:\/\/shoesforcrews.pro\/es\/wp-json\/wp\/v2\/media?parent=192"}],"curies":[{"name":"wp","href":"https:\/\/api.w.org\/{rel}","templated":true}]}}