{"id":9,"date":"2022-07-01T08:06:27","date_gmt":"2022-07-01T08:06:27","guid":{"rendered":"https:\/\/shoesforcrews.pro\/de\/?page_id=9"},"modified":"2025-11-25T14:27:45","modified_gmt":"2025-11-25T14:27:45","slug":"unsere-technologie-sicherheit","status":"publish","type":"page","link":"https:\/\/shoesforcrews.pro\/de\/uber-uns\/unsere-technologie-sicherheit\/","title":{"rendered":"Unsere Technologie"},"content":{"rendered":"<p>[vc_row][vc_column width=&#8220;1\/2&#8243;][vc_column_text]<\/p>\n<h2><span style=\"font-weight: 400; font-size: 18pt;\">Unsere rutschhemmende Laufsohlentechnologie<\/span><\/h2>\n<hr \/>\n<p><span style=\"font-weight: 400;\">Unsere firmeneigene Laufsohlentechnologie ist das Ergebnis jahrelanger Forschung und Entwicklung und das Geheimnis unseres Erfolgs als f\u00fchrender Anbieter von Sicherheitsschuhen. Die Laufsohlen verf\u00fcgen \u00fcber die n\u00f6tige Bodenhaftung, Strapazierf\u00e4higkeit und Sicherheit, damit Sie sich auf Ihre Arbeit konzentrieren k\u00f6nnen, und das unabh\u00e4ngig von Ihrer Branche. Unsere Technologie h\u00e4lt selbst den h\u00e4rtesten Arbeitsumgebungen stand und sch\u00fctzt ihr Team vor Verletzungen.<\/span>[\/vc_column_text][\/vc_column][vc_column width=&#8220;1\/2&#8243;][vc_video link=&#8220;https:\/\/youtu.be\/58Sv0x5aL-c&#8220;][\/vc_column][\/vc_row][vc_row full_width=&#8220;stretch_row&#8220; css_animation=&#8220;fadeIn&#8220;][vc_column][vc_column_text]<\/p>\n<h2 style=\"text-align: center;\"><span style=\"font-size: 18pt;\">Unsere Sohlentechnologien<\/span><\/h2>\n<p>[\/vc_column_text][vc_separator][\/vc_column][\/vc_row][vc_row full_width=&#8220;stretch_row&#8220; css_animation=&#8220;fadeIn&#8220;][vc_column width=&#8220;1\/3&#8243;][vc_column_text]<\/p>\n<h3><span style=\"font-size: 14pt;\"><strong>Die SFC Aussensohle<\/strong><\/span><\/h3>\n<p>Ob in der Gastronomie, im Gesundheitswesen oder im Einzelhandel: Nasse oder schmierige Untergr\u00fcnde werden im Arbeitsalltag schnell zur Gefahr f\u00fcr die Besch\u00e4ftigten. Hier bietet die bew\u00e4hrte SFC Au\u00dfensohle Sicherheit auf Schritt und Tritt. Liegt sie mit ihrer ausgezeichneten Rutschhemmung weit oberhalb des Industriestandards. So hilft sie effektiv dabei, Arbeitsunf\u00e4lle durch ein Ausrutschen oder St\u00fcrzen zu vermeiden.[\/vc_column_text][vc_single_image image=&#8220;3916&#8243; img_size=&#8220;full&#8220; alignment=&#8220;center&#8220;][\/vc_column][vc_column width=&#8220;1\/3&#8243;][vc_column_text]<\/p>\n<h3><span style=\"font-size: 14pt;\"><strong>Die ICE PRO Aussensohle<\/strong><\/span><\/h3>\n<p>Schneematsch und nasses oder gefrorenes Eis sind denkbar ung\u00fcnstige Bedingungen f\u00fcr sicheres Arbeiten. Genau hierf\u00fcr haben wir die ICE PRO Au\u00dfensohle entwickelt: Mit ihrer speziellen Struktur und dem ausgekl\u00fcgelten Materialmix bietet sie im Vergleich zum Wettbewerb selbst auf eisigen Untergr\u00fcnden beste Rutschhemmungseigenschaften.<\/p>\n<p>&nbsp;<\/p>\n<p>[\/vc_column_text][vc_single_image image=&#8220;3917&#8243; img_size=&#8220;full&#8220; alignment=&#8220;center&#8220;][\/vc_column][vc_column width=&#8220;1\/3&#8243;][vc_column_text]<\/p>\n<h3><span style=\"font-size: 14pt;\"><strong>Die 4SG Aussensohle<\/strong><\/span><\/h3>\n<p>Vermeiden Sie Unf\u00e4lle auf nassen, eisigen und \u00f6ligen Oberfl\u00e4chen: Unsere 4SG Four Seasons Grip Au\u00dfensohle ist speziell auf schwierige Untergr\u00fcnde und Einsatzgebiete ausgelegt \u2013 zu jeder Jahreszeit und bei jedem Wetter. Sie erf\u00fcllt die Norm DIN ISO 20344:2021 und liegt in puncto Rutschhemmung und Sicherheit weit oberhalb dieses Indus triestandards. Bietet diese Sohle ausgezeichnete Rutschhemmungswerte \u2013 sogar auf Eis![\/vc_column_text][vc_single_image image=&#8220;3918&#8243; img_size=&#8220;full&#8220; alignment=&#8220;center&#8220;][\/vc_column][\/vc_row][vc_row equal_height=&#8220;yes&#8220; css_animation=&#8220;fadeIn&#8220;][vc_column][vc_column_text]<\/p>\n<h2 style=\"text-align: center;\"><span style=\"font-weight: 400; font-size: 18pt;\">Sehen Sie selbst. <\/span><span style=\"font-weight: 400; font-size: 18pt;\">Entdecken Sie unsere Technologie:<\/span><\/h2>\n<hr \/>\n<p style=\"text-align: center;\"><span style=\"font-weight: 400;\">Bewegen Sie den Mauszeiger \u00fcber jede Zahl, um mehr zu erfahren.<\/span><\/p>\n<p>[\/vc_column_text]<div class='vc-dyn-image_and_text'><div class='vc-dyn-image_and_text__image'><div class='vc-dyn-image_and_text__img_container'><span class='img_container__btn' data-id='1'>1<\/span><span class='img_container__btn' data-id='2'>2<\/span><span class='img_container__btn' data-id='3'>3<\/span><span class='img_container__btn' data-id='4'>4<\/span><span class='img_container__btn' data-id='5'>5<\/span><span class='img_container__btn' data-id='6'>6<\/span><span class='img_container__btn' data-id='7'>7<\/span><img alt='' title='Police' src='https:\/\/shoesforcrews.pro\/de\/wp-content\/uploads\/2022\/10\/Fergus-denim2.png'\/><\/div><\/div><div class='vc-dyn-image_and_text__content'><div class='content-container__content-item' data-id='1'><h2> \n1. EXKLUSIVE RUTSCHHEMMENDE SFC-LAUFSOHLE:\n<\/h2>\n<p>Der Erfolg unserer rutschhemmenden Laufsohlen liegt in unserer hochmodernen Anti-Rutsch-Technologie. Wir treiben unsere Innovationen weiter voran, indem wir den Millionen unserer treuen Kunden zuh\u00f6ren, die tagt\u00e4glich durch unsere hochwertigen Sicherheitsschuhe gesch\u00fctzt sind.<\/p><\/div><div class='content-container__content-item' data-id='2'><h2>2. RESISTENT GEGEN VERSCHMUTZUNGEN:<\/h2>\n<p>Unsere Laufsohlen sind so konzipiert, dass sie vor Verschmutzungen sch\u00fctzen, indem sie einen starken Oberfl\u00e4chenkontakt bieten und gleichzeitig \u00fcber weit auseinanderliegende Traktionsstollen verf\u00fcgen, die Verklumpungen auf ein Minimum reduzieren. Dies erleichtert die Reinigung Ihrer Laufsohle und verhindert das Eindringen von Verunreinigungen, ohne dabei die Rutschhemmung zu beeintr\u00e4chtigen.<\/p><\/div><div class='content-container__content-item' data-id='3'><h2>3. SICHERHEITSKAPPE:<\/h2>\n<p>Wir nehmen Ihre Sicherheit ernst. Wir bieten eine gro\u00dfe Auswahl an Kappen aus Verbundstoffen, Aluminium, Stahl und Nanokompositen. Alle Sicherheitsschuhe und Kappen von Shoes for Crews erf\u00fcllen oder \u00fcbertreffen die Industriestandards, sodass Sie sich beim Schutz am Arbeitsplatz auf sie verlassen k\u00f6nnen.<\/p><\/div><div class='content-container__content-item' data-id='4'><h2>4. TRIPGUARD STOLPERSCHUTZ:<\/h2>\n<p>Die klobigen, kantigen Vorderseiten von Arbeitsschuhen stellen eine Stolpergefahr dar und so haben wir TripGuard entwickelt. Das TripGuard-Design zeichnet sich durch eine leichte W\u00f6lbung und ein engeres Stollenmuster aus und sorgt f\u00fcr sanftere \u00dcberg\u00e4nge zwischen verschiedenen Oberfl\u00e4chen: von glatten zu rutschigen B\u00f6den, von Teppich zu Fliesen. Nur bei Shoes For Crews erh\u00e4ltlich.<\/p><\/div><div class='content-container__content-item' data-id='5'><h2>5. WASSERABWEISEND:<\/h2>\n<p>Wer m\u00f6chte schon in nassen Schuhen arbeiten? Niemand. Alle unsere Schuhe sind wasserabweisend. Shoes For Crews bietet verschiedene Grade an wasserabweisendem Schutz, um ihren Anforderungen gerecht zu werden \u2013 von \u00e4u\u00dferen Beschichtungen bis hin zu inneren Barrieren.<\/p><\/div><div class='content-container__content-item' data-id='6'><h2>6. SPILLGUARD SPRITZWASSERSCHUTZ:<\/h2>\n<p>Es kann immer mal wieder vorkommen, dass etwas versch\u00fcttet wird. Hei\u00dfe, verbr\u00fchende Fl\u00fcssigkeiten k\u00f6nnen Verbrennungen verursachen. Deshalb verwenden wir SpillGuard, eine innere Barriere mit Schutzbeschichtung, die das Verletzungsrisiko verringert.<\/p><\/div><div class='content-container__content-item' data-id='7'><h2>7. KOMFORT VORAUS:<\/h2>\n<p>Wir glauben, dass ein Arbeitsschuh genauso bequem wie sicher sein muss. Wir wissen, dass Sie schwer arbeiten, weshalb wir st\u00e4ndig innovative L\u00f6sungen entwickeln, um den Komfort Ihrer Schuhe zu erh\u00f6hen. <\/p><\/div><\/div><\/div>[\/vc_column][\/vc_row][vc_row full_width=&#8220;stretch_row&#8220; css_animation=&#8220;fadeIn&#8220;][vc_column][vc_empty_space][vc_column_text]<\/p>\n<h2 style=\"text-align: center;\"><span style=\"font-size: 18pt;\">Wo Sicherheit und Komfort eine Einheit bilden<\/span><\/h2>\n<hr \/>\n<p style=\"text-align: center;\"><span style=\"font-weight: 400;\">Ein Arbeitsschuh muss genauso bequem wie sicher sein. Wir entwickeln fortlaufend innovative L\u00f6sungen, um den Komfort unserer Schuhe zu verbessern, damit Ihre Mitarbeiter gesch\u00fctzt sind und ihr volles Potenzial aussch\u00f6pfen k\u00f6nnen. Wir unterscheiden uns in drei wesentlichen Bereichen von unseren Mitbewerbern:<\/span><\/p>\n<p>[\/vc_column_text][\/vc_column][\/vc_row][vc_row full_width=&#8220;stretch_row&#8220; css_animation=&#8220;fadeIn&#8220; css=&#8220;.vc_custom_1763637408686{background-color: #eaebe2 !important;}&#8220;][vc_column width=&#8220;1\/3&#8243;]<div class=\"vc-image-text--icon--left--70-30\"><div class=\"vc-image-text__image-container\"><img decoding=\"async\" class=\"vc-image-text__image\" src=\"https:\/\/shoesforcrews.pro\/de\/wp-content\/uploads\/2025\/11\/checkmark.webp\" alt=\"\" title=\"\" \/><\/div><div class=\"vc-image-text__text\"><p>SOHLENPROFIL-DESIGN<\/p><\/div><\/div>[\/vc_column][vc_column width=&#8220;1\/3&#8243;]<div class=\"vc-image-text--icon--left--70-30\"><div class=\"vc-image-text__image-container\"><img decoding=\"async\" class=\"vc-image-text__image\" src=\"https:\/\/shoesforcrews.pro\/de\/wp-content\/uploads\/2025\/11\/checkmark.webp\" alt=\"\" title=\"\" \/><\/div><div class=\"vc-image-text__text\"><p>FIRMENEIGENE MATERIALVERBINDUNGEN<\/p><\/div><\/div>[\/vc_column][vc_column width=&#8220;1\/3&#8243;]<div class=\"vc-image-text--icon--left--70-30\"><div class=\"vc-image-text__image-container\"><img decoding=\"async\" class=\"vc-image-text__image\" src=\"https:\/\/shoesforcrews.pro\/de\/wp-content\/uploads\/2025\/11\/checkmark.webp\" alt=\"\" title=\"\" \/><\/div><div class=\"vc-image-text__text\"><p>HERSTELLUNGSPROZESS<\/p><\/div><\/div>[\/vc_column][\/vc_row][vc_row full_width=&#8220;stretch_row&#8220; css_animation=&#8220;fadeIn&#8220; enable_fixed_background=&#8220;true&#8220; css=&#8220;.vc_custom_1728056963317{background-image: url(https:\/\/shoesforcrews.pro\/wp-content\/uploads\/2022\/06\/increase-safety-shoes-for-crews.jpg?id=1232) !important;background-position: center !important;background-repeat: no-repeat !important;background-size: cover !important;}&#8220;][vc_column][vc_column_text]<\/p>\n<h3 style=\"text-align: center;\"><span style=\"font-size: 18pt; color: #ffffff;\">Sprechen Sie mit unseren Schuh-Experten!*<\/span><\/h3>\n<p>&nbsp;<\/p>\n<p>[\/vc_column_text][vc_column_text]\n\t\t\t\t\t\t<script>\n\t\t\t\t\t\t\twindow.hsFormsOnReady = window.hsFormsOnReady || [];\n\t\t\t\t\t\t\twindow.hsFormsOnReady.push(()=>{\n\t\t\t\t\t\t\t\thbspt.forms.create({\n\t\t\t\t\t\t\t\t\tportalId: 487275,\n\t\t\t\t\t\t\t\t\tformId: \"d85da208-5c16-4ec7-94b8-803e710f8d58\",\n\t\t\t\t\t\t\t\t\ttarget: \"#hbspt-form-1776418042000-9548761245\",\n\t\t\t\t\t\t\t\t\tregion: \"eu1\",\n\t\t\t\t\t\t\t\t\t\n\t\t\t\t\t\t\t})});\n\t\t\t\t\t\t<\/script>\n\t\t\t\t\t\t<div class=\"hbspt-form\" id=\"hbspt-form-1776418042000-9548761245\"><\/div>[\/vc_column_text][vc_column_text]<span style=\"font-size: 10pt; color: #ffffff;\">*Shoes For Crews (Europe) Ltd. beh\u00e4lt sich das Recht vor, Ihre Anfrage und Ihr Projekt zu bewerten, bevor wir Ihre Anfrage nach dem Testen unserer Schuhe annehmen. Bitte beachten Sie, dass dieses Angebot nicht f\u00fcr Privatkunden und bestehende Kunden von Shoes For Crews gilt; es schlie\u00dft auch die PUMA SAFETY Schuhe aus.<\/span>[\/vc_column_text][\/vc_column][\/vc_row]<\/p>\n","protected":false},"excerpt":{"rendered":"<p>[vc_row][vc_column width=&#8220;1\/2&#8243;][vc_column_text] Unsere rutschhemmende Laufsohlentechnologie Unsere firmeneigene Laufsohlentechnologie ist das Ergebnis jahrelanger Forschung und Entwicklung und das Geheimnis unseres Erfolgs als f\u00fchrender Anbieter von Sicherheitsschuhen. Die Laufsohlen verf\u00fcgen \u00fcber die n\u00f6tige Bodenhaftung, Strapazierf\u00e4higkeit und Sicherheit, damit Sie sich auf Ihre Arbeit konzentrieren k\u00f6nnen, und das unabh\u00e4ngig von Ihrer Branche. Unsere Technologie h\u00e4lt selbst den h\u00e4rtesten [&hellip;]<\/p>\n","protected":false},"author":1,"featured_media":0,"parent":8,"menu_order":0,"comment_status":"closed","ping_status":"closed","template":"tpl-landing-page.php","meta":{"content-type":"","footnotes":""},"class_list":["post-9","page","type-page","status-publish","hentry"],"yoast_head":"<!-- This site is optimized with the Yoast SEO plugin v25.6 - https:\/\/yoast.com\/wordpress\/plugins\/seo\/ -->\n<title>Unsere Technologie | Shoes For Crews<\/title>\n<meta name=\"description\" content=\"Was unsere Arbeitsschuhe so einzigartig macht? Unsere Technologie und Innovation, die in unseren rutschhemmenden Schuhen stecken. Lesen Sie weiter.\" \/>\n<meta name=\"robots\" content=\"index, follow, max-snippet:-1, max-image-preview:large, max-video-preview:-1\" \/>\n<link rel=\"canonical\" href=\"https:\/\/shoesforcrews.pro\/de\/uber-uns\/unsere-technologie-sicherheit\/\" \/>\n<meta property=\"og:locale\" content=\"de_DE\" \/>\n<meta property=\"og:type\" content=\"article\" \/>\n<meta property=\"og:title\" content=\"Unsere Technologie | Shoes For Crews\" \/>\n<meta property=\"og:description\" content=\"Was unsere Arbeitsschuhe so einzigartig macht? Unsere Technologie und Innovation, die in unseren rutschhemmenden Schuhen stecken. Lesen Sie weiter.\" \/>\n<meta property=\"og:url\" content=\"https:\/\/shoesforcrews.pro\/de\/uber-uns\/unsere-technologie-sicherheit\/\" \/>\n<meta property=\"og:site_name\" content=\"Shoes For Crews DE\" \/>\n<meta property=\"article:modified_time\" content=\"2025-11-25T14:27:45+00:00\" \/>\n<meta name=\"twitter:card\" content=\"summary_large_image\" \/>\n<meta name=\"twitter:label1\" content=\"Gesch\u00e4tzte Lesezeit\" \/>\n\t<meta name=\"twitter:data1\" content=\"4\u00a0Minuten\" \/>\n<script type=\"application\/ld+json\" class=\"yoast-schema-graph\">{\"@context\":\"https:\/\/schema.org\",\"@graph\":[{\"@type\":\"WebPage\",\"@id\":\"https:\/\/shoesforcrews.pro\/de\/uber-uns\/unsere-technologie-sicherheit\/\",\"url\":\"https:\/\/shoesforcrews.pro\/de\/uber-uns\/unsere-technologie-sicherheit\/\",\"name\":\"Unsere Technologie | Shoes For Crews\",\"isPartOf\":{\"@id\":\"https:\/\/shoesforcrews.pro\/de\/#website\"},\"datePublished\":\"2022-07-01T08:06:27+00:00\",\"dateModified\":\"2025-11-25T14:27:45+00:00\",\"description\":\"Was unsere Arbeitsschuhe so einzigartig macht? Unsere Technologie und Innovation, die in unseren rutschhemmenden Schuhen stecken. Lesen Sie weiter.\",\"breadcrumb\":{\"@id\":\"https:\/\/shoesforcrews.pro\/de\/uber-uns\/unsere-technologie-sicherheit\/#breadcrumb\"},\"inLanguage\":\"de\",\"potentialAction\":[{\"@type\":\"ReadAction\",\"target\":[\"https:\/\/shoesforcrews.pro\/de\/uber-uns\/unsere-technologie-sicherheit\/\"]}]},{\"@type\":\"BreadcrumbList\",\"@id\":\"https:\/\/shoesforcrews.pro\/de\/uber-uns\/unsere-technologie-sicherheit\/#breadcrumb\",\"itemListElement\":[{\"@type\":\"ListItem\",\"position\":1,\"name\":\"Zur\u00fcck\",\"item\":\"https:\/\/shoesforcrews.pro\/de\/blog-gesundheit-sicherheit\/\"},{\"@type\":\"ListItem\",\"position\":2,\"name\":\"\u00dcber uns\",\"item\":\"https:\/\/shoesforcrews.pro\/de\/uber-uns\/\"},{\"@type\":\"ListItem\",\"position\":3,\"name\":\"Unsere Technologie\"}]},{\"@type\":\"WebSite\",\"@id\":\"https:\/\/shoesforcrews.pro\/de\/#website\",\"url\":\"https:\/\/shoesforcrews.pro\/de\/\",\"name\":\"Shoes For Crews DE\",\"description\":\"\",\"publisher\":{\"@id\":\"https:\/\/shoesforcrews.pro\/de\/#organization\"},\"potentialAction\":[{\"@type\":\"SearchAction\",\"target\":{\"@type\":\"EntryPoint\",\"urlTemplate\":\"https:\/\/shoesforcrews.pro\/de\/?s={search_term_string}\"},\"query-input\":{\"@type\":\"PropertyValueSpecification\",\"valueRequired\":true,\"valueName\":\"search_term_string\"}}],\"inLanguage\":\"de\"},{\"@type\":\"Organization\",\"@id\":\"https:\/\/shoesforcrews.pro\/de\/#organization\",\"name\":\"Shoes For Crews DE\",\"url\":\"https:\/\/shoesforcrews.pro\/de\/\",\"logo\":{\"@type\":\"ImageObject\",\"inLanguage\":\"de\",\"@id\":\"https:\/\/shoesforcrews.pro\/de\/#\/schema\/logo\/image\/\",\"url\":\"https:\/\/shoesforcrews.pro\/de\/wp-content\/uploads\/2025\/11\/SFC-LOGO-2025_NAVY-1.png\",\"contentUrl\":\"https:\/\/shoesforcrews.pro\/de\/wp-content\/uploads\/2025\/11\/SFC-LOGO-2025_NAVY-1.png\",\"caption\":\"Shoes For Crews DE\"},\"image\":{\"@id\":\"https:\/\/shoesforcrews.pro\/de\/#\/schema\/logo\/image\/\"}}]}<\/script>\n<!-- \/ Yoast SEO plugin. -->","yoast_head_json":{"title":"Unsere Technologie | Shoes For Crews","description":"Was unsere Arbeitsschuhe so einzigartig macht? Unsere Technologie und Innovation, die in unseren rutschhemmenden Schuhen stecken. Lesen Sie weiter.","robots":{"index":"index","follow":"follow","max-snippet":"max-snippet:-1","max-image-preview":"max-image-preview:large","max-video-preview":"max-video-preview:-1"},"canonical":"https:\/\/shoesforcrews.pro\/de\/uber-uns\/unsere-technologie-sicherheit\/","og_locale":"de_DE","og_type":"article","og_title":"Unsere Technologie | Shoes For Crews","og_description":"Was unsere Arbeitsschuhe so einzigartig macht? Unsere Technologie und Innovation, die in unseren rutschhemmenden Schuhen stecken. Lesen Sie weiter.","og_url":"https:\/\/shoesforcrews.pro\/de\/uber-uns\/unsere-technologie-sicherheit\/","og_site_name":"Shoes For Crews DE","article_modified_time":"2025-11-25T14:27:45+00:00","twitter_card":"summary_large_image","twitter_misc":{"Gesch\u00e4tzte Lesezeit":"4\u00a0Minuten"},"schema":{"@context":"https:\/\/schema.org","@graph":[{"@type":"WebPage","@id":"https:\/\/shoesforcrews.pro\/de\/uber-uns\/unsere-technologie-sicherheit\/","url":"https:\/\/shoesforcrews.pro\/de\/uber-uns\/unsere-technologie-sicherheit\/","name":"Unsere Technologie | Shoes For Crews","isPartOf":{"@id":"https:\/\/shoesforcrews.pro\/de\/#website"},"datePublished":"2022-07-01T08:06:27+00:00","dateModified":"2025-11-25T14:27:45+00:00","description":"Was unsere Arbeitsschuhe so einzigartig macht? Unsere Technologie und Innovation, die in unseren rutschhemmenden Schuhen stecken. Lesen Sie weiter.","breadcrumb":{"@id":"https:\/\/shoesforcrews.pro\/de\/uber-uns\/unsere-technologie-sicherheit\/#breadcrumb"},"inLanguage":"de","potentialAction":[{"@type":"ReadAction","target":["https:\/\/shoesforcrews.pro\/de\/uber-uns\/unsere-technologie-sicherheit\/"]}]},{"@type":"BreadcrumbList","@id":"https:\/\/shoesforcrews.pro\/de\/uber-uns\/unsere-technologie-sicherheit\/#breadcrumb","itemListElement":[{"@type":"ListItem","position":1,"name":"Zur\u00fcck","item":"https:\/\/shoesforcrews.pro\/de\/blog-gesundheit-sicherheit\/"},{"@type":"ListItem","position":2,"name":"\u00dcber uns","item":"https:\/\/shoesforcrews.pro\/de\/uber-uns\/"},{"@type":"ListItem","position":3,"name":"Unsere Technologie"}]},{"@type":"WebSite","@id":"https:\/\/shoesforcrews.pro\/de\/#website","url":"https:\/\/shoesforcrews.pro\/de\/","name":"Shoes For Crews DE","description":"","publisher":{"@id":"https:\/\/shoesforcrews.pro\/de\/#organization"},"potentialAction":[{"@type":"SearchAction","target":{"@type":"EntryPoint","urlTemplate":"https:\/\/shoesforcrews.pro\/de\/?s={search_term_string}"},"query-input":{"@type":"PropertyValueSpecification","valueRequired":true,"valueName":"search_term_string"}}],"inLanguage":"de"},{"@type":"Organization","@id":"https:\/\/shoesforcrews.pro\/de\/#organization","name":"Shoes For Crews DE","url":"https:\/\/shoesforcrews.pro\/de\/","logo":{"@type":"ImageObject","inLanguage":"de","@id":"https:\/\/shoesforcrews.pro\/de\/#\/schema\/logo\/image\/","url":"https:\/\/shoesforcrews.pro\/de\/wp-content\/uploads\/2025\/11\/SFC-LOGO-2025_NAVY-1.png","contentUrl":"https:\/\/shoesforcrews.pro\/de\/wp-content\/uploads\/2025\/11\/SFC-LOGO-2025_NAVY-1.png","caption":"Shoes For Crews DE"},"image":{"@id":"https:\/\/shoesforcrews.pro\/de\/#\/schema\/logo\/image\/"}}]}},"_links":{"self":[{"href":"https:\/\/shoesforcrews.pro\/de\/wp-json\/wp\/v2\/pages\/9"}],"collection":[{"href":"https:\/\/shoesforcrews.pro\/de\/wp-json\/wp\/v2\/pages"}],"about":[{"href":"https:\/\/shoesforcrews.pro\/de\/wp-json\/wp\/v2\/types\/page"}],"author":[{"embeddable":true,"href":"https:\/\/shoesforcrews.pro\/de\/wp-json\/wp\/v2\/users\/1"}],"replies":[{"embeddable":true,"href":"https:\/\/shoesforcrews.pro\/de\/wp-json\/wp\/v2\/comments?post=9"}],"version-history":[{"count":31,"href":"https:\/\/shoesforcrews.pro\/de\/wp-json\/wp\/v2\/pages\/9\/revisions"}],"predecessor-version":[{"id":2152,"href":"https:\/\/shoesforcrews.pro\/de\/wp-json\/wp\/v2\/pages\/9\/revisions\/2152"}],"up":[{"embeddable":true,"href":"https:\/\/shoesforcrews.pro\/de\/wp-json\/wp\/v2\/pages\/8"}],"wp:attachment":[{"href":"https:\/\/shoesforcrews.pro\/de\/wp-json\/wp\/v2\/media?parent=9"}],"curies":[{"name":"wp","href":"https:\/\/api.w.org\/{rel}","templated":true}]}}