{"id":8,"date":"2022-06-30T14:39:12","date_gmt":"2022-06-30T14:39:12","guid":{"rendered":"https:\/\/shoesforcrews.pro\/de\/?page_id=8"},"modified":"2025-11-20T11:12:37","modified_gmt":"2025-11-20T11:12:37","slug":"uber-uns","status":"publish","type":"page","link":"https:\/\/shoesforcrews.pro\/de\/uber-uns\/","title":{"rendered":"\u00dcber uns"},"content":{"rendered":"<p>[vc_row][vc_column width=&#8220;1\/2&#8243; css=&#8220;.vc_custom_1652718054539{padding-right: 25px !important;}&#8220;][vc_single_image image=&#8220;1602&#8243; img_size=&#8220;full&#8220;][\/vc_column][vc_column width=&#8220;1\/2&#8243; css=&#8220;.vc_custom_1652718070321{padding-left: 25px !important;}&#8220;][vc_column_text el_id=&#8220;about&#8220;]<\/p>\n<h2><span style=\"font-size: 18pt;\">Die Grundsteine von Shoes For Crews<\/span><\/h2>\n<hr \/>\n<p><span style=\"font-weight: 400;\">Vor \u00fcber 35 Jahren stellte unser Gr\u00fcnder Stan Smith einen Anstieg der durch Ausrutschen und St\u00fcrze verursachten Verletzungen am Arbeitsplatz fest und sah die Notwendigkeit, eine L\u00f6sung zu entwickeln, die dieses Problem beseitigen w\u00fcrde. Im Jahr 1984 wurde die Marke Shoes For Crews gegr\u00fcndet und unsere rutschhemmende Laufsohlentechnologie erfunden. Seitdem haben wir weltweit Millionen von Arbeitnehmern gesch\u00fctzt und Tausenden von Unternehmen geholfen, die Kosten f\u00fcr die Entsch\u00e4digung von Mitarbeitenden zu senken. Mit \u00fcber 280 Modellen f\u00fcr M\u00e4nner und Frauen &#8211; von sportlich, l\u00e4ssig und elegant bis hin zu Sicherheitsschuhen &#8211; ist Shoes For Crews heute der Industriestandard und zuverl\u00e4ssiger Marktf\u00fchrer f\u00fcr Sicherheitsschuhl\u00f6sungen f\u00fcr mehr als 150.000 Unternehmen auf der ganzen Welt. Wir haben den Anspruch, qualitativ hochwertige Schuhe f\u00fcr all Ihre Mitarbeitenden zu liefern und sicherzustellen, dass sie jederzeit gesch\u00fctzt sind!<\/span>[\/vc_column_text][\/vc_column][\/vc_row][vc_row full_width=&#8220;stretch_row&#8220; css_animation=&#8220;fadeIn&#8220; css=&#8220;.vc_custom_1763633608539{background-position: center !important;background-repeat: no-repeat !important;background-size: cover !important;}&#8220;][vc_column][vc_column_text]<\/p>\n<h2><span style=\"font-size: 18pt;\">Expansion auf dem europ\u00e4ischen Markt<\/span><\/h2>\n<hr \/>\n<p><span style=\"font-weight: 400;\">Im Jahr 2001 wurde die Shoes For Crews (Europe) Ltd. in Shannon, Irland, gegr\u00fcndet, die bald darauf den europ\u00e4ischen Markt mit einer Vielzahl rutschhemmender Schuhe belieferte.<\/span><\/p>\n<p><span style=\"font-weight: 400;\">Mit dem Wachstum des Unternehmens haben wir am Ende des Jahrzehnts talentierte Teams in Deutschland, Gro\u00dfbritannien sowie Frankreich rekrutiert und aufgebaut.<\/span><\/p>\n<p><span style=\"font-weight: 400;\">Im Jahr 2011 zogen wir in ein gr\u00f6\u00dferes B\u00fcro, um der Vergr\u00f6\u00dferung des in Shannon ans\u00e4ssigen Teams gerecht zu werden. In dieser Zeit haben wir auch unser europ\u00e4isches Vertriebszentrum in Shannon verlegt und erweitert.<\/span><\/p>\n<p><span style=\"font-weight: 400;\">Seit 2010 gibt Shoes For Crews (Europe) Ltd. seinen Schuhkatalog in drei verschiedenen Sprachen (Englisch, Deutsch und Franz\u00f6sisch) heraus und unterh\u00e4lt ein mehrsprachiges Kundendienstteam in Shannon, um Kunden aus diesen L\u00e4ndern zu unterst\u00fctzen. Im Jahr 2013 zog das Vertriebszentrum von Shoes For Crews (Europe) Ltd. nach Venlo in den Niederlanden, um den Anforderungen des st\u00e4ndig wachsenden europ\u00e4ischen Gesch\u00e4fts gerecht zu werden.<\/span><\/p>\n<p><span style=\"font-weight: 400;\">Im Jahr 2017 vergr\u00f6\u00dferte Shoes For Crews sein Kundenservice-Team, um den niederl\u00e4ndischen Markt abzudecken, und baute ein Vertriebsteam in den Niederlanden auf. Um unsere Kunden bestm\u00f6glich zu unterst\u00fctzen, haben wir den Verkaufskatalog au\u00dferdem ins Niederl\u00e4ndische \u00fcbersetzt und vertrieben.<\/span><\/p>\n<p><span style=\"font-weight: 400;\">Derzeit expandiert Shoes For Crews (Europe) Ltd. mit einem engagierten Vertriebs- und Serviceteam in L\u00e4ndern wie Spanien und Italien weiter.<br \/>\n<\/span><span style=\"font-weight: 400;\">Aktuell umfasst unser Portfolio \u00fcber 110 rutschhemmende Schuhmodelle in Europa. Weitere folgen im Laufe der n\u00e4chsten Jahre.<\/span>[\/vc_column_text][\/vc_column][\/vc_row][vc_row css_animation=&#8220;fadeIn&#8220;][vc_column width=&#8220;1\/2&#8243;][vc_column_text]<\/p>\n<h2><span style=\"font-size: 18pt;\">Kommen Sie sicher nach Hause: Unsere Vision, Mission und unsere Werte<\/span><\/h2>\n<hr \/>\n<p><span style=\"font-weight: 400;\">Unsere Vision bei Shoes For Crews ist es, die Welt mit Sicherheitsschuhen auszustatten. Wir haben es uns zur Aufgabe gemacht, Ihre Mitarbeitenden mit bequemen, hochwertigen Arbeitsschuhen zu sch\u00fctzen, die Anzahl von Arbeitsunf\u00e4llen zu verringern und finanzielle Verluste f\u00fcr Ihr Unternehmen zu minimieren. Gemeinsam leben wir unsere Werte und stellen dabei unsere Kunden in den Mittelpunkt:<\/span><\/p>\n<ul>\n<li style=\"font-weight: 400;\" aria-level=\"1\"><span style=\"font-weight: 400;\"><strong>Kundenorientierung<\/strong> \u2014 Aufbau enger Kundenbeziehungen.<\/span><\/li>\n<li style=\"font-weight: 400;\" aria-level=\"1\"><span style=\"font-weight: 400;\"><strong>Professionalit\u00e4t<\/strong> \u2014 wir verpflichten uns zu gegenseitigem Respekt und Zuverl\u00e4ssigkeit.<\/span><\/li>\n<li style=\"font-weight: 400;\" aria-level=\"1\"><span style=\"font-weight: 400;\"><strong>Verantwortlichkeit<\/strong> \u2014 wir halten unsere Versprechen, \u00fcbernehmen Verantwortung und respektieren Eigentum.<\/span><\/li>\n<li style=\"font-weight: 400;\" aria-level=\"1\"><span style=\"font-weight: 400;\"><strong>Teamwork<\/strong> \u2014 wir arbeiten als Team auf ein gemeinsames Ziel hin.<\/span><\/li>\n<li style=\"font-weight: 400;\" aria-level=\"1\"><span style=\"font-weight: 400;\"><strong>Ehrlichkeit<\/strong> \u2014 Offenheit und Integrit\u00e4t sind Grundlage unseres Handelns und unserer Kommunikation.<\/span><\/li>\n<\/ul>\n<p>[\/vc_column_text][\/vc_column][vc_column width=&#8220;1\/2&#8243;][vc_single_image image=&#8220;1104&#8243; img_size=&#8220;full&#8220;][\/vc_column][\/vc_row][vc_row full_width=&#8220;stretch_row&#8220; css_animation=&#8220;fadeIn&#8220; enable_fixed_background=&#8220;true&#8220; css=&#8220;.vc_custom_1728056867978{background-image: url(https:\/\/shoesforcrews.pro\/wp-content\/uploads\/2022\/06\/increase-safety-shoes-for-crews.jpg?id=1232) !important;background-position: center !important;background-repeat: no-repeat !important;background-size: cover !important;}&#8220;][vc_column][vc_column_text]<\/p>\n<div class=\"vc_wp_text wpb_content_element\">\n<div class=\"widget widget_text\">\n<div class=\"textwidget\">\n<h3 style=\"text-align: center;\"><span style=\"font-size: 18pt; color: #ffffff;\">Sprechen Sie mit unseren Schuh-Experten!*<\/span><\/h3>\n<p>&nbsp;<\/p>\n<\/div>\n<\/div>\n<\/div>\n<p>[\/vc_column_text][vc_column_text]\n\t\t\t\t\t\t<script>\n\t\t\t\t\t\t\twindow.hsFormsOnReady = window.hsFormsOnReady || [];\n\t\t\t\t\t\t\twindow.hsFormsOnReady.push(()=>{\n\t\t\t\t\t\t\t\thbspt.forms.create({\n\t\t\t\t\t\t\t\t\tportalId: 487275,\n\t\t\t\t\t\t\t\t\tformId: \"d85da208-5c16-4ec7-94b8-803e710f8d58\",\n\t\t\t\t\t\t\t\t\ttarget: \"#hbspt-form-1775824486000-7305424522\",\n\t\t\t\t\t\t\t\t\tregion: \"eu1\",\n\t\t\t\t\t\t\t\t\t\n\t\t\t\t\t\t\t})});\n\t\t\t\t\t\t<\/script>\n\t\t\t\t\t\t<div class=\"hbspt-form\" id=\"hbspt-form-1775824486000-7305424522\"><\/div>[\/vc_column_text][vc_column_text]<span style=\"font-size: 10pt; color: #ffffff;\">*Shoes For Crews (Europe) Ltd. beh\u00e4lt sich das Recht vor, Ihre Anfrage und Ihr Projekt zu bewerten, bevor wir Ihre Anfrage nach dem Testen unserer Schuhe annehmen. Bitte beachten Sie, dass dieses Angebot nicht f\u00fcr Privatkunden und bestehende Kunden von Shoes For Crews gilt; es schlie\u00dft auch die PUMA SAFETY Schuhe aus.<\/span>[\/vc_column_text][\/vc_column][\/vc_row]<\/p>\n","protected":false},"excerpt":{"rendered":"<p>[vc_row][vc_column width=&#8220;1\/2&#8243; css=&#8220;.vc_custom_1652718054539{padding-right: 25px !important;}&#8220;][vc_single_image image=&#8220;1602&#8243; img_size=&#8220;full&#8220;][\/vc_column][vc_column width=&#8220;1\/2&#8243; css=&#8220;.vc_custom_1652718070321{padding-left: 25px !important;}&#8220;][vc_column_text el_id=&#8220;about&#8220;] Die Grundsteine von Shoes For Crews Vor \u00fcber 35 Jahren stellte unser Gr\u00fcnder Stan Smith einen Anstieg der durch Ausrutschen und St\u00fcrze verursachten Verletzungen am Arbeitsplatz fest und sah die Notwendigkeit, eine L\u00f6sung zu entwickeln, die dieses Problem beseitigen w\u00fcrde. Im Jahr 1984 [&hellip;]<\/p>\n","protected":false},"author":1,"featured_media":0,"parent":0,"menu_order":5,"comment_status":"closed","ping_status":"closed","template":"tpl-landing-page.php","meta":{"content-type":"","footnotes":""},"class_list":["post-8","page","type-page","status-publish","hentry"],"yoast_head":"<!-- This site is optimized with the Yoast SEO plugin v25.6 - https:\/\/yoast.com\/wordpress\/plugins\/seo\/ -->\n<title>\u00dcber uns | Shoes For Crews<\/title>\n<meta name=\"description\" content=\"Erfahren Sie mehr \u00fcber die Geschichte des f\u00fchrenden Herstellers rutschhemmender Schuhe, das Team &amp; die Betriebsabl\u00e4ufe hier bei Shoes For Crews.\" \/>\n<meta name=\"robots\" content=\"index, follow, max-snippet:-1, max-image-preview:large, max-video-preview:-1\" \/>\n<link rel=\"canonical\" href=\"https:\/\/shoesforcrews.pro\/de\/uber-uns\/\" \/>\n<meta property=\"og:locale\" content=\"de_DE\" \/>\n<meta property=\"og:type\" content=\"article\" \/>\n<meta property=\"og:title\" content=\"\u00dcber uns | Shoes For Crews\" \/>\n<meta property=\"og:description\" content=\"Erfahren Sie mehr \u00fcber die Geschichte des f\u00fchrenden Herstellers rutschhemmender Schuhe, das Team &amp; die Betriebsabl\u00e4ufe hier bei Shoes For Crews.\" \/>\n<meta property=\"og:url\" content=\"https:\/\/shoesforcrews.pro\/de\/uber-uns\/\" \/>\n<meta property=\"og:site_name\" content=\"Shoes For Crews DE\" \/>\n<meta property=\"article:modified_time\" content=\"2025-11-20T11:12:37+00:00\" \/>\n<meta name=\"twitter:card\" content=\"summary_large_image\" \/>\n<meta name=\"twitter:label1\" content=\"Gesch\u00e4tzte Lesezeit\" \/>\n\t<meta name=\"twitter:data1\" content=\"3\u00a0Minuten\" \/>\n<script type=\"application\/ld+json\" class=\"yoast-schema-graph\">{\"@context\":\"https:\/\/schema.org\",\"@graph\":[{\"@type\":\"WebPage\",\"@id\":\"https:\/\/shoesforcrews.pro\/de\/uber-uns\/\",\"url\":\"https:\/\/shoesforcrews.pro\/de\/uber-uns\/\",\"name\":\"\u00dcber uns | Shoes For Crews\",\"isPartOf\":{\"@id\":\"https:\/\/shoesforcrews.pro\/de\/#website\"},\"datePublished\":\"2022-06-30T14:39:12+00:00\",\"dateModified\":\"2025-11-20T11:12:37+00:00\",\"description\":\"Erfahren Sie mehr \u00fcber die Geschichte des f\u00fchrenden Herstellers rutschhemmender Schuhe, das Team & die Betriebsabl\u00e4ufe hier bei Shoes For Crews.\",\"breadcrumb\":{\"@id\":\"https:\/\/shoesforcrews.pro\/de\/uber-uns\/#breadcrumb\"},\"inLanguage\":\"de\",\"potentialAction\":[{\"@type\":\"ReadAction\",\"target\":[\"https:\/\/shoesforcrews.pro\/de\/uber-uns\/\"]}]},{\"@type\":\"BreadcrumbList\",\"@id\":\"https:\/\/shoesforcrews.pro\/de\/uber-uns\/#breadcrumb\",\"itemListElement\":[{\"@type\":\"ListItem\",\"position\":1,\"name\":\"Zur\u00fcck\",\"item\":\"https:\/\/shoesforcrews.pro\/de\/blog-gesundheit-sicherheit\/\"},{\"@type\":\"ListItem\",\"position\":2,\"name\":\"\u00dcber uns\"}]},{\"@type\":\"WebSite\",\"@id\":\"https:\/\/shoesforcrews.pro\/de\/#website\",\"url\":\"https:\/\/shoesforcrews.pro\/de\/\",\"name\":\"Shoes For Crews DE\",\"description\":\"\",\"publisher\":{\"@id\":\"https:\/\/shoesforcrews.pro\/de\/#organization\"},\"potentialAction\":[{\"@type\":\"SearchAction\",\"target\":{\"@type\":\"EntryPoint\",\"urlTemplate\":\"https:\/\/shoesforcrews.pro\/de\/?s={search_term_string}\"},\"query-input\":{\"@type\":\"PropertyValueSpecification\",\"valueRequired\":true,\"valueName\":\"search_term_string\"}}],\"inLanguage\":\"de\"},{\"@type\":\"Organization\",\"@id\":\"https:\/\/shoesforcrews.pro\/de\/#organization\",\"name\":\"Shoes For Crews DE\",\"url\":\"https:\/\/shoesforcrews.pro\/de\/\",\"logo\":{\"@type\":\"ImageObject\",\"inLanguage\":\"de\",\"@id\":\"https:\/\/shoesforcrews.pro\/de\/#\/schema\/logo\/image\/\",\"url\":\"https:\/\/shoesforcrews.pro\/de\/wp-content\/uploads\/2025\/11\/SFC-LOGO-2025_NAVY-1.png\",\"contentUrl\":\"https:\/\/shoesforcrews.pro\/de\/wp-content\/uploads\/2025\/11\/SFC-LOGO-2025_NAVY-1.png\",\"caption\":\"Shoes For Crews DE\"},\"image\":{\"@id\":\"https:\/\/shoesforcrews.pro\/de\/#\/schema\/logo\/image\/\"}}]}<\/script>\n<!-- \/ Yoast SEO plugin. -->","yoast_head_json":{"title":"\u00dcber uns | Shoes For Crews","description":"Erfahren Sie mehr \u00fcber die Geschichte des f\u00fchrenden Herstellers rutschhemmender Schuhe, das Team & die Betriebsabl\u00e4ufe hier bei Shoes For Crews.","robots":{"index":"index","follow":"follow","max-snippet":"max-snippet:-1","max-image-preview":"max-image-preview:large","max-video-preview":"max-video-preview:-1"},"canonical":"https:\/\/shoesforcrews.pro\/de\/uber-uns\/","og_locale":"de_DE","og_type":"article","og_title":"\u00dcber uns | Shoes For Crews","og_description":"Erfahren Sie mehr \u00fcber die Geschichte des f\u00fchrenden Herstellers rutschhemmender Schuhe, das Team & die Betriebsabl\u00e4ufe hier bei Shoes For Crews.","og_url":"https:\/\/shoesforcrews.pro\/de\/uber-uns\/","og_site_name":"Shoes For Crews DE","article_modified_time":"2025-11-20T11:12:37+00:00","twitter_card":"summary_large_image","twitter_misc":{"Gesch\u00e4tzte Lesezeit":"3\u00a0Minuten"},"schema":{"@context":"https:\/\/schema.org","@graph":[{"@type":"WebPage","@id":"https:\/\/shoesforcrews.pro\/de\/uber-uns\/","url":"https:\/\/shoesforcrews.pro\/de\/uber-uns\/","name":"\u00dcber uns | Shoes For Crews","isPartOf":{"@id":"https:\/\/shoesforcrews.pro\/de\/#website"},"datePublished":"2022-06-30T14:39:12+00:00","dateModified":"2025-11-20T11:12:37+00:00","description":"Erfahren Sie mehr \u00fcber die Geschichte des f\u00fchrenden Herstellers rutschhemmender Schuhe, das Team & die Betriebsabl\u00e4ufe hier bei Shoes For Crews.","breadcrumb":{"@id":"https:\/\/shoesforcrews.pro\/de\/uber-uns\/#breadcrumb"},"inLanguage":"de","potentialAction":[{"@type":"ReadAction","target":["https:\/\/shoesforcrews.pro\/de\/uber-uns\/"]}]},{"@type":"BreadcrumbList","@id":"https:\/\/shoesforcrews.pro\/de\/uber-uns\/#breadcrumb","itemListElement":[{"@type":"ListItem","position":1,"name":"Zur\u00fcck","item":"https:\/\/shoesforcrews.pro\/de\/blog-gesundheit-sicherheit\/"},{"@type":"ListItem","position":2,"name":"\u00dcber uns"}]},{"@type":"WebSite","@id":"https:\/\/shoesforcrews.pro\/de\/#website","url":"https:\/\/shoesforcrews.pro\/de\/","name":"Shoes For Crews DE","description":"","publisher":{"@id":"https:\/\/shoesforcrews.pro\/de\/#organization"},"potentialAction":[{"@type":"SearchAction","target":{"@type":"EntryPoint","urlTemplate":"https:\/\/shoesforcrews.pro\/de\/?s={search_term_string}"},"query-input":{"@type":"PropertyValueSpecification","valueRequired":true,"valueName":"search_term_string"}}],"inLanguage":"de"},{"@type":"Organization","@id":"https:\/\/shoesforcrews.pro\/de\/#organization","name":"Shoes For Crews DE","url":"https:\/\/shoesforcrews.pro\/de\/","logo":{"@type":"ImageObject","inLanguage":"de","@id":"https:\/\/shoesforcrews.pro\/de\/#\/schema\/logo\/image\/","url":"https:\/\/shoesforcrews.pro\/de\/wp-content\/uploads\/2025\/11\/SFC-LOGO-2025_NAVY-1.png","contentUrl":"https:\/\/shoesforcrews.pro\/de\/wp-content\/uploads\/2025\/11\/SFC-LOGO-2025_NAVY-1.png","caption":"Shoes For Crews DE"},"image":{"@id":"https:\/\/shoesforcrews.pro\/de\/#\/schema\/logo\/image\/"}}]}},"_links":{"self":[{"href":"https:\/\/shoesforcrews.pro\/de\/wp-json\/wp\/v2\/pages\/8"}],"collection":[{"href":"https:\/\/shoesforcrews.pro\/de\/wp-json\/wp\/v2\/pages"}],"about":[{"href":"https:\/\/shoesforcrews.pro\/de\/wp-json\/wp\/v2\/types\/page"}],"author":[{"embeddable":true,"href":"https:\/\/shoesforcrews.pro\/de\/wp-json\/wp\/v2\/users\/1"}],"replies":[{"embeddable":true,"href":"https:\/\/shoesforcrews.pro\/de\/wp-json\/wp\/v2\/comments?post=8"}],"version-history":[{"count":35,"href":"https:\/\/shoesforcrews.pro\/de\/wp-json\/wp\/v2\/pages\/8\/revisions"}],"predecessor-version":[{"id":2147,"href":"https:\/\/shoesforcrews.pro\/de\/wp-json\/wp\/v2\/pages\/8\/revisions\/2147"}],"wp:attachment":[{"href":"https:\/\/shoesforcrews.pro\/de\/wp-json\/wp\/v2\/media?parent=8"}],"curies":[{"name":"wp","href":"https:\/\/api.w.org\/{rel}","templated":true}]}}