{"id":7,"date":"2022-06-29T22:15:03","date_gmt":"2022-06-29T22:15:03","guid":{"rendered":"https:\/\/shoesforcrews.pro\/de\/?page_id=7"},"modified":"2025-11-25T13:09:04","modified_gmt":"2025-11-25T13:09:04","slug":"home","status":"publish","type":"page","link":"https:\/\/shoesforcrews.pro\/de\/","title":{"rendered":"Homepage"},"content":{"rendered":"<p>[vc_row full_width=&#8220;stretch_row&#8220; css=&#8220;.vc_custom_1763633013300{background-color: #eaebe2 !important;}&#8220;][vc_column width=&#8220;1\/3&#8243;]<div class=\"vc-image-text--icon--left--80-20\"><div class=\"vc-image-text__image-container\"><img decoding=\"async\" class=\"vc-image-text__image\" src=\"https:\/\/shoesforcrews.pro\/de\/wp-content\/uploads\/2025\/11\/checkmark.webp\" alt=\"\" title=\"\" \/><\/div><div class=\"vc-image-text__text\"><p>Reduzieren Sie Unf\u00e4lle als Folge von Ausrutschen oder St\u00fcrzen<\/p><\/div><\/div>[\/vc_column][vc_column width=&#8220;1\/3&#8243;]<div class=\"vc-image-text--icon--left--80-20\"><div class=\"vc-image-text__image-container\"><img decoding=\"async\" class=\"vc-image-text__image\" src=\"https:\/\/shoesforcrews.pro\/de\/wp-content\/uploads\/2025\/11\/checkmark.webp\" alt=\"\" title=\"\" \/><\/div><div class=\"vc-image-text__text\"><p>Robust und langlebig<\/p><\/div><\/div>[\/vc_column][vc_column width=&#8220;1\/3&#8243;]<div class=\"vc-image-text--icon--left--80-20\"><div class=\"vc-image-text__image-container\"><img decoding=\"async\" class=\"vc-image-text__image\" src=\"https:\/\/shoesforcrews.pro\/de\/wp-content\/uploads\/2025\/11\/checkmark.webp\" alt=\"\" title=\"\" \/><\/div><div class=\"vc-image-text__text\"><p>Verbessern Sie die Sicherheit am Arbeitsplatz<\/p><\/div><\/div>[\/vc_column][\/vc_row][vc_section full_width=&#8220;stretch_row&#8220; css=&#8220;.vc_custom_1704276458543{background-position: center !important;background-repeat: no-repeat !important;background-size: cover !important;}&#8220;][vc_row css_animation=&#8220;fadeIn&#8220;][vc_column][vc_column_text]<\/p>\n<h2 class=\"mobileTitles\" style=\"text-align: center;\"><span style=\"font-size: 18pt;\">Sicherheit, Mode, Komfort den ganzen Tag lang &#8211; jeden Tag in anspruchsvollen Arbeitssituationen.<\/span><\/h2>\n<p>[\/vc_column_text][vc_single_image image=&#8220;7759&#8243; img_size=&#8220;full&#8220; alignment=&#8220;center&#8220;]<div style=\"text-align: center\" ><a hreflang=\"de\" href=\"https:\/\/shoesforcrews.pro\/de\/katalog\/\" class=\"btn--secondary\" style=\"background-image: url()\">Entdecken Sie alle unsere Schuhe<\/a><\/div>[\/vc_column][\/vc_row][\/vc_section][vc_row full_width=&#8220;stretch_row&#8220; gap=&#8220;2&#8243; css_animation=&#8220;fadeIn&#8220; css=&#8220;.vc_custom_1763631496618{margin-top: 3% !important;}&#8220;][vc_column width=&#8220;1\/2&#8243;][vc_column_text]<\/p>\n<h2 style=\"text-align: center;\"><span style=\"font-size: 18pt;\">Testen Sie unsere Schuhe!*<br \/>\n<\/span><\/h2>\n<h3><span style=\"font-size: 14pt;\"><strong>Kontaktieren Sie unsere Experten<\/strong><\/span><\/h3>\n<p><span style=\"font-weight: 400;\">Unsere Fachkr\u00e4fte beraten Sie sachkundig und finden einen genau auf Ihre Bed\u00fcrfnisse und Ziele zugeschnittenen rutschhemmenden Sicherheitsschuh. Sch\u00fctzen Sie Ihr Team und schaffen Sie eine starke Sicherheitskultur ohne zus\u00e4tzlichen Aufwand.<\/span><\/p>\n<h3 style=\"text-align: left;\"><span style=\"font-size: 14pt;\"><strong>Sprechen Sie mit unseren Experten und Testen Sie unsere Schuhe!*<br \/>\n<\/strong><\/span><\/h3>\n<p style=\"text-align: left;\"><span style=\"font-weight: 400;\">Um die Vorteile unserer rutschhemmenden Arbeitsschuhe kennenzulernen, probieren Sie sie am besten aus! Ihr Team von Shoes For Crews unterst\u00fctzt Sie von Anfang bis Ende. Mit unserer Hilfe finden Sie das geeignete Schuhwerk. Von uns erhalten Sie die notwendige Unterst\u00fctzung, um die Einf\u00fchrung in Ihrem Unternehmen voranzutreiben und Ihre Sicherheitsziele zu erreichen.<\/span><\/p>\n<h3><span style=\"font-size: 14pt;\"><strong>Maximale Sicherheit am Arbeitsplatz mit Stil\u00a0<\/strong><\/span><\/h3>\n<p><span style=\"font-weight: 400;\">Mit branchenf\u00fchrenden Sicherheitsschuhen k\u00f6nnen Sie bis zu 80 % der Unf\u00e4lle und Verletzungen durch Ausrutschen und St\u00fcrzen verhindern. Sch\u00fctzen Sie Ihr Unternehmen, Ihre Belegschaft und Ihre Gewinne vor den verheerenden Auswirkungen eines Betriebsunfalls.\u00a0<\/span>[\/vc_column_text][\/vc_column][vc_column width=&#8220;1\/2&#8243; css=&#8220;.vc_custom_1704276706488{background-color: #21293C !important;}&#8220;][vc_column_text]<\/p>\n<h3 style=\"text-align: center;\"><span style=\"font-weight: 400; font-size: 18pt; color: #ffffff;\">Kontaktieren Sie uns! <\/span><\/h3>\n<p>[\/vc_column_text][vc_empty_space][vc_column_text el_id=&#8220;01&#8243;]\n\t\t\t\t\t\t<script>\n\t\t\t\t\t\t\twindow.hsFormsOnReady = window.hsFormsOnReady || [];\n\t\t\t\t\t\t\twindow.hsFormsOnReady.push(()=>{\n\t\t\t\t\t\t\t\thbspt.forms.create({\n\t\t\t\t\t\t\t\t\tportalId: 487275,\n\t\t\t\t\t\t\t\t\tformId: \"d85da208-5c16-4ec7-94b8-803e710f8d58\",\n\t\t\t\t\t\t\t\t\ttarget: \"#hbspt-form-1775905242000-2091407141\",\n\t\t\t\t\t\t\t\t\tregion: \"eu1\",\n\t\t\t\t\t\t\t\t\t\n\t\t\t\t\t\t\t})});\n\t\t\t\t\t\t<\/script>\n\t\t\t\t\t\t<div class=\"hbspt-form\" id=\"hbspt-form-1775905242000-2091407141\"><\/div>[\/vc_column_text][\/vc_column][\/vc_row][vc_row full_width=&#8220;stretch_row&#8220; css_animation=&#8220;fadeIn&#8220;][vc_column][vc_column_text]<span style=\"font-size: 10pt; color: #000000;\">*Shoes For Crews (Europe) Ltd. beh\u00e4lt sich das Recht vor, Ihre Anfrage und Ihr Projekt zu bewerten, bevor wir Ihre Anfrage nach dem Testen unserer Schuhe annehmen. Bitte beachten Sie, dass dieses Angebot nicht f\u00fcr f\u00fcr Privatkunden und bestehende Kunden von Shoes For Crews gilt; es schlie\u00dft auch die PUMA SAFETY Schuhe aus.<\/span>[\/vc_column_text][\/vc_column][\/vc_row][vc_section full_width=&#8220;stretch_row&#8220; css_animation=&#8220;fadeIn&#8220;][vc_row][vc_column width=&#8220;1\/6&#8243;][vc_single_image image=&#8220;6180&#8243; img_size=&#8220;full&#8220; alignment=&#8220;center&#8220;][\/vc_column][vc_column width=&#8220;5\/6&#8243;][vc_column_text]<span style=\"font-size: 24pt;\">Shoes For Crews\u00ae ist der Pionier und vertrauensw\u00fcrdige Marktf\u00fchrer im Bereich rutschhemmender Sicherheitsschuhe seit 1984.<\/span>[\/vc_column_text][\/vc_column][\/vc_row][vc_row css_animation=&#8220;fadeIn&#8220;][vc_column width=&#8220;1\/2&#8243;][vc_single_image image=&#8220;3980&#8243; img_size=&#8220;full&#8220;][\/vc_column][vc_column width=&#8220;1\/2&#8243;][vc_column_text]<\/p>\n<h2 style=\"text-align: center;\"><span style=\"font-size: 18pt;\">Wir bieten sichere Schuhe f\u00fcr jede Situtation<\/span><\/h2>\n<p>Erm\u00f6glichen Sie Ihrer Belegschaft den Schutz und Komfort, den sie verdienen, und <strong>reduzieren Sie Rutschunf\u00e4lle und Verletzungen um bis zu 80%<\/strong> mit unserer umfassenden Palette an strapazierf\u00e4higen, bequemen und modischen Sicherheitsschuhen.[\/vc_column_text][\/vc_column][\/vc_row][\/vc_section][vc_row full_width=&#8220;stretch_row&#8220; css_animation=&#8220;fadeIn&#8220;][vc_column][vc_column_text]<\/p>\n<h2 style=\"text-align: center;\"><span style=\"font-size: 18pt;\">Mit Stolz sind wir Partner f\u00fcr eine Vielzahl von Branchen weltweit<br \/>\n<\/span><\/h2>\n<p>[\/vc_column_text][vc_empty_space]<div class=\"vc-masonry-grid--grid \"><div class=\"vc-masonry-grid__grid\" style=\"padding: 10px\"><div style=\"text-align: center\" ><a hreflang=\"de\" href=\"\/de\/branchen\/militar-sicherheitsschuhe\/\" class=\"btn--image\" style=\"background-image: url(https:\/\/shoesforcrews.pro\/de\/wp-content\/uploads\/2024\/11\/army-unit-with-safety-boots.jpg)\">Bundeswehr<\/a><\/div><\/div><div class=\"vc-masonry-grid__grid\" style=\"padding: 10px\"><div style=\"text-align: left\" ><a hreflang=\"de\" href=\"\/de\/einzelhandel-arbeitsschuhe\/\" class=\"btn--image\" style=\"background-image: url(https:\/\/shoesforcrews.pro\/de\/wp-content\/uploads\/2022\/06\/retail-shoes-for-crews-medium.jpg)\">Einzelhandel<\/a><\/div><\/div><div class=\"vc-masonry-grid__grid\" style=\"padding: 10px\"><div style=\"text-align: left\" ><a hreflang=\"de\" href=\"\/de\/sicherheitsschuhe-fertigung-industrie\/\" class=\"btn--image\" style=\"background-image: url(https:\/\/shoesforcrews.pro\/de\/wp-content\/uploads\/2022\/06\/manufacturing-food-production-shoe.jpg)\">Getr\u00e4nke- und Lebensmittelproduktion<\/a><\/div><\/div><div class=\"vc-masonry-grid__grid\" style=\"padding: 10px\"><div style=\"text-align: left\" ><a hreflang=\"de\" href=\"\/de\/gastgewerbe-restaurant-arbeitsschuhe\/\" class=\"btn--image\" style=\"background-image: url(https:\/\/shoesforcrews.pro\/de\/wp-content\/uploads\/2022\/06\/hospitality-restaurant-footwear.jpg)\">Gastgewerbe<\/a><\/div><\/div><div class=\"vc-masonry-grid__grid\" style=\"padding: 10px\"><div style=\"text-align: left\" ><a hreflang=\"de\" href=\"\/de\/gesundheitswesen-arbeitsschuhe\/\" class=\"btn--image\" style=\"background-image: url(https:\/\/shoesforcrews.pro\/de\/wp-content\/uploads\/2022\/06\/heathcare-medium2.jpg)\">Gesundheitswesen, Kinderg\u00e4rten und Altenheime<\/a><\/div><\/div><div class=\"vc-masonry-grid__grid\" style=\"padding: 10px\"><div style=\"text-align: left\" ><a hreflang=\"de\" href=\"\/de\/sicherheitsschuhe-logistik-zustellung\/\" class=\"btn--image\" style=\"background-image: url(https:\/\/shoesforcrews.pro\/de\/wp-content\/uploads\/2022\/06\/pexels-courier2.jpg)\">Logistik, Post- und Kurierdienste<\/a><\/div><\/div><div class=\"vc-masonry-grid__grid\" style=\"padding: 10px\"><div style=\"text-align: left\" ><a hreflang=\"de\" href=\"\/de\/oeffentlicher-verkehr-sicherheitsschuhe\/\" class=\"btn--image\" style=\"background-image: url(https:\/\/shoesforcrews.pro\/de\/wp-content\/uploads\/2022\/06\/public-transport2.jpg)\">\u00d6ffentlicher Verkehr<\/a><\/div><\/div><div class=\"vc-masonry-grid__grid\" style=\"padding: 10px\"><div style=\"text-align: left\" ><a hreflang=\"de\" href=\"\/de\/branchen\/einsatzstiefel-polizei\/\" class=\"btn--image\" style=\"background-image: url(https:\/\/shoesforcrews.pro\/de\/wp-content\/uploads\/2024\/11\/police-officer-wearing-safety-boots.jpg)\">Polizei &amp; Sicherheit<\/a><\/div><\/div><div class=\"vc-masonry-grid__grid\" style=\"padding: 10px\"><div style=\"text-align: left\" ><a hreflang=\"de\" href=\"\/de\/rettungsdienst-sicherheitsschuhe\/\" class=\"btn--image\" style=\"background-image: url(https:\/\/shoesforcrews.pro\/de\/wp-content\/uploads\/2022\/08\/paramedics-safety-shoes.jpg)\">Rettungsdienst<\/a><\/div><\/div><\/div>[\/vc_column][\/vc_row][vc_row full_width=&#8220;stretch_row&#8220; css_animation=&#8220;fadeIn&#8220;][vc_column]<div class=\"vc-masonry-grid--inline no-wrap\"><div class=\"vc-masonry-grid__grid\" style=\"padding: px\">[vc_single_image image=&#8220;1549&#8243; img_size=&#8220;medium&#8220;]<\/div><div class=\"vc-masonry-grid__grid\" style=\"padding: px\">[vc_single_image image=&#8220;3059&#8243; img_size=&#8220;medium&#8220; alignment=&#8220;center&#8220;]<\/div><div class=\"vc-masonry-grid__grid\" style=\"padding: px\">[vc_single_image image=&#8220;1551&#8243; img_size=&#8220;medium&#8220;]<\/div><div class=\"vc-masonry-grid__grid\" style=\"padding: px\">[vc_single_image image=&#8220;4018&#8243; img_size=&#8220;medium&#8220;]<\/div><\/div>[\/vc_column][\/vc_row][vc_row full_width=&#8220;stretch_row&#8220; css_animation=&#8220;fadeIn&#8220;][vc_column][vc_column_text]<\/p>\n<h2 style=\"text-align: center;\"><span style=\"font-size: 18pt;\">Neueste Blog-Beitr\u00e4ge<\/span><\/h2>\n<p>[\/vc_column_text][vc_empty_space]<div class=\"vc-latest-blogs\"><div class=\"blog-item\">\r\n    <a hreflang=\"de\" href=\"https:\/\/shoesforcrews.pro\/de\/blog\/sicherheitsschuhe-rettungsdienst\/\" class=\"blog-item__inner\">\r\n        <div class=\"blog-item__thumbnail-container\">\r\n            <img decoding=\"async\" src=\"https:\/\/shoesforcrews.pro\/de\/wp-content\/uploads\/2025\/12\/202511P2DE-featured-image.jpg\" class=\"blog-item__thumbnail\" alt=\"Rettungskr\u00e4fte im Einsatz\" \/>\r\n        <\/div>\r\n        <div class=\"blog-item__details\">\r\n            <h4>Sicherheitsschuhe f\u00fcr den Rettungsdienst, die mehr k\u00f6nnen: Der einzige Schutz gegen blut\u00fcbertragbare Krankheitserreger \u2013 von Shoes For Crews<\/h4>\r\n            <p class=\"blog-item__date\">25 Dezember 2025<\/p>\r\n            <p class=\"blog-item__excerpt\">Warum Sicherheitsschuhe f\u00fcr den Rettungsdienst unverzichtbar sind: Schutz vor Blut, Hygiene und Komfort im Berufsalltag.<\/p>\r\n        <\/div>\r\n    <\/a>\r\n<\/div><div class=\"blog-item\">\r\n    <a hreflang=\"de\" href=\"https:\/\/shoesforcrews.pro\/de\/blog\/richtlinien-fuer-krankenhaushygiene-und-infektionspraevention\/\" class=\"blog-item__inner\">\r\n        <div class=\"blog-item__thumbnail-container\">\r\n            <img decoding=\"async\" src=\"https:\/\/shoesforcrews.pro\/de\/wp-content\/uploads\/2025\/12\/202511P1DE-featured-image.jpg\" class=\"blog-item__thumbnail\" alt=\"Eine Pflegekraft, die ihre H\u00e4nde desinfiziert.\" \/>\r\n        <\/div>\r\n        <div class=\"blog-item__details\">\r\n            <h4>Richtlinien f\u00fcr Krankenhaushygiene: Die 5 S\u00e4ulen einer erfolgreichen Infektionspr\u00e4vention<\/h4>\r\n            <p class=\"blog-item__date\">11 Dezember 2025<\/p>\r\n            <p class=\"blog-item__excerpt\">Wie die 5 S\u00e4ulen der Richtlinien f\u00fcr Krankenhaushygiene und Infektionspr\u00e4vention Patientensicherheit st\u00e4rken.<\/p>\r\n        <\/div>\r\n    <\/a>\r\n<\/div><div class=\"blog-item\">\r\n    <a hreflang=\"de\" href=\"https:\/\/shoesforcrews.pro\/de\/blog\/biologische-gefahren\/\" class=\"blog-item__inner\">\r\n        <div class=\"blog-item__thumbnail-container\">\r\n            <img decoding=\"async\" src=\"https:\/\/shoesforcrews.pro\/de\/wp-content\/uploads\/2025\/10\/Defense_Mid_Paramedic-2.jpg\" class=\"blog-item__thumbnail\" alt=\"Eine weibliche Rettungsfachkraft mit Sicherheitsschuhwerk im Einsatz\" \/>\r\n        <\/div>\r\n        <div class=\"blog-item__details\">\r\n            <h4>T\u00e4gliche Risiken im Einsatz: Welchen biologischen Gefahren sind Rettungskr\u00e4fte ausgesetzt?<\/h4>\r\n            <p class=\"blog-item__date\">20 November 2025<\/p>\r\n            <p class=\"blog-item__excerpt\">T\u00e4gliche Risiken im Einsatz: So begegnen Rettungskr\u00e4fte biologischen Gefahren mit Sicherheit und Bewusstsein.<\/p>\r\n        <\/div>\r\n    <\/a>\r\n<\/div><div class=\"blog-item\">\r\n    <a hreflang=\"de\" href=\"https:\/\/shoesforcrews.pro\/de\/blog\/blood-borne-pathogen\/\" class=\"blog-item__inner\">\r\n        <div class=\"blog-item__thumbnail-container\">\r\n            <img decoding=\"async\" src=\"https:\/\/shoesforcrews.pro\/de\/wp-content\/uploads\/2025\/11\/202510P1DE-featured-image.jpg\" class=\"blog-item__thumbnail\" alt=\"Grafische Repr\u00e4sentation eines Virus unter dem Mikroskop\" \/>\r\n        <\/div>\r\n        <div class=\"blog-item__details\">\r\n            <h4>Blood-Borne Pathogens: Die unsichtbare Gefahr im Einsatz f\u00fcr Polizei, Rettungsdienst und medizinisches Personal<\/h4>\r\n            <p class=\"blog-item__date\">6 November 2025<\/p>\r\n            <p class=\"blog-item__excerpt\">Blood-Borne Pathogens: Unsichtbare Gefahr f\u00fcr Einsatzkr\u00e4fte \u2013 Wissen sch\u00fctzt.<\/p>\r\n        <\/div>\r\n    <\/a>\r\n<\/div><\/div>[\/vc_column][\/vc_row][vc_row][vc_column]<div class=\"sfc-image-carousel image-carousel\" data-slick='{\"slidesToShow\": 1, \"slidesToScroll\": 1, \"speed\": 2500, \"swipeToSlide\": true, \"arrows\": true, \"dots\": true}' ><div class='vc_item'><img decoding=\"async\" src=\"https:\/\/shoesforcrews.pro\/de\/wp-content\/uploads\/2025\/01\/V1_DE_Internorga_2025_Website_Banner_1200x330px_20-12-24.webp\" class=\"sfc-image-carousel__image\" \/><\/div><\/div>[\/vc_column][\/vc_row]<\/p>\n","protected":false},"excerpt":{"rendered":"<p>[vc_row full_width=&#8220;stretch_row&#8220; css=&#8220;.vc_custom_1763633013300{background-color: #eaebe2 !important;}&#8220;][vc_column width=&#8220;1\/3&#8243;][\/vc_column][vc_column width=&#8220;1\/3&#8243;][\/vc_column][vc_column width=&#8220;1\/3&#8243;][\/vc_column][\/vc_row][vc_section full_width=&#8220;stretch_row&#8220; css=&#8220;.vc_custom_1704276458543{background-position: center !important;background-repeat: no-repeat !important;background-size: cover !important;}&#8220;][vc_row css_animation=&#8220;fadeIn&#8220;][vc_column][vc_column_text] Sicherheit, Mode, Komfort den ganzen Tag lang &#8211; jeden Tag in anspruchsvollen Arbeitssituationen. [\/vc_column_text][vc_single_image image=&#8220;7759&#8243; img_size=&#8220;full&#8220; alignment=&#8220;center&#8220;][\/vc_column][\/vc_row][\/vc_section][vc_row full_width=&#8220;stretch_row&#8220; gap=&#8220;2&#8243; css_animation=&#8220;fadeIn&#8220; css=&#8220;.vc_custom_1763631496618{margin-top: 3% !important;}&#8220;][vc_column width=&#8220;1\/2&#8243;][vc_column_text] Testen Sie unsere Schuhe!* Kontaktieren Sie unsere Experten Unsere Fachkr\u00e4fte beraten Sie sachkundig und [&hellip;]<\/p>\n","protected":false},"author":1,"featured_media":0,"parent":0,"menu_order":1,"comment_status":"closed","ping_status":"closed","template":"tpl-landing-page.php","meta":{"content-type":"","footnotes":""},"class_list":["post-7","page","type-page","status-publish","hentry"],"yoast_head":"<!-- This site is optimized with the Yoast SEO plugin v25.6 - https:\/\/yoast.com\/wordpress\/plugins\/seo\/ -->\n<title>F\u00fchrendes Unternehmen f\u00fcr Arbeits- und Sicherheitsschuhe | SFC<\/title>\n<meta name=\"description\" content=\"Mit Shoes For Crews \u2013 dem f\u00fchrenden Hersteller rutschhemmender Schuhe \u2013 finden Sie die besten Sicherheitsschuhe f\u00fcr Ihre Besch\u00e4ftigten.\" \/>\n<meta name=\"robots\" content=\"index, follow, max-snippet:-1, max-image-preview:large, max-video-preview:-1\" \/>\n<link rel=\"canonical\" href=\"https:\/\/shoesforcrews.pro\/de\/\" \/>\n<meta property=\"og:locale\" content=\"de_DE\" \/>\n<meta property=\"og:type\" content=\"article\" \/>\n<meta property=\"og:title\" content=\"F\u00fchrendes Unternehmen f\u00fcr Arbeits- und Sicherheitsschuhe | SFC\" \/>\n<meta property=\"og:description\" content=\"Mit Shoes For Crews \u2013 dem f\u00fchrenden Hersteller rutschhemmender Schuhe \u2013 finden Sie die besten Sicherheitsschuhe f\u00fcr Ihre Besch\u00e4ftigten.\" \/>\n<meta property=\"og:url\" content=\"https:\/\/shoesforcrews.pro\/de\/\" \/>\n<meta property=\"og:site_name\" content=\"Shoes For Crews DE\" \/>\n<meta property=\"article:modified_time\" content=\"2025-11-25T13:09:04+00:00\" \/>\n<meta name=\"twitter:card\" content=\"summary_large_image\" \/>\n<meta name=\"twitter:label1\" content=\"Gesch\u00e4tzte Lesezeit\" \/>\n\t<meta name=\"twitter:data1\" content=\"6\u00a0Minuten\" \/>\n<script type=\"application\/ld+json\" class=\"yoast-schema-graph\">{\"@context\":\"https:\/\/schema.org\",\"@graph\":[{\"@type\":\"WebPage\",\"@id\":\"https:\/\/shoesforcrews.pro\/de\/\",\"url\":\"https:\/\/shoesforcrews.pro\/de\/\",\"name\":\"F\u00fchrendes Unternehmen f\u00fcr Arbeits- und Sicherheitsschuhe | SFC\",\"isPartOf\":{\"@id\":\"https:\/\/shoesforcrews.pro\/de\/#website\"},\"datePublished\":\"2022-06-29T22:15:03+00:00\",\"dateModified\":\"2025-11-25T13:09:04+00:00\",\"description\":\"Mit Shoes For Crews \u2013 dem f\u00fchrenden Hersteller rutschhemmender Schuhe \u2013 finden Sie die besten Sicherheitsschuhe f\u00fcr Ihre Besch\u00e4ftigten.\",\"breadcrumb\":{\"@id\":\"https:\/\/shoesforcrews.pro\/de\/#breadcrumb\"},\"inLanguage\":\"de\",\"potentialAction\":[{\"@type\":\"ReadAction\",\"target\":[\"https:\/\/shoesforcrews.pro\/de\/\"]}]},{\"@type\":\"BreadcrumbList\",\"@id\":\"https:\/\/shoesforcrews.pro\/de\/#breadcrumb\",\"itemListElement\":[{\"@type\":\"ListItem\",\"position\":1,\"name\":\"Zur\u00fcck\",\"item\":\"https:\/\/shoesforcrews.pro\/de\/blog-gesundheit-sicherheit\/\"},{\"@type\":\"ListItem\",\"position\":2,\"name\":\"Homepage\"}]},{\"@type\":\"WebSite\",\"@id\":\"https:\/\/shoesforcrews.pro\/de\/#website\",\"url\":\"https:\/\/shoesforcrews.pro\/de\/\",\"name\":\"Shoes For Crews DE\",\"description\":\"\",\"publisher\":{\"@id\":\"https:\/\/shoesforcrews.pro\/de\/#organization\"},\"potentialAction\":[{\"@type\":\"SearchAction\",\"target\":{\"@type\":\"EntryPoint\",\"urlTemplate\":\"https:\/\/shoesforcrews.pro\/de\/?s={search_term_string}\"},\"query-input\":{\"@type\":\"PropertyValueSpecification\",\"valueRequired\":true,\"valueName\":\"search_term_string\"}}],\"inLanguage\":\"de\"},{\"@type\":\"Organization\",\"@id\":\"https:\/\/shoesforcrews.pro\/de\/#organization\",\"name\":\"Shoes For Crews DE\",\"url\":\"https:\/\/shoesforcrews.pro\/de\/\",\"logo\":{\"@type\":\"ImageObject\",\"inLanguage\":\"de\",\"@id\":\"https:\/\/shoesforcrews.pro\/de\/#\/schema\/logo\/image\/\",\"url\":\"https:\/\/shoesforcrews.pro\/de\/wp-content\/uploads\/2025\/11\/SFC-LOGO-2025_NAVY-1.png\",\"contentUrl\":\"https:\/\/shoesforcrews.pro\/de\/wp-content\/uploads\/2025\/11\/SFC-LOGO-2025_NAVY-1.png\",\"caption\":\"Shoes For Crews DE\"},\"image\":{\"@id\":\"https:\/\/shoesforcrews.pro\/de\/#\/schema\/logo\/image\/\"}}]}<\/script>\n<!-- \/ Yoast SEO plugin. -->","yoast_head_json":{"title":"F\u00fchrendes Unternehmen f\u00fcr Arbeits- und Sicherheitsschuhe | SFC","description":"Mit Shoes For Crews \u2013 dem f\u00fchrenden Hersteller rutschhemmender Schuhe \u2013 finden Sie die besten Sicherheitsschuhe f\u00fcr Ihre Besch\u00e4ftigten.","robots":{"index":"index","follow":"follow","max-snippet":"max-snippet:-1","max-image-preview":"max-image-preview:large","max-video-preview":"max-video-preview:-1"},"canonical":"https:\/\/shoesforcrews.pro\/de\/","og_locale":"de_DE","og_type":"article","og_title":"F\u00fchrendes Unternehmen f\u00fcr Arbeits- und Sicherheitsschuhe | SFC","og_description":"Mit Shoes For Crews \u2013 dem f\u00fchrenden Hersteller rutschhemmender Schuhe \u2013 finden Sie die besten Sicherheitsschuhe f\u00fcr Ihre Besch\u00e4ftigten.","og_url":"https:\/\/shoesforcrews.pro\/de\/","og_site_name":"Shoes For Crews DE","article_modified_time":"2025-11-25T13:09:04+00:00","twitter_card":"summary_large_image","twitter_misc":{"Gesch\u00e4tzte Lesezeit":"6\u00a0Minuten"},"schema":{"@context":"https:\/\/schema.org","@graph":[{"@type":"WebPage","@id":"https:\/\/shoesforcrews.pro\/de\/","url":"https:\/\/shoesforcrews.pro\/de\/","name":"F\u00fchrendes Unternehmen f\u00fcr Arbeits- und Sicherheitsschuhe | SFC","isPartOf":{"@id":"https:\/\/shoesforcrews.pro\/de\/#website"},"datePublished":"2022-06-29T22:15:03+00:00","dateModified":"2025-11-25T13:09:04+00:00","description":"Mit Shoes For Crews \u2013 dem f\u00fchrenden Hersteller rutschhemmender Schuhe \u2013 finden Sie die besten Sicherheitsschuhe f\u00fcr Ihre Besch\u00e4ftigten.","breadcrumb":{"@id":"https:\/\/shoesforcrews.pro\/de\/#breadcrumb"},"inLanguage":"de","potentialAction":[{"@type":"ReadAction","target":["https:\/\/shoesforcrews.pro\/de\/"]}]},{"@type":"BreadcrumbList","@id":"https:\/\/shoesforcrews.pro\/de\/#breadcrumb","itemListElement":[{"@type":"ListItem","position":1,"name":"Zur\u00fcck","item":"https:\/\/shoesforcrews.pro\/de\/blog-gesundheit-sicherheit\/"},{"@type":"ListItem","position":2,"name":"Homepage"}]},{"@type":"WebSite","@id":"https:\/\/shoesforcrews.pro\/de\/#website","url":"https:\/\/shoesforcrews.pro\/de\/","name":"Shoes For Crews DE","description":"","publisher":{"@id":"https:\/\/shoesforcrews.pro\/de\/#organization"},"potentialAction":[{"@type":"SearchAction","target":{"@type":"EntryPoint","urlTemplate":"https:\/\/shoesforcrews.pro\/de\/?s={search_term_string}"},"query-input":{"@type":"PropertyValueSpecification","valueRequired":true,"valueName":"search_term_string"}}],"inLanguage":"de"},{"@type":"Organization","@id":"https:\/\/shoesforcrews.pro\/de\/#organization","name":"Shoes For Crews DE","url":"https:\/\/shoesforcrews.pro\/de\/","logo":{"@type":"ImageObject","inLanguage":"de","@id":"https:\/\/shoesforcrews.pro\/de\/#\/schema\/logo\/image\/","url":"https:\/\/shoesforcrews.pro\/de\/wp-content\/uploads\/2025\/11\/SFC-LOGO-2025_NAVY-1.png","contentUrl":"https:\/\/shoesforcrews.pro\/de\/wp-content\/uploads\/2025\/11\/SFC-LOGO-2025_NAVY-1.png","caption":"Shoes For Crews DE"},"image":{"@id":"https:\/\/shoesforcrews.pro\/de\/#\/schema\/logo\/image\/"}}]}},"_links":{"self":[{"href":"https:\/\/shoesforcrews.pro\/de\/wp-json\/wp\/v2\/pages\/7"}],"collection":[{"href":"https:\/\/shoesforcrews.pro\/de\/wp-json\/wp\/v2\/pages"}],"about":[{"href":"https:\/\/shoesforcrews.pro\/de\/wp-json\/wp\/v2\/types\/page"}],"author":[{"embeddable":true,"href":"https:\/\/shoesforcrews.pro\/de\/wp-json\/wp\/v2\/users\/1"}],"replies":[{"embeddable":true,"href":"https:\/\/shoesforcrews.pro\/de\/wp-json\/wp\/v2\/comments?post=7"}],"version-history":[{"count":84,"href":"https:\/\/shoesforcrews.pro\/de\/wp-json\/wp\/v2\/pages\/7\/revisions"}],"predecessor-version":[{"id":2151,"href":"https:\/\/shoesforcrews.pro\/de\/wp-json\/wp\/v2\/pages\/7\/revisions\/2151"}],"wp:attachment":[{"href":"https:\/\/shoesforcrews.pro\/de\/wp-json\/wp\/v2\/media?parent=7"}],"curies":[{"name":"wp","href":"https:\/\/api.w.org\/{rel}","templated":true}]}}