{"id":677,"date":"2023-02-03T15:05:35","date_gmt":"2023-02-03T15:05:35","guid":{"rendered":"https:\/\/shoesforcrews.pro\/de\/?page_id=677"},"modified":"2025-09-23T08:24:31","modified_gmt":"2025-09-23T08:24:31","slug":"nachhaltige-vegane-schuhe","status":"publish","type":"page","link":"https:\/\/shoesforcrews.pro\/de\/sicherheitsschuhloesungen\/nachhaltige-vegane-schuhe\/","title":{"rendered":"Sustainable &#038; Vegan Shoes: When Quality Meets Sustainability"},"content":{"rendered":"<p>[vc_row full_width=&#8220;stretch_row&#8220; css=&#8220;.vc_custom_1672664573938{background-color: #eaf3db !important;}&#8220;][vc_column width=&#8220;1\/3&#8243;]<div class=\"vc-image-text--icon--left--80-20\"><div class=\"vc-image-text__image-container\"><img decoding=\"async\" class=\"vc-image-text__image\" src=\"https:\/\/shoesforcrews.pro\/de\/wp-content\/uploads\/2023\/02\/green-checkmark-150x150.png\" alt=\"\" title=\"\" \/><\/div><div class=\"vc-image-text__text\"><p>Kombinieren Sie Komfort und Nachhaltigkeit<\/p><\/div><\/div>[\/vc_column][vc_column width=&#8220;1\/3&#8243;]<div class=\"vc-image-text--icon--left--80-20\"><div class=\"vc-image-text__image-container\"><img decoding=\"async\" class=\"vc-image-text__image\" src=\"https:\/\/shoesforcrews.pro\/de\/wp-content\/uploads\/2023\/02\/green-checkmark-150x150.png\" alt=\"\" title=\"\" \/><\/div><div class=\"vc-image-text__text\"><p>Reduzieren Sie Unf\u00e4lle als Folge von Ausrutschen oder St\u00fcrzen<\/p><\/div><\/div>[\/vc_column][vc_column width=&#8220;1\/3&#8243;]<div class=\"vc-image-text--icon--left--80-20\"><div class=\"vc-image-text__image-container\"><img decoding=\"async\" class=\"vc-image-text__image\" src=\"https:\/\/shoesforcrews.pro\/de\/wp-content\/uploads\/2023\/02\/green-checkmark-150x150.png\" alt=\"\" title=\"\" \/><\/div><div class=\"vc-image-text__text\"><p>Reduzieren Sie Ihren \u00f6kologischen Fu\u00dfabdruck<\/p><\/div><\/div>[\/vc_column][\/vc_row][vc_row css_animation=&#8220;fadeIn&#8220;][vc_column width=&#8220;1\/2&#8243;][vc_column_text]<\/p>\n<h2 style=\"text-align: left;\"><span style=\"font-size: 18pt; color: #000000;\">Nachhaltige Schuhe aus recycelten Materialien<br \/>\n<\/span><\/h2>\n<p>Wir bei Shoes For Crews sind uns dar\u00fcber bewusst, dass unsere F\u00fc\u00dfe nicht kleiner werden k\u00f6nnen &#8211; wohl aber der \u00f6kologische Fu\u00dfabdruck, den sie hinterlassen. Deshalb \u00e4ndern wir nicht nur einzelne Modelle, <strong>sondern nach und nach unseren gesamten Produktionsprozess und die Materialien,<\/strong> die wir f\u00fcr unsere <strong>Schuhe<\/strong> verwenden.[\/vc_column_text][vc_single_image image=&#8220;2733&#8243; img_size=&#8220;large&#8220; alignment=&#8220;center&#8220;][\/vc_column][vc_column width=&#8220;1\/2&#8243;][vc_single_image image=&#8220;2686&#8243; img_size=&#8220;full&#8220; alignment=&#8220;center&#8220;][vc_column_text]Wir stellen unser gesamtes Schuhsortiment auf Nachhaltigkeit um, verwenden <strong>umweltfreundliche Materialien<\/strong> und gestalten unsere <strong>Lieferkette umweltschonender<\/strong>.[\/vc_column_text][\/vc_column][\/vc_row][vc_row full_width=&#8220;stretch_row&#8220; css_animation=&#8220;fadeIn&#8220; css=&#8220;.vc_custom_1728056297225{background-color: #eaf3db !important;}&#8220;][vc_column][vc_column_text]<\/p>\n<h3 style=\"text-align: center;\"><span style=\"font-size: 18pt; color: #000000;\">Warum sollte Ihr Team nachhaltige Schuhe tragen?<br \/>\n<\/span><\/h3>\n<p>[\/vc_column_text][\/vc_column][\/vc_row][vc_row full_width=&#8220;stretch_row&#8220; css_animation=&#8220;fadeIn&#8220; css=&#8220;.vc_custom_1728056316927{background-color: #eaf3db !important;}&#8220;][vc_column width=&#8220;1\/3&#8243;][vc_single_image image=&#8220;2679&#8243; img_size=&#8220;73&#215;73&#8243; alignment=&#8220;center&#8220;][vc_column_text]<\/p>\n<h4 style=\"text-align: center;\"><span style=\"font-size: 14pt;\">Hervorragendes Qualit\u00e4ts-\/Preisverh\u00e4ltnis<\/span><\/h4>\n<p>[\/vc_column_text][vc_column_text]<\/p>\n<p style=\"text-align: center;\">Entgegen weit verbreiteter Vorurteile <strong>bedeutet Nachhaltigkeit nicht immer erh\u00f6hte Kosten.<\/strong> Wir von Shoes For Crews haben eine Reihe von <strong>Qualit\u00e4tsschuhen aus recycelten Materialien entwickelt<\/strong>, die Ihre Mitarbeitenden lieben werden &#8211; und das zu einem Preis, der Sie zum L\u00e4cheln bringt.<\/p>\n<p>[\/vc_column_text][\/vc_column][vc_column width=&#8220;1\/3&#8243;][vc_single_image image=&#8220;2680&#8243; img_size=&#8220;73&#215;73&#8243; alignment=&#8220;center&#8220;][vc_column_text]<\/p>\n<h4 style=\"text-align: center;\"><span style=\"font-size: 14pt;\">Verringern Sie den \u00f6kologischen Fu\u00dfabdruck Ihres Unternehmens<\/span><\/h4>\n<p>[\/vc_column_text][vc_column_text]<\/p>\n<p style=\"text-align: center;\"><span style=\"font-weight: 400;\">Die Arbeitnehmenden fordern zunehmend, dass<strong> ihre Arbeitgeber Ma\u00dfnahmen zum Schutz der Umwelt ergreifen.<\/strong> Wenn Sie Ihren Mitarbeitenden die M\u00f6glichkeit geben, Schuhe aus recycelten Materialien zu tragen, tragen Sie nicht nur zur <strong>Verringerung des \u00f6kologischen Fu\u00dfabdrucks Ihres Unternehmens bei,<\/strong> sondern verschaffen sich auch einen <strong>Wettbewerbsvorteil bei der Einstellung neuer Mitarbeitenden.<\/strong><\/span><\/p>\n<p>[\/vc_column_text][\/vc_column][vc_column width=&#8220;1\/3&#8243;][vc_single_image image=&#8220;2683&#8243; img_size=&#8220;73&#215;73&#8243; alignment=&#8220;center&#8220;][vc_column_text]<\/p>\n<h4 style=\"text-align: center;\"><span style=\"font-size: 14pt;\">Genie\u00dfen Sie Design und reduzieren Sie gleichzeitig giftigen Abfall<\/span><\/h4>\n<p>[\/vc_column_text][vc_column_text]<\/p>\n<p style=\"text-align: center;\"><span style=\"font-weight: 400;\">Unser Eco-Sortiment wurde entwickelt, um <strong>die Umwelt zu schonen<\/strong> und gleichzeitig unsere <strong>hohen Qualit\u00e4tsstandards<\/strong> zu wahren. Bei dieser Produktreihe wird Design nicht der Nachhaltigkeit geopfert.<\/span><\/p>\n<p>[\/vc_column_text][\/vc_column][\/vc_row][vc_row css_animation=&#8220;fadeIn&#8220;][vc_column][vc_column_text]<\/p>\n<h3 style=\"text-align: center;\"><span style=\"font-size: 18pt;\">Einige unserer nachhaltigen Schuhmodelle<br \/>\n<\/span><\/h3>\n<p>[\/vc_column_text]<div class=\"sfc-image-carousel image-carousel\" data-slick='{\"slidesToShow\": 3, \"slidesToScroll\": 1, \"speed\": 2500, \"swipeToSlide\": true, \"arrows\": true}' ><div class='vc_item'><img decoding=\"async\" src=\"https:\/\/shoesforcrews.pro\/de\/wp-content\/uploads\/2023\/02\/barra-safety-recycled-shoe.png\" class=\"sfc-image-carousel__image\" \/><\/div><div class='vc_item'><img decoding=\"async\" src=\"https:\/\/shoesforcrews.pro\/de\/wp-content\/uploads\/2023\/02\/cater-recycled-shoe-for-work.png\" class=\"sfc-image-carousel__image\" \/><\/div><div class='vc_item'><img decoding=\"async\" src=\"https:\/\/shoesforcrews.pro\/de\/wp-content\/uploads\/2023\/02\/saloon-sustainable-shoe.png\" class=\"sfc-image-carousel__image\" \/><\/div><div class='vc_item'><img decoding=\"async\" src=\"https:\/\/shoesforcrews.pro\/de\/wp-content\/uploads\/2023\/02\/everlight-grey2.png\" class=\"sfc-image-carousel__image\" \/><\/div><div class='vc_item'><img decoding=\"async\" src=\"https:\/\/shoesforcrews.pro\/de\/wp-content\/uploads\/2023\/02\/everlight-black-vegan-shoes.png\" class=\"sfc-image-carousel__image\" \/><\/div><div class='vc_item'><img decoding=\"async\" src=\"https:\/\/shoesforcrews.pro\/de\/wp-content\/uploads\/2023\/02\/liberty-vegan-shoe-for-work.png\" class=\"sfc-image-carousel__image\" \/><\/div><\/div>[\/vc_column][\/vc_row][vc_row full_width=&#8220;stretch_row&#8220; css_animation=&#8220;fadeIn&#8220; css=&#8220;.vc_custom_1728056337772{background-color: #eaf3db !important;}&#8220;][vc_column width=&#8220;1\/2&#8243;][vc_single_image image=&#8220;2678&#8243; img_size=&#8220;full&#8220; alignment=&#8220;center&#8220;][\/vc_column][vc_column width=&#8220;1\/2&#8243;][vc_column_text]<\/p>\n<h2 style=\"text-align: left;\"><span style=\"font-size: 18pt; color: #000000;\">Vegane Schuhe<br \/>\n<\/span><\/h2>\n<p>Veganismus ist auf dem Vormarsch, daher ist es wichtig, <strong>dass Arbeitgebende sich anpassen, um den Lebensstil ihrer Mitarbeitenden<\/strong> zu unterst\u00fctzen und sicherzustellen, dass engagierte Mitarbeitende im Team bleiben.\u00a0Aus diesem Grund hat Shoes For Crews <strong>vegane Turnschuhe<\/strong> entwickelt. Mit unseren<strong> stilvollen und komfortablen veganen Schuhen<\/strong> k\u00f6nnen Ihre Mitarbeitenden ihren Lebensstil auch am Arbeitsplatz weiter genie\u00dfen.[\/vc_column_text][vc_empty_space height=&#8220;15px&#8220;][vc_column_text]<\/p>\n<h3><span style=\"font-size: 18pt;\">Vegane Schuhe verifiziert von Intertek<br \/>\n<\/span><\/h3>\n<p>Wir sind stolz darauf, dass unsere veganen Modelle das zuverl\u00e4ssige Pr\u00fcfprotokoll des <strong>&#8222;Intertek Vegan Mark Verification Program&#8220; bestanden haben. Das bedeutet, dass sie die von Intertek festgelegten Anforderungen f\u00fcr vegane Produkte erf\u00fcllen<\/strong> und ein Intertek Vegan Auszeichnung erhalten haben. Dieses Programm wurde ins Leben gerufen, um den Verbrauchenden einen transparenten und vertrauensw\u00fcrdigen Einblick zu bieten, mit dem die veganen Produktversprechen von Textilien, Schuhen und Accessoires \u00fcberpr\u00fcft werden k\u00f6nnen.[\/vc_column_text][\/vc_column][\/vc_row][vc_row full_width=&#8220;stretch_row&#8220; css_animation=&#8220;fadeIn&#8220;][vc_column][vc_column_text]<\/p>\n<h3 style=\"text-align: center;\"><span style=\"font-size: 18pt; color: #000000;\">Warum sollte Ihr Personal vegane Schuhe tragen?<br \/>\n<\/span><\/h3>\n<p>[\/vc_column_text][\/vc_column][\/vc_row][vc_row full_width=&#8220;stretch_row&#8220; css_animation=&#8220;fadeIn&#8220;][vc_column width=&#8220;1\/3&#8243;][vc_single_image image=&#8220;2687&#8243; img_size=&#8220;73&#215;73&#8243; alignment=&#8220;center&#8220;][vc_column_text]<\/p>\n<h4 style=\"text-align: center;\"><span style=\"font-size: 14pt;\">Kombinieren Sie Komfort und Haltbarkeit<\/span><\/h4>\n<p>[\/vc_column_text][vc_column_text]<\/p>\n<p style=\"text-align: center;\">Die vegan gepr\u00fcften Schuhe <strong>unseres Eco-Sortiments vereinen Haltbarkeit und Komfort<\/strong> in einem Schuh, der die Zukunft unseres Planeten sch\u00fctzen soll. De<strong>r Herstellungsprozess<\/strong> unserer Eco-Schuhe ist in der Tat komplett <strong>nachhaltig und umweltbewusst<\/strong>. Alle unsere Schuhe sind mit unserer patentierten, <a href=\"https:\/\/shoesforcrews.pro\/de\/unsere-technologie-sicherheit\/\" target=\"_blank\" rel=\"noopener\" hreflang=\"de\" >extrem rutschhemmenden Laufsohle ausgestattet, die mit innovativer Technologie<\/a> zum Wohl Ihrer Mitarbeitenden am Arbeitsplatz beitr\u00e4gt.<\/p>\n<p>[\/vc_column_text][\/vc_column][vc_column width=&#8220;1\/3&#8243;][vc_single_image image=&#8220;2688&#8243; img_size=&#8220;73&#215;73&#8243; alignment=&#8220;center&#8220;][vc_column_text]<\/p>\n<h4 style=\"text-align: center;\"><span style=\"font-size: 14pt;\">Lederfrei, tierfrei<\/span><\/h4>\n<p>[\/vc_column_text][vc_column_text]<\/p>\n<p style=\"text-align: center;\"><span style=\"font-weight: 400;\">Selbst f\u00fcr Arbeitnehmende, die nicht vegan leben, gibt es zahlreiche Vorteile, die vegane Schuhe mit sich bringen. Veganes Leder<strong> wird ohne die Verwendung von Tierprodukten hergestellt und ist umweltfreundlich.<\/strong> Au\u00dferdem wird es ohne Qualit\u00e4tseinbu\u00dfen hergestellt.<\/span><\/p>\n<p>[\/vc_column_text][\/vc_column][vc_column width=&#8220;1\/3&#8243;][vc_single_image image=&#8220;2689&#8243; img_size=&#8220;73&#215;73&#8243; alignment=&#8220;center&#8220;][vc_column_text]<\/p>\n<h4 style=\"text-align: center;\"><span style=\"font-size: 14pt;\">Steigern Sie die Loyalit\u00e4t Ihrer Mitarbeitenden<\/span><\/h4>\n<p>[\/vc_column_text][vc_column_text]<\/p>\n<p style=\"text-align: center;\">Es ist nicht nur ein <strong>Wettbewerbsvorteil<\/strong> f\u00fcr Ihr Unternehmen, wenn Sie bei der Einstellung neuer Mitarbeitenden zeigt, dass Ihnen deren Lebensstil am Herzen liegt, sondern es ist auch ein guter Weg, um <strong>Fehlzeiten zu bek\u00e4mpfen und das Engagement und Vertrauen innerhalb Ihres Teams zu f\u00f6rdern.<\/strong> In der heutigen Zeit, in der \u00fcberall auf der Welt gro\u00dfe Resignation herrscht, ist es wichtiger denn je, sich um Ihre <strong>Mitarbeitenden zu k\u00fcmmern und sich um ihr Wohlergehen zu sorgen.<\/strong><\/p>\n<p>[\/vc_column_text][\/vc_column][\/vc_row][vc_row full_width=&#8220;stretch_row&#8220; css_animation=&#8220;fadeIn&#8220; css=&#8220;.vc_custom_1728056366955{background-color: #eaf3db !important;}&#8220;][vc_column][vc_column_text]<\/p>\n<h3 style=\"text-align: center;\"><span style=\"font-size: 18pt;\">Einige unserer veganen verifizierten Schuhmodelle<br \/>\n<\/span><\/h3>\n<p>[\/vc_column_text]<div class=\"sfc-image-carousel image-carousel\" data-slick='{\"slidesToShow\": 3, \"slidesToScroll\": 1, \"speed\": 2500, \"swipeToSlide\": true, \"arrows\": true}' ><div class='vc_item'><img decoding=\"async\" src=\"https:\/\/shoesforcrews.pro\/de\/wp-content\/uploads\/2023\/02\/01_V4_Barra_VEGAN-CERT_600x400px_19-01-23-min-Copie.png\" class=\"sfc-image-carousel__image\" \/><\/div><div class='vc_item'><img decoding=\"async\" src=\"https:\/\/shoesforcrews.pro\/de\/wp-content\/uploads\/2023\/02\/02_V4_Everlight-black_VEGAN-CERT_600x400px_19-01-23-min.png\" class=\"sfc-image-carousel__image\" \/><\/div><div class='vc_item'><img decoding=\"async\" src=\"https:\/\/shoesforcrews.pro\/de\/wp-content\/uploads\/2023\/02\/03_V4_Everlight-Grey_VEGAN-CERT_600x400px_19-01-23-min.png\" class=\"sfc-image-carousel__image\" \/><\/div><div class='vc_item'><img decoding=\"async\" src=\"https:\/\/shoesforcrews.pro\/de\/wp-content\/uploads\/2023\/02\/04_V4_Freestyle_VEGAN-CERT_600x400px_19-01-23-min.png\" class=\"sfc-image-carousel__image\" \/><\/div><\/div>[\/vc_column][\/vc_row][vc_row css_animation=&#8220;fadeIn&#8220;][vc_column width=&#8220;1\/2&#8243;][vc_column_text]<\/p>\n<h2 style=\"text-align: left;\"><span style=\"font-size: 18pt;\">Unsere \u00d6ko-Reise: Erfahren Sie mehr \u00fcber unser Engagement f\u00fcr Nachhaltigkeit\u00a0<\/span><\/h2>\n<p class=\"ewa-rteLine\">Bei Shoes For Crews <strong>sind wir darauf bedacht, nachhaltige und umweltfreundliche Produkte zu entwickeln,<\/strong> w\u00e4hrend wir unserer Kernmission und -vision treu bleiben: <strong>die Sicherheit der Arbeitskr\u00e4fte bei der Arbeit zu gew\u00e4hrleisten und die Welt mit Sicherheitsschuhen auszustatten. <\/strong><\/p>\n<p class=\"ewa-rteLine\"><strong>Wir haben erhebliche Fortschritte bei unseren Zielen erreicht<\/strong>, einen kreislauforientierten Produktionsprozess umzusetzen und unseren CO2-Fu\u00dfabdruck zu reduzieren, indem wir unsere ECO-Schuhkollektion eingef\u00fchrt und Teile unserer Produktion nach Europa verlagert haben.<\/p>\n<p class=\"ewa-rteLine\">Seit 2021 <strong>ver\u00f6ffentlichen wir einen j\u00e4hrlichen Nachhaltigkeitsbericht<\/strong>, um unsere Vision und unseren Fahrplan f\u00fcr nachhaltige Entwicklung zu kommunizieren.<\/p>\n<p>Der Bericht beleuchtet unsere<strong> Initiativen und Erfolge im Jahr 2024 in den Bereichen Umwelt, Soziales und Unternehmensf\u00fchrung.<\/strong>[\/vc_column_text][\/vc_column][vc_column width=&#8220;1\/2&#8243;][vc_single_image image=&#8220;7642&#8243; img_size=&#8220;full&#8220; alignment=&#8220;center&#8220;][\/vc_column][vc_column css_animation=&#8220;fadeIn&#8220;]<div style=\"text-align: center\" ><a hreflang=\"de\" href=\"http:\/\/info.shoesforcrews.pro\/de\/nachhaltigkeitsreport-2021\" class=\"btn--tertiary\" style=\"background-image: url()\">Laden Sie unseren Nachhaltigkeits-Report 2024 herunter<\/a><\/div>[vc_empty_space][\/vc_column][\/vc_row][vc_row full_width=&#8220;stretch_row&#8220; css_animation=&#8220;fadeIn&#8220; enable_fixed_background=&#8220;true&#8220; css=&#8220;.vc_custom_1728056401531{background-image: url(https:\/\/shoesforcrews.pro\/wp-content\/uploads\/2022\/06\/increase-safety-shoes-for-crews.jpg?id=1232) !important;background-position: center !important;background-repeat: no-repeat !important;background-size: cover !important;}&#8220;][vc_column][vc_column_text]<\/p>\n<h3 style=\"text-align: center; color: #ffffff;\"><span style=\"color: #ffffff;\"><span style=\"font-size: 18pt;\">Sprechen Sie mit unseren Experten und Testen Sie <\/span><span style=\"font-size: 18pt;\">unserer Eco-Kollektion!<\/span><span style=\"font-size: 18pt;\">*<\/span><\/span><\/h3>\n<p>[\/vc_column_text][vc_column_text]\n\t\t\t\t\t\t<script>\n\t\t\t\t\t\t\twindow.hsFormsOnReady = window.hsFormsOnReady || [];\n\t\t\t\t\t\t\twindow.hsFormsOnReady.push(()=>{\n\t\t\t\t\t\t\t\thbspt.forms.create({\n\t\t\t\t\t\t\t\t\tportalId: 487275,\n\t\t\t\t\t\t\t\t\tformId: \"d85da208-5c16-4ec7-94b8-803e710f8d58\",\n\t\t\t\t\t\t\t\t\ttarget: \"#hbspt-form-1775725132000-3371320566\",\n\t\t\t\t\t\t\t\t\tregion: \"eu1\",\n\t\t\t\t\t\t\t\t\t\n\t\t\t\t\t\t\t})});\n\t\t\t\t\t\t<\/script>\n\t\t\t\t\t\t<div class=\"hbspt-form\" id=\"hbspt-form-1775725132000-3371320566\"><\/div>[\/vc_column_text][vc_column_text]<span style=\"font-size: 10pt; color: #ffffff;\">*Shoes For Crews (Europe) Ltd. beh\u00e4lt sich das Recht vor, Ihre Anfrage und Ihr Projekt zu bewerten, bevor wir Ihre Anfrage nach dem Testen unserer Schuhe annehmen. Bitte beachten Sie, dass dieses Angebot nicht f\u00fcr Privatkunden und bestehende Kunden von Shoes For Crews gilt; es schlie\u00dft auch die PUMA SAFETY Schuhe aus.<\/span>[\/vc_column_text][\/vc_column][\/vc_row]<\/p>\n","protected":false},"excerpt":{"rendered":"<p>[vc_row full_width=&#8220;stretch_row&#8220; css=&#8220;.vc_custom_1672664573938{background-color: #eaf3db !important;}&#8220;][vc_column width=&#8220;1\/3&#8243;][\/vc_column][vc_column width=&#8220;1\/3&#8243;][\/vc_column][vc_column width=&#8220;1\/3&#8243;][\/vc_column][\/vc_row][vc_row css_animation=&#8220;fadeIn&#8220;][vc_column width=&#8220;1\/2&#8243;][vc_column_text] Nachhaltige Schuhe aus recycelten Materialien Wir bei Shoes For Crews sind uns dar\u00fcber bewusst, dass unsere F\u00fc\u00dfe nicht kleiner werden k\u00f6nnen &#8211; wohl aber der \u00f6kologische Fu\u00dfabdruck, den sie hinterlassen. Deshalb \u00e4ndern wir nicht nur einzelne Modelle, sondern nach und nach unseren gesamten Produktionsprozess und [&hellip;]<\/p>\n","protected":false},"author":1,"featured_media":0,"parent":109,"menu_order":1,"comment_status":"closed","ping_status":"closed","template":"tpl-landing-page.php","meta":{"content-type":"","footnotes":""},"class_list":["post-677","page","type-page","status-publish","hentry"],"yoast_head":"<!-- This site is optimized with the Yoast SEO plugin v25.6 - https:\/\/yoast.com\/wordpress\/plugins\/seo\/ -->\n<title>Nachhaltige &amp; Vegane Schuhe f\u00fcr Ihr Team | SFC<\/title>\n<meta name=\"description\" content=\"Sorgen Sie daf\u00fcr, dass Ihre Mitarbeitenden komfortabel auf den Beinen stehen, und sch\u00fctzen Sie gleichzeitig die Umwelt mit unseren Eco Schuhen: nachhaltig und vegan.\" \/>\n<meta name=\"robots\" content=\"index, follow, max-snippet:-1, max-image-preview:large, max-video-preview:-1\" \/>\n<link rel=\"canonical\" href=\"https:\/\/shoesforcrews.pro\/de\/sicherheitsschuhloesungen\/nachhaltige-vegane-schuhe\/\" \/>\n<meta property=\"og:locale\" content=\"de_DE\" \/>\n<meta property=\"og:type\" content=\"article\" \/>\n<meta property=\"og:title\" content=\"Nachhaltige &amp; Vegane Schuhe f\u00fcr Ihr Team | SFC\" \/>\n<meta property=\"og:description\" content=\"Sorgen Sie daf\u00fcr, dass Ihre Mitarbeitenden komfortabel auf den Beinen stehen, und sch\u00fctzen Sie gleichzeitig die Umwelt mit unseren Eco Schuhen: nachhaltig und vegan.\" \/>\n<meta property=\"og:url\" content=\"https:\/\/shoesforcrews.pro\/de\/sicherheitsschuhloesungen\/nachhaltige-vegane-schuhe\/\" \/>\n<meta property=\"og:site_name\" content=\"Shoes For Crews DE\" \/>\n<meta property=\"article:modified_time\" content=\"2025-09-23T08:24:31+00:00\" \/>\n<meta name=\"twitter:card\" content=\"summary_large_image\" \/>\n<meta name=\"twitter:label1\" content=\"Gesch\u00e4tzte Lesezeit\" \/>\n\t<meta name=\"twitter:data1\" content=\"9\u00a0Minuten\" \/>\n<script type=\"application\/ld+json\" class=\"yoast-schema-graph\">{\"@context\":\"https:\/\/schema.org\",\"@graph\":[{\"@type\":\"WebPage\",\"@id\":\"https:\/\/shoesforcrews.pro\/de\/sicherheitsschuhloesungen\/nachhaltige-vegane-schuhe\/\",\"url\":\"https:\/\/shoesforcrews.pro\/de\/sicherheitsschuhloesungen\/nachhaltige-vegane-schuhe\/\",\"name\":\"Nachhaltige & Vegane Schuhe f\u00fcr Ihr Team | SFC\",\"isPartOf\":{\"@id\":\"https:\/\/shoesforcrews.pro\/de\/#website\"},\"datePublished\":\"2023-02-03T15:05:35+00:00\",\"dateModified\":\"2025-09-23T08:24:31+00:00\",\"description\":\"Sorgen Sie daf\u00fcr, dass Ihre Mitarbeitenden komfortabel auf den Beinen stehen, und sch\u00fctzen Sie gleichzeitig die Umwelt mit unseren Eco Schuhen: nachhaltig und vegan.\",\"breadcrumb\":{\"@id\":\"https:\/\/shoesforcrews.pro\/de\/sicherheitsschuhloesungen\/nachhaltige-vegane-schuhe\/#breadcrumb\"},\"inLanguage\":\"de\",\"potentialAction\":[{\"@type\":\"ReadAction\",\"target\":[\"https:\/\/shoesforcrews.pro\/de\/sicherheitsschuhloesungen\/nachhaltige-vegane-schuhe\/\"]}]},{\"@type\":\"BreadcrumbList\",\"@id\":\"https:\/\/shoesforcrews.pro\/de\/sicherheitsschuhloesungen\/nachhaltige-vegane-schuhe\/#breadcrumb\",\"itemListElement\":[{\"@type\":\"ListItem\",\"position\":1,\"name\":\"Zur\u00fcck\",\"item\":\"https:\/\/shoesforcrews.pro\/de\/blog-gesundheit-sicherheit\/\"},{\"@type\":\"ListItem\",\"position\":2,\"name\":\"Corporate Footwear Solutions\",\"item\":\"https:\/\/shoesforcrews.pro\/de\/sicherheitsschuhloesungen\/\"},{\"@type\":\"ListItem\",\"position\":3,\"name\":\"Sustainable &#038; Vegan Shoes: When Quality Meets Sustainability\"}]},{\"@type\":\"WebSite\",\"@id\":\"https:\/\/shoesforcrews.pro\/de\/#website\",\"url\":\"https:\/\/shoesforcrews.pro\/de\/\",\"name\":\"Shoes For Crews DE\",\"description\":\"\",\"publisher\":{\"@id\":\"https:\/\/shoesforcrews.pro\/de\/#organization\"},\"potentialAction\":[{\"@type\":\"SearchAction\",\"target\":{\"@type\":\"EntryPoint\",\"urlTemplate\":\"https:\/\/shoesforcrews.pro\/de\/?s={search_term_string}\"},\"query-input\":{\"@type\":\"PropertyValueSpecification\",\"valueRequired\":true,\"valueName\":\"search_term_string\"}}],\"inLanguage\":\"de\"},{\"@type\":\"Organization\",\"@id\":\"https:\/\/shoesforcrews.pro\/de\/#organization\",\"name\":\"Shoes For Crews DE\",\"url\":\"https:\/\/shoesforcrews.pro\/de\/\",\"logo\":{\"@type\":\"ImageObject\",\"inLanguage\":\"de\",\"@id\":\"https:\/\/shoesforcrews.pro\/de\/#\/schema\/logo\/image\/\",\"url\":\"https:\/\/shoesforcrews.pro\/de\/wp-content\/uploads\/2025\/11\/SFC-LOGO-2025_NAVY-1.png\",\"contentUrl\":\"https:\/\/shoesforcrews.pro\/de\/wp-content\/uploads\/2025\/11\/SFC-LOGO-2025_NAVY-1.png\",\"caption\":\"Shoes For Crews DE\"},\"image\":{\"@id\":\"https:\/\/shoesforcrews.pro\/de\/#\/schema\/logo\/image\/\"}}]}<\/script>\n<!-- \/ Yoast SEO plugin. -->","yoast_head_json":{"title":"Nachhaltige & Vegane Schuhe f\u00fcr Ihr Team | SFC","description":"Sorgen Sie daf\u00fcr, dass Ihre Mitarbeitenden komfortabel auf den Beinen stehen, und sch\u00fctzen Sie gleichzeitig die Umwelt mit unseren Eco Schuhen: nachhaltig und vegan.","robots":{"index":"index","follow":"follow","max-snippet":"max-snippet:-1","max-image-preview":"max-image-preview:large","max-video-preview":"max-video-preview:-1"},"canonical":"https:\/\/shoesforcrews.pro\/de\/sicherheitsschuhloesungen\/nachhaltige-vegane-schuhe\/","og_locale":"de_DE","og_type":"article","og_title":"Nachhaltige & Vegane Schuhe f\u00fcr Ihr Team | SFC","og_description":"Sorgen Sie daf\u00fcr, dass Ihre Mitarbeitenden komfortabel auf den Beinen stehen, und sch\u00fctzen Sie gleichzeitig die Umwelt mit unseren Eco Schuhen: nachhaltig und vegan.","og_url":"https:\/\/shoesforcrews.pro\/de\/sicherheitsschuhloesungen\/nachhaltige-vegane-schuhe\/","og_site_name":"Shoes For Crews DE","article_modified_time":"2025-09-23T08:24:31+00:00","twitter_card":"summary_large_image","twitter_misc":{"Gesch\u00e4tzte Lesezeit":"9\u00a0Minuten"},"schema":{"@context":"https:\/\/schema.org","@graph":[{"@type":"WebPage","@id":"https:\/\/shoesforcrews.pro\/de\/sicherheitsschuhloesungen\/nachhaltige-vegane-schuhe\/","url":"https:\/\/shoesforcrews.pro\/de\/sicherheitsschuhloesungen\/nachhaltige-vegane-schuhe\/","name":"Nachhaltige & Vegane Schuhe f\u00fcr Ihr Team | SFC","isPartOf":{"@id":"https:\/\/shoesforcrews.pro\/de\/#website"},"datePublished":"2023-02-03T15:05:35+00:00","dateModified":"2025-09-23T08:24:31+00:00","description":"Sorgen Sie daf\u00fcr, dass Ihre Mitarbeitenden komfortabel auf den Beinen stehen, und sch\u00fctzen Sie gleichzeitig die Umwelt mit unseren Eco Schuhen: nachhaltig und vegan.","breadcrumb":{"@id":"https:\/\/shoesforcrews.pro\/de\/sicherheitsschuhloesungen\/nachhaltige-vegane-schuhe\/#breadcrumb"},"inLanguage":"de","potentialAction":[{"@type":"ReadAction","target":["https:\/\/shoesforcrews.pro\/de\/sicherheitsschuhloesungen\/nachhaltige-vegane-schuhe\/"]}]},{"@type":"BreadcrumbList","@id":"https:\/\/shoesforcrews.pro\/de\/sicherheitsschuhloesungen\/nachhaltige-vegane-schuhe\/#breadcrumb","itemListElement":[{"@type":"ListItem","position":1,"name":"Zur\u00fcck","item":"https:\/\/shoesforcrews.pro\/de\/blog-gesundheit-sicherheit\/"},{"@type":"ListItem","position":2,"name":"Corporate Footwear Solutions","item":"https:\/\/shoesforcrews.pro\/de\/sicherheitsschuhloesungen\/"},{"@type":"ListItem","position":3,"name":"Sustainable &#038; Vegan Shoes: When Quality Meets Sustainability"}]},{"@type":"WebSite","@id":"https:\/\/shoesforcrews.pro\/de\/#website","url":"https:\/\/shoesforcrews.pro\/de\/","name":"Shoes For Crews DE","description":"","publisher":{"@id":"https:\/\/shoesforcrews.pro\/de\/#organization"},"potentialAction":[{"@type":"SearchAction","target":{"@type":"EntryPoint","urlTemplate":"https:\/\/shoesforcrews.pro\/de\/?s={search_term_string}"},"query-input":{"@type":"PropertyValueSpecification","valueRequired":true,"valueName":"search_term_string"}}],"inLanguage":"de"},{"@type":"Organization","@id":"https:\/\/shoesforcrews.pro\/de\/#organization","name":"Shoes For Crews DE","url":"https:\/\/shoesforcrews.pro\/de\/","logo":{"@type":"ImageObject","inLanguage":"de","@id":"https:\/\/shoesforcrews.pro\/de\/#\/schema\/logo\/image\/","url":"https:\/\/shoesforcrews.pro\/de\/wp-content\/uploads\/2025\/11\/SFC-LOGO-2025_NAVY-1.png","contentUrl":"https:\/\/shoesforcrews.pro\/de\/wp-content\/uploads\/2025\/11\/SFC-LOGO-2025_NAVY-1.png","caption":"Shoes For Crews DE"},"image":{"@id":"https:\/\/shoesforcrews.pro\/de\/#\/schema\/logo\/image\/"}}]}},"_links":{"self":[{"href":"https:\/\/shoesforcrews.pro\/de\/wp-json\/wp\/v2\/pages\/677"}],"collection":[{"href":"https:\/\/shoesforcrews.pro\/de\/wp-json\/wp\/v2\/pages"}],"about":[{"href":"https:\/\/shoesforcrews.pro\/de\/wp-json\/wp\/v2\/types\/page"}],"author":[{"embeddable":true,"href":"https:\/\/shoesforcrews.pro\/de\/wp-json\/wp\/v2\/users\/1"}],"replies":[{"embeddable":true,"href":"https:\/\/shoesforcrews.pro\/de\/wp-json\/wp\/v2\/comments?post=677"}],"version-history":[{"count":17,"href":"https:\/\/shoesforcrews.pro\/de\/wp-json\/wp\/v2\/pages\/677\/revisions"}],"predecessor-version":[{"id":2117,"href":"https:\/\/shoesforcrews.pro\/de\/wp-json\/wp\/v2\/pages\/677\/revisions\/2117"}],"up":[{"embeddable":true,"href":"https:\/\/shoesforcrews.pro\/de\/wp-json\/wp\/v2\/pages\/109"}],"wp:attachment":[{"href":"https:\/\/shoesforcrews.pro\/de\/wp-json\/wp\/v2\/media?parent=677"}],"curies":[{"name":"wp","href":"https:\/\/api.w.org\/{rel}","templated":true}]}}