{"id":676,"date":"2023-02-09T09:45:09","date_gmt":"2023-02-09T09:45:09","guid":{"rendered":"https:\/\/shoesforcrews.pro\/de\/?page_id=676"},"modified":"2024-11-22T13:47:24","modified_gmt":"2024-11-22T13:47:24","slug":"messung-rutschhemmung","status":"publish","type":"page","link":"https:\/\/shoesforcrews.pro\/de\/sicherheitsschuhloesungen\/messung-rutschhemmung\/","title":{"rendered":"How is slip resistance measured?"},"content":{"rendered":"<p>[vc_row css=&#8220;.vc_custom_1659945163407{margin-top: 5% !important;}&#8220;][vc_column][vc_column_text]Nicht alle rutschhemmenden Schuhe sind gleich. Die Rutschhemmung eines Schuhs kann sich selbst bei Sicherheitsschuhen, die als &#8222;rutschhemmend&#8220; zertifiziert sind, drastisch unterscheiden. Jahr f\u00fcr Jahr \u00fcbertreffen die Schuhe von Shoes For Crews die europ\u00e4ische Industrienorm f\u00fcr Rutschhemmung.<\/p>\n<p>Dank <a href=\"https:\/\/shoesforcrews.pro\/de\/unsere-technologie-sicherheit\/\" target=\"_blank\" rel=\"noopener\" hreflang=\"de\" >unserer revolution\u00e4ren, rutschhemmenden Laufsohlen sch\u00fctzen<\/a> wir Millionen von Arbeitnehmenden weltweit mit einer breiten Palette an hochwertigen Arbeitsschuhen.<br \/>\n<strong>Unsere Mission bei Shoes For Crews ist es, die Anzahl von Arbeitsunf\u00e4llen zu verringern und finanzielle Verluste f\u00fcr Unternehmen zu minimieren.<\/strong><\/p>\n<p>Aber was ist ein rutschhemmender Schuh und wie wird die Rutschhemmung gemessen?[\/vc_column_text][vc_video link=&#8220;https:\/\/www.youtube.com\/watch?v=rg_EgP_fMwU&#8220; align=&#8220;center&#8220; css_animation=&#8220;fadeIn&#8220;][vc_column_text css_animation=&#8220;fadeIn&#8220;]<\/p>\n<div class=\"wpb_text_column wpb_content_element vc_custom_1659943358015\">\n<h2 class=\"wpb_wrapper\"><span style=\"font-size: 18pt;\">Was ist ein rutschhemmender Schuh?<\/span><\/h2>\n<p>Ein rutschhemmender Schuh soll dazu beitragen, Verletzungen wie Ausrutschen, St\u00fcrzen und Stolpern auf glatten und nassen Oberfl\u00e4chen vorzubeugen.<\/p>\n<p>Alle unsere Shoes For Crews-Modelle wurden entwickelt, um Ihre gesamte Belegschaft vor Ausrutschern und St\u00fcrzen am Arbeitsplatz zu sch\u00fctzen, und zwar mit <strong>unserer hochgradig rutschhemmenden Laufsohlentechnologie.<\/strong><\/p>\n<h2>Neue Norm f\u00fcr die Pr\u00fcfung der Rutschhemmung von Schuhen f\u00fcr pers\u00f6nliche Schutzausr\u00fcstung (PSA)<\/h2>\n<p>Ende 2021 \u00fcberarbeitete die Internationale Organisation f\u00fcr Normung (ISO) die Normen f\u00fcr die Rutschfestigkeitspr\u00fcfung. <strong>EN ISO 20344:2011 wurde durch die neue Norm EN ISO 20344:2021 ersetzt.<\/strong><\/p>\n<p>Diese Norm gilt seit Anfang 2022 und muss bei der Pr\u00fcfung der Rutschhemmung von PSA (Pers\u00f6nliche Schutzausr\u00fcstung) angewendet werden.<\/p>\n<h3>Anforderung f\u00fcr PSA<\/h3>\n<ul>\n<li>EN ISO 20345:2022: Norm f\u00fcr Sicherheitsschuhe<\/li>\n<li>EN ISO 20347:2022: Norm f\u00fcr Berufsschuhe<\/li>\n<li>EN ISO 13287:2020-02: Gilt nicht f\u00fcr Spezialschuhe, die Spikes, Metallstifte oder \u00c4hnliches enthalten.<\/li>\n<\/ul>\n<h2><span style=\"font-size: 18pt;\">Wie wird die Rutschhemmung eines Schuhs gemessen?<\/span><\/h2>\n<\/div>\n<p>Bei der Pr\u00fcfung der Rutschhemmung eines Schuhs wird der Schuh in verschiedenen Positionen in eine Messvorrichtung eingespannt und \u00fcber die verschiedenen Pr\u00fcfb\u00f6den gef\u00fchrt.<\/p>\n<p>Wie oben erw\u00e4hnt, wird die Rutschhemmung von Schuhen nach den in der Norm EN ISO 20344:2021 festgelegten europ\u00e4ischen Pr\u00fcfmethoden gepr\u00fcft. Schuhe, die die Pr\u00fcfung der Rutschhemmung bestanden haben, werden mit dem SR-Code gekennzeichnet:<\/p>\n<ul>\n<li><strong>Standardanforderung:<\/strong> Rutschfestigkeitspr\u00fcfung auf <strong>keramischen B\u00f6den mit Natriumlaurylsulfat (SLS).<\/strong><\/li>\n<li><strong>SR-Klasse:<\/strong> Rutschfestigkeitspr\u00fcfung auf <strong>keramischen B\u00f6den mit Glycerin.<\/strong><\/li>\n<\/ul>\n<p>[\/vc_column_text][\/vc_column][\/vc_row][vc_row][vc_column][vc_column_text css_animation=&#8220;fadeIn&#8220;]<\/p>\n<h2><span style=\"font-size: 18pt;\">Klassifizierung von Berufs- und Sicherheitsschuhen<\/span><\/h2>\n<p>Dar\u00fcber hinaus <strong>wird zwischen Arbeits- und Sicherheitsschuhen <\/strong><strong>unterschieden,<\/strong> denn nicht jeder Arbeitsschuh ist automatisch ein Sicherheitsschuh. <strong>Sicherheitsschuhe m\u00fcssen eine Zehenkappe haben, die einer Belastung von mindestens 200 Joule standhalten muss.<\/strong> Berufsschuhe k\u00f6nnen zwar eine Schutzkomponente haben, m\u00fcssen aber keine Zehenkappe haben. Auch sie lassen sich in die folgenden Klassen einteilen:<\/p>\n<h3><span style=\"font-size: 14pt;\">1. Klassifizierung von Berufsschuhen<\/span><\/h3>\n<p>[\/vc_column_text][vc_single_image image=&#8220;6570&#8243; img_size=&#8220;full&#8220; alignment=&#8220;center&#8220; css_animation=&#8220;fadeIn&#8220;][vc_column_text css_animation=&#8220;fadeIn&#8220;]<\/p>\n<h3><span style=\"font-size: 14pt;\">2. Klassifizierung von Sicherheitsschuhen<\/span><\/h3>\n<p>[\/vc_column_text][vc_single_image image=&#8220;6571&#8243; img_size=&#8220;full&#8220; alignment=&#8220;center&#8220; css_animation=&#8220;fadeIn&#8220;][vc_column_text css_animation=&#8220;fadeIn&#8220;]<\/p>\n<h3><span style=\"font-size: 14pt;\">3. Zus\u00e4tzliche Anforderungen:<br \/>\n<\/span><\/h3>\n<p>Mit dem neuen Standard gibt es derzeit 18 zus\u00e4tzliche Anforderungen anstelle der fr\u00fcheren 12.<\/p>\n<ul>\n<li><strong>A<\/strong> &#8211; Antistatik<\/li>\n<li><strong><strong>AN<\/strong><span style=\"font-weight: 400;\"> &#8211; Kn\u00f6chelschutz<\/span><\/strong><\/li>\n<li><strong><strong>C<\/strong><span style=\"font-weight: 400;\"> &#8211; Teilweise leitf\u00e4hig<\/span><\/strong><\/li>\n<li><strong>CI<\/strong> &#8211; K\u00e4lteisolierung<\/li>\n<li><strong>CR<\/strong> &#8211; Schnittfestigkeit<\/li>\n<li><strong>E<\/strong> &#8211; Energieaufnahme der Ferse<\/li>\n<li><strong>FO<\/strong> &#8211; Kraftstoffbest\u00e4ndigkeit<\/li>\n<li><strong>HI<\/strong> &#8211; W\u00e4rmeisolierung<\/li>\n<li><strong>HRO<\/strong>\u00a0 &#8211; Verhalten gegen\u00fcber Kontaktw\u00e4rme<\/li>\n<li><strong>LG<\/strong> &#8211; Griffigkeit auf Leitern<\/li>\n<li><strong>M<\/strong> &#8211; Mittelfu\u00dfschutz<\/li>\n<li><strong>P<\/strong> &#8211; Durchtrittsicher (Metalleinsatz)<\/li>\n<li><strong>PL<\/strong> &#8211; Durchtrittsicher (nicht metallischer Einsatz, 4,5 mm Nagel)<\/li>\n<li><strong>PS<\/strong> &#8211; Durchtrittsicher (nicht metallischer Einsatz, 3,0 mm Nagel)<\/li>\n<li><strong>SC<\/strong> &#8211; <span class=\"ui-provider ga b c d e f g h i j k l m n o p q r s t u v w x y z ab ac ae af ag ah ai aj ak\" dir=\"ltr\">Ansto\u00dfkappenabrieb<\/span><\/li>\n<li><strong>SR<\/strong> &#8211; Rutschhemmung (Keramikfliesenboden mit Glyzerin)<\/li>\n<li><strong>WPA<\/strong> &#8211; Wasserdurchtritt &amp; Wasseraufnahme<\/li>\n<li><strong>WR<\/strong> &#8211; Wasserdichtheit<\/li>\n<\/ul>\n<p>[\/vc_column_text][vc_column_text css_animation=&#8220;fadeIn&#8220;]Rutschhemmung ist der Schl\u00fcssel zur Vermeidung von Rutsch-, Sturz- und Stolperunf\u00e4llen am Arbeitsplatz. Wenn Sie nach L\u00f6sungen suchen, die Ihnen helfen, die Sicherheit und den Komfort Ihrer Mitarbeitenden zu erh\u00f6hen, oder wenn Sie auf der Suche nach einem Schuhmodell sind, das zu einer bestimmten Aufgabe passt, <a href=\"https:\/\/shoesforcrews.pro\/de\/kontakt\/\" hreflang=\"de\" >sollten Sie sich mit uns in Verbindung setzen<\/a>. Unsere Experten helfen Ihnen gerne weiter![\/vc_column_text][\/vc_column][\/vc_row][vc_row full_width=&#8220;stretch_row&#8220; equal_height=&#8220;yes&#8220; css_animation=&#8220;fadeIn&#8220; enable_fixed_background=&#8220;true&#8220; css=&#8220;.vc_custom_1728056800902{background-image: url(https:\/\/shoesforcrews.pro\/wp-content\/uploads\/2022\/06\/increase-safety-shoes-for-crews.jpg?id=1232) !important;background-position: center !important;background-repeat: no-repeat !important;background-size: cover !important;}&#8220;][vc_column][vc_column_text]<\/p>\n<h3 style=\"text-align: center;\"><span style=\"font-size: 18pt; color: #ffffff;\">Kontaktieren Sie uns noch heute um ein kostenloses Paar Arbeitsschuhe zu erhalten!*<\/span><\/h3>\n<p>[\/vc_column_text][vc_column_text]\n\t\t\t\t\t\t<script>\n\t\t\t\t\t\t\twindow.hsFormsOnReady = window.hsFormsOnReady || [];\n\t\t\t\t\t\t\twindow.hsFormsOnReady.push(()=>{\n\t\t\t\t\t\t\t\thbspt.forms.create({\n\t\t\t\t\t\t\t\t\tportalId: 487275,\n\t\t\t\t\t\t\t\t\tformId: \"d85da208-5c16-4ec7-94b8-803e710f8d58\",\n\t\t\t\t\t\t\t\t\ttarget: \"#hbspt-form-1776507455000-5131230623\",\n\t\t\t\t\t\t\t\t\tregion: \"eu1\",\n\t\t\t\t\t\t\t\t\t\n\t\t\t\t\t\t\t})});\n\t\t\t\t\t\t<\/script>\n\t\t\t\t\t\t<div class=\"hbspt-form\" id=\"hbspt-form-1776507455000-5131230623\"><\/div>[\/vc_column_text][vc_column_text]<span style=\"font-size: 10pt; color: #ffffff;\">*Shoes For Crews (Europe) Ltd. beh\u00e4lt sich das Recht vor, Ihre Anfrage und Ihr Projekt zu bewerten, bevor wir Ihre Anfrage nach einem kostenlosen Paar Schuhe annehmen. Bitte beachten Sie, dass dieses Angebot nicht f\u00fcr f\u00fcr Privatkunden und bestehende Kunden von Shoes For Crews gilt; es schlie\u00dft auch die PUMA SAFETY Schuhe aus.<\/span>[\/vc_column_text][\/vc_column][\/vc_row]<\/p>\n","protected":false},"excerpt":{"rendered":"<p>[vc_row css=&#8220;.vc_custom_1659945163407{margin-top: 5% !important;}&#8220;][vc_column][vc_column_text]Nicht alle rutschhemmenden Schuhe sind gleich. Die Rutschhemmung eines Schuhs kann sich selbst bei Sicherheitsschuhen, die als &#8222;rutschhemmend&#8220; zertifiziert sind, drastisch unterscheiden. Jahr f\u00fcr Jahr \u00fcbertreffen die Schuhe von Shoes For Crews die europ\u00e4ische Industrienorm f\u00fcr Rutschhemmung. Dank unserer revolution\u00e4ren, rutschhemmenden Laufsohlen sch\u00fctzen wir Millionen von Arbeitnehmenden weltweit mit einer breiten Palette [&hellip;]<\/p>\n","protected":false},"author":2,"featured_media":0,"parent":109,"menu_order":0,"comment_status":"closed","ping_status":"closed","template":"tpl-landing-page.php","meta":{"content-type":"","footnotes":""},"class_list":["post-676","page","type-page","status-publish","hentry"],"yoast_head":"<!-- This site is optimized with the Yoast SEO plugin v25.6 - https:\/\/yoast.com\/wordpress\/plugins\/seo\/ -->\n<title>Rutschtest: Wie wird die Rutschhemmung gemessen? | SFC<\/title>\n<meta name=\"description\" content=\"Informieren Sie sich \u00fcber die Funktionsweise des Rutschtests, die Normen der Rutschhemmung und die Klassifizierung von Sicherheitsschuhen.\" \/>\n<meta name=\"robots\" content=\"index, follow, max-snippet:-1, max-image-preview:large, max-video-preview:-1\" \/>\n<link rel=\"canonical\" href=\"https:\/\/shoesforcrews.pro\/de\/sicherheitsschuhloesungen\/messung-rutschhemmung\/\" \/>\n<meta property=\"og:locale\" content=\"de_DE\" \/>\n<meta property=\"og:type\" content=\"article\" \/>\n<meta property=\"og:title\" content=\"Rutschtest: Wie wird die Rutschhemmung gemessen? | SFC\" \/>\n<meta property=\"og:description\" content=\"Informieren Sie sich \u00fcber die Funktionsweise des Rutschtests, die Normen der Rutschhemmung und die Klassifizierung von Sicherheitsschuhen.\" \/>\n<meta property=\"og:url\" content=\"https:\/\/shoesforcrews.pro\/de\/sicherheitsschuhloesungen\/messung-rutschhemmung\/\" \/>\n<meta property=\"og:site_name\" content=\"Shoes For Crews DE\" \/>\n<meta property=\"article:modified_time\" content=\"2024-11-22T13:47:24+00:00\" \/>\n<meta name=\"twitter:card\" content=\"summary_large_image\" \/>\n<meta name=\"twitter:label1\" content=\"Gesch\u00e4tzte Lesezeit\" \/>\n\t<meta name=\"twitter:data1\" content=\"4\u00a0Minuten\" \/>\n<script type=\"application\/ld+json\" class=\"yoast-schema-graph\">{\"@context\":\"https:\/\/schema.org\",\"@graph\":[{\"@type\":\"WebPage\",\"@id\":\"https:\/\/shoesforcrews.pro\/de\/sicherheitsschuhloesungen\/messung-rutschhemmung\/\",\"url\":\"https:\/\/shoesforcrews.pro\/de\/sicherheitsschuhloesungen\/messung-rutschhemmung\/\",\"name\":\"Rutschtest: Wie wird die Rutschhemmung gemessen? | SFC\",\"isPartOf\":{\"@id\":\"https:\/\/shoesforcrews.pro\/de\/#website\"},\"datePublished\":\"2023-02-09T09:45:09+00:00\",\"dateModified\":\"2024-11-22T13:47:24+00:00\",\"description\":\"Informieren Sie sich \u00fcber die Funktionsweise des Rutschtests, die Normen der Rutschhemmung und die Klassifizierung von Sicherheitsschuhen.\",\"breadcrumb\":{\"@id\":\"https:\/\/shoesforcrews.pro\/de\/sicherheitsschuhloesungen\/messung-rutschhemmung\/#breadcrumb\"},\"inLanguage\":\"de\",\"potentialAction\":[{\"@type\":\"ReadAction\",\"target\":[\"https:\/\/shoesforcrews.pro\/de\/sicherheitsschuhloesungen\/messung-rutschhemmung\/\"]}]},{\"@type\":\"BreadcrumbList\",\"@id\":\"https:\/\/shoesforcrews.pro\/de\/sicherheitsschuhloesungen\/messung-rutschhemmung\/#breadcrumb\",\"itemListElement\":[{\"@type\":\"ListItem\",\"position\":1,\"name\":\"Zur\u00fcck\",\"item\":\"https:\/\/shoesforcrews.pro\/de\/blog-gesundheit-sicherheit\/\"},{\"@type\":\"ListItem\",\"position\":2,\"name\":\"Corporate Footwear Solutions\",\"item\":\"https:\/\/shoesforcrews.pro\/de\/sicherheitsschuhloesungen\/\"},{\"@type\":\"ListItem\",\"position\":3,\"name\":\"How is slip resistance measured?\"}]},{\"@type\":\"WebSite\",\"@id\":\"https:\/\/shoesforcrews.pro\/de\/#website\",\"url\":\"https:\/\/shoesforcrews.pro\/de\/\",\"name\":\"Shoes For Crews DE\",\"description\":\"\",\"publisher\":{\"@id\":\"https:\/\/shoesforcrews.pro\/de\/#organization\"},\"potentialAction\":[{\"@type\":\"SearchAction\",\"target\":{\"@type\":\"EntryPoint\",\"urlTemplate\":\"https:\/\/shoesforcrews.pro\/de\/?s={search_term_string}\"},\"query-input\":{\"@type\":\"PropertyValueSpecification\",\"valueRequired\":true,\"valueName\":\"search_term_string\"}}],\"inLanguage\":\"de\"},{\"@type\":\"Organization\",\"@id\":\"https:\/\/shoesforcrews.pro\/de\/#organization\",\"name\":\"Shoes For Crews DE\",\"url\":\"https:\/\/shoesforcrews.pro\/de\/\",\"logo\":{\"@type\":\"ImageObject\",\"inLanguage\":\"de\",\"@id\":\"https:\/\/shoesforcrews.pro\/de\/#\/schema\/logo\/image\/\",\"url\":\"https:\/\/shoesforcrews.pro\/de\/wp-content\/uploads\/2025\/11\/SFC-LOGO-2025_NAVY-1.png\",\"contentUrl\":\"https:\/\/shoesforcrews.pro\/de\/wp-content\/uploads\/2025\/11\/SFC-LOGO-2025_NAVY-1.png\",\"caption\":\"Shoes For Crews DE\"},\"image\":{\"@id\":\"https:\/\/shoesforcrews.pro\/de\/#\/schema\/logo\/image\/\"}}]}<\/script>\n<!-- \/ Yoast SEO plugin. -->","yoast_head_json":{"title":"Rutschtest: Wie wird die Rutschhemmung gemessen? | SFC","description":"Informieren Sie sich \u00fcber die Funktionsweise des Rutschtests, die Normen der Rutschhemmung und die Klassifizierung von Sicherheitsschuhen.","robots":{"index":"index","follow":"follow","max-snippet":"max-snippet:-1","max-image-preview":"max-image-preview:large","max-video-preview":"max-video-preview:-1"},"canonical":"https:\/\/shoesforcrews.pro\/de\/sicherheitsschuhloesungen\/messung-rutschhemmung\/","og_locale":"de_DE","og_type":"article","og_title":"Rutschtest: Wie wird die Rutschhemmung gemessen? | SFC","og_description":"Informieren Sie sich \u00fcber die Funktionsweise des Rutschtests, die Normen der Rutschhemmung und die Klassifizierung von Sicherheitsschuhen.","og_url":"https:\/\/shoesforcrews.pro\/de\/sicherheitsschuhloesungen\/messung-rutschhemmung\/","og_site_name":"Shoes For Crews DE","article_modified_time":"2024-11-22T13:47:24+00:00","twitter_card":"summary_large_image","twitter_misc":{"Gesch\u00e4tzte Lesezeit":"4\u00a0Minuten"},"schema":{"@context":"https:\/\/schema.org","@graph":[{"@type":"WebPage","@id":"https:\/\/shoesforcrews.pro\/de\/sicherheitsschuhloesungen\/messung-rutschhemmung\/","url":"https:\/\/shoesforcrews.pro\/de\/sicherheitsschuhloesungen\/messung-rutschhemmung\/","name":"Rutschtest: Wie wird die Rutschhemmung gemessen? | SFC","isPartOf":{"@id":"https:\/\/shoesforcrews.pro\/de\/#website"},"datePublished":"2023-02-09T09:45:09+00:00","dateModified":"2024-11-22T13:47:24+00:00","description":"Informieren Sie sich \u00fcber die Funktionsweise des Rutschtests, die Normen der Rutschhemmung und die Klassifizierung von Sicherheitsschuhen.","breadcrumb":{"@id":"https:\/\/shoesforcrews.pro\/de\/sicherheitsschuhloesungen\/messung-rutschhemmung\/#breadcrumb"},"inLanguage":"de","potentialAction":[{"@type":"ReadAction","target":["https:\/\/shoesforcrews.pro\/de\/sicherheitsschuhloesungen\/messung-rutschhemmung\/"]}]},{"@type":"BreadcrumbList","@id":"https:\/\/shoesforcrews.pro\/de\/sicherheitsschuhloesungen\/messung-rutschhemmung\/#breadcrumb","itemListElement":[{"@type":"ListItem","position":1,"name":"Zur\u00fcck","item":"https:\/\/shoesforcrews.pro\/de\/blog-gesundheit-sicherheit\/"},{"@type":"ListItem","position":2,"name":"Corporate Footwear Solutions","item":"https:\/\/shoesforcrews.pro\/de\/sicherheitsschuhloesungen\/"},{"@type":"ListItem","position":3,"name":"How is slip resistance measured?"}]},{"@type":"WebSite","@id":"https:\/\/shoesforcrews.pro\/de\/#website","url":"https:\/\/shoesforcrews.pro\/de\/","name":"Shoes For Crews DE","description":"","publisher":{"@id":"https:\/\/shoesforcrews.pro\/de\/#organization"},"potentialAction":[{"@type":"SearchAction","target":{"@type":"EntryPoint","urlTemplate":"https:\/\/shoesforcrews.pro\/de\/?s={search_term_string}"},"query-input":{"@type":"PropertyValueSpecification","valueRequired":true,"valueName":"search_term_string"}}],"inLanguage":"de"},{"@type":"Organization","@id":"https:\/\/shoesforcrews.pro\/de\/#organization","name":"Shoes For Crews DE","url":"https:\/\/shoesforcrews.pro\/de\/","logo":{"@type":"ImageObject","inLanguage":"de","@id":"https:\/\/shoesforcrews.pro\/de\/#\/schema\/logo\/image\/","url":"https:\/\/shoesforcrews.pro\/de\/wp-content\/uploads\/2025\/11\/SFC-LOGO-2025_NAVY-1.png","contentUrl":"https:\/\/shoesforcrews.pro\/de\/wp-content\/uploads\/2025\/11\/SFC-LOGO-2025_NAVY-1.png","caption":"Shoes For Crews DE"},"image":{"@id":"https:\/\/shoesforcrews.pro\/de\/#\/schema\/logo\/image\/"}}]}},"_links":{"self":[{"href":"https:\/\/shoesforcrews.pro\/de\/wp-json\/wp\/v2\/pages\/676"}],"collection":[{"href":"https:\/\/shoesforcrews.pro\/de\/wp-json\/wp\/v2\/pages"}],"about":[{"href":"https:\/\/shoesforcrews.pro\/de\/wp-json\/wp\/v2\/types\/page"}],"author":[{"embeddable":true,"href":"https:\/\/shoesforcrews.pro\/de\/wp-json\/wp\/v2\/users\/2"}],"replies":[{"embeddable":true,"href":"https:\/\/shoesforcrews.pro\/de\/wp-json\/wp\/v2\/comments?post=676"}],"version-history":[{"count":18,"href":"https:\/\/shoesforcrews.pro\/de\/wp-json\/wp\/v2\/pages\/676\/revisions"}],"predecessor-version":[{"id":1816,"href":"https:\/\/shoesforcrews.pro\/de\/wp-json\/wp\/v2\/pages\/676\/revisions\/1816"}],"up":[{"embeddable":true,"href":"https:\/\/shoesforcrews.pro\/de\/wp-json\/wp\/v2\/pages\/109"}],"wp:attachment":[{"href":"https:\/\/shoesforcrews.pro\/de\/wp-json\/wp\/v2\/media?parent=676"}],"curies":[{"name":"wp","href":"https:\/\/api.w.org\/{rel}","templated":true}]}}