{"id":468,"date":"2023-06-22T12:04:25","date_gmt":"2023-06-22T12:04:25","guid":{"rendered":"https:\/\/shoesforcrews-staging.boudig.uk\/de\/?page_id=468"},"modified":"2023-07-25T12:09:31","modified_gmt":"2023-07-25T12:09:31","slug":"sicherheitsinformations-zentrum","status":"publish","type":"page","link":"https:\/\/shoesforcrews.pro\/de\/sicherheitsinformations-zentrum\/","title":{"rendered":"Infozentrum f\u00fcr Sicherheit"},"content":{"rendered":"","protected":false},"excerpt":{"rendered":"","protected":false},"author":1,"featured_media":0,"parent":0,"menu_order":8,"comment_status":"closed","ping_status":"closed","template":"tpl-safety-resources.php","meta":{"content-type":"","footnotes":""},"class_list":["post-468","page","type-page","status-publish","hentry"],"yoast_head":"<!-- This site is optimized with the Yoast SEO plugin v25.6 - https:\/\/yoast.com\/wordpress\/plugins\/seo\/ -->\n<title>Infozentrum f\u00fcr Sicherheit | Shoes For Crews<\/title>\n<meta name=\"description\" content=\"In unserem Infozentrum finden Sie viele Informationen zu Gesundheit und Sicherheit sowie Erfolgsbeispiele f\u00fcr Arbeitnehmer, Manager und Gesch\u00e4ftsf\u00fchrer.\" \/>\n<meta name=\"robots\" content=\"index, follow, max-snippet:-1, max-image-preview:large, max-video-preview:-1\" \/>\n<link rel=\"canonical\" href=\"https:\/\/shoesforcrews.pro\/de\/sicherheitsinformations-zentrum\/\" \/>\n<meta property=\"og:locale\" content=\"de_DE\" \/>\n<meta property=\"og:type\" content=\"article\" \/>\n<meta property=\"og:title\" content=\"Infozentrum f\u00fcr Sicherheit | Shoes For Crews\" \/>\n<meta property=\"og:description\" content=\"In unserem Infozentrum finden Sie viele Informationen zu Gesundheit und Sicherheit sowie Erfolgsbeispiele f\u00fcr Arbeitnehmer, Manager und Gesch\u00e4ftsf\u00fchrer.\" \/>\n<meta property=\"og:url\" content=\"https:\/\/shoesforcrews.pro\/de\/sicherheitsinformations-zentrum\/\" \/>\n<meta property=\"og:site_name\" content=\"Shoes For Crews DE\" \/>\n<meta property=\"article:modified_time\" content=\"2023-07-25T12:09:31+00:00\" \/>\n<meta name=\"twitter:card\" content=\"summary_large_image\" \/>\n<script type=\"application\/ld+json\" class=\"yoast-schema-graph\">{\"@context\":\"https:\/\/schema.org\",\"@graph\":[{\"@type\":\"WebPage\",\"@id\":\"https:\/\/shoesforcrews.pro\/de\/sicherheitsinformations-zentrum\/\",\"url\":\"https:\/\/shoesforcrews.pro\/de\/sicherheitsinformations-zentrum\/\",\"name\":\"Infozentrum f\u00fcr Sicherheit | Shoes For Crews\",\"isPartOf\":{\"@id\":\"https:\/\/shoesforcrews.pro\/de\/#website\"},\"datePublished\":\"2023-06-22T12:04:25+00:00\",\"dateModified\":\"2023-07-25T12:09:31+00:00\",\"description\":\"In unserem Infozentrum finden Sie viele Informationen zu Gesundheit und Sicherheit sowie Erfolgsbeispiele f\u00fcr Arbeitnehmer, Manager und Gesch\u00e4ftsf\u00fchrer.\",\"breadcrumb\":{\"@id\":\"https:\/\/shoesforcrews.pro\/de\/sicherheitsinformations-zentrum\/#breadcrumb\"},\"inLanguage\":\"de\",\"potentialAction\":[{\"@type\":\"ReadAction\",\"target\":[\"https:\/\/shoesforcrews.pro\/de\/sicherheitsinformations-zentrum\/\"]}]},{\"@type\":\"BreadcrumbList\",\"@id\":\"https:\/\/shoesforcrews.pro\/de\/sicherheitsinformations-zentrum\/#breadcrumb\",\"itemListElement\":[{\"@type\":\"ListItem\",\"position\":1,\"name\":\"Zur\u00fcck\",\"item\":\"https:\/\/shoesforcrews.pro\/de\/blog-gesundheit-sicherheit\/\"},{\"@type\":\"ListItem\",\"position\":2,\"name\":\"Infozentrum f\u00fcr Sicherheit\"}]},{\"@type\":\"WebSite\",\"@id\":\"https:\/\/shoesforcrews.pro\/de\/#website\",\"url\":\"https:\/\/shoesforcrews.pro\/de\/\",\"name\":\"Shoes For Crews DE\",\"description\":\"\",\"publisher\":{\"@id\":\"https:\/\/shoesforcrews.pro\/de\/#organization\"},\"potentialAction\":[{\"@type\":\"SearchAction\",\"target\":{\"@type\":\"EntryPoint\",\"urlTemplate\":\"https:\/\/shoesforcrews.pro\/de\/?s={search_term_string}\"},\"query-input\":{\"@type\":\"PropertyValueSpecification\",\"valueRequired\":true,\"valueName\":\"search_term_string\"}}],\"inLanguage\":\"de\"},{\"@type\":\"Organization\",\"@id\":\"https:\/\/shoesforcrews.pro\/de\/#organization\",\"name\":\"Shoes For Crews DE\",\"url\":\"https:\/\/shoesforcrews.pro\/de\/\",\"logo\":{\"@type\":\"ImageObject\",\"inLanguage\":\"de\",\"@id\":\"https:\/\/shoesforcrews.pro\/de\/#\/schema\/logo\/image\/\",\"url\":\"https:\/\/shoesforcrews.pro\/de\/wp-content\/uploads\/2025\/11\/SFC-LOGO-2025_NAVY-1.png\",\"contentUrl\":\"https:\/\/shoesforcrews.pro\/de\/wp-content\/uploads\/2025\/11\/SFC-LOGO-2025_NAVY-1.png\",\"caption\":\"Shoes For Crews DE\"},\"image\":{\"@id\":\"https:\/\/shoesforcrews.pro\/de\/#\/schema\/logo\/image\/\"}}]}<\/script>\n<!-- \/ Yoast SEO plugin. -->","yoast_head_json":{"title":"Infozentrum f\u00fcr Sicherheit | Shoes For Crews","description":"In unserem Infozentrum finden Sie viele Informationen zu Gesundheit und Sicherheit sowie Erfolgsbeispiele f\u00fcr Arbeitnehmer, Manager und Gesch\u00e4ftsf\u00fchrer.","robots":{"index":"index","follow":"follow","max-snippet":"max-snippet:-1","max-image-preview":"max-image-preview:large","max-video-preview":"max-video-preview:-1"},"canonical":"https:\/\/shoesforcrews.pro\/de\/sicherheitsinformations-zentrum\/","og_locale":"de_DE","og_type":"article","og_title":"Infozentrum f\u00fcr Sicherheit | Shoes For Crews","og_description":"In unserem Infozentrum finden Sie viele Informationen zu Gesundheit und Sicherheit sowie Erfolgsbeispiele f\u00fcr Arbeitnehmer, Manager und Gesch\u00e4ftsf\u00fchrer.","og_url":"https:\/\/shoesforcrews.pro\/de\/sicherheitsinformations-zentrum\/","og_site_name":"Shoes For Crews DE","article_modified_time":"2023-07-25T12:09:31+00:00","twitter_card":"summary_large_image","schema":{"@context":"https:\/\/schema.org","@graph":[{"@type":"WebPage","@id":"https:\/\/shoesforcrews.pro\/de\/sicherheitsinformations-zentrum\/","url":"https:\/\/shoesforcrews.pro\/de\/sicherheitsinformations-zentrum\/","name":"Infozentrum f\u00fcr Sicherheit | Shoes For Crews","isPartOf":{"@id":"https:\/\/shoesforcrews.pro\/de\/#website"},"datePublished":"2023-06-22T12:04:25+00:00","dateModified":"2023-07-25T12:09:31+00:00","description":"In unserem Infozentrum finden Sie viele Informationen zu Gesundheit und Sicherheit sowie Erfolgsbeispiele f\u00fcr Arbeitnehmer, Manager und Gesch\u00e4ftsf\u00fchrer.","breadcrumb":{"@id":"https:\/\/shoesforcrews.pro\/de\/sicherheitsinformations-zentrum\/#breadcrumb"},"inLanguage":"de","potentialAction":[{"@type":"ReadAction","target":["https:\/\/shoesforcrews.pro\/de\/sicherheitsinformations-zentrum\/"]}]},{"@type":"BreadcrumbList","@id":"https:\/\/shoesforcrews.pro\/de\/sicherheitsinformations-zentrum\/#breadcrumb","itemListElement":[{"@type":"ListItem","position":1,"name":"Zur\u00fcck","item":"https:\/\/shoesforcrews.pro\/de\/blog-gesundheit-sicherheit\/"},{"@type":"ListItem","position":2,"name":"Infozentrum f\u00fcr Sicherheit"}]},{"@type":"WebSite","@id":"https:\/\/shoesforcrews.pro\/de\/#website","url":"https:\/\/shoesforcrews.pro\/de\/","name":"Shoes For Crews DE","description":"","publisher":{"@id":"https:\/\/shoesforcrews.pro\/de\/#organization"},"potentialAction":[{"@type":"SearchAction","target":{"@type":"EntryPoint","urlTemplate":"https:\/\/shoesforcrews.pro\/de\/?s={search_term_string}"},"query-input":{"@type":"PropertyValueSpecification","valueRequired":true,"valueName":"search_term_string"}}],"inLanguage":"de"},{"@type":"Organization","@id":"https:\/\/shoesforcrews.pro\/de\/#organization","name":"Shoes For Crews DE","url":"https:\/\/shoesforcrews.pro\/de\/","logo":{"@type":"ImageObject","inLanguage":"de","@id":"https:\/\/shoesforcrews.pro\/de\/#\/schema\/logo\/image\/","url":"https:\/\/shoesforcrews.pro\/de\/wp-content\/uploads\/2025\/11\/SFC-LOGO-2025_NAVY-1.png","contentUrl":"https:\/\/shoesforcrews.pro\/de\/wp-content\/uploads\/2025\/11\/SFC-LOGO-2025_NAVY-1.png","caption":"Shoes For Crews DE"},"image":{"@id":"https:\/\/shoesforcrews.pro\/de\/#\/schema\/logo\/image\/"}}]}},"_links":{"self":[{"href":"https:\/\/shoesforcrews.pro\/de\/wp-json\/wp\/v2\/pages\/468"}],"collection":[{"href":"https:\/\/shoesforcrews.pro\/de\/wp-json\/wp\/v2\/pages"}],"about":[{"href":"https:\/\/shoesforcrews.pro\/de\/wp-json\/wp\/v2\/types\/page"}],"author":[{"embeddable":true,"href":"https:\/\/shoesforcrews.pro\/de\/wp-json\/wp\/v2\/users\/1"}],"replies":[{"embeddable":true,"href":"https:\/\/shoesforcrews.pro\/de\/wp-json\/wp\/v2\/comments?post=468"}],"version-history":[{"count":3,"href":"https:\/\/shoesforcrews.pro\/de\/wp-json\/wp\/v2\/pages\/468\/revisions"}],"predecessor-version":[{"id":968,"href":"https:\/\/shoesforcrews.pro\/de\/wp-json\/wp\/v2\/pages\/468\/revisions\/968"}],"wp:attachment":[{"href":"https:\/\/shoesforcrews.pro\/de\/wp-json\/wp\/v2\/media?parent=468"}],"curies":[{"name":"wp","href":"https:\/\/api.w.org\/{rel}","templated":true}]}}