{"id":206,"date":"2022-09-07T08:00:23","date_gmt":"2022-09-07T08:00:23","guid":{"rendered":"https:\/\/shoesforcrews.pro\/de\/?page_id=206"},"modified":"2025-07-21T12:53:25","modified_gmt":"2025-07-21T12:53:25","slug":"blog-gesundheit-sicherheit","status":"publish","type":"page","link":"https:\/\/shoesforcrews.pro\/de\/blog-gesundheit-sicherheit\/","title":{"rendered":"Blog Gesundheit und Sicherheit am Arbeitsplatz"},"content":{"rendered":"","protected":false},"excerpt":{"rendered":"","protected":false},"author":1,"featured_media":0,"parent":0,"menu_order":4,"comment_status":"closed","ping_status":"closed","template":"tpl-blogs.php","meta":{"content-type":"","footnotes":""},"class_list":["post-206","page","type-page","status-publish","hentry"],"yoast_head":"<!-- This site is optimized with the Yoast SEO plugin v25.6 - https:\/\/yoast.com\/wordpress\/plugins\/seo\/ -->\n<title>Blog Gesundheit und Sicherheit am Arbeitsplatz | SFC<\/title>\n<meta name=\"description\" content=\"Im Blog Gesundheit &amp; Sicherheit am Arbeitsplatz erfahren Sie, wie Sie f\u00fcr Arbeitssicherheit sorgen, Entsch\u00e4digungsanspr\u00fcche vermeiden und Ihre Marge erh\u00f6hen.\" \/>\n<meta name=\"robots\" content=\"index, follow, max-snippet:-1, max-image-preview:large, max-video-preview:-1\" \/>\n<link rel=\"canonical\" href=\"https:\/\/shoesforcrews.pro\/de\/blog-gesundheit-sicherheit\/\" \/>\n<meta property=\"og:locale\" content=\"de_DE\" \/>\n<meta property=\"og:type\" content=\"article\" \/>\n<meta property=\"og:title\" content=\"Blog Gesundheit und Sicherheit am Arbeitsplatz | SFC\" \/>\n<meta property=\"og:description\" content=\"Im Blog Gesundheit &amp; Sicherheit am Arbeitsplatz erfahren Sie, wie Sie f\u00fcr Arbeitssicherheit sorgen, Entsch\u00e4digungsanspr\u00fcche vermeiden und Ihre Marge erh\u00f6hen.\" \/>\n<meta property=\"og:url\" content=\"https:\/\/shoesforcrews.pro\/de\/blog-gesundheit-sicherheit\/\" \/>\n<meta property=\"og:site_name\" content=\"Shoes For Crews DE\" \/>\n<meta property=\"article:modified_time\" content=\"2025-07-21T12:53:25+00:00\" \/>\n<meta name=\"twitter:card\" content=\"summary_large_image\" \/>\n<script type=\"application\/ld+json\" class=\"yoast-schema-graph\">{\"@context\":\"https:\/\/schema.org\",\"@graph\":[{\"@type\":\"WebPage\",\"@id\":\"https:\/\/shoesforcrews.pro\/de\/blog-gesundheit-sicherheit\/\",\"url\":\"https:\/\/shoesforcrews.pro\/de\/blog-gesundheit-sicherheit\/\",\"name\":\"Blog Gesundheit und Sicherheit am Arbeitsplatz | SFC\",\"isPartOf\":{\"@id\":\"https:\/\/shoesforcrews.pro\/de\/#website\"},\"datePublished\":\"2022-09-07T08:00:23+00:00\",\"dateModified\":\"2025-07-21T12:53:25+00:00\",\"description\":\"Im Blog Gesundheit & Sicherheit am Arbeitsplatz erfahren Sie, wie Sie f\u00fcr Arbeitssicherheit sorgen, Entsch\u00e4digungsanspr\u00fcche vermeiden und Ihre Marge erh\u00f6hen.\",\"breadcrumb\":{\"@id\":\"https:\/\/shoesforcrews.pro\/de\/blog-gesundheit-sicherheit\/#breadcrumb\"},\"inLanguage\":\"de\",\"potentialAction\":[{\"@type\":\"ReadAction\",\"target\":[\"https:\/\/shoesforcrews.pro\/de\/blog-gesundheit-sicherheit\/\"]}]},{\"@type\":\"BreadcrumbList\",\"@id\":\"https:\/\/shoesforcrews.pro\/de\/blog-gesundheit-sicherheit\/#breadcrumb\",\"itemListElement\":[{\"@type\":\"ListItem\",\"position\":1,\"name\":\"Zur\u00fcck\",\"item\":\"https:\/\/shoesforcrews.pro\/de\/blog-gesundheit-sicherheit\/\"},{\"@type\":\"ListItem\",\"position\":2,\"name\":\"Blog Gesundheit und Sicherheit am Arbeitsplatz\"}]},{\"@type\":\"WebSite\",\"@id\":\"https:\/\/shoesforcrews.pro\/de\/#website\",\"url\":\"https:\/\/shoesforcrews.pro\/de\/\",\"name\":\"Shoes For Crews DE\",\"description\":\"\",\"publisher\":{\"@id\":\"https:\/\/shoesforcrews.pro\/de\/#organization\"},\"potentialAction\":[{\"@type\":\"SearchAction\",\"target\":{\"@type\":\"EntryPoint\",\"urlTemplate\":\"https:\/\/shoesforcrews.pro\/de\/?s={search_term_string}\"},\"query-input\":{\"@type\":\"PropertyValueSpecification\",\"valueRequired\":true,\"valueName\":\"search_term_string\"}}],\"inLanguage\":\"de\"},{\"@type\":\"Organization\",\"@id\":\"https:\/\/shoesforcrews.pro\/de\/#organization\",\"name\":\"Shoes For Crews DE\",\"url\":\"https:\/\/shoesforcrews.pro\/de\/\",\"logo\":{\"@type\":\"ImageObject\",\"inLanguage\":\"de\",\"@id\":\"https:\/\/shoesforcrews.pro\/de\/#\/schema\/logo\/image\/\",\"url\":\"https:\/\/shoesforcrews.pro\/de\/wp-content\/uploads\/2025\/11\/SFC-LOGO-2025_NAVY-1.png\",\"contentUrl\":\"https:\/\/shoesforcrews.pro\/de\/wp-content\/uploads\/2025\/11\/SFC-LOGO-2025_NAVY-1.png\",\"caption\":\"Shoes For Crews DE\"},\"image\":{\"@id\":\"https:\/\/shoesforcrews.pro\/de\/#\/schema\/logo\/image\/\"}}]}<\/script>\n<!-- \/ Yoast SEO plugin. -->","yoast_head_json":{"title":"Blog Gesundheit und Sicherheit am Arbeitsplatz | SFC","description":"Im Blog Gesundheit & Sicherheit am Arbeitsplatz erfahren Sie, wie Sie f\u00fcr Arbeitssicherheit sorgen, Entsch\u00e4digungsanspr\u00fcche vermeiden und Ihre Marge erh\u00f6hen.","robots":{"index":"index","follow":"follow","max-snippet":"max-snippet:-1","max-image-preview":"max-image-preview:large","max-video-preview":"max-video-preview:-1"},"canonical":"https:\/\/shoesforcrews.pro\/de\/blog-gesundheit-sicherheit\/","og_locale":"de_DE","og_type":"article","og_title":"Blog Gesundheit und Sicherheit am Arbeitsplatz | SFC","og_description":"Im Blog Gesundheit & Sicherheit am Arbeitsplatz erfahren Sie, wie Sie f\u00fcr Arbeitssicherheit sorgen, Entsch\u00e4digungsanspr\u00fcche vermeiden und Ihre Marge erh\u00f6hen.","og_url":"https:\/\/shoesforcrews.pro\/de\/blog-gesundheit-sicherheit\/","og_site_name":"Shoes For Crews DE","article_modified_time":"2025-07-21T12:53:25+00:00","twitter_card":"summary_large_image","schema":{"@context":"https:\/\/schema.org","@graph":[{"@type":"WebPage","@id":"https:\/\/shoesforcrews.pro\/de\/blog-gesundheit-sicherheit\/","url":"https:\/\/shoesforcrews.pro\/de\/blog-gesundheit-sicherheit\/","name":"Blog Gesundheit und Sicherheit am Arbeitsplatz | SFC","isPartOf":{"@id":"https:\/\/shoesforcrews.pro\/de\/#website"},"datePublished":"2022-09-07T08:00:23+00:00","dateModified":"2025-07-21T12:53:25+00:00","description":"Im Blog Gesundheit & Sicherheit am Arbeitsplatz erfahren Sie, wie Sie f\u00fcr Arbeitssicherheit sorgen, Entsch\u00e4digungsanspr\u00fcche vermeiden und Ihre Marge erh\u00f6hen.","breadcrumb":{"@id":"https:\/\/shoesforcrews.pro\/de\/blog-gesundheit-sicherheit\/#breadcrumb"},"inLanguage":"de","potentialAction":[{"@type":"ReadAction","target":["https:\/\/shoesforcrews.pro\/de\/blog-gesundheit-sicherheit\/"]}]},{"@type":"BreadcrumbList","@id":"https:\/\/shoesforcrews.pro\/de\/blog-gesundheit-sicherheit\/#breadcrumb","itemListElement":[{"@type":"ListItem","position":1,"name":"Zur\u00fcck","item":"https:\/\/shoesforcrews.pro\/de\/blog-gesundheit-sicherheit\/"},{"@type":"ListItem","position":2,"name":"Blog Gesundheit und Sicherheit am Arbeitsplatz"}]},{"@type":"WebSite","@id":"https:\/\/shoesforcrews.pro\/de\/#website","url":"https:\/\/shoesforcrews.pro\/de\/","name":"Shoes For Crews DE","description":"","publisher":{"@id":"https:\/\/shoesforcrews.pro\/de\/#organization"},"potentialAction":[{"@type":"SearchAction","target":{"@type":"EntryPoint","urlTemplate":"https:\/\/shoesforcrews.pro\/de\/?s={search_term_string}"},"query-input":{"@type":"PropertyValueSpecification","valueRequired":true,"valueName":"search_term_string"}}],"inLanguage":"de"},{"@type":"Organization","@id":"https:\/\/shoesforcrews.pro\/de\/#organization","name":"Shoes For Crews DE","url":"https:\/\/shoesforcrews.pro\/de\/","logo":{"@type":"ImageObject","inLanguage":"de","@id":"https:\/\/shoesforcrews.pro\/de\/#\/schema\/logo\/image\/","url":"https:\/\/shoesforcrews.pro\/de\/wp-content\/uploads\/2025\/11\/SFC-LOGO-2025_NAVY-1.png","contentUrl":"https:\/\/shoesforcrews.pro\/de\/wp-content\/uploads\/2025\/11\/SFC-LOGO-2025_NAVY-1.png","caption":"Shoes For Crews DE"},"image":{"@id":"https:\/\/shoesforcrews.pro\/de\/#\/schema\/logo\/image\/"}}]}},"_links":{"self":[{"href":"https:\/\/shoesforcrews.pro\/de\/wp-json\/wp\/v2\/pages\/206"}],"collection":[{"href":"https:\/\/shoesforcrews.pro\/de\/wp-json\/wp\/v2\/pages"}],"about":[{"href":"https:\/\/shoesforcrews.pro\/de\/wp-json\/wp\/v2\/types\/page"}],"author":[{"embeddable":true,"href":"https:\/\/shoesforcrews.pro\/de\/wp-json\/wp\/v2\/users\/1"}],"replies":[{"embeddable":true,"href":"https:\/\/shoesforcrews.pro\/de\/wp-json\/wp\/v2\/comments?post=206"}],"version-history":[{"count":5,"href":"https:\/\/shoesforcrews.pro\/de\/wp-json\/wp\/v2\/pages\/206\/revisions"}],"predecessor-version":[{"id":2101,"href":"https:\/\/shoesforcrews.pro\/de\/wp-json\/wp\/v2\/pages\/206\/revisions\/2101"}],"wp:attachment":[{"href":"https:\/\/shoesforcrews.pro\/de\/wp-json\/wp\/v2\/media?parent=206"}],"curies":[{"name":"wp","href":"https:\/\/api.w.org\/{rel}","templated":true}]}}